{"id":9886,"date":"2019-10-09T16:51:04","date_gmt":"2019-10-09T13:51:04","guid":{"rendered":"http:\/\/www.rdks.lv\/?page_id=9886"},"modified":"2019-12-02T19:21:14","modified_gmt":"2019-12-02T17:21:14","slug":"patvaris-dari-pats-no-a-lidz-z","status":"publish","type":"page","link":"https:\/\/www.rdks.lv\/lv\/patvaris-dari-pats-no-a-lidz-z\/","title":{"rendered":"Patvaris: dari pats no A l\u012bdz Z"},"content":{"rendered":"<p style=\"text-align:center\">Kult\u016bras ministrijas Rado\u0161o Partner\u012bbu Programmas RaPaPro PIKC Nacion\u0101l\u0101s M\u0101kslu vidusskolas projekts: <br><strong>Intens\u012bvais kurss projektu vad\u012bb\u0101 &#8220;Patvaris: dari pats no A l\u012bdz Z&#8221;<\/strong><\/p>\n\n\n\n<p>Veidojot veiksm\u012bga m\u0101kslinieka karjeru, svar\u012bgi\nzin\u0101t k\u0101 pa\u0161a sp\u0113kiem mazu ideju iesp\u0113jams p\u0101rv\u0113rst par grandiozu projektu,\npas\u0101kumu, izst\u0101di, koncertu vai festiv\u0101lu! <\/p>\n\n\n\n<p><strong>Projekta m\u0113r\u0137is<\/strong>\nir izprast un apg\u016bt kult\u016bras projektu vad\u012bbas pamatus, tiekoties ar nozaru\nspeci\u0101listiem, k\u0101 ar\u012b praktiskaj\u0101s nodarb\u012bb\u0101s apg\u016bstot projektu rakst\u012b\u0161anas un\nvad\u012bbas pamatprincipus un izm\u0113\u0123inot savus sp\u0113kus piedaloties PIKC Nacion\u0101l\u0101s\nM\u0101kslu vidusskolas r\u012bkot\u0101 kult\u016bras projektu konkurs\u0101.<\/p>\n\n\n\n<p>Intens\u012bvais kurss sast\u0101v no 3 da\u013c\u0101m:<\/p>\n\n\n\n<ul class=\"wp-block-list\"><li><strong>Pieredzes st\u0101stu\nvakari <\/strong>piektdien\u0101s (atv\u0113rti visiem\nPIKC Nacion\u0101l\u0101s M\u0101kslu vidusskolas audz\u0113k\u0146iem, oblig\u0101ti visiem projekta\ndal\u012bbniekiem), kuri notiks da\u017e\u0101d\u0101s R\u012bgas neform\u0101l\u0101s kult\u016brviet\u0101s;<\/li><li><strong>Praktisk\u0101s\nnodarb\u012bbas<\/strong> 3 sestdien\u0101s (oblig\u0101tas\nvisiem projekta dal\u012bbniekiem). Praktiskaj\u0101s nodarb\u012bb\u0101s uzzin\u0101siet par ideju\ndefin\u0113\u0161anu, m\u0113r\u0137u uzst\u0101d\u012b\u0161anu, projekta \u012bsteno\u0161anas pl\u0101no\u0161anu, m\u0101rketingu,\nfinan\u0161u piesaisti un pl\u0101no\u0161anu, kult\u016bras projektu konkursiem un citu noder\u012bgu\ninform\u0101ciju;<\/li><li><strong>Sava projekta\nizstr\u0101de<\/strong> un dal\u012bba projektu konkurs\u0101.\nUzvar\u0113t\u0101ju komanda ieg\u016bst finans\u0113jumu savas idejas \u012bsteno\u0161anai 2020. vai 2021.\ngad\u0101.<\/li><\/ul>\n\n\n\n<p><strong>Projekta laika grafiks:<\/strong><\/p>\n\n\n\n<table class=\"wp-block-table\"><tbody><tr><td>\n  <strong>Kad?<\/strong>\n  <\/td><td>\n  <strong>Kur?<\/strong>\n  <\/td><td>\n  <strong>Kas?<\/strong>\n  <\/td><\/tr><tr><td>4. oktobris   <\/td><td>RDKS Kora z\u0101le   <\/td><td>Informat\u012bva tik\u0161an\u0101s projekta dal\u012bbniekiem un skolas projektu vad\u012bt\u0101j\u0101m<\/td><\/tr><tr><td>11. oktobris   <\/td><td>Tu Jau Zini Kur   <\/td><td><a href=\"https:\/\/www.facebook.com\/RDKSschool\/posts\/2431617010240424?__xts__[0]=68.ARDtQ1Cqaca1KL2v-XISLoJXoSdXX6vUmRpFGliN5EGe5_x2g1ebDqgvRAp1H543ZSdGVLqY5wxdf0bCV_74KYs2vBc9gsXJ0zw8RQb8mFtdGhnxRPkb6RdhRXVs_gpaSgP5GzQr2bJKqAfUVLNO61kpfqB_4z5qUupNst95SxkXlaaz5jFWew-Ik9rabvU6EJm36qR1jrxc1P-dxyTNJEjNLg0dZd7YcfhNmfFboKwsYqSkCO783WPtlTDZJ7k2CpsXXOV-f-TwZ65Q_nX4xXMaTLiysdAYlg01r-7feT019k8ceQDgFfNvq9C4DrPo-kxQ0VheVDA8-OLYbBcvo3ujEQ&amp;__tn__=-R\">Pieredzes st\u0101sti: Deju lieluzvedums Abas malas   Juris Jonelis (re\u017eisors), Roberts Rub\u012bns (videom\u0101kslinieks)<\/a><\/td><\/tr><tr><td>12. oktobris   <\/td><td>NMV telpas   <\/td><td><a href=\"https:\/\/www.facebook.com\/RDKSschool\/posts\/2431617010240424?__xts__[0]=68.ARDtQ1Cqaca1KL2v-XISLoJXoSdXX6vUmRpFGliN5EGe5_x2g1ebDqgvRAp1H543ZSdGVLqY5wxdf0bCV_74KYs2vBc9gsXJ0zw8RQb8mFtdGhnxRPkb6RdhRXVs_gpaSgP5GzQr2bJKqAfUVLNO61kpfqB_4z5qUupNst95SxkXlaaz5jFWew-Ik9rabvU6EJm36qR1jrxc1P-dxyTNJEjNLg0dZd7YcfhNmfFboKwsYqSkCO783WPtlTDZJ7k2CpsXXOV-f-TwZ65Q_nX4xXMaTLiysdAYlg01r-7feT019k8ceQDgFfNvq9C4DrPo-kxQ0VheVDA8-OLYbBcvo3ujEQ&amp;__tn__=-R\">Praktisk\u0101 nodarb\u012bba: Krist\u012bne Freiberga<\/a><\/td><\/tr><tr><td>25. oktobris   <\/td><td>Kalnciema    Ez\u012btis Migl\u0101   <\/td><td><a href=\"https:\/\/www.facebook.com\/RDKSschool\/posts\/2451931331542325?__xts__[0]=68.ARACWBrdbeFAcgtLTddM4-UdjFZt632F-YMYOUtJLe4dAGXKdotLqx8zrv1ZeFWRjWHigIbazDwFU3UX5mEki0ti_SHHbvNknuboS6pzmW68idBJIi-dpsuH5JwXZhznWOYwTK3Ou26Lwr5NcN89N8IffpnfCaD52k4mIf2m_-qF2hv-ijl4xwPi6oZOhEwpAAXKq_qn6aYCB3JuaFXdUFF7H_W8t0wkuuwaigMwPZ0b0l-LwMaUbRd3cSO6Eomb11ND8vekugy4fESq8IyvA_yKQ12stRA-6WgZrE7A31TV2wheuYlEv9kT0-keBLLMq7guCClp9nemVPMa82kuGWofVQ&amp;__tn__=-R\">Pieredzes st\u0101sti:    Sandis Voldi\u0146\u0161 (kult\u016brpolitika, darbs kult\u016bras nozar\u0113s)   Juris \u017dagars (C\u0113su m\u0101kslas festiv\u0101ls)<\/a>   <\/td><\/tr><tr><td>26. oktobris   <\/td><td>NMV telpas   <\/td><td><a href=\"https:\/\/www.facebook.com\/RDKSschool\/posts\/2451931331542325?__xts__[0]=68.ARACWBrdbeFAcgtLTddM4-UdjFZt632F-YMYOUtJLe4dAGXKdotLqx8zrv1ZeFWRjWHigIbazDwFU3UX5mEki0ti_SHHbvNknuboS6pzmW68idBJIi-dpsuH5JwXZhznWOYwTK3Ou26Lwr5NcN89N8IffpnfCaD52k4mIf2m_-qF2hv-ijl4xwPi6oZOhEwpAAXKq_qn6aYCB3JuaFXdUFF7H_W8t0wkuuwaigMwPZ0b0l-LwMaUbRd3cSO6Eomb11ND8vekugy4fESq8IyvA_yKQ12stRA-6WgZrE7A31TV2wheuYlEv9kT0-keBLLMq7guCClp9nemVPMa82kuGWofVQ&amp;__tn__=-R\">Praktisk\u0101 nodarb\u012bba: Krist\u012bne Freiberga<\/a>   <\/td><\/tr><tr><td>29. novembris   <\/td><td>Kalnciema Kvart\u0101ls   <\/td><td><a href=\"https:\/\/www.facebook.com\/RDKSschool\/posts\/2526991820702942?__xts__[0]=68.ARAAW818MbNxupS1oRvk16tchePzwAUVBir7mw9PYGs9sTOF662gfjqx_o6KL9eJJ-B2RpqhEZqtN8V2vqQfXq2HcugWELk2s7F-TdOimkirsUtBSGYMycaqSzNF7qsY7WMkIIrv0GaugDxj91ZCHLH8U1HF9RjiDUevQRm9vtOLK0D998wi48kuD0fmpND6tjSSuq_jRu3hduB8hrKGTHHyLj7FWXVOcnbS7hDkA4X_jwBz6f208AowieWM_U9htOJF-YCoHYmdoRQLVQqbugRQpnFnDaelwoC9YHf4PVjIQN-Y0YyYumSIqfeR5wgqd8ObYpEd8diJ_fJxuwP9Ymx7FA&amp;__tn__=-R\">Pieredzes st\u0101sti: Egita Pr\u0101ma (Sarunu   festiv\u0101ls LAMPA)   Armands Sili\u0146\u0161 (Kamerm\u016bzikas festiv\u0101ls Sansus\u012b)   + filma <\/a>  <\/td><\/tr><tr><td>30. novembris   <\/td><td>NMV telpas   <\/td><td><a href=\"https:\/\/www.facebook.com\/RDKSschool\/posts\/2526991820702942?__xts__[0]=68.ARAAW818MbNxupS1oRvk16tchePzwAUVBir7mw9PYGs9sTOF662gfjqx_o6KL9eJJ-B2RpqhEZqtN8V2vqQfXq2HcugWELk2s7F-TdOimkirsUtBSGYMycaqSzNF7qsY7WMkIIrv0GaugDxj91ZCHLH8U1HF9RjiDUevQRm9vtOLK0D998wi48kuD0fmpND6tjSSuq_jRu3hduB8hrKGTHHyLj7FWXVOcnbS7hDkA4X_jwBz6f208AowieWM_U9htOJF-YCoHYmdoRQLVQqbugRQpnFnDaelwoC9YHf4PVjIQN-Y0YyYumSIqfeR5wgqd8ObYpEd8diJ_fJxuwP9Ymx7FA&amp;__tn__=-R\">Praktisk\u0101 nodarb\u012bba: Krist\u012bne Freiberga<\/a>   <\/td><\/tr><tr><td>13. decembris   <\/td><td>Ka\u0146epes Kult\u016bras Centrs   <\/td><td>Projekta nosl\u0113guma pas\u0101kums + filma   <\/td><\/tr><tr><td>L\u012bdz 31. janv\u0101rim   <\/td><td>\n  &nbsp;\n  <\/td><td>Projekta pieteikumu iesnieg\u0161ana   <\/td><\/tr><tr><td>21. febru\u0101ris   <\/td><td>Dizaina Fabrika   <\/td><td>Projekta konkursa rezult\u0101tu pazi\u0146o\u0161ana NMV   Karnev\u0101l\u0101   <\/td><\/tr><\/tbody><\/table>\n\n\n\n<div class=\"wp-block-image\"><figure class=\"aligncenter is-resized\"><img loading=\"lazy\" decoding=\"async\" src=\"http:\/\/www.rdks.lv\/wp-content\/uploads\/2019\/10\/pat-varis.png\" alt=\"\" class=\"wp-image-9883\" width=\"419\" height=\"593\"\/><\/figure><\/div>\n\n\n\n<p><strong>Projekta vad\u012bt\u0101ja<\/strong>&nbsp;Evija Sku\u0137e<br><strong>Projekta vad\u012bt\u0101jas asistente&nbsp;<\/strong>Aleksandra \u0100boli\u0146a<br><strong>Projekta grupu mentores<\/strong> Evija Sku\u0137e, Aleksandra \u0100boli\u0146a, Ineta V\u012bksna, El\u012bna \u010cip\u0101ne, Anete A\u0161mane, Inese Be\u0137ere<\/p>","protected":false},"excerpt":{"rendered":"<p>Kult\u016bras ministrijas Rado\u0161o Partner\u012bbu Programmas RaPaPro PIKC Nacion\u0101l\u0101s M\u0101kslu vidusskolas projekts: Intens\u012bvais kurss projektu vad\u012bb\u0101 &#8220;Patvaris: dari pats no A l\u012bdz Z&#8221; Veidojot veiksm\u012bga m\u0101kslinieka karjeru, svar\u012bgi zin\u0101t k\u0101 pa\u0161a sp\u0113kiem mazu ideju iesp\u0113jams p\u0101rv\u0113rst par grandiozu projektu, pas\u0101kumu, izst\u0101di, koncertu vai festiv\u0101lu! Projekta m\u0113r\u0137is ir izprast un apg\u016bt kult\u016bras projektu vad\u012bbas pamatus, tiekoties ar&#8230;<\/p>\n","protected":false},"author":6,"featured_media":0,"parent":0,"menu_order":0,"comment_status":"closed","ping_status":"closed","template":"","meta":{"cybocfi_hide_featured_image":"","footnotes":""},"class_list":["post-9886","page","type-page","status-publish","hentry"],"_links":{"self":[{"href":"https:\/\/www.rdks.lv\/lv\/wp-json\/wp\/v2\/pages\/9886","targetHints":{"allow":["GET"]}}],"collection":[{"href":"https:\/\/www.rdks.lv\/lv\/wp-json\/wp\/v2\/pages"}],"about":[{"href":"https:\/\/www.rdks.lv\/lv\/wp-json\/wp\/v2\/types\/page"}],"author":[{"embeddable":true,"href":"https:\/\/www.rdks.lv\/lv\/wp-json\/wp\/v2\/users\/6"}],"replies":[{"embeddable":true,"href":"https:\/\/www.rdks.lv\/lv\/wp-json\/wp\/v2\/comments?post=9886"}],"version-history":[{"count":4,"href":"https:\/\/www.rdks.lv\/lv\/wp-json\/wp\/v2\/pages\/9886\/revisions"}],"predecessor-version":[{"id":10141,"href":"https:\/\/www.rdks.lv\/lv\/wp-json\/wp\/v2\/pages\/9886\/revisions\/10141"}],"wp:attachment":[{"href":"https:\/\/www.rdks.lv\/lv\/wp-json\/wp\/v2\/media?parent=9886"}],"curies":[{"name":"wp","href":"https:\/\/api.w.org\/{rel}","templated":true}]}}