{"id":9865,"date":"2019-10-09T16:28:47","date_gmt":"2019-10-09T13:28:47","guid":{"rendered":"http:\/\/www.rdks.lv\/?page_id=9865"},"modified":"2019-10-09T16:54:12","modified_gmt":"2019-10-09T13:54:12","slug":"rapapro","status":"publish","type":"page","link":"https:\/\/www.rdks.lv\/lv\/rapapro\/","title":{"rendered":"RaPaPro"},"content":{"rendered":"<div class=\"wp-block-image\"><figure class=\"aligncenter\"><img loading=\"lazy\" decoding=\"async\" width=\"435\" height=\"168\" src=\"http:\/\/www.rdks.lv\/wp-content\/uploads\/2019\/10\/image_1520334226.jpg\" alt=\"\" class=\"wp-image-9866\"\/><\/figure><\/div>\n\n\n\n<p><a href=\"https:\/\/www.lnkc.gov.lv\/nozares\/kulturizglitiba\/rapapro\/\">Rado\u0161\u0101s partner\u012bbas programma&nbsp;<\/a><em><a href=\"https:\/\/www.lnkc.gov.lv\/nozares\/kulturizglitiba\/rapapro\/\">RaPaPro<\/a>&nbsp;<\/em>ir Kult\u016bras ministrijas inici\u0113ta un finans\u0113ta programma jaunu partner\u012bbu veido\u0161anai profesion\u0101l\u0101s vid\u0113j\u0101s kult\u016brizgl\u012bt\u012bbas iest\u0101d\u0113s (m\u0101kslas, dizaina, m\u016bzikas un dejas vidusskol\u0101s), iesaistot sadarb\u012bb\u0101 pedagogus, audz\u0113k\u0146us, pa\u0161vald\u012bbu p\u0101rst\u0101vjus, uz\u0146\u0113m\u0113jus, soci\u0101l\u0101s grupas un citus viet\u0113j\u0101s kopienas p\u0101rst\u0101vjus. <\/p>\n\n\n\n<p><strong>R\u012bgas Doma kora skolas un PIKC Nacion\u0101l\u0101s M\u0101kslu vidusskolas RaPaPro projekti:<\/strong><\/p>\n\n\n\n<ul class=\"wp-block-list\"><li><a href=\"http:\/\/www.rdks.lv\/patvaris-dari-pats-no-a-lidz-z\/\">2019.\/2020. m\u0101c\u012bbu gads &#8211; <\/a><strong><a href=\"http:\/\/www.rdks.lv\/patvaris-dari-pats-no-a-lidz-z\/\">Patvaris: dari pats no A l\u012bdz Z<\/a><\/strong><\/li><li><a href=\"http:\/\/www.rdks.lv\/rapapro-pakalpojumu-dizains\/\">2018.\/2019. m\u0101c\u012bbu gads &#8211; <\/a><strong><a href=\"http:\/\/www.rdks.lv\/rapapro-pakalpojumu-dizains\/\">Pakalpojumu dizaina\u00a0<\/a><\/strong><em><strong><a href=\"http:\/\/www.rdks.lv\/rapapro-pakalpojumu-dizains\/\">jam\u00a0<\/a><\/strong><\/em><strong><a href=\"http:\/\/www.rdks.lv\/rapapro-pakalpojumu-dizains\/\">&#8220;Mans PVN: izgl\u012bt\u012bba&#8221;<\/a><\/strong><\/li><li><a href=\"https:\/\/www.facebook.com\/pg\/RDKSschool\/photos\/?tab=album&amp;album_id=1398204733581662&amp;__xts__%5B0%5D=68.ARBVhB8Q4GNK9ZE51ZtGqhWwDcb_IkEVG8teRvI7XyTZ7KdLaQk_fFScZ4ACet9sgvLtxWa8ZW4-PfwlI_pUNoRMncy9ehUPuGqNmnO9quZ5ZH1Yg2xzkmKue6Lad2XfFV4qf4N1CdaABaK9QAaoTq0FbKCMy8fIIj5-PObTyX8FBOdZ4lhIDlXDCNqIb5eCRJhwFw86l01qcbdTq7_gD_YOeU_Z41Fcf0E5XYoPbi53W775P3LsZc-M3HZfVAk-h5U5GMMm29D5D3NKgZm7nKHqGz0eAC4OOIF3pVWg1oNdmMM&amp;__tn__=-UCH-R\">2017. gads &#8211; <\/a><strong><a href=\"https:\/\/www.facebook.com\/pg\/RDKSschool\/photos\/?tab=album&amp;album_id=1398204733581662&amp;__xts__%5B0%5D=68.ARBVhB8Q4GNK9ZE51ZtGqhWwDcb_IkEVG8teRvI7XyTZ7KdLaQk_fFScZ4ACet9sgvLtxWa8ZW4-PfwlI_pUNoRMncy9ehUPuGqNmnO9quZ5ZH1Yg2xzkmKue6Lad2XfFV4qf4N1CdaABaK9QAaoTq0FbKCMy8fIIj5-PObTyX8FBOdZ4lhIDlXDCNqIb5eCRJhwFw86l01qcbdTq7_gD_YOeU_Z41Fcf0E5XYoPbi53W775P3LsZc-M3HZfVAk-h5U5GMMm29D5D3NKgZm7nKHqGz0eAC4OOIF3pVWg1oNdmMM&amp;__tn__=-UCH-R\">Pill&#8217; T\u012bn&#8217;<\/a><\/strong><\/li><li><a href=\"https:\/\/www.facebook.com\/pg\/RDKSschool\/photos\/?tab=album&amp;album_id=1054130937989045\">2016. gads &#8211; <\/a><strong><a href=\"https:\/\/www.facebook.com\/pg\/RDKSschool\/photos\/?tab=album&amp;album_id=1054130937989045\">P\u0113d\u0113j\u0101 br\u012bd\u012b<\/a><\/strong><\/li><li><a href=\"http:\/\/www.rdks.lv\/macibas\/projekti\/creative-partnerships\/\">2015. gads &#8211; <strong>Muzikators<\/strong><\/a><\/li><\/ul>","protected":false},"excerpt":{"rendered":"<p>Rado\u0161\u0101s partner\u012bbas programma&nbsp;RaPaPro&nbsp;ir Kult\u016bras ministrijas inici\u0113ta un finans\u0113ta programma jaunu partner\u012bbu veido\u0161anai profesion\u0101l\u0101s vid\u0113j\u0101s kult\u016brizgl\u012bt\u012bbas iest\u0101d\u0113s (m\u0101kslas, dizaina, m\u016bzikas un dejas vidusskol\u0101s), iesaistot sadarb\u012bb\u0101 pedagogus, audz\u0113k\u0146us, pa\u0161vald\u012bbu p\u0101rst\u0101vjus, uz\u0146\u0113m\u0113jus, soci\u0101l\u0101s grupas un citus viet\u0113j\u0101s kopienas p\u0101rst\u0101vjus. R\u012bgas Doma kora skolas un PIKC Nacion\u0101l\u0101s M\u0101kslu vidusskolas RaPaPro projekti: 2019.\/2020. m\u0101c\u012bbu gads &#8211; Patvaris: dari pats no&#8230;<\/p>\n","protected":false},"author":6,"featured_media":0,"parent":0,"menu_order":0,"comment_status":"closed","ping_status":"closed","template":"","meta":{"cybocfi_hide_featured_image":"","footnotes":""},"class_list":["post-9865","page","type-page","status-publish","hentry"],"_links":{"self":[{"href":"https:\/\/www.rdks.lv\/lv\/wp-json\/wp\/v2\/pages\/9865","targetHints":{"allow":["GET"]}}],"collection":[{"href":"https:\/\/www.rdks.lv\/lv\/wp-json\/wp\/v2\/pages"}],"about":[{"href":"https:\/\/www.rdks.lv\/lv\/wp-json\/wp\/v2\/types\/page"}],"author":[{"embeddable":true,"href":"https:\/\/www.rdks.lv\/lv\/wp-json\/wp\/v2\/users\/6"}],"replies":[{"embeddable":true,"href":"https:\/\/www.rdks.lv\/lv\/wp-json\/wp\/v2\/comments?post=9865"}],"version-history":[{"count":8,"href":"https:\/\/www.rdks.lv\/lv\/wp-json\/wp\/v2\/pages\/9865\/revisions"}],"predecessor-version":[{"id":9891,"href":"https:\/\/www.rdks.lv\/lv\/wp-json\/wp\/v2\/pages\/9865\/revisions\/9891"}],"wp:attachment":[{"href":"https:\/\/www.rdks.lv\/lv\/wp-json\/wp\/v2\/media?parent=9865"}],"curies":[{"name":"wp","href":"https:\/\/api.w.org\/{rel}","templated":true}]}}