{"id":98,"date":"2013-12-19T01:58:28","date_gmt":"2013-12-19T01:58:28","guid":{"rendered":"http:\/\/213.175.126.152\/?page_id=98"},"modified":"2026-02-17T23:30:58","modified_gmt":"2026-02-17T21:30:58","slug":"brivlaiki","status":"publish","type":"page","link":"https:\/\/www.rdks.lv\/lv\/macibas\/brivlaiki\/","title":{"rendered":"Br\u012bvlaiki"},"content":{"rendered":"<p><strong>2025.\/2026. m\u0101c\u012bbu gad\u0101 paredz\u0113t\u0101s skol\u0113nu br\u012bvdienas:<\/strong><\/p>\r\n<p><strong>Rudens br\u012bvdienas\u00a0<\/strong> <span lang=\"LV\" xml:lang=\"LV\">no 2025.\u00a0gada 20.\u00a0oktobra l\u012bdz 2025. gada 24.\u00a0oktobrim<\/span><br \/><strong>Ziemas br\u012bvdienas<\/strong> <span lang=\"LV\" xml:lang=\"LV\">no 2025.\u00a0gada 22.\u00a0decembra l\u012bdz 2026.\u00a0gada 2.\u00a0janv\u0101rim<\/span><br \/><strong>Pavasara br\u012bvdienas<\/strong> <span lang=\"LV\" xml:lang=\"LV\">no 2026.\u00a0gada 9.\u00a0marta l\u012bdz 2026.\u00a0gada 13.\u00a0martam<\/span><br \/><strong>Vasaras br\u012bvdienas<\/strong>\u00a0 <span lang=\"LV\" xml:lang=\"LV\">no 2026. gada 1.j\u016bnija l\u012bdz 31. augustam<\/span><\/p>","protected":false},"excerpt":{"rendered":"<p>2025.\/2026. m\u0101c\u012bbu gad\u0101 paredz\u0113t\u0101s skol\u0113nu br\u012bvdienas: Rudens br\u012bvdienas\u00a0 no 2025.\u00a0gada 20.\u00a0oktobra l\u012bdz 2025. gada 24.\u00a0oktobrimZiemas br\u012bvdienas no 2025.\u00a0gada 22.\u00a0decembra l\u012bdz 2026.\u00a0gada 2.\u00a0janv\u0101rimPavasara br\u012bvdienas no 2026.\u00a0gada 9.\u00a0marta l\u012bdz 2026.\u00a0gada 13.\u00a0martamVasaras br\u012bvdienas\u00a0 no 2026. gada 1.j\u016bnija l\u012bdz 31. augustam<\/p>\n","protected":false},"author":16,"featured_media":0,"parent":2760,"menu_order":1,"comment_status":"closed","ping_status":"open","template":"","meta":{"cybocfi_hide_featured_image":"","footnotes":""},"class_list":["post-98","page","type-page","status-publish","hentry"],"_links":{"self":[{"href":"https:\/\/www.rdks.lv\/lv\/wp-json\/wp\/v2\/pages\/98","targetHints":{"allow":["GET"]}}],"collection":[{"href":"https:\/\/www.rdks.lv\/lv\/wp-json\/wp\/v2\/pages"}],"about":[{"href":"https:\/\/www.rdks.lv\/lv\/wp-json\/wp\/v2\/types\/page"}],"author":[{"embeddable":true,"href":"https:\/\/www.rdks.lv\/lv\/wp-json\/wp\/v2\/users\/16"}],"replies":[{"embeddable":true,"href":"https:\/\/www.rdks.lv\/lv\/wp-json\/wp\/v2\/comments?post=98"}],"version-history":[{"count":25,"href":"https:\/\/www.rdks.lv\/lv\/wp-json\/wp\/v2\/pages\/98\/revisions"}],"predecessor-version":[{"id":18168,"href":"https:\/\/www.rdks.lv\/lv\/wp-json\/wp\/v2\/pages\/98\/revisions\/18168"}],"up":[{"embeddable":true,"href":"https:\/\/www.rdks.lv\/lv\/wp-json\/wp\/v2\/pages\/2760"}],"wp:attachment":[{"href":"https:\/\/www.rdks.lv\/lv\/wp-json\/wp\/v2\/media?parent=98"}],"curies":[{"name":"wp","href":"https:\/\/api.w.org\/{rel}","templated":true}]}}