{"id":96,"date":"2013-12-19T01:58:09","date_gmt":"2013-12-19T01:58:09","guid":{"rendered":"http:\/\/213.175.126.152\/?page_id=96"},"modified":"2016-08-24T15:18:34","modified_gmt":"2016-08-24T12:18:34","slug":"esf-stipendijas","status":"publish","type":"page","link":"https:\/\/www.rdks.lv\/lv\/macibas\/projekti\/esf-stipendijas\/","title":{"rendered":"ESF stipendijas"},"content":{"rendered":"<p>&nbsp;<\/p>\n<p style=\"text-align: center;\"><a href=\"http:\/\/www.rdks.lv\/wp-content\/uploads\/2013\/12\/zinju_esf_logo.gif\"><img loading=\"lazy\" decoding=\"async\" class=\"alignleft wp-image-279\" src=\"http:\/\/www.rdks.lv\/wp-content\/uploads\/2013\/12\/zinju_esf_logo-300x146.gif\" alt=\"zinju_esf_logo\" width=\"246\" height=\"120\" srcset=\"https:\/\/www.rdks.lv\/wp-content\/uploads\/2013\/12\/zinju_esf_logo-300x146.gif 300w, https:\/\/www.rdks.lv\/wp-content\/uploads\/2013\/12\/zinju_esf_logo-250x121.gif 250w\" sizes=\"auto, (max-width: 246px) 100vw, 246px\" \/><\/a>ESF darb\u012bbas programmas \u201eCilv\u0113kresursi un nodarbin\u0101t\u012bba\u201d papildin\u0101juma<\/p>\n<p style=\"text-align: center;\">1.2.1.1.4.apak\u0161aktivit\u0101tes \u201eS\u0101kotn\u0113j\u0101s profesion\u0101l\u0101s izgl\u012bt\u012bbas pievilc\u012bbas veicin\u0101\u0161ana\u201d<\/p>\n<p style=\"text-align: center;\">projekta \u201eS\u0101kotn\u0113j\u0101s profesion\u0101l\u0101s izgl\u012bt\u012bbas pievilc\u012bbas veicin\u0101\u0161ana\u201d<\/p>\n<p style=\"text-align: center;\">vieno\u0161an\u0101s Nr. 2009\/0001\/1DP\/1.2.1.1.4\/08\/IPIA\/VIAA\/001<\/p>\n<p style=\"text-align: justify;\">R\u012bgas Doma kora skola no 2009. gada oktobra \u012bsteno <strong>Eiropas Soci\u0101l\u0101 fonda<\/strong> darb\u012bbas programmas \u201eCilv\u0113kresursi un nodarbin\u0101t\u012bba\u201d papildin\u0101juma 1.2.1.1.4. apak\u0161-aktivit\u0101tes \u201eS\u0101kotn\u0113j\u0101s profesion\u0101l\u0101s izgl\u012bt\u012bbas pievilc\u012bbas veicin\u0101\u0161ana\u201d <strong>projektu, kas dod iesp\u0113ju audz\u0113k\u0146iem sa\u0146emt m\u0113r\u0137stipendijas<\/strong>. Pie\u0161\u0137iram\u0101s m\u0113r\u0137stipendijas apm\u0113rs vienam pirm\u0101 kursa izgl\u012btojamajam ir no\u00a014,23 l\u012bdz 28,46 eiro m\u0113nes\u012b, otr\u0101, tre\u0161\u0101 un ceturt\u0101 kursa izgl\u012btojamajiem no\u00a028,46 l\u012bdz\u00a0 71,14 eiro m\u0113nes\u012b.<\/p>\n<p style=\"text-align: justify;\">Projekta m\u0113r\u0137is ir uzlabot s\u0101kotn\u0113j\u0101s profesion\u0101l\u0101s izgl\u012bt\u012bbas pievilc\u012bbu un palielin\u0101t jaunie\u0161u \u012bpatsvaru, kas ieg\u016bst profesion\u0101lo izgl\u012bt\u012bbu un kvalifik\u0101ciju, pie\u0161\u0137irot m\u0113r\u0137stipendijas jaunie\u0161iem, kas m\u0101c\u0101s akredit\u0113t\u0101s profesion\u0101l\u0101s pamatizgl\u012bt\u012bbas, arodizgl\u012bt\u012bbas vai profesion\u0101l\u0101s vid\u0113j\u0101s izgl\u012bt\u012bbas programm\u0101s.<\/p>\n<p style=\"text-align: justify;\">M\u0113r\u0137stipendiju pie\u0161\u0137ir profesion\u0101l\u0101s izgl\u012bt\u012bbas iest\u0101des audz\u0113k\u0146iem, kuri apg\u016bst k\u0101du no akredit\u0113t\u0101m profesion\u0101l\u0101s vid\u0113j\u0101s izgl\u012bt\u012bbas programm\u0101m:<\/p>\n<p style=\"text-align: justify;\">Vok\u0101l\u0101 m\u016bzika &#8211; kods 33\u00a0212 06 (kvalifik\u0101cija \u2013 Kora dzied\u0101t\u0101js),<\/p>\n<p style=\"text-align: justify;\">M\u016bzika &#8211; kods 33\u00a0212 09 (kvalifik\u0101cija \u2013 D\u017eeza m\u016bzi\u0137is),<\/p>\n<p style=\"text-align: justify;\">Diri\u0123\u0113\u0161ana &#8211; kods 33\u00a0212 05 (kvalifik\u0101cija\u00a0\u2013\u00a0Kormeistars, kora dzied\u0101t\u0101js).<\/p>\n<p style=\"text-align: justify;\">M\u0113r\u0137stipendiju pie\u0161\u0137ir konkursa k\u0101rt\u012bb\u0101, \u0146emot v\u0113r\u0101 izgl\u012btojamo sekmju v\u0113rt\u0113jumus un m\u0101c\u012bbu stundu apmekl\u0113t\u012bbu.<\/p>\n<h2 style=\"text-align: justify;\">Statistika par 2013.\/2014. m\u0101c\u012bbu gadu <a href=\"http:\/\/www.rdks.lv\/wp-content\/uploads\/2013\/12\/ESF-Statistika-2013-2014.pdf\">skat\u012bt \u0161eit<\/a><\/h2>\n<p>&nbsp;<\/p>","protected":false},"excerpt":{"rendered":"<p>&nbsp; ESF darb\u012bbas programmas \u201eCilv\u0113kresursi un nodarbin\u0101t\u012bba\u201d papildin\u0101juma 1.2.1.1.4.apak\u0161aktivit\u0101tes \u201eS\u0101kotn\u0113j\u0101s profesion\u0101l\u0101s izgl\u012bt\u012bbas pievilc\u012bbas veicin\u0101\u0161ana\u201d projekta \u201eS\u0101kotn\u0113j\u0101s profesion\u0101l\u0101s izgl\u012bt\u012bbas pievilc\u012bbas veicin\u0101\u0161ana\u201d vieno\u0161an\u0101s Nr. 2009\/0001\/1DP\/1.2.1.1.4\/08\/IPIA\/VIAA\/001 R\u012bgas Doma kora skola no 2009. gada oktobra \u012bsteno Eiropas Soci\u0101l\u0101 fonda darb\u012bbas programmas \u201eCilv\u0113kresursi un nodarbin\u0101t\u012bba\u201d papildin\u0101juma 1.2.1.1.4. apak\u0161-aktivit\u0101tes \u201eS\u0101kotn\u0113j\u0101s profesion\u0101l\u0101s izgl\u012bt\u012bbas pievilc\u012bbas veicin\u0101\u0161ana\u201d projektu, kas dod iesp\u0113ju audz\u0113k\u0146iem sa\u0146emt m\u0113r\u0137stipendijas&#8230;.<\/p>\n","protected":false},"author":2,"featured_media":0,"parent":3699,"menu_order":3,"comment_status":"closed","ping_status":"open","template":"","meta":{"cybocfi_hide_featured_image":"","footnotes":""},"class_list":["post-96","page","type-page","status-publish","hentry"],"_links":{"self":[{"href":"https:\/\/www.rdks.lv\/lv\/wp-json\/wp\/v2\/pages\/96","targetHints":{"allow":["GET"]}}],"collection":[{"href":"https:\/\/www.rdks.lv\/lv\/wp-json\/wp\/v2\/pages"}],"about":[{"href":"https:\/\/www.rdks.lv\/lv\/wp-json\/wp\/v2\/types\/page"}],"author":[{"embeddable":true,"href":"https:\/\/www.rdks.lv\/lv\/wp-json\/wp\/v2\/users\/2"}],"replies":[{"embeddable":true,"href":"https:\/\/www.rdks.lv\/lv\/wp-json\/wp\/v2\/comments?post=96"}],"version-history":[{"count":56,"href":"https:\/\/www.rdks.lv\/lv\/wp-json\/wp\/v2\/pages\/96\/revisions"}],"predecessor-version":[{"id":4978,"href":"https:\/\/www.rdks.lv\/lv\/wp-json\/wp\/v2\/pages\/96\/revisions\/4978"}],"up":[{"embeddable":true,"href":"https:\/\/www.rdks.lv\/lv\/wp-json\/wp\/v2\/pages\/3699"}],"wp:attachment":[{"href":"https:\/\/www.rdks.lv\/lv\/wp-json\/wp\/v2\/media?parent=96"}],"curies":[{"name":"wp","href":"https:\/\/api.w.org\/{rel}","templated":true}]}}