{"id":8575,"date":"2019-01-29T12:28:48","date_gmt":"2019-01-29T10:28:48","guid":{"rendered":"http:\/\/www.rdks.lv\/?page_id=8575"},"modified":"2024-08-23T11:33:12","modified_gmt":"2024-08-23T09:33:12","slug":"rdks-25","status":"publish","type":"page","link":"https:\/\/www.rdks.lv\/lv\/rdks-25\/","title":{"rendered":"RDKS 25!"},"content":{"rendered":"<p><\/p>\r\n<p class=\"has-text-align-center\"><strong>25. maij\u0101 visa kupl\u0101 R\u012bgas Doma kora skolas saime, ar kr\u0101\u0161\u0146u koncertu \u0136\u012bpsalas hall\u0113, svin\u0113ja sv\u0113tkus &#8211; skolas 25 gadu jubileju! Sirsn\u012bga pateic\u012bba visiem R\u012bgas Doma kora skolas 25 gadu jubilejas koncerta organiz\u0113\u0161an\u0101 iesaist\u012btajiem!<\/strong><\/p>\r\n<p><\/p>\r\n<p><\/p>\r\n<hr class=\"wp-block-separator\" \/>\r\n<p><\/p>\r\n<p><\/p>\r\n<p>PIKC Nacion\u0101l\u0101 M\u0101kslu vidusskola, R\u012bgas Doma kora skolas vec\u0101ku padome,\u00a0Latvijas Republikas Kult\u016bras ministrija,\u00a0R\u012bgas domes Izgl\u012bt\u012bbas, kult\u016bras un sporta departaments, R\u012bgas Doma meite\u0146u kora biedr\u012bba,\u00a0NMV Ja\u0146a Rozent\u0101la M\u0101kslas skola,\u00a0\u0136\u012bpsalas halle,\u00a0DJA &#8211; Didzis Jaunzems Architecture,\u00a0Company NA, SIA IXI, SIA UBS,\u00a0Latvijas Radio 3, LMT Straume,\u00a0Radio SWH, Musica Baltica, Bi\u013ce\u0161u Parad\u012bze, SIA Cido Grupa, SIA MINAPA, SIA GR ART &amp; PRINT, SIA EVEKO, SIA Komp\u0101nija, Imid\u017ea skola-studija Unastyle, Starptautisk\u0101 kosmetolo\u0123ijas koled\u017ea!<\/p>\r\n<p><\/p>\r\n<p><\/p>\r\n<p>J\u0101nis Eren\u0161treits,\u00a0Gints Ceplenieks, M\u0101rti\u0146\u0161 Kli\u0161\u0101ns, Juris Jonelis, Didzis Jaunzems, M\u0101rti\u0146\u0161 Porters, Ivars V\u0101cers, Aleksandra \u0100boli\u0146a,\u00a0Linda L\u016bse,\u00a0Krist\u012bne Freiberga,\u00a0Aira Birzi\u0146a,\u00a0Jur\u0123is C\u0101bulis,\u00a0J\u016blija Jon\u0101ne,\u00a0Aivars Krasti\u0146\u0161,\u00a0Inese Bekere,\u00a0Rihards Mors, J\u0101nis Ozols,\u00a0J\u0101nis Liepi\u0146\u0161, Kaspars \u0100damsons,\u00a0Uldis Sili\u0146\u0161,\u00a0Kristaps \u0160ori\u0146\u0161, Zane Dombrovska, Sarm\u012bte And\u017e\u0101ne, Vita Virza, Egija Ozoli\u0146a, Iveta Gredzena, Madara Boka, Daina Vaitkevica, Di\u0101na Bergmane, Mat\u012bss Tu\u010ds, Vita Zemture,\u00a0J\u0101nis Zi\u0146\u0123\u012btis,\u00a0J\u0101nis Duk\u0101ts,\u00a0J\u0113kabs Jan\u010devskis,\u00a0Annija Putni\u0146a,\u00a0Daumants Kalni\u0146\u0161,\u00a0J\u0101nis \u0160ipk\u0113vics, Ilze Baumane, J\u0101nis Kums\u0101rs, Guntars R\u0113ders, Daniels Pav\u013cuts,\u00a0Liene Jakov\u013ceva, Anna Kl\u0113vere, Ilze Voiska, Tomass Kokamegi, Kristaps Zvaigzn\u012bte, Eg\u012bls V\u0113tra, Ilze Medne, Dina D\u016bdi\u0146a-Kurmi\u0146a, Ilze Jakov\u013ceva, Sandra Freiberga,\u00a0U\u0123is Ozoli\u0146\u0161,\u00a0Viesturs T\u012ble,\u00a0Em\u012bls Alps,\u00a0Laura Ozolina,\u00a0Krista Leite, Evel\u012bna Stiene, Baiba Gr\u012bna, 2018.\/2019. m\u0101c\u012bbu gada R\u012bgas Doma kora skolas audz\u0113k\u0146u vec\u0101ki, 2017. gada izlaiduma 9. klases vec\u0101ki un citi skolas draugi un atbalst\u012bt\u0101ji!<\/p>\r\n<p><\/p>\r\n<p><\/p>\r\n<p>R\u012bgas Doma kora skolas dibin\u0101t\u0101ja J\u0101\u0146a Eren\u0161treita pateic\u012bbu <a href=\"http:\/\/www.rdks.lv\/jana-erenstreita-pateiciba-skolas-saimei\/\">LAS\u012aT \u0160EIT<\/a>!<\/p>\r\n<p><\/p>\r\n<p><\/p>\r\n<hr class=\"wp-block-separator\" \/>\r\n<p><\/p>\r\n<p><\/p>\r\n<p>R\u012bgas Doma kora skolas 25 gadu jubilejas koncerta ieraksts pieejams:<br \/><a href=\"http:\/\/straume.lmt.lv\/lv\/kultura\/koncerti\/rdks-25\/1041161\">LMT STRAUM\u0112<\/a> un <a href=\"https:\/\/klasika.lsm.lv\/lv\/raksts\/tieshraides\/rigas-doma-kora-skolai-25-jubilejas-koncerta-tiesraide-no-kipsal.a118191\/?fbclid=IwAR2W8B_ab4LqvMD4RZFZnYVp9XrX7qNOkDCE3fNNZmfZiotzXAo5mmT8Etw\">LATVIJAS RADIO KLASIKA<\/a><\/p>\r\n<p><\/p>\r\n<p><\/p>\r\n<figure class=\"wp-block-gallery columns-2 is-cropped wp-block-gallery-1 is-layout-flex wp-block-gallery-is-layout-flex\">\r\n<ul class=\"blocks-gallery-grid\">\r\n<li class=\"blocks-gallery-item\">\r\n<figure><img loading=\"lazy\" decoding=\"async\" width=\"4000\" height=\"2667\" class=\"wp-image-9437\" src=\"http:\/\/www.rdks.lv\/wp-content\/uploads\/2019\/05\/DJA_DOMA_KORA_JUBILEJA-74-2.jpg\" alt=\"\" data-id=\"9437\" data-link=\"http:\/\/www.rdks.lv\/rdks-25\/dja_doma_kora_jubileja-74-2\/\" \/><\/figure>\r\n<\/li>\r\n<li class=\"blocks-gallery-item\">\r\n<figure><img loading=\"lazy\" decoding=\"async\" width=\"4000\" height=\"2667\" class=\"wp-image-9438\" src=\"http:\/\/www.rdks.lv\/wp-content\/uploads\/2019\/05\/DJA_DOMA_KORA_JUBILEJA-11-1.jpg\" alt=\"\" data-id=\"9438\" data-link=\"http:\/\/www.rdks.lv\/rdks-25\/dja_doma_kora_jubileja-11-1\/\" \/><\/figure>\r\n<\/li>\r\n<li class=\"blocks-gallery-item\">\r\n<figure><img loading=\"lazy\" decoding=\"async\" width=\"4000\" height=\"2667\" class=\"wp-image-9439\" src=\"http:\/\/www.rdks.lv\/wp-content\/uploads\/2019\/05\/DJA_DOMA_KORA_JUBILEJA-39-1.jpg\" alt=\"\" data-id=\"9439\" data-link=\"http:\/\/www.rdks.lv\/rdks-25\/dja_doma_kora_jubileja-39-1\/\" \/><\/figure>\r\n<\/li>\r\n<li class=\"blocks-gallery-item\">\r\n<figure><img loading=\"lazy\" decoding=\"async\" width=\"4000\" height=\"2667\" class=\"wp-image-9440\" src=\"http:\/\/www.rdks.lv\/wp-content\/uploads\/2019\/05\/DJA_DOMA_KORA_JUBILEJA-46-1.jpg\" alt=\"\" data-id=\"9440\" data-link=\"http:\/\/www.rdks.lv\/rdks-25\/dja_doma_kora_jubileja-46-1\/\" \/><\/figure>\r\n<\/li>\r\n<li class=\"blocks-gallery-item\">\r\n<figure><img loading=\"lazy\" decoding=\"async\" width=\"4000\" height=\"2667\" class=\"wp-image-9441\" src=\"http:\/\/www.rdks.lv\/wp-content\/uploads\/2019\/05\/DJA_DOMA_KORA_JUBILEJA-54-1.jpg\" alt=\"\" data-id=\"9441\" data-link=\"http:\/\/www.rdks.lv\/rdks-25\/dja_doma_kora_jubileja-54-1\/\" \/><\/figure>\r\n<\/li>\r\n<li class=\"blocks-gallery-item\">\r\n<figure><img loading=\"lazy\" decoding=\"async\" width=\"4000\" height=\"2667\" class=\"wp-image-9442\" src=\"http:\/\/www.rdks.lv\/wp-content\/uploads\/2019\/05\/DJA_DOMA_KORA_JUBILEJA-65-1.jpg\" alt=\"\" data-id=\"9442\" data-link=\"http:\/\/www.rdks.lv\/rdks-25\/dja_doma_kora_jubileja-65-1\/\" \/><\/figure>\r\n<\/li>\r\n<li class=\"blocks-gallery-item\">\r\n<figure><img loading=\"lazy\" decoding=\"async\" width=\"4000\" height=\"2666\" class=\"wp-image-9443\" src=\"http:\/\/www.rdks.lv\/wp-content\/uploads\/2019\/05\/DJA_DOMA_KORA_JUBILEJA-71-1.jpg\" alt=\"\" data-id=\"9443\" data-link=\"http:\/\/www.rdks.lv\/rdks-25\/dja_doma_kora_jubileja-71-1\/\" \/><\/figure>\r\n<\/li>\r\n<li class=\"blocks-gallery-item\">\r\n<figure><img loading=\"lazy\" decoding=\"async\" width=\"4000\" height=\"2667\" class=\"wp-image-9444\" src=\"http:\/\/www.rdks.lv\/wp-content\/uploads\/2019\/05\/DJA_DOMA_KORA_JUBILEJA-81-1.jpg\" alt=\"\" data-id=\"9444\" data-link=\"http:\/\/www.rdks.lv\/rdks-25\/dja_doma_kora_jubileja-81-1\/\" \/><\/figure>\r\n<\/li>\r\n<\/ul>\r\n<\/figure>\r\n<p><\/p>\r\n<p>&nbsp;<\/p>\r\n<p><\/p>\r\n<p class=\"has-text-align-center\">Fotogr\u0101fiju autors: Filips \u0160mits<\/p>\r\n<p><\/p>\r\n<p>&nbsp;<\/p>\r\n<p><\/p>\r\n<figure class=\"wp-block-gallery columns-2 is-cropped wp-block-gallery-2 is-layout-flex wp-block-gallery-is-layout-flex\">\r\n<ul class=\"blocks-gallery-grid\">\r\n<li class=\"blocks-gallery-item\">\r\n<figure><img loading=\"lazy\" decoding=\"async\" width=\"2338\" height=\"3091\" class=\"wp-image-9432\" src=\"http:\/\/www.rdks.lv\/wp-content\/uploads\/2019\/05\/diploms2.jpg\" alt=\"\" data-id=\"9432\" data-link=\"http:\/\/www.rdks.lv\/valsts-prezidenta-un-kulturas-ministres-atzinibas\/diploms2-2\/\" \/><\/figure>\r\n<\/li>\r\n<li class=\"blocks-gallery-item\">\r\n<figure><img loading=\"lazy\" decoding=\"async\" width=\"2338\" height=\"3307\" class=\"wp-image-9433\" src=\"http:\/\/www.rdks.lv\/wp-content\/uploads\/2019\/05\/diploms.jpg\" alt=\"\" data-id=\"9433\" data-link=\"http:\/\/www.rdks.lv\/valsts-prezidenta-un-kulturas-ministres-atzinibas\/diploms-12\/\" \/><\/figure>\r\n<\/li>\r\n<\/ul>\r\n<\/figure>\r\n<p><\/p>\r\n<p>&nbsp;<\/p>\r\n<p><\/p>\r\n<figure class=\"wp-block-image\"><img loading=\"lazy\" decoding=\"async\" width=\"3006\" height=\"1996\" class=\"wp-image-9486\" src=\"http:\/\/www.rdks.lv\/wp-content\/uploads\/2019\/06\/diplomi.1-1.jpg\" alt=\"\" \/><\/figure>\r\n<p><\/p>\r\n<p>&nbsp;<\/p>\r\n<p><\/p>\r\n<div class=\"wp-block-image\">\r\n<figure class=\"aligncenter is-resized\"><img loading=\"lazy\" decoding=\"async\" class=\"wp-image-9487\" src=\"http:\/\/www.rdks.lv\/wp-content\/uploads\/2019\/06\/diplomi.2-1.jpg\" alt=\"\" width=\"324\" height=\"462\" \/><\/figure>\r\n<\/div>\r\n<p><\/p>\r\n<p>&nbsp;<\/p>\r\n<p><\/p>\r\n<hr class=\"wp-block-separator\" \/>\r\n<p><\/p>\r\n<p><\/p>\r\n<p class=\"has-text-align-center\"><strong>Aicin\u0101m uz R\u012bgas Doma kora skolas 25 gadu jubilejas koncertu <\/strong><br \/><strong>2019. gada 25. maij\u0101 plkst. 19.00 \u0136\u012bpsalas hall\u0113!<\/strong><\/p>\r\n<p><\/p>\r\n<p><\/p>\r\n<p>R\u012bgas Doma kora skolas absolvent!<br \/><br \/>Tuvojas skolas 25. jubileja, kuru ar v\u0113rien\u012bgu koncertu svin\u0113sim\u00a0<strong>2019. gada 25. maij\u0101 \u0136\u012bpsalas hall\u0113<\/strong>. Aicin\u0101m ar\u012b TEVI b\u016bt par \u0161\u012b skaist\u0101 pas\u0101kuma sast\u0101vda\u013cu un iepaz\u012bties ar <a href=\"http:\/\/www.rdks.lv\/wp-content\/uploads\/2019\/03\/RDKS_25-gadi_-UzsaukumsAbsolventiem_UPDATE.pdf\">Direktora J\u0101\u0146a Eren\u0161treita, skolas vad\u012bt\u0101ja Ginta Cepleniekam un visas R\u012bgas Doma kora skolas saimes\u00a0uzsaukumu<\/a>!<\/p>\r\n<p><\/p>\r\n<p><\/p>\r\n<p><strong>L\u016bdzam<\/strong> <strong>aizpild\u012bt pieteikuma anketu<\/strong>:\u00a0<a href=\"http:\/\/ej.uz\/RDKS25\" target=\"_blank\" rel=\"noreferrer noopener\">ej.uz\/RDKS25<\/a> !<\/p>\r\n<p><\/p>\r\n<p><\/p>\r\n<p>Bi\u013cetes pieejamas vis\u0101s Bi\u013ce\u0161u Parad\u012bzes kas\u0113s un <a href=\"http:\/\/www.ej.uz\/RDKS25_biletes\">ej.uz\/RDKS25_biletes<\/a><\/p>\r\n<p><\/p>\r\n<p><\/p>\r\n<p><strong>Absolventu\u00a0kopkora\u00a0m\u0113\u0123in\u0101jumi:<\/strong><br \/>6. apr\u012bl\u012b plkst. 10.00 \u2013 14.30 R\u012bgas Doma kora skolas kora z\u0101l\u0113,<br \/>11. maij\u0101 plkst. 11.00 \u2013 14.30 R\u012bgas Doma kora skolas kora z\u0101l\u0113,<br \/><u>24. maij\u0101 plkst. 19.00 \u0136\u012bpsalas halles Konferen\u010du z\u0101l\u0113,<br \/>25. maij\u0101 plkst. 15.30 \u0136\u012bpsalas hall\u0113, skatuves m\u0113\u0123in\u0101jums.<\/u><\/p>\r\n<p><\/p>\r\n<p><\/p>\r\n<figure class=\"wp-block-image\"><img loading=\"lazy\" decoding=\"async\" width=\"1800\" height=\"560\" class=\"wp-image-8797\" src=\"http:\/\/www.rdks.lv\/wp-content\/uploads\/2019\/03\/rdks-majaslapai-2019-1.jpg\" alt=\"\" \/><\/figure>\r\n<p><\/p>\r\n<p><\/p>\r\n<p><strong>Koncerta m\u0101kslinieciskais<\/strong> <strong>vad\u012bt\u0101js <\/strong>M\u0101rti\u0146\u0161 Kli\u0161\u0101ns<br \/><strong>Koncerta re\u017eisors\u00a0<\/strong>Juris Jonelis<br \/><strong>Koncerta scenogr\u0101fs <\/strong>Didzis Jaunzems<br \/><strong>RDKS 25! vizu\u0101l\u0101s identit\u0101tes m\u0101ksliniece<\/strong> Linda L\u016bse<br \/><strong>Ska\u0146u re\u017eisors <\/strong>M\u0101rti\u0146\u0161 Porters<br \/><strong>Gaismu m\u0101kslinieks<\/strong> Ivars V\u0101cers<br \/><strong>Projekta vad\u012bt\u0101ja, koncerta producente<\/strong>\u00a0Aleksandra \u0100boli\u0146a<\/p>\r\n<p><\/p>\r\n<p><\/p>\r\n<div class=\"wp-block-image\">\r\n<figure class=\"aligncenter is-resized\"><img loading=\"lazy\" decoding=\"async\" class=\"wp-image-9324\" src=\"http:\/\/www.rdks.lv\/wp-content\/uploads\/2019\/05\/rdks-25-poster-ar-logo-1.jpg\" alt=\"\" width=\"497\" height=\"704\" \/><\/figure>\r\n<\/div>\r\n<p><\/p>\r\n<hr class=\"wp-block-separator\" \/>\r\n<p><\/p>\r\n<p><\/p>\r\n<p>6. apr\u012bl\u012b skol\u0101 notika pirmais absolventu kora m\u0113\u0123in\u0101jums. R\u012bgas Doma kora skolas jaukt\u0101 kora un skolas absolventu priek\u0161\u0101 st\u0101j\u0101s un ar koncerta repertu\u0101ra dziesm\u0101m str\u0101d\u0101ja diri\u0123enti &#8211; ar\u012b skolas absolventi &#8211; J\u0101nis Ozols, Kaspars \u0100damsons, J\u0101nis Liepi\u0146\u0161 un Jur\u0123is C\u0101bulis. N\u0101kam\u0101 tik\u0161an\u0101s reize un m\u0113\u0123in\u0101jums skol\u0101 jau p\u0113c m\u0113ne\u0161a &#8211; 11. maij\u0101! Foto: Em\u012bls Alps<\/p>\r\n<p><\/p>\r\n<p><\/p>\r\n<figure class=\"wp-block-gallery columns-5 is-cropped wp-block-gallery-3 is-layout-flex wp-block-gallery-is-layout-flex\">\r\n<ul class=\"blocks-gallery-grid\">\r\n<li class=\"blocks-gallery-item\">\r\n<figure><img loading=\"lazy\" decoding=\"async\" width=\"2667\" height=\"4000\" class=\"wp-image-9032\" src=\"http:\/\/www.rdks.lv\/wp-content\/uploads\/2019\/04\/Foto_-_1-1.jpg\" alt=\"\" data-id=\"9032\" data-link=\"http:\/\/www.rdks.lv\/rdks-25\/foto_-_1-2\/\" \/><\/figure>\r\n<\/li>\r\n<li class=\"blocks-gallery-item\">\r\n<figure><img loading=\"lazy\" decoding=\"async\" width=\"4000\" height=\"2667\" class=\"wp-image-9035\" src=\"http:\/\/www.rdks.lv\/wp-content\/uploads\/2019\/04\/Foto_-_4.jpg\" alt=\"\" data-id=\"9035\" data-link=\"http:\/\/www.rdks.lv\/rdks-25\/foto_-_4\/\" \/><\/figure>\r\n<\/li>\r\n<li class=\"blocks-gallery-item\">\r\n<figure><img loading=\"lazy\" decoding=\"async\" width=\"2667\" height=\"4000\" class=\"wp-image-9034\" src=\"http:\/\/www.rdks.lv\/wp-content\/uploads\/2019\/04\/Foto_-_3.jpg\" alt=\"\" data-id=\"9034\" data-link=\"http:\/\/www.rdks.lv\/rdks-25\/foto_-_3\/\" \/><\/figure>\r\n<\/li>\r\n<li class=\"blocks-gallery-item\">\r\n<figure><img loading=\"lazy\" decoding=\"async\" width=\"4000\" height=\"2667\" class=\"wp-image-9037\" src=\"http:\/\/www.rdks.lv\/wp-content\/uploads\/2019\/04\/Foto_-_6.jpg\" alt=\"\" data-id=\"9037\" data-link=\"http:\/\/www.rdks.lv\/rdks-25\/foto_-_6\/\" \/><\/figure>\r\n<\/li>\r\n<li class=\"blocks-gallery-item\">\r\n<figure><img loading=\"lazy\" decoding=\"async\" width=\"2667\" height=\"4000\" class=\"wp-image-9038\" src=\"http:\/\/www.rdks.lv\/wp-content\/uploads\/2019\/04\/Foto_-_7.jpg\" alt=\"\" data-id=\"9038\" data-link=\"http:\/\/www.rdks.lv\/rdks-25\/foto_-_7\/\" \/><\/figure>\r\n<\/li>\r\n<li class=\"blocks-gallery-item\">\r\n<figure><img loading=\"lazy\" decoding=\"async\" width=\"2667\" height=\"4000\" class=\"wp-image-9039\" src=\"http:\/\/www.rdks.lv\/wp-content\/uploads\/2019\/04\/Foto_-_9.jpg\" alt=\"\" data-id=\"9039\" data-link=\"http:\/\/www.rdks.lv\/rdks-25\/foto_-_9\/\" \/><\/figure>\r\n<\/li>\r\n<li class=\"blocks-gallery-item\">\r\n<figure><img loading=\"lazy\" decoding=\"async\" width=\"4000\" height=\"2667\" class=\"wp-image-9040\" src=\"http:\/\/www.rdks.lv\/wp-content\/uploads\/2019\/04\/Foto_-_12.jpg\" alt=\"\" data-id=\"9040\" data-link=\"http:\/\/www.rdks.lv\/rdks-25\/foto_-_12\/\" \/><\/figure>\r\n<\/li>\r\n<li class=\"blocks-gallery-item\">\r\n<figure><img loading=\"lazy\" decoding=\"async\" width=\"4000\" height=\"2667\" class=\"wp-image-9036\" src=\"http:\/\/www.rdks.lv\/wp-content\/uploads\/2019\/04\/Foto_-_5.jpg\" alt=\"\" data-id=\"9036\" data-link=\"http:\/\/www.rdks.lv\/rdks-25\/foto_-_5\/\" \/><\/figure>\r\n<\/li>\r\n<li class=\"blocks-gallery-item\">\r\n<figure><img loading=\"lazy\" decoding=\"async\" width=\"4000\" height=\"2667\" class=\"wp-image-9041\" src=\"http:\/\/www.rdks.lv\/wp-content\/uploads\/2019\/04\/Foto_-_14.jpg\" alt=\"\" data-id=\"9041\" data-link=\"http:\/\/www.rdks.lv\/rdks-25\/foto_-_14\/\" \/><img loading=\"lazy\" decoding=\"async\" width=\"2667\" height=\"4000\" class=\"wp-image-9042\" src=\"http:\/\/www.rdks.lv\/wp-content\/uploads\/2019\/04\/Foto_-_15.jpg\" alt=\"\" data-id=\"9042\" data-link=\"http:\/\/www.rdks.lv\/rdks-25\/foto_-_15\/\" \/><\/figure>\r\n<\/li>\r\n<\/ul>\r\n<\/figure>\r\n<p><\/p>\r\n<p><\/p>\r\n<hr class=\"wp-block-separator\" \/>\r\n<p><\/p>\r\n<figure class=\"wp-block-embed-youtube wp-block-embed is-type-video is-provider-youtube wp-embed-aspect-16-9 wp-has-aspect-ratio\">https:\/\/www.youtube.com\/watch?v=ct838p4ezlI<br \/>\r\n<div class=\"wp-block-embed__wrapper\">Uz koncertu iel\u016bdz R\u012bgas Doma kora skolas dibin\u0101t\u0101js J\u0101nis Eren\u0161treits!<\/div>\r\n<\/figure>\r\n<p><\/p>\r\n<p><\/p>\r\n<hr class=\"wp-block-separator\" \/>\r\n<p><\/p>\r\n<figure class=\"wp-block-embed-youtube wp-block-embed is-type-video is-provider-youtube wp-embed-aspect-16-9 wp-has-aspect-ratio\">\r\n<div class=\"wp-block-embed__wrapper\">https:\/\/www.youtube.com\/watch?v=M6CMIVzURXk&amp;t=14s<\/div>\r\n<figcaption>Uz koncertu iel\u016bdz komponists, R\u012bgas Doma kora skolas absolvents un pedagogs J\u0113kabs Jan\u010devskis!<\/figcaption>\r\n<\/figure>\r\n<p><!-- \/wp:post-content --><\/p>\r\n<p><!-- wp:separator --><\/p>\r\n<hr class=\"wp-block-separator\" \/>\r\n<p><!-- \/wp:separator --><\/p>\r\n<figure class=\"wp-block-embed-youtube wp-block-embed is-type-video is-provider-youtube wp-embed-aspect-16-9 wp-has-aspect-ratio\">\r\n<div class=\"wp-block-embed__wrapper\">https:\/\/www.youtube.com\/watch?v=Ihjn5Ez-zFg<\/div>\r\n<figcaption>Uz koncertu iel\u016bdz dzied\u0101t\u0101ja, R\u012bgas Doma kora skolas absolvente un M\u016bziklu dzied\u0101t\u0101ju programmas vad\u012bt\u0101ja Annija Putni\u0146a!<\/figcaption>\r\n<\/figure>\r\n<p><!-- \/wp:core-embed\/youtube --><\/p>\r\n<p><!-- wp:separator --><\/p>\r\n<hr class=\"wp-block-separator\" \/>\r\n<p><!-- \/wp:separator --><\/p>\r\n<figure class=\"wp-block-embed-youtube wp-block-embed is-type-video is-provider-youtube wp-embed-aspect-16-9 wp-has-aspect-ratio\">\r\n<div class=\"wp-block-embed__wrapper\">https:\/\/www.youtube.com\/watch?v=C&#8211;bKKvA7oc<\/div>\r\n<figcaption>Uz koncertu iel\u016bdz m\u016bzi\u0137is, R\u012bgas Doma kora skolas absolvents J\u0101nis \u0160ipk\u0113vics!<\/figcaption>\r\n<\/figure>\r\n<p><!-- \/wp:core-embed\/youtube --><\/p>\r\n<p><!-- wp:separator --><\/p>\r\n<hr class=\"wp-block-separator\" \/>\r\n<p><!-- \/wp:separator --><\/p>\r\n<figure class=\"wp-block-embed-youtube wp-block-embed is-type-video is-provider-youtube wp-embed-aspect-16-9 wp-has-aspect-ratio\">\r\n<div class=\"wp-block-embed__wrapper\">https:\/\/www.youtube.com\/watch?v=fMQN580WmW8&amp;t=1s<\/div>\r\n<figcaption>Uz koncertu iel\u016bdz diri\u0123ents, R\u012bgas Doma kora skola skolas absolvents J\u0101nis Liepi\u0146\u0161!<\/figcaption>\r\n<\/figure>\r\n<p><!-- \/wp:core-embed\/youtube --><\/p>\r\n<p><!-- wp:separator --><\/p>\r\n<hr class=\"wp-block-separator\" \/>\r\n<p><!-- \/wp:separator --><\/p>\r\n<figure class=\"wp-block-embed-youtube wp-block-embed is-type-video is-provider-youtube wp-embed-aspect-16-9 wp-has-aspect-ratio\">\r\n<div class=\"wp-block-embed__wrapper\">https:\/\/www.youtube.com\/watch?v=3mpIiqBeB04&amp;feature=youtu.be&amp;fbclid=IwAR30gRxmhqgzkRtHb72MpxuBBnCajGuxSSczP0cQHXp5K649zvaaX9UhZl8<\/div>\r\n<figcaption>Uz koncertu iel\u016bdz m\u016bzi\u0137is, R\u012bgas Doma kora skolas absolvents Daumants Kalni\u0146\u0161!<\/figcaption>\r\n<\/figure>\r\n<p><!-- \/wp:core-embed\/youtube --><\/p>\r\n<p><!-- wp:separator --><\/p>\r\n<hr class=\"wp-block-separator\" \/>\r\n<p><!-- \/wp:separator --><\/p>\r\n<figure class=\"wp-block-embed-youtube wp-block-embed is-type-video is-provider-youtube wp-embed-aspect-16-9 wp-has-aspect-ratio\">\r\n<div class=\"wp-block-embed__wrapper\">https:\/\/www.youtube.com\/watch?v=YVUgjsPqpvM<\/div>\r\n<figcaption>Uz koncertu iel\u016bdz R\u012bgas Doma z\u0113nu kora projektu vad\u012bt\u0101ja Ilze Baumane!<\/figcaption>\r\n<\/figure>\r\n<p><!-- \/wp:core-embed\/youtube --><\/p>\r\n<p><!-- wp:separator --><\/p>\r\n<hr class=\"wp-block-separator\" \/>\r\n<p><!-- \/wp:separator --><\/p>\r\n<figure class=\"wp-block-embed-youtube wp-block-embed is-type-video is-provider-youtube wp-embed-aspect-16-9 wp-has-aspect-ratio\">\r\n<div class=\"wp-block-embed__wrapper\">https:\/\/www.youtube.com\/watch?v=h2uPTcAfQho<\/div>\r\n<figcaption>Uz koncertu iel\u016bdz R\u012bgas Doma kora skolas vad\u012bt\u0101js Gints Ceplenieks!<\/figcaption>\r\n<\/figure>\r\n<p><!-- \/wp:core-embed\/youtube --><\/p>\r\n<p><!-- wp:paragraph --><\/p>\r\n<p><em>Jaut\u0101jumu gad\u012bjum\u0101, l\u016bdzam rakst\u012bt uz rdks.absolvents@nmv.lv <\/em><\/p>\r\n<p><!-- \/wp:paragraph --><\/p>","protected":false},"excerpt":{"rendered":"<p>25. maij\u0101 visa kupl\u0101 R\u012bgas Doma kora skolas saime, ar kr\u0101\u0161\u0146u koncertu \u0136\u012bpsalas hall\u0113, svin\u0113ja sv\u0113tkus &#8211; skolas 25 gadu jubileju! Sirsn\u012bga pateic\u012bba visiem R\u012bgas Doma kora skolas 25 gadu jubilejas koncerta organiz\u0113\u0161an\u0101 iesaist\u012btajiem! PIKC Nacion\u0101l\u0101 M\u0101kslu vidusskola, R\u012bgas Doma kora skolas vec\u0101ku padome,\u00a0Latvijas Republikas Kult\u016bras ministrija,\u00a0R\u012bgas domes Izgl\u012bt\u012bbas, kult\u016bras un sporta departaments, R\u012bgas Doma&#8230;<\/p>\n","protected":false},"author":16,"featured_media":0,"parent":0,"menu_order":0,"comment_status":"closed","ping_status":"closed","template":"","meta":{"cybocfi_hide_featured_image":"","footnotes":""},"class_list":["post-8575","page","type-page","status-publish","hentry"],"_links":{"self":[{"href":"https:\/\/www.rdks.lv\/lv\/wp-json\/wp\/v2\/pages\/8575","targetHints":{"allow":["GET"]}}],"collection":[{"href":"https:\/\/www.rdks.lv\/lv\/wp-json\/wp\/v2\/pages"}],"about":[{"href":"https:\/\/www.rdks.lv\/lv\/wp-json\/wp\/v2\/types\/page"}],"author":[{"embeddable":true,"href":"https:\/\/www.rdks.lv\/lv\/wp-json\/wp\/v2\/users\/16"}],"replies":[{"embeddable":true,"href":"https:\/\/www.rdks.lv\/lv\/wp-json\/wp\/v2\/comments?post=8575"}],"version-history":[{"count":57,"href":"https:\/\/www.rdks.lv\/lv\/wp-json\/wp\/v2\/pages\/8575\/revisions"}],"predecessor-version":[{"id":16625,"href":"https:\/\/www.rdks.lv\/lv\/wp-json\/wp\/v2\/pages\/8575\/revisions\/16625"}],"wp:attachment":[{"href":"https:\/\/www.rdks.lv\/lv\/wp-json\/wp\/v2\/media?parent=8575"}],"curies":[{"name":"wp","href":"https:\/\/api.w.org\/{rel}","templated":true}]}}