{"id":7824,"date":"2018-06-12T14:08:17","date_gmt":"2018-06-12T11:08:17","guid":{"rendered":"http:\/\/www.rdks.lv\/?page_id=7824"},"modified":"2022-12-28T15:02:08","modified_gmt":"2022-12-28T13:02:08","slug":"macibu-lidzekli-2018-2019-m-g","status":"publish","type":"page","link":"https:\/\/www.rdks.lv\/lv\/macibu-lidzekli-2018-2019-m-g\/","title":{"rendered":"M\u0101c\u012bbu l\u012bdzek\u013ci"},"content":{"rendered":"<p>M\u0101c\u012bbu l\u012bdzek\u013ci:<\/p>\n<p><strong><a href=\"http:\/\/www.rdks.lv\/wp-content\/uploads\/2019\/06\/M\u0101c\u012bbu-l\u012bdzek\u013ci-2019_20_sakumskola.pdf\">S\u0100KUMSKOLA<\/a><br \/>\n<\/strong><a href=\"http:\/\/www.rdks.lv\/wp-content\/uploads\/2019\/06\/M\u0101c\u012bbu-l\u012bdzek\u013ci-2019_20_pamatskola.pdf\"><strong>PAMATSKOLA<br \/>\n<\/strong><\/a><a href=\"http:\/\/www.rdks.lv\/wp-content\/uploads\/2019\/06\/M\u0101c\u012bbu-l\u012bdzek\u013ci-2019_20_vidusskola.pdf\"><strong>VIDUSSKOLA<\/strong><\/a><\/p>","protected":false},"excerpt":{"rendered":"<p>M\u0101c\u012bbu l\u012bdzek\u013ci: S\u0100KUMSKOLA PAMATSKOLA VIDUSSKOLA<\/p>\n","protected":false},"author":6,"featured_media":0,"parent":0,"menu_order":0,"comment_status":"closed","ping_status":"closed","template":"","meta":{"cybocfi_hide_featured_image":"","footnotes":""},"class_list":["post-7824","page","type-page","status-publish","hentry"],"_links":{"self":[{"href":"https:\/\/www.rdks.lv\/lv\/wp-json\/wp\/v2\/pages\/7824","targetHints":{"allow":["GET"]}}],"collection":[{"href":"https:\/\/www.rdks.lv\/lv\/wp-json\/wp\/v2\/pages"}],"about":[{"href":"https:\/\/www.rdks.lv\/lv\/wp-json\/wp\/v2\/types\/page"}],"author":[{"embeddable":true,"href":"https:\/\/www.rdks.lv\/lv\/wp-json\/wp\/v2\/users\/6"}],"replies":[{"embeddable":true,"href":"https:\/\/www.rdks.lv\/lv\/wp-json\/wp\/v2\/comments?post=7824"}],"version-history":[{"count":11,"href":"https:\/\/www.rdks.lv\/lv\/wp-json\/wp\/v2\/pages\/7824\/revisions"}],"predecessor-version":[{"id":14452,"href":"https:\/\/www.rdks.lv\/lv\/wp-json\/wp\/v2\/pages\/7824\/revisions\/14452"}],"wp:attachment":[{"href":"https:\/\/www.rdks.lv\/lv\/wp-json\/wp\/v2\/media?parent=7824"}],"curies":[{"name":"wp","href":"https:\/\/api.w.org\/{rel}","templated":true}]}}