{"id":7072,"date":"2018-01-30T14:58:03","date_gmt":"2018-01-30T12:58:03","guid":{"rendered":"http:\/\/www.rdks.lv\/?page_id=7072"},"modified":"2026-04-15T12:31:10","modified_gmt":"2026-04-15T10:31:10","slug":"music-across-europe","status":"publish","type":"page","link":"https:\/\/www.rdks.lv\/lv\/macibas\/projekti\/erasmus\/music-across-europe\/","title":{"rendered":"Music across Europe"},"content":{"rendered":"<p><\/p>\n<h4><a href=\"http:\/\/www.rdks.lv\/wp-content\/uploads\/2016\/09\/Lidzfinanse_Erasmus_progr_logo.png\"><img loading=\"lazy\" decoding=\"async\" class=\"wp-image-5086 size-medium alignnone\" src=\"http:\/\/www.rdks.lv\/wp-content\/uploads\/2016\/09\/Lidzfinanse_Erasmus_progr_logo-300x82.png\" alt=\"lidzfinanse_erasmus_progr_logo\" width=\"300\" height=\"82\" srcset=\"https:\/\/www.rdks.lv\/wp-content\/uploads\/2016\/09\/Lidzfinanse_Erasmus_progr_logo-300x82.png 300w, https:\/\/www.rdks.lv\/wp-content\/uploads\/2016\/09\/Lidzfinanse_Erasmus_progr_logo-768x210.png 768w, https:\/\/www.rdks.lv\/wp-content\/uploads\/2016\/09\/Lidzfinanse_Erasmus_progr_logo-1024x280.png 1024w, https:\/\/www.rdks.lv\/wp-content\/uploads\/2016\/09\/Lidzfinanse_Erasmus_progr_logo.png 2038w\" sizes=\"auto, (max-width: 300px) 100vw, 300px\" \/><\/a><\/h4>\n<p>30\/05\/2018<\/p>\n<p><strong>Prezent\u0101cija no ERASMUS+ atskaites p\u0113cpusdienas 30. maij\u0101<br \/>\n<\/strong>Agnese Andersone, Gints Ceplenieks, J\u0101nis Duk\u0101ts Jiveskilas koled\u017e\u0101 GRADIA, Jiveskil\u0101, Somij\u0101<\/p>\n<p>Prezent\u0101ciju <a href=\"http:\/\/www.rdks.lv\/wp-content\/uploads\/2018\/06\/Erasmus-GRADIA_atskaite.pdf\">SKAT\u012aT \u0160EIT<\/a><\/p>\n<hr \/>\n<p>18\/04\/2018<\/p>\n<p><strong>Prezent\u0101cija no ERASMUS+ atskaites p\u0113cpusdienas 16. apr\u012bl\u012b<\/strong><br \/>\nM\u0101ra S\u0113j\u0101ne, Art\u016brs Bi\u0137ernieks, Eduards Lazdi\u0146\u0161, T\u0101lis G\u017eibovskis Jiveskilas koled\u017e\u0101 GRADIA, Jiveskil\u0101, Somij\u0101<\/p>\n<p style=\"text-align: justify;\">Mobilit\u0101tes brauciens uz Jiveskilu audz\u0113k\u0146iem un skolot\u0101jam ies\u0101k\u0101s ar k\u0101rt\u012bgu ce\u013cojuma dienu. Izmantojot autobusu, pr\u0101mi un vilcienu, p\u0113c 12 ce\u013c\u0101 pavad\u012bt\u0101m stund\u0101m tika sasniegts galam\u0113r\u0137is &#8211; sniegot\u0101 Somijas pils\u0113ta Jiveskila. Jiveskilas koled\u017e\u0101 GRADIA m\u0101c\u0101s aptuveni 23 t\u016bksto\u0161i studentu. To starp\u0101 visu iesp\u0113jamo amatu topo\u0161ie p\u0101rst\u0101vji. M\u0101ra, Art\u016brs un Eduards tika uzaicin\u0101ti uz apmai\u0146as studentu pas\u0101kumu, kur vi\u0146i satika v\u0113l aptuveni 80 jaunie\u0161us no cit\u0101m valst\u012bm, kas uz ilg\u0101ku vai \u012bs\u0101ku br\u012bdi m\u0101c\u012bbas apg\u016bst Jiveskil\u0101. Audz\u0113k\u0146iem \u0161aj\u0101 skol\u0101 ir iesp\u0113ja br\u012bvi izv\u0113l\u0113ties, k\u0101dus m\u016bzikas stilus vi\u0146i v\u0113las apg\u016bt &#8211; tiek patst\u0101v\u012bgi veidota sava m\u0101c\u012bbu programma. Skol\u0101 audz\u0113k\u0146i m\u0101c\u0101s 3 gadus, bet tie, kas jau absolv\u0113ju\u0161i vidusskolu &#8211; 2 gadus. Somij\u0101 liel\u0101 cie\u0146\u0101 ir smag\u0101 met\u0101la m\u016bzika, ko ar\u012b M\u0101ra, Art\u016brs un Eduards apguva ansamb\u013ca m\u0113\u0123in\u0101jumos. M\u0101c\u012bbu mobilit\u0101tes nosl\u0113gum\u0101 vi\u0146i piedal\u012bj\u0101s liel\u0101 koncert\u0101, kur\u0101 sadarbojoties vair\u0101k\u0101m skolas noda\u013c\u0101m, ieskaites k\u0101rtoja gan m\u016bzi\u0137i, gan video operatori, ska\u0146ot\u0101ji un citi. P\u0113c div\u0101m lielisk\u0101m Somij\u0101 pavad\u012bt\u0101m ned\u0113l\u0101m, jaunie\u0161i dev\u0101s m\u0101jup, ar nu jau ceturto transporta l\u012bdzekli &#8211; lidma\u0161\u012bnu.<\/p>\n<p>Prezent\u0101ciju <a href=\"http:\/\/www.rdks.lv\/wp-content\/uploads\/2018\/04\/Prezent\u0101cija1.pdf\">SKAT\u012aT \u0160EIT<\/a><\/p>\n<hr \/>\n<p>15\/02\/2018 Informat\u012bva prezent\u0101cija mobilit\u0101tes braucienam uz Jiveskilu, Somiju dal\u012bbniekiem <a href=\"http:\/\/www.rdks.lv\/wp-content\/uploads\/2018\/02\/ERASMUS-seminars-dalibniekiem-Jyvaskyla.pdf\">skat\u012bt \u0161eit<\/a>.<\/p>\n<hr \/>\n<p>07\/02\/2018<\/p>\n<p><strong>Prezent\u0101cija no ERASMUS+ atskaites p\u0113cpusdienas 5. febru\u0101r\u012b<\/strong><br \/>\nRolands Mer\u017eejevskis, Em\u012blija Hel\u0113na Pavlovska, Nad\u012bna Podinska Rijn IJssel koled\u017e\u0101 Arnem\u0101, N\u012bderland\u0113<\/p>\n<p style=\"text-align: justify;\">Mobilit\u0101tes brauciens uz Arnemu skolot\u0101jam un meiten\u0113m s\u0101k\u0101s ar da\u017e\u0101diem negaid\u012btiem piedz\u012bvojumiem, piem\u0113ram izk\u0101p\u0161anu nepareizaj\u0101 pietur\u0101 un netik\u0161anu rezerv\u0113taj\u0101 viesn\u012bc\u0101. Tom\u0113r p\u0101rvar\u0113ju\u0161i \u0161os \u0161\u0137\u0113r\u0161\u013cus jaunie\u0161i dev\u0101s uz Rijn IJssel koled\u017eu &#8211; m\u016bziklu noda\u013cu. Meite\u0146u m\u0101c\u012bbu programm\u0101 ietilpa dzied\u0101\u0161ana, aktierm\u0101ksla, solfed\u017eo harmonija un citas stundas, bet p\u0101ri visam \u013coti daudz dejo\u0161anas nodarb\u012bbas. Rijn Ijssel koled\u017ea &#8211; \u013coti labi tehniski apr\u012bkota, kur\u0101 pieejams viss koncertu un m\u0113\u0123in\u0101jumu nodro\u0161in\u0101\u0161anai, no telp\u0101m un jau iepriek\u0161 sagatavotiem scen\u0101rijiem l\u012bdz apgaismojumam un dekor\u0101cij\u0101m. Rijn IJssel koled\u017e\u0101 m\u016bzikas programm\u0101s var m\u0101c\u012bties jaunie\u0161i bez iepriek\u0161\u0113j\u0101s muzik\u0101l\u0101s izgl\u012bt\u012bbas, t\u0101p\u0113c solfed\u017eo un harmonijas stundas R\u012bgas Doma kora skolas audz\u0113kn\u0113m nesag\u0101d\u0101ja piln\u012bgi nek\u0101das probl\u0113mas. Pabiju\u0161i cit\u0101 Eiropas skol\u0101, Rolands, Nad\u012bna un Em\u012blija atgriez\u0101s m\u0101j\u0101s atp\u016btu\u0161ies un nepaciet\u012bbas pilni turpin\u0101t savas m\u0101c\u012bbas \u0161eit, R\u012bgas Doma kora skol\u0101.<\/p>\n<p>Prezent\u0101ciju <a href=\"http:\/\/www.rdks.lv\/wp-content\/uploads\/2018\/02\/Erasmus-Music-across-Europe.pdf\">SKAT\u012aT \u0160EIT<\/a><\/p>\n<hr \/>\n<p>21\/12\/2017 Informat\u012bva prezent\u0101cija mobilit\u0101tes braucienam uz Arnemu, N\u012bderland\u0113 dal\u012bbniekiem <a href=\"http:\/\/www.rdks.lv\/wp-content\/uploads\/2016\/09\/ERASMUS-seminars-dalibniekiem-Arnhem.pdf\">skat\u012bt \u0161eit<\/a>.<\/p>\n<hr \/>\n<p>27\/11\/2017<\/p>\n<p><strong>Prezent\u0101cija no ERASMUS+ atskaites p\u0113cpusdienas 21. novembr\u012b<\/strong><\/p>\n<p>D\u0101vis Bindemanis, R\u016bta S\u012bpola, Vladislavs Mala\u010devskis un Gustavs Melb\u0101rdis Kaj\u0101ni, Somij\u0101 <a href=\"http:\/\/www.rdks.lv\/wp-content\/uploads\/2017\/11\/Presentation1-1.pdf\">SKAT\u012aT \u0160EIT<\/a><\/p>\n<hr \/>\n<p>20\/10\/2017<\/p>\n<p><strong>ERASMUS+ projekta &#8220;Music across Europe&#8221; (Nr.2016-1-LV01-KA102-022517) tre\u0161\u0101s dal\u012bbnieku atlases rezult\u0101ti <a href=\"http:\/\/www.rdks.lv\/wp-content\/uploads\/2017\/10\/pdfresizer.com-pdf-crop.pdf\">SKAT\u012aT \u0160EIT<\/a> <\/strong><\/p>\n<hr \/>\n<p>17\/10\/2017 Informat\u012bva prezent\u0101cija mobilit\u0101tes brauciena uz Kajaani, Somij\u0101 dal\u012bbniekiem <a href=\"http:\/\/www.rdks.lv\/wp-content\/uploads\/2017\/10\/ERASMUS-seminars-dalibniekiem-Kajaani-1.pdf\">skat\u012bt \u0161eit<\/a>.<\/p>\n<hr \/>\n<p>21\/09\/2017 <strong>L\u012bdz 2. oktobrim<\/strong> gaid\u012bsim izgl\u012btojamo un pedagogu pieteikumus mobilit\u0101\u0161u braucieniem R\u012bgas Doma kora skolas ERASMUS+ projekt\u0101 \u201cMusic across Europe\u201d (Nr.2016-1-LV01-KA102-022517):<\/p>\n<ul>\n<li>2018. gada 14. janv\u0101ris \u2013 29. janv\u0101ris \u2013 Rijn IJssel koled\u017ea Arnem\u0101, N\u012bderland\u0113 \u2013 2 izgl\u012btojamie, 1 pedagogs (Rijn IJssel, <a href=\"http:\/\/www.rijnijssel.nl\">www.rijnijssel.nl<\/a>);<\/li>\n<li>2018. gada 11. marts \u2013 26. marts &#8211; Jiveskiles koled\u017ea, Somij\u0101 \u2013 3 izgl\u012btojamie, 1 pedagogs (Jyv\u00e4skyl\u00e4n koulutuskuntayhtym\u00e4, <a href=\"http:\/\/www.jao.fi\">www.jao.fi<\/a>).<\/li>\n<\/ul>\n<p>Visa inform\u0101cija par pieteik\u0161an\u0101s k\u0101rt\u012bbu, nepiecie\u0161amajiem dokumentiem un v\u0113rt\u0113\u0161anas krit\u0113rijiem, dal\u012bbnieku atlases k\u0101rt\u012bbas nolikums atrodama projekta sada\u013c\u0101 skolas <a href=\"http:\/\/www.rdks.lv\/macibas\/projekti\/erasmus\/\">m\u0101jaslap\u0101<\/a>.<\/p>\n<p><strong>ERASMUS+ projekta &#8220;Music across Europe&#8221; (Nr.2016-1-LV01-KA102-022517) dal\u012bbnieku atlases k\u0101rt\u012bbas <a href=\"http:\/\/www.rdks.lv\/wp-content\/uploads\/2016\/09\/RDKS_ERASMUS-nolikums.pdf\">NOLIKUMS<\/a><\/strong><\/p>\n<p>Nepiecie\u0161amie dokumenti audz\u0113k\u0146iem:<\/p>\n<ul>\n<li><a href=\"http:\/\/www.rdks.lv\/wp-content\/uploads\/2017\/06\/ERASMUS-pieteikuma-anketa.doc\">pieteikuma anketa<\/a>;<\/li>\n<li>sekmju un kav\u0113jumu izraksts par iepriek\u0161\u0113jo m\u0101c\u012bbu semestri;<\/li>\n<li>motiv\u0101cijas v\u0113stule datorrakst\u0101, br\u012bv\u0101 form\u0101, vienas A4 lappuses apjom\u0101. Motiv\u0101cijas v\u0113stulei ir j\u0101atspogu\u013co kandid\u0101ta m\u0113r\u0137is, kas tiks sasniegts, dodoties mobilit\u0101t\u0113, pamatojums par konkr\u0113t\u0101s skolas izv\u0113li, v\u0113stulei j\u0101atspogu\u013co iesp\u0113jamie ieguvumi no dal\u012bbas mobilit\u0101t\u0113;<\/li>\n<li>CV latvie\u0161u un ang\u013cu valod\u0101 p\u0113c <a href=\"http:\/\/europass.cedefop.europa.eu\/lv\/documents\/curriculum-vitae\/templates-instructions\" target=\"_blank\" rel=\"noopener noreferrer\"><em>Europass <\/em>parauga<\/a>;<\/li>\n<li><a href=\"http:\/\/www.rdks.lv\/wp-content\/uploads\/2017\/06\/ERASMUS-rekomendacijas-vestule.doc\">rekomend\u0101cijas v\u0113stule no specialit\u0101tes pedagoga<\/a>.<\/li>\n<\/ul>\n<hr \/>\n<p>27\/07\/2017<\/p>\n<p><strong>Prezent\u0101cijas no ERASMUS+ atskaites vakara 15. j\u016bnij\u0101<\/strong><\/p>\n<p>Annemarija Moiseja, El\u012bza Ba\u0137e un Inga B\u0113rzi\u0146a Minen\u0113 <a href=\"https:\/\/drive.google.com\/file\/d\/0B0Yhu0E14UwaRlJsTUhWUmI4RXc\/view?usp=sharing\">SKAT\u012aT \u0160EIT<\/a><\/p>\n<p>Inese Be\u0137ere un Krist\u012bne Freiberga Somij\u0101 <a href=\"https:\/\/drive.google.com\/file\/d\/0B0Yhu0E14UwaMUhxdFZrLWRvdzg\/view?usp=sharing\">SKAT\u012aT \u0160EIT<\/a><\/p>\n<hr \/>\n<p>22\/06\/2017<\/p>\n<p><strong>ERASMUS+ projekta &#8220;Music across Europe&#8221; (Nr.2016-1-LV01-KA102-022517) otr\u0101s dal\u012bbnieku atlases rezult\u0101ti <a href=\"http:\/\/www.rdks.lv\/wp-content\/uploads\/2016\/09\/ERASMUS-konkursa-rezultati-22.06.2017..pdf\">SKAT\u012aT \u0160EIT<\/a> <\/strong><\/p>\n<hr \/>\n<p>12\/06\/2017<\/p>\n<h4>Izsludin\u0101ts otrais ERASMUS+ mobilit\u0101\u0161u braucienu konkurss<\/h4>\n<p><strong>L\u012bdz 18. j\u016bnijam<\/strong> gaid\u012bsim izgl\u012btojamo un pedagogu pieteikumus mobilit\u0101\u0161u braucienam R\u012bgas Doma kora skolas ERASMUS+ projekt\u0101 \u201cMusic across Europe\u201d (Nr.2016-1-LV01-KA102-022517): 2017. gada 22. oktobris \u2013 6. novembris \u2013 Kainu profesion\u0101l\u0101s izgl\u012bt\u012bbas koled\u017ea Somij\u0101 \u2013 3 izgl\u012btojamie, 1 pedagogs (Kainuun ammattiopisto, <u><a href=\"http:\/\/www.kao.fi\">www.kao.fi<\/a><\/u>) <strong>ERASMUS+ projekta \u201cMusic across Europe\u201d (Nr.2016-1-LV01-KA102-022517) dal\u012bbnieku atlases k\u0101rt\u012bbas <a href=\"http:\/\/www.rdks.lv\/wp-content\/uploads\/2016\/09\/RDKS_ERASMUS-nolikums.pdf\">NOLIKUMS<\/a><\/strong> Nepiecie\u0161amie dokumenti audz\u0113k\u0146iem:<\/p>\n<ul>\n<li><a href=\"http:\/\/www.rdks.lv\/wp-content\/uploads\/2017\/06\/ERASMUS-pieteikuma-anketa.doc\">pieteikuma anketa<\/a>;<\/li>\n<li>sekmju un kav\u0113jumu izraksts par iepriek\u0161\u0113jo m\u0101c\u012bbu semestri;<\/li>\n<li>motiv\u0101cijas v\u0113stule datorrakst\u0101, br\u012bv\u0101 form\u0101, vienas A4 lappuses apjom\u0101. Motiv\u0101cijas v\u0113stulei ir j\u0101atspogu\u013co kandid\u0101ta m\u0113r\u0137is, kas tiks sasniegts, dodoties mobilit\u0101t\u0113, pamatojums par konkr\u0113t\u0101s skolas izv\u0113li, v\u0113stulei j\u0101atspogu\u013co iesp\u0113jamie ieguvumi no dal\u012bbas mobilit\u0101t\u0113;<\/li>\n<li>CV latvie\u0161u un ang\u013cu valod\u0101 p\u0113c <a href=\"http:\/\/europass.cedefop.europa.eu\/lv\/documents\/curriculum-vitae\/templates-instructions\" target=\"_blank\" rel=\"noopener noreferrer\"><em>Europass <\/em>parauga<\/a>;<\/li>\n<li><a href=\"http:\/\/www.rdks.lv\/wp-content\/uploads\/2017\/06\/ERASMUS-rekomendacijas-vestule.doc\">rekomend\u0101cijas v\u0113stule no specialit\u0101tes pedagoga<\/a>.<\/li>\n<\/ul>\n<hr \/>\n<p>03\/02\/2017<\/p>\n<h4>S\u0101ku\u0161ies pirmie NMV R\u012bgas Doma kora skolas ERASMUS+ projekta &#8220;Music across Europe&#8221; mobilit\u0101\u0161u braucieni<\/h4>\n<p>2016. gada rudens semestr\u012b notika akt\u012bva gatavo\u0161an\u0101s pirmajiem R\u012bgas Doma kora skolas ERASMUS+ projekta &#8220;Music across Europe&#8221; mobilit\u0101\u0161u braucieniem &#8211; aviobi\u013ce\u0161u, viesn\u012bcu, apdro\u0161in\u0101\u0161anas ieg\u0101de, l\u012bgumu sagatavo\u0161ana, informat\u012bvais semin\u0101rs par katru no skol\u0101m, par projekta m\u0113r\u0137iem un individu\u0101l\u0101s p\u0101rrunas. 2017. gada pirmie m\u0113ne\u0161i ir \u012bstais projekta s\u0101kuma laiks, jo mobilit\u0101t\u0113s janv\u0101r\u012b, febru\u0101r\u012b un mart\u0101 dodas pirmie 8 audz\u0113k\u0146i un 3 pedagogi.<\/p>\n<p>15. janv\u0101r\u012b uz \u013bub\u013canas m\u016bzikas un baleta konservatoriju Slov\u0113nij\u0101 dev\u0101s III kursa audz\u0113k\u0146i Artis Boriss, Dagnis Rozi\u0146\u0161, Kar\u012bna Laugale un bas\u0123it\u0101ras pedagogs Zigmunds \u017dukovskis. Vi\u0146i no sava brauciena ir jau atgriezu\u0161ies ar pozit\u012bvo atzi\u0146u, ka bija jauki uz br\u012bdi izrauties no skr\u0113jiena \u0161eit R\u012bg\u0101 un padz\u012bvot mier\u012bg\u0101k\u0101 re\u017e\u012bm\u0101 prom no m\u0101j\u0101m. Kopum\u0101 izgl\u012bt\u012bbas un audz\u0113k\u0146u prasmju l\u012bmenis \u013bub\u013canas m\u016bzikas un baleta konservatorij\u0101 ir \u013coti augsts &#8211; m\u016bs\u0113jiem bija \u013coti laba iesp\u0113ja iedvesmoties, apmekl\u0113t improviz\u0101cijas stundas, kuras \u013coti labpr\u0101t redz\u0113tu ar\u012b \u0161eit pie mums R\u012bgas Doma kora skol\u0101. Kopum\u0101 gan pils\u0113ta ir maza, un jaunie\u0161i paguva div\u0101s ned\u0113\u013c\u0101s to pamat\u012bgi iepaz\u012bt un ar\u012b jau sailgoties p\u0113c m\u0101j\u0101m. \u0160eit apskat\u0101ma fotogalerija ar vi\u0146u spilgt\u0101kajiem iespaidiem.<\/p>\n<p>[fb_album id=&#8221;1217754341626703&#8243; order=&#8221;asc&#8221;]<\/p>\n<p>29. janv\u0101r\u012b uz L\u016bi\u0161emas Sautvarkas koled\u017eu London\u0101 dev\u0101s III kursa audz\u0113kne Eli\u0101na Sanda Veinberga, IV kursa audz\u0113k\u0146i M\u0101ra Vidi\u0146a, J\u0101nis Gri\u0137is un kompoz\u012bcijas pedagogs U\u0123is Prauli\u0146\u0161. \u0160obr\u012bd vi\u0146i s\u016bta saj\u016bsmas pilnus video par skolas tehnisko apr\u012bkojumu un ska\u0146u re\u017eijas un produc\u0113\u0161anas stund\u0101m. Protams, ar\u012b Londona pati par sevi ir iedvesmojo\u0161a un sniedz jaunie\u0161iem \u013coti daudz iesp\u0113ju profesion\u0101li pilnveidoties. Gaid\u012bsim vi\u0146us atpaka\u013c ar st\u0101stiem!<\/p>\n<p>21. mart\u0101 uz Minhenes Jauno d\u017eeza skolu brauks II kursa audz\u0113kne Annemarija Moiseja un IV kursa audz\u0113kne El\u012bza Ba\u0137e. Nedaudz v\u0113l\u0101k vi\u0146\u0101m uz ned\u0113\u013cu pievienosies d\u017eeza vok\u0101la pedago\u0123e Inga B\u0113rzi\u0146a. Par vi\u0146u iespaidiem zi\u0146osim v\u0113l\u0101k &#8211; p\u0113c meite\u0146u atgrie\u0161an\u0101s apr\u012b\u013ca s\u0101kum\u0101 r\u012bkosim st\u0101stu p\u0113cpusdienu visiem RDKS vidusskolas audz\u0113k\u0146iem, pedagogiem un interesentiem. Uzklaus\u012bsim pieredzi, skat\u012bsimies bildes un video, piefiks\u0113sim v\u0113rt\u012bg\u0101k\u0101s atzi\u0146as par visiem trim mobilit\u0101\u0161u braucieniem.<\/p>\n<p>Krist\u012bne Freiberga projekta vad\u012bt\u0101ja kristine.freiberga@nmv.lv<\/p>\n<hr \/>\n<p>16\/12\/2016 Informat\u012bva prezent\u0101cija pirmo tr\u012bs mobilit\u0101\u0161u braucienu dal\u012bbniekiem <a href=\"http:\/\/www.rdks.lv\/wp-content\/uploads\/2016\/09\/ERASMUS-seminars-dalibniekiem.pdf\">skat\u012bt \u0161eit<\/a><\/p>\n<hr \/>\n<p>20\/10\/2016<\/p>\n<p><strong>ERASMUS+ projekta &#8220;Music across Europe&#8221; (Nr.2016-1-LV01-KA102-022517) pirm\u0101s dal\u012bbnieku atlases rezult\u0101ti <a href=\"http:\/\/www.rdks.lv\/wp-content\/uploads\/2016\/09\/RDKS_Erasmus.pdf\">SKAT\u012aT \u0160EIT<\/a><\/strong><\/p>\n<hr \/>\n<p>23\/09\/2016<\/p>\n<p><strong>ERASMUS+ projekta &#8220;Music across Europe&#8221; (Nr.2016-1-LV01-KA102-022517) dal\u012bbnieku atlases k\u0101rt\u012bbas <a href=\"http:\/\/www.rdks.lv\/wp-content\/uploads\/2016\/09\/RDKS_ERASMUS-nolikums.pdf\">NOLIKUMS<\/a><\/strong><\/p>\n<hr \/>\n<p>29\/08\/2016<\/p>\n<h4>NMV R\u012bgas Doma kora skola uzs\u0101k \u012bstenot projektu ERASMUS+ programm\u0101<\/h4>\n<p>NMV RDKS, parakstot l\u012bgumu ar Valsts izgl\u012bt\u012bbas att\u012bst\u012bbas a\u0123ent\u016bru, uzs\u0101k \u012bstenot \u00a0Eiropas Savien\u012bbas Erasmus+ programmas Pamatdarb\u012bbas Nr.1 (KA1) Profesion\u0101l\u0101s izgl\u012bt\u012bbas sektora projektu <b>\u201eMusic across Europe\u201d<\/b> (identifik\u0101cijas Nr.2016-1-LV01-KA102-022517).<\/p>\n<p><b>Projekta realiz\u0101cijas laiks: <\/b>01.06.2016. \u2013 31.05.2018.<\/p>\n<p><b>Projektam pie\u0161\u0137irtais finans\u0113juma apjoms:<\/b> EUR 45 856,00<\/p>\n<p>Apmai\u0146as programm\u0101 piedal\u012bsies <strong>16<\/strong> R\u012bgas Doma kora skolas audz\u0113k\u0146i un <strong>8<\/strong> pedagogi un darbinieki, kas katrs vienu reizi dosies apmai\u0146\u0101 uz vienu no 6 partnerskol\u0101m:<\/p>\n<ul>\n<li>2017. gada janv\u0101ris \u2013 <strong>\u013bub\u013canas m\u016bzikas un baleta konservatorija, Slov\u0113nij\u0101<\/strong> \u2013 3 izgl\u012btojamie, 1 pedagogs (<em>Konservatorij za glasbo in balet Ljubljana<\/em>, <a href=\"http:\/\/www.kgbl.si\">www.kgbl.si<\/a>);<\/li>\n<li>2017. gada febru\u0101ris \u2013 <strong>L\u016bi\u0161emas Sautvarkas koled\u017ea, Lielbrit\u0101nij\u0101<\/strong> \u2013 3 izgl\u012btojamie, 1 pedagogs (<em>Lewisham Southwark College<\/em>, <a href=\"http:\/\/www.lesoco.ac.uk\">www.lesoco.ac.uk<\/a>);<\/li>\n<li>2017. gada marts \u2013 <strong>Minhenes Jaun\u0101 d\u017eeza skol\u0101, V\u0101cij\u0101<\/strong> \u2013 2 izgl\u012btojamie, 1 pedagogs (<em>Neue Jazzschool M\u00fcnchen e.V.<\/em>, <a href=\"http:\/\/www.jazzschool.de\">www.jazzschool.de<\/a>);<\/li>\n<li>2017. gada maijs &#8211; Kainu profesion\u0101l\u0101s izgl\u012bt\u012bbas koled\u017ea un Jiveskiles koled\u017ea, Somij\u0101 \u2013 2 darbinieki<\/li>\n<li>2017. gada oktobris \u2013 <strong>Kainu profesion\u0101l\u0101s izgl\u012bt\u012bbas koled\u017ea, Somij\u0101<\/strong> \u2013 3 izgl\u012btojamie, 1 pedagogs (<em>Kainuun ammattiopisto<\/em>, <a href=\"http:\/\/www.kao.fi\">www.kao.fi<\/a>);<\/li>\n<li>2018. gada janv\u0101ris &#8211; <strong>Rijn IJssel koled\u017ea Arnem\u0101, N\u012bderland\u0113<\/strong> \u2013 2 izgl\u012btojamie, 1 pedagogs (<em>Rijn IJssel,<\/em> <a href=\"http:\/\/www.rijnijssel.nl\">www.rijnijssel.nl<\/a>);<\/li>\n<li>2018. gada marts \u2013 <strong>Jiveskiles koled\u017ea, Somij\u0101<\/strong> \u2013 3 izgl\u012btojamie, 1 pedagogs (<em>Jyv\u00e4skyl\u00e4n koulutuskuntayhtym\u00e4<\/em>, <a href=\"http:\/\/www.jao.fi\">www.jao.fi<\/a>).<\/li>\n<\/ul>\n<p><strong>Audz\u0113k\u0146u<\/strong> mobilit\u0101te ietver m\u016bzikas priek\u0161metu pastiprin\u0101tu apg\u016b\u0161anu partnerskol\u0101, muzic\u0113\u0161anu kop\u0101 ar partnerskolas audz\u0113k\u0146iem k\u0101d\u0101 no kolekt\u012bviem (koris, or\u0137estris, bigband, d\u017eeza ansamblis utml.), jauna repertu\u0101ra apg\u016b\u0161anu un koncerta snieg\u0161anu, t\u0101d\u0101 veid\u0101 kr\u0101jot koncertprakses stundas.<\/p>\n<p><strong>Pedagogi<\/strong> dosies pieredzes apmai\u0146\u0101 gan v\u0113rot savas specialit\u0101tes un tai radniec\u012bgo priek\u0161metu stundas, gan pa\u0161i vad\u012bt m\u0101c\u012bbu stundas un semin\u0101rus\/meistarklases partnerskolas audz\u0113k\u0146iem un pedagogiem. Pedagogu m\u0113r\u0137is ir iepaz\u012bties ar partnerskolas izgl\u012bt\u012bbas programm\u0101m un analiz\u0113t, ko no programmu veido\u0161anas pieredzes R\u012bgas Doma kora skola un J. Rozent\u0101la M\u0101kslas skola var p\u0101r\u0146emt jaun\u0101 profesion\u0101l\u0101s izgl\u012bt\u012bbas kompeten\u010du centra starpnozaru m\u0101c\u012bbu programmu veido\u0161an\u0101.<\/p>\n<p><strong>Darbinieki<\/strong>\u00a0dosies pieredzes apmai\u0146\u0101 uz ab\u0101m skol\u0101m Somij\u0101, kur var g\u016bt re\u0101lu pieredzi un jaunas prasmes un zin\u0101\u0161anas turpm\u0101kai izgl\u012bt\u012bbas projektu vad\u012b\u0161anai.<\/p>\n<p>Apmai\u0146as programmas rezult\u0101t\u0101 sagaid\u0101m, ka dal\u012bbnieki b\u016bs nodibin\u0101ju\u0161i jaunus profesion\u0101los un personiskos kontaktus, att\u012bst\u012bju\u0161i adapt\u0101cijas un komunik\u0101cijas prasmes, uzlaboju\u0161i ang\u013cu valodas zin\u0101\u0161anas. Savuk\u0101rt pedagogi jaunieg\u016bt\u0101s zin\u0101\u0161anas par m\u0101c\u012bbu metod\u0113m integr\u0113s sav\u0101s m\u0101c\u012bbu stund\u0101s, un dal\u012bsies ar kol\u0113\u0123iem un skolas administr\u0101ciju ar idej\u0101m par jaunu starpnozaru (m\u0101kslas un m\u016bzikas) m\u0101c\u012bbu programmu izveido\u0161anu jaunaj\u0101 PIKC. V\u0113l viens svar\u012bgs pienesums b\u016btu RDKS m\u016bzikas repertu\u0101ra papla\u0161in\u0101\u0161ana ar da\u017e\u0101du Eiropas tautu un valstu tradicion\u0101lo un popul\u0101ro m\u016bziku. T\u0101pat ar\u012b visi projekt\u0101 iesaist\u012btie dal\u012bbnieki b\u016bs uzlaboju\u0161i savas mened\u017ementa prasmes da\u017e\u0101dos l\u012bme\u0146os &#8211; s\u0101kot ar sp\u0113ju sve\u0161valodas vid\u0113 tikt gal\u0101 ar sadz\u012bves organiz\u0113\u0161anu, beidzot ar pieredzi starptautisku izgl\u012bt\u012bbas projektu vad\u012bb\u0101. Ilgtermi\u0146\u0101 sagaid\u0101m, ka R\u012bgas Doma kora skolas un Ja\u0146a Rozent\u0101la M\u0101kslas skolas profesion\u0101l\u0101s izgl\u012bt\u012bbas kompeten\u010du centrs k\u013c\u016bs par rado\u0161u, m\u016bsdien\u012bgu un novatorisku m\u0101c\u012bbu iest\u0101di un b\u016bs v\u0113l saisto\u0161\u0101ks m\u0113r\u0137is topo\u0161ajiem audz\u0113k\u0146iem. Reflektantu skaits, kas st\u0101sies RDKS vidusskol\u0101, pieaugs, un skola b\u016bs veicin\u0101jusi savu un t\u0101s audz\u0113k\u0146u un darbinieku konkur\u0113tsp\u0113ju ne tikai valsts, bet ar\u012b starptautisk\u0101 m\u0113rog\u0101.<\/p>\n<p><b>Papildus inform\u0101cija:<\/b> Aleksandra \u0100boli\u0146a projekta vad\u012bt\u0101ja aleksandra.abolina@nmv.lv<\/p>","protected":false},"excerpt":{"rendered":"<p>30\/05\/2018 Prezent\u0101cija no ERASMUS+ atskaites p\u0113cpusdienas 30. maij\u0101 Agnese Andersone, Gints Ceplenieks, J\u0101nis Duk\u0101ts Jiveskilas koled\u017e\u0101 GRADIA, Jiveskil\u0101, Somij\u0101 Prezent\u0101ciju SKAT\u012aT \u0160EIT 18\/04\/2018 Prezent\u0101cija no ERASMUS+ atskaites p\u0113cpusdienas 16. apr\u012bl\u012b M\u0101ra S\u0113j\u0101ne, Art\u016brs Bi\u0137ernieks, Eduards Lazdi\u0146\u0161, T\u0101lis G\u017eibovskis Jiveskilas koled\u017e\u0101 GRADIA, Jiveskil\u0101, Somij\u0101 Mobilit\u0101tes brauciens uz Jiveskilu audz\u0113k\u0146iem un skolot\u0101jam ies\u0101k\u0101s ar k\u0101rt\u012bgu ce\u013cojuma dienu&#8230;.<\/p>\n","protected":false},"author":16,"featured_media":0,"parent":5076,"menu_order":1,"comment_status":"closed","ping_status":"closed","template":"","meta":{"cybocfi_hide_featured_image":"","footnotes":""},"class_list":["post-7072","page","type-page","status-publish","hentry"],"_links":{"self":[{"href":"https:\/\/www.rdks.lv\/lv\/wp-json\/wp\/v2\/pages\/7072","targetHints":{"allow":["GET"]}}],"collection":[{"href":"https:\/\/www.rdks.lv\/lv\/wp-json\/wp\/v2\/pages"}],"about":[{"href":"https:\/\/www.rdks.lv\/lv\/wp-json\/wp\/v2\/types\/page"}],"author":[{"embeddable":true,"href":"https:\/\/www.rdks.lv\/lv\/wp-json\/wp\/v2\/users\/16"}],"replies":[{"embeddable":true,"href":"https:\/\/www.rdks.lv\/lv\/wp-json\/wp\/v2\/comments?post=7072"}],"version-history":[{"count":17,"href":"https:\/\/www.rdks.lv\/lv\/wp-json\/wp\/v2\/pages\/7072\/revisions"}],"predecessor-version":[{"id":18484,"href":"https:\/\/www.rdks.lv\/lv\/wp-json\/wp\/v2\/pages\/7072\/revisions\/18484"}],"up":[{"embeddable":true,"href":"https:\/\/www.rdks.lv\/lv\/wp-json\/wp\/v2\/pages\/5076"}],"wp:attachment":[{"href":"https:\/\/www.rdks.lv\/lv\/wp-json\/wp\/v2\/media?parent=7072"}],"curies":[{"name":"wp","href":"https:\/\/api.w.org\/{rel}","templated":true}]}}