{"id":5261,"date":"2016-11-30T15:52:22","date_gmt":"2016-11-30T13:52:22","guid":{"rendered":"http:\/\/www.rdks.lv\/?page_id=5261"},"modified":"2025-06-03T08:09:59","modified_gmt":"2025-06-03T06:09:59","slug":"iespeja-atbalstit","status":"publish","type":"page","link":"https:\/\/www.rdks.lv\/lv\/kontakti\/iespeja-atbalstit\/","title":{"rendered":"Iesp\u0113ja atbalst\u012bt"},"content":{"rendered":"<p><\/p>\n<h3>NMV R\u012bgas Doma kora skolas aktu\u0101lie projekti:<\/h3>\n<table>\n<tbody>\n<tr>\n<td width=\"283\"><strong>Naudas ziedo\u0161ana<\/strong><br \/>\nSkaidras naudas iemaksu ziedojumu kont\u0101 vari veikt jebkuras bankas fili\u0101l\u0113 un pasta noda\u013c\u0101s vai ar\u012b p\u0101rskaiti l\u012bdzek\u013cus elektroniski no sava bankas konta. Abos gad\u012bjumos oblig\u0101ti nor\u0101dot maks\u0101juma m\u0113r\u0137i.<strong>Ziedojumu konts<\/strong><br \/>\n<strong>MIKC Nacion\u0101l\u0101 M\u0101kslu vidusskola<\/strong><br \/>\n90010937516<br \/>\nKalnciema iela 12, R\u012bga, LV-1048<br \/>\nT\u0101lr.67612332<br \/>\nBANKA: VALSTS KASE<br \/>\nKODS: TRELLV22<br \/>\nKONTS: LV07TREL722068900400B<\/td>\n<td width=\"318\"><\/td>\n<\/tr>\n<tr>\n<td width=\"283\"><strong>Meite\u0146u koris <\/strong>\u2013 atbalsts R\u012bgas Doma meite\u0146u kora TIARA koncertdarb\u012bbai<\/td>\n<td width=\"318\">R\u012aGAS DOMA MEITE\u0145U KORA BIEDR\u012aBA<br \/>\nRe\u0123. nr. 40008025356<br \/>\nAdrese: Me\u017ea iela 15, R\u012bga, LV-1048<br \/>\nKonts: LV56HABA0551033351877<br \/>\nmadara.boka@nmv.lv<\/td>\n<\/tr>\n<tr>\n<td width=\"283\"><strong>Z\u0113nu koris <\/strong>\u2013 atbalsts R\u012bgas Doma z\u0113nu kora koncertdarb\u012bbai<\/td>\n<td width=\"318\">R\u012aGAS DOMA Z\u0112NU KORA BIEDR\u012aBA<br \/>\n(RDZKB)<br \/>\nRe\u0123. nr. 40008240380<br \/>\nAdrese: Me\u017ea iela 15, R\u012bga, LV-1048, Latvia<br \/>\nBankas konts: LV10HABA0551040516155<br \/>\nrigaboyschoir@gmail.com<\/td>\n<\/tr>\n<tr>\n<td width=\"283\"><strong>Jauktais koris <\/strong>\u2013 atbalsts R\u012bgas Doma kora skolas jaukt\u0101 kora koncertdarb\u012bbai<\/td>\n<td width=\"318\">R\u012aGAS DOMA KORA SKOLAS JAUKT\u0100 KORA BIEDR\u012aBA<br \/>\nRe\u0123. nr. 40008293706<br \/>\nAdrese: Me\u017ea iela 15, R\u012bga, LV-1048, Latvia<br \/>\nBankas konts: LV61HABA0551047785387<br \/>\nmixedchoir@nmv.lv<br \/>\njurgis.cabulis@gmail.com<\/td>\n<\/tr>\n<tr>\n<td width=\"283\">Biedr\u012bba &#8220;<strong>M\u016bzikas un m\u0101kslas biedr\u012bba &#8220;42&#8221;<\/strong>&#8221; &#8211; atbalsts R\u012bgas Doma kora skolas d\u017eeza un m\u016bziklu noda\u013cu audz\u0113k\u0146iem<\/td>\n<td width=\"318\">M\u016aZIKAS UN M\u0100KSLAS BIEDR\u012aBA &#8220;42&#8221;<br \/>\nRe\u0123. nr. 40008293852<br \/>\nAdrese: Me\u017ea iela 15, R\u012bga, LV-1048, Latvia<br \/>\nBankas konts: LV04HABA0551047811730<br \/>\nuna.stade@gmail.com<\/td>\n<\/tr>\n<\/tbody>\n<\/table>\n<p style=\"text-align: justify;\">Skola k\u0101 izgl\u012bt\u012bbas iest\u0101de, z\u0113nu un meite\u0146u kora biedr\u012bbas k\u0101 sabiedrisk\u0101 labuma organiz\u0101cijas ir ties\u012bgas sa\u0146emt ziedojumus, savuk\u0101rt ziedot\u0101jiem (priv\u0101tperson\u0101m un uz\u0146\u0113mumiem) pien\u0101kas nodok\u013cu atlaides likum\u0101 noteiktaj\u0101 k\u0101rt\u012bb\u0101. Vair\u0101k info <a href=\"http:\/\/likumi.lv\/doc.php?id=56880#p10&amp;pd=1\" target=\"_blank\" rel=\"noopener noreferrer\">\u0161eit<\/a>.<\/p>\n<p><\/p>","protected":false},"excerpt":{"rendered":"<p>NMV R\u012bgas Doma kora skolas aktu\u0101lie projekti: Naudas ziedo\u0161ana Skaidras naudas iemaksu ziedojumu kont\u0101 vari veikt jebkuras bankas fili\u0101l\u0113 un pasta noda\u013c\u0101s vai ar\u012b p\u0101rskaiti l\u012bdzek\u013cus elektroniski no sava bankas konta. Abos gad\u012bjumos oblig\u0101ti nor\u0101dot maks\u0101juma m\u0113r\u0137i.Ziedojumu konts MIKC Nacion\u0101l\u0101 M\u0101kslu vidusskola 90010937516 Kalnciema iela 12, R\u012bga, LV-1048 T\u0101lr.67612332 BANKA: VALSTS KASE KODS: TRELLV22 KONTS:&#8230;<\/p>\n","protected":false},"author":16,"featured_media":0,"parent":2793,"menu_order":1,"comment_status":"closed","ping_status":"closed","template":"","meta":{"cybocfi_hide_featured_image":"","footnotes":""},"class_list":["post-5261","page","type-page","status-publish","hentry"],"_links":{"self":[{"href":"https:\/\/www.rdks.lv\/lv\/wp-json\/wp\/v2\/pages\/5261","targetHints":{"allow":["GET"]}}],"collection":[{"href":"https:\/\/www.rdks.lv\/lv\/wp-json\/wp\/v2\/pages"}],"about":[{"href":"https:\/\/www.rdks.lv\/lv\/wp-json\/wp\/v2\/types\/page"}],"author":[{"embeddable":true,"href":"https:\/\/www.rdks.lv\/lv\/wp-json\/wp\/v2\/users\/16"}],"replies":[{"embeddable":true,"href":"https:\/\/www.rdks.lv\/lv\/wp-json\/wp\/v2\/comments?post=5261"}],"version-history":[{"count":24,"href":"https:\/\/www.rdks.lv\/lv\/wp-json\/wp\/v2\/pages\/5261\/revisions"}],"predecessor-version":[{"id":17703,"href":"https:\/\/www.rdks.lv\/lv\/wp-json\/wp\/v2\/pages\/5261\/revisions\/17703"}],"up":[{"embeddable":true,"href":"https:\/\/www.rdks.lv\/lv\/wp-json\/wp\/v2\/pages\/2793"}],"wp:attachment":[{"href":"https:\/\/www.rdks.lv\/lv\/wp-json\/wp\/v2\/media?parent=5261"}],"curies":[{"name":"wp","href":"https:\/\/api.w.org\/{rel}","templated":true}]}}