{"id":50,"date":"2013-12-19T01:33:06","date_gmt":"2013-12-19T01:33:06","guid":{"rendered":"http:\/\/213.175.126.152\/?page_id=50"},"modified":"2016-04-13T18:10:20","modified_gmt":"2016-04-13T15:10:20","slug":"vesture","status":"publish","type":"page","link":"https:\/\/www.rdks.lv\/lv\/par-skolu\/vesture\/","title":{"rendered":"V\u0113sture"},"content":{"rendered":"<p><\/p>\n<p style=\"text-align: center;\" align=\"center\"><strong>Atskats skolas veido\u0161an\u0101s v\u0113stur\u0113<\/strong><\/p>\n<p style=\"text-align: justify;\"><b>\u00a0<\/b>R\u012bgas Doma kora skolas model\u012b sakaus\u0113ts kop\u0101 lab\u0101kais no pasaules koru skolu trad\u012bcij\u0101m ar lab\u0101ko no Latvijas kult\u016brizgl\u012bt\u012bbas. RDKS ie\u0146em stabilu vietu Latvijas un Eiropas izgl\u012bt\u012bbas sist\u0113m\u0101, ar savu darbu un darba rezult\u0101tiem pier\u0101d\u012bjusi jaun\u0101 izgl\u012bt\u012bbas mode\u013ca nepiecie\u0161am\u012bbu un dz\u012bvotsp\u0113ju. Skol\u0101 m\u0101c\u0101s b\u0113rni un jaunie\u0161i no visas Latvijas, skolas modeli saviem b\u0113rniem izv\u0113las skolas absolventi un t\u0101 ir pievilc\u012bga ar\u012b \u0101rvalstu jaunie\u0161iem.<\/p>\n<p style=\"text-align: justify;\">R\u012bgas Doma kora skolas izveido\u0161ana nebija p\u0113k\u0161\u0146s, sasteigts vai nep\u0101rdom\u0101ts l\u0113mums. Pirm\u0101s v\u012bzijas par iesp\u0113jamu jaunu skolas modeli J\u0101nim Eren\u0161treitam kop\u0101 ar M\u0101ri Kup\u010du un Valdi Bernhofu rad\u0101s p\u0113c tam, kad vair\u0101ku gadu garum\u0101 vi\u0146i bija r\u016bp\u012bgi iepazinu\u0161ies ar da\u017e\u0101du koru skolu pieredzi vis\u0101 pasaul\u0113 (Apvienot\u0101 Karaliste, ASV, V\u0101cija, N\u012bderlande).<\/p>\n<p style=\"text-align: justify;\">Lai lab\u0101k izprastu garo mekl\u0113jumu un \u0161aubu ce\u013cu, kur\u0161 aizveda l\u012bdz jaunas skolas dibin\u0101\u0161anas idejai, j\u0101atgrie\u017eas nesenaj\u0101 pag\u0101tn\u0113.<\/p>\n<p style=\"text-align: justify;\">1950. gad\u0101 p\u0113c J\u0113kaba Medi\u0146a iniciat\u012bvas Em. D\u0101rzi\u0146a m\u016bzikas skol\u0101 izveidoja z\u0113nu kori. 1969. gad\u0101 uz turpm\u0101kajiem 25 gadiem par \u0161\u012b kora m\u0101ksliniecisko vad\u012bt\u0101ju k\u013cuva J\u0101nis Eren\u0161treits. T\u0101 k\u0101 z\u0113nu balss skolo\u0161anai (l\u012bdz balss l\u016bzumam) daba atv\u0113l\u0113jusi \u013coti neilgu laiku \u2013 vid\u0113ji 3-4 gadus un turkl\u0101t \u0161aj\u0101 att\u012bst\u012bbas stadij\u0101 (9\u201313 gadi) z\u0113na balss ir pat trausl\u0101ka par jebkuru vissmalk\u0101ko m\u016bzikas instrumentu, tad galven\u0101s r\u016bpes J.\u00a0Eren\u0161treitam sag\u0101d\u0101ja nodro\u0161in\u0101t kor\u012b nep\u0101rtrauktu p\u0113ctec\u012bbu. Uzrun\u0101jot talant\u012bgo mazo dzied\u0101t\u0101ju vec\u0101kus, bie\u017ei tika sa\u0146emtas atbildes, ka vi\u0146i labpr\u0101t v\u0113l\u0113tos, lai d\u0113ls dzied\u0101tu kor\u012b, bet s\u016bt\u012bt savu atvasi uz speci\u0101lo m\u016bzikas skolu attur \u0161aubas par visp\u0101r\u012bg\u0101s izgl\u012bt\u012bbas nepietiekam\u012bbu. Mekl\u0113jot k\u0101du risin\u0101jumu, J. Eren\u0161treits non\u0101ca pie idejas par z\u0113nu kora studijas dibin\u0101\u0161anu. Dziedo\u0161ie z\u0113ni tad var\u0113tu darboties kor\u012b, izgl\u012bt\u012bbu turpinot visp\u0101rizgl\u012btojo\u0161\u0101s skol\u0101s. Z\u0113nu kora studijas izveido\u0161anu atbalst\u012bja vec\u0101ki un t\u0101 darboj\u0101s \u013coti sekm\u012bgi, tom\u0113r nereti kora pas\u0101kumu d\u0113\u013c lielas probl\u0113mas audz\u0113k\u0146iem sag\u0101d\u0101ja iev\u0113rojamie kav\u0113jumi sav\u0101s skol\u0101s, kuru sekas katram audz\u0113knim bija j\u0101risina individu\u0101li.<b><i><\/i><\/b><\/p>\n<p style=\"text-align: justify;\">Atmodas gados J\u0101nim Eren\u0161treitam izveidoj\u0101s \u013coti laba sadarb\u012bba ar pr\u0101vestu J\u0101ni Liepi\u0146u un z\u0113nu koris aizvien bie\u017e\u0101k tika aicin\u0101ts dzied\u0101t Doma bazn\u012bc\u0101. V\u0113sturiski z\u0113nu koris R\u012bgas Doma bazn\u012bc\u0101 darboj\u0101s no 1240. l\u012bdz 1831. gadam. Vair\u0101k k\u0101 150 gadus \u0161ai trad\u012bcijai nebija turpin\u0101juma. To atjaunot un turpin\u0101t var\u0113ja tikai p\u0113c Latvijas Republikas neatkar\u012bbas atjauno\u0161anas. Un t\u0101 1990. gad\u0101 uz Em. D\u0101rzi\u0146a m\u016bzikas skolas z\u0113nu kora pamata tika izveidots R\u012bgas Doma z\u0113nu koris. Taj\u0101 pa\u0161\u0101 gad\u0101 J.\u00a0Eren\u0161treits ar\u012b noorganiz\u0113ja pirmo starptautisko z\u0113nu kora festiv\u0101lu \u201eR\u012bgas Doms\u201d.<\/p>\n<p style=\"text-align: justify;\">Iepaz\u012bstoties ar z\u0113nu koru pieredzi vis\u0101 pasaul\u0113 (Anglij\u0101, D\u0101nij\u0101, Bel\u0123ij\u0101, V\u0101cij\u0101, ASV, Kan\u0101d\u0101), un \u0146emot v\u0113r\u0101, ka daudzu izcilu z\u0113nu koru sekm\u012bgas darb\u012bbas pamat\u0101 ir profesion\u0101li sp\u0113c\u012bgas specializ\u0113tas kora skolas, rad\u0101s aizvien jaunas idejas gan par EDMS m\u0101c\u012bbu darba pilnveido\u0161anu, gan par kora un diri\u0123\u0113\u0161anas noda\u013cu rado\u0161\u0101 potenci\u0101la lab\u0101ku izmanto\u0161anu, gan par telpu labiek\u0101rto\u0161anu.<\/p>\n<p style=\"text-align: justify;\">90\u2013to gadu s\u0101kum\u0101 J. Eren\u0161treits p\u0113c savas iniciat\u012bvas ar sponsoru pal\u012bdz\u012bbu Em. D\u0101rzi\u0146a m\u016bzikas skol\u0101 izveidoja un iek\u0101rtoja pla\u0161u un \u0113rtu m\u0113\u0123in\u0101juma z\u0101li z\u0113nu korim. T\u0101 k\u0101 EDMS t\u0101 laika vad\u012bba Eren\u0161treita iniciat\u012bvu uz\u0146\u0113ma ar neizpratni, pamaz\u0101m starp kora un kordiri\u0123\u0113\u0161anas noda\u013c\u0101m un EDMS vad\u012bbu rad\u0101s savstarp\u0113ja neuztic\u012bbas plaisa. Kad ilgsto\u0161i neizdev\u0101s rast kompromisu un objekt\u012bvi izveidoj\u0101s situ\u0101cija, ka past\u0101vo\u0161aj\u0101 skolas model\u012b k\u013cuva aizvien gr\u016bt\u0101k realiz\u0113t jaunas iniciat\u012bvas un nodro\u0161in\u0101t elast\u012bgu m\u0101c\u012bbu darba procesu z\u0113nu korim, J. Eren\u0161treits ar domubiedru grupu iz\u0161\u0137\u012br\u0101s iet citu att\u012bst\u012bbas ce\u013cu \u2013 s\u0101kt veidot jaunu skolas modeli.<\/p>\n<p style=\"text-align: justify;\">T\u0101 visa rezult\u0101t\u0101, pret\u0113ji daudzu cilv\u0113ku skepsei un netic\u012bbai, p\u0101rvarot nopietnus birokr\u0101tiskus \u0161\u0137\u0113r\u0161\u013cus, veicot lielu organizatorisku darbu, jaun\u0101 skola ar Kult\u016bras ministrijas atbalstu tika nodibin\u0101ta 1994. gad\u0101. T\u0101 k\u0101 savulaik blakus Doma bazn\u012bcai bija atradusies Domskola, kas ies\u0101kum\u0101 darbojusies k\u0101 gar\u012bga, bet v\u0113l\u0101kos gados k\u0101 laic\u012bga skola, tad jaun\u0101s skolas nosaukumu izv\u0113l\u0113j\u0101s l\u012bdz\u012bgu v\u0113sturiskajam \u2013 R\u012bgas Doma kora skola.<\/p>\n<p style=\"text-align: justify;\"><a href=\"http:\/\/www.rdks.lv\/wp-content\/uploads\/2013\/12\/pirmais_izlaidums.jpg\"><img loading=\"lazy\" decoding=\"async\" class=\"alignnone size-large wp-image-352\" src=\"http:\/\/www.rdks.lv\/wp-content\/uploads\/2013\/12\/pirmais_izlaidums-1024x733.jpg\" alt=\"pirmais_izlaidums\" width=\"770\" height=\"551\" srcset=\"https:\/\/www.rdks.lv\/wp-content\/uploads\/2013\/12\/pirmais_izlaidums-1024x733.jpg 1024w, https:\/\/www.rdks.lv\/wp-content\/uploads\/2013\/12\/pirmais_izlaidums-300x214.jpg 300w, https:\/\/www.rdks.lv\/wp-content\/uploads\/2013\/12\/pirmais_izlaidums-250x179.jpg 250w, https:\/\/www.rdks.lv\/wp-content\/uploads\/2013\/12\/pirmais_izlaidums.jpg 1700w\" sizes=\"auto, (max-width: 770px) 100vw, 770px\" \/><\/a><\/p>\n<p style=\"text-align: justify;\">Nodibinoties R\u012bgas Doma kora skolai, Kult\u016bras ministrija t\u0101s r\u012bc\u012bb\u0101 nodeva \u010detrarpus st\u0101vus \u013coti b\u0113d\u012bg\u0101 st\u0101vokl\u012b eso\u0161aj\u0101 EDMS intern\u0101ta \u0113k\u0101. Lai nodro\u0161in\u0101tu pilnv\u0113rt\u012bgu m\u0101c\u012bbu procesu, eso\u0161\u0101s telpas bija b\u016btiski j\u0101p\u0101rveido, jo neliel\u0101s (18 m<sup>2<\/sup>)istabi\u0146as kla\u0161u vajadz\u012bb\u0101m bija<img loading=\"lazy\" decoding=\"async\" class=\"alignright wp-image-349 size-medium\" src=\"http:\/\/www.rdks.lv\/wp-content\/uploads\/2013\/12\/skolasremonts_10x15_300dpi-200x300.jpg\" alt=\"skolasremonts_10x15_300dpi\" width=\"200\" height=\"300\" srcset=\"https:\/\/www.rdks.lv\/wp-content\/uploads\/2013\/12\/skolasremonts_10x15_300dpi-200x300.jpg 200w, https:\/\/www.rdks.lv\/wp-content\/uploads\/2013\/12\/skolasremonts_10x15_300dpi-682x1024.jpg 682w, https:\/\/www.rdks.lv\/wp-content\/uploads\/2013\/12\/skolasremonts_10x15_300dpi-166x250.jpg 166w, https:\/\/www.rdks.lv\/wp-content\/uploads\/2013\/12\/skolasremonts_10x15_300dpi.jpg 945w\" sizes=\"auto, (max-width: 200px) 100vw, 200px\" \/> piln\u012bb\u0101 nepiem\u0113rotas. Apzinoties t\u0101 laika smago ekonomisko situ\u0101ciju (rit\u0113ja tikai ceturtais gads p\u0113c Latvijas valstisk\u0101s neatkar\u012bbas ieg\u016b\u0161anas), p\u0113c J.\u00a0Eren\u0161treita iniciat\u012bvas pa\u0161u sp\u0113kiem vien \u2013 ar skolot\u0101ju, audz\u0113k\u0146u, vec\u0101ku un sponsoru pal\u012bdz\u012bbu \u2013 tika izveidotas m\u0101c\u012bbu telpas, kabineti, bibliot\u0113ka, fonot\u0113ka, veikti pa\u0161i nepiecie\u0161am\u0101kie kapit\u0101lie un kosm\u0113tiskie remontdarbi, sak\u0101rtota sanit\u0101ri higi\u0113nisk\u0101 sist\u0113ma, labiek\u0101rtota dienesta viesn\u012bca, k\u0101 ar\u012b sar\u016bp\u0113ts m\u016bzikas apm\u0101c\u012bbas tehniskais nodro\u0161in\u0101jums \u2013 instrumenti un ska\u0146u aparat\u016bra.<\/p>\n<p style=\"text-align: justify;\">1997. gad\u0101 skolot\u0101ji kop\u0101 ar audz\u0113k\u0146u vec\u0101kiem nodibin\u0101ja R\u012bgas Doma kora skolas Atbalsta biedr\u012bbu. V\u0113l\u0101kajos gados jau ar RDKS Atbalsta biedr\u012bbas pal\u012bdz\u012bbu tika piesaist\u012bti sponsori un samekl\u0113ti l\u012bdzek\u013ci diri\u0123entu centra, m\u0101jtur\u012bbas un darbm\u0101c\u012bbas kabinetu izveidei; datorklases, \u0137\u012bmijas \u2013 fizikas kabineta, v\u0113stures \u2013 \u0123eogr\u0101fijas kabineta, \u0113dn\u012bcas, virtuves, kancelejas un skolot\u0101ju istabas labiek\u0101rto\u0161anai; koridoru gr\u012bdas segumu, iek\u0161\u0113jo un \u0101r\u0113jo trepju atjauno\u0161anai; telpu izveido\u0161anai d\u017eezam; garderobes skap\u012b\u0161u ier\u012bko\u0161anai; tuale\u0161u un p\u0101rejas uz EDMV remontdarbu veik\u0161anai; skolas apk\u0101rtnes sakop\u0161anai.<\/p>\n<p style=\"text-align: justify;\">L\u012bdz pat \u0161ai dienai RDKS tiek nep\u0101rtraukti pilnveidota un att\u012bst\u012bta.<\/p>\n<p style=\"text-align: justify;\">Foto no Aivara Krasti\u0146a arh\u012bva<\/p>\n<p><\/p>","protected":false},"excerpt":{"rendered":"<p>Atskats skolas veido\u0161an\u0101s v\u0113stur\u0113 \u00a0R\u012bgas Doma kora skolas model\u012b sakaus\u0113ts kop\u0101 lab\u0101kais no pasaules koru skolu trad\u012bcij\u0101m ar lab\u0101ko no Latvijas kult\u016brizgl\u012bt\u012bbas. RDKS ie\u0146em stabilu vietu Latvijas un Eiropas izgl\u012bt\u012bbas sist\u0113m\u0101, ar savu darbu un darba rezult\u0101tiem pier\u0101d\u012bjusi jaun\u0101 izgl\u012bt\u012bbas mode\u013ca nepiecie\u0161am\u012bbu un dz\u012bvotsp\u0113ju. Skol\u0101 m\u0101c\u0101s b\u0113rni un jaunie\u0161i no visas Latvijas, skolas modeli saviem&#8230;<\/p>\n","protected":false},"author":2,"featured_media":0,"parent":2757,"menu_order":7,"comment_status":"closed","ping_status":"open","template":"","meta":{"cybocfi_hide_featured_image":"","footnotes":""},"class_list":["post-50","page","type-page","status-publish","hentry"],"_links":{"self":[{"href":"https:\/\/www.rdks.lv\/lv\/wp-json\/wp\/v2\/pages\/50","targetHints":{"allow":["GET"]}}],"collection":[{"href":"https:\/\/www.rdks.lv\/lv\/wp-json\/wp\/v2\/pages"}],"about":[{"href":"https:\/\/www.rdks.lv\/lv\/wp-json\/wp\/v2\/types\/page"}],"author":[{"embeddable":true,"href":"https:\/\/www.rdks.lv\/lv\/wp-json\/wp\/v2\/users\/2"}],"replies":[{"embeddable":true,"href":"https:\/\/www.rdks.lv\/lv\/wp-json\/wp\/v2\/comments?post=50"}],"version-history":[{"count":16,"href":"https:\/\/www.rdks.lv\/lv\/wp-json\/wp\/v2\/pages\/50\/revisions"}],"predecessor-version":[{"id":4428,"href":"https:\/\/www.rdks.lv\/lv\/wp-json\/wp\/v2\/pages\/50\/revisions\/4428"}],"up":[{"embeddable":true,"href":"https:\/\/www.rdks.lv\/lv\/wp-json\/wp\/v2\/pages\/2757"}],"wp:attachment":[{"href":"https:\/\/www.rdks.lv\/lv\/wp-json\/wp\/v2\/media?parent=50"}],"curies":[{"name":"wp","href":"https:\/\/api.w.org\/{rel}","templated":true}]}}