{"id":47,"date":"2013-12-19T01:30:38","date_gmt":"2013-12-19T01:30:38","guid":{"rendered":"http:\/\/213.175.126.152\/?page_id=47"},"modified":"2016-04-19T16:58:05","modified_gmt":"2016-04-19T13:58:05","slug":"rdks-20","status":"publish","type":"page","link":"https:\/\/www.rdks.lv\/lv\/macibas\/projekti\/rdks-20\/","title":{"rendered":"RDKS 20!"},"content":{"rendered":"<p align=\"center\"><a href=\"http:\/\/www.rdks.lv\/wp-content\/uploads\/2013\/12\/image.jpeg\"><img loading=\"lazy\" decoding=\"async\" class=\"alignnone size-full wp-image-1492\" src=\"http:\/\/www.rdks.lv\/wp-content\/uploads\/2013\/12\/image.jpeg\" alt=\"image\" width=\"417\" height=\"587\" srcset=\"https:\/\/www.rdks.lv\/wp-content\/uploads\/2013\/12\/image.jpeg 417w, https:\/\/www.rdks.lv\/wp-content\/uploads\/2013\/12\/image-213x300.jpeg 213w\" sizes=\"auto, (max-width: 417px) 100vw, 417px\" \/><\/a><\/p>\n<p align=\"center\"><b>\u00a0<\/b><\/p>\n<ul>\n<li>Absolventu fotoportretu <strong>izst\u0101de<\/strong>\u00a0IZST\u0100D\u012aTIE \/ IEST\u0100D\u012aTIE \u00a0apl\u016bkojama skolas 1. st\u0101va gaiten\u012b \u2013 dro\u0161i n\u0101ciet ciemos!<\/li>\n<\/ul>\n<ul>\n<li>Adri\u0101nas Rozes<strong> filma \u201cSka\u0146darbs korim, klavier\u0113m un fizikai\u201d<\/strong>\u00a0bija pieteikta &#8220;Lielajam Kristapam&#8221; un t\u0101 ievaros decembr\u012b skat\u0101ma Ka\u0146epes Kult\u016bras centr\u0101, t\u0101pat ar\u012b Lattelecom Pop-up kan\u0101l\u0101 KULT\u016aRA 360TV. Par filmas izr\u0101d\u012b\u0161anu publiski katrreiz zi\u0146osim.<\/li>\n<\/ul>\n<ul>\n<li>Skolas 20 gadu jubilejas <strong>koncerta audio ierakstu<\/strong> ar Marutas Rubezes koment\u0101riem, skol\u0113nu, absolventu, pedagogu, diri\u0123entu un koncerta organizatoru intervij\u0101m j\u016bs varat noklaus\u012bties <em>Latvijas Radio 3 Klasika<\/em> arh\u012bv\u0101\u00a0<strong><a href=\"http:\/\/klasika.latvijasradio.lv\/lv\/raksts\/tieshraides\/riigas-doma-kora-skolas-20-gadu-jubilejas-koncerts.a37032\/\" target=\"_blank\">\u0160EIT<\/a><\/strong><\/li>\n<\/ul>\n<ul>\n<li><strong>Koncertu<\/strong> (mont\u0113t\u0101 un sa\u012bsin\u0101t\u0101 versij\u0101) <strong>noskat\u012bties<\/strong> iesp\u0113jams <em>Latvijas Telev\u012bzijas<\/em> m\u0101jaslap\u0101 <strong><a href=\"http:\/\/www.ltv.lv\/lv\/raksts\/17.05.2014-riigas-doma-kora-skolas-20-gadu-jubilejas-koncerts.id29468\/\" target=\"_blank\">\u0160EIT<\/a><\/strong><\/li>\n<\/ul>\n<ul>\n<li><strong>Video ieskats<\/strong> pas\u0101kumu noris\u0113 un aizkulis\u0113s, kas \u013cauj paraudz\u012bties uz RDKS jubilejas svin\u012bb\u0101m mazliet \u201cno iek\u0161puses\u201d<\/li>\n<\/ul>\n<p><iframe loading=\"lazy\" title=\"R\u012bgas Doma kora skolai 20\" width=\"640\" height=\"360\" src=\"https:\/\/www.youtube.com\/embed\/cx7L78ZfwM0?feature=oembed\" frameborder=\"0\" allow=\"accelerometer; autoplay; clipboard-write; encrypted-media; gyroscope; picture-in-picture; web-share\" referrerpolicy=\"strict-origin-when-cross-origin\" allowfullscreen><\/iframe><\/p>\n<p>&nbsp;<\/p>\n<p>&nbsp;<\/p>\n<p align=\"center\"><b>Skolas 20 gadu jubilejas ietvaros\u00a0notiku\u0161ie\u00a0pas\u0101kumi<\/b><\/p>\n<table border=\"1\" cellspacing=\"0\" cellpadding=\"0\">\n<tbody>\n<tr>\n<td valign=\"top\" width=\"185\">\n<p align=\"center\"><b>Datums, laiks\u00a0<\/b><\/p>\n<\/td>\n<td valign=\"top\" width=\"187\">\n<p align=\"center\"><b>Pas\u0101kums<\/b><\/p>\n<\/td>\n<td valign=\"top\" width=\"184\">\n<p align=\"center\"><b>Norises vieta<\/b><\/p>\n<\/td>\n<\/tr>\n<tr>\n<td valign=\"top\" width=\"185\">\n<p align=\"center\">6. janv\u0101ris<\/p>\n<\/td>\n<td valign=\"top\" width=\"187\">\n<p align=\"center\">RDKS 20 suven\u012bru bod\u012btes atv\u0113r\u0161ana<\/p>\n<\/td>\n<td valign=\"top\" width=\"184\">\n<p align=\"center\">R\u012bgas Doma kora skola<\/p>\n<\/td>\n<\/tr>\n<tr>\n<td valign=\"top\" width=\"185\">\n<p align=\"center\">31. janv\u0101ris<\/p>\n<\/td>\n<td valign=\"top\" width=\"187\">\n<p align=\"center\">Izst\u0101des atkl\u0101\u0161ana Kora z\u0101l\u0113<\/p>\n<p align=\"center\">Jaun\u0101s m\u0101jaslapas atv\u0113r\u0161ana<\/p>\n<\/td>\n<td valign=\"top\" width=\"184\">\n<p align=\"center\">R\u012bgas Doma kora skola<\/p>\n<\/td>\n<\/tr>\n<tr>\n<td valign=\"top\" width=\"185\">\n<p align=\"center\">27. apr\u012blis, 11.00 \u2013 15.00<\/p>\n<\/td>\n<td valign=\"top\" width=\"187\">\n<p align=\"center\">Absolventu kopkora un apvienot\u0101 kora m\u0113\u0123in\u0101jums<\/p>\n<\/td>\n<td valign=\"top\" width=\"184\">\n<p align=\"center\">Liel\u0101 \u0122ilde<\/p>\n<\/td>\n<\/tr>\n<tr>\n<td valign=\"top\" width=\"185\">\n<p align=\"center\">30. apr\u012blis, 16.00<\/p>\n<\/td>\n<td valign=\"top\" width=\"187\">\n<p align=\"center\">Absolventu portretu izst\u0101des atkl\u0101\u0161ana<\/p>\n<\/td>\n<td valign=\"top\" width=\"184\">\n<p align=\"center\">R\u012bgas Doma kora skola<\/p>\n<\/td>\n<\/tr>\n<tr>\n<td valign=\"top\" width=\"185\">\n<p align=\"center\">30. apr\u012blis, 18.00<\/p>\n<\/td>\n<td valign=\"top\" width=\"187\">\n<p align=\"center\">Filmas \u201eSka\u0146darbs korim, klavier\u0113m un fizikai\u201d (re\u017eisore Adri\u0101na Roze) pirmizr\u0101de<\/p>\n<\/td>\n<td valign=\"top\" width=\"184\">\n<p align=\"center\">\u00a0Kino Citadele<\/p>\n<\/td>\n<\/tr>\n<tr>\n<td valign=\"top\" width=\"185\">\n<p align=\"center\">1. maijs, 14.00<\/p>\n<p align=\"center\">\n<\/td>\n<td valign=\"top\" width=\"187\">\n<p align=\"center\">R\u012bgas Doma kora skolai 20<\/p>\n<p align=\"center\">koncerts-\u0123ener\u0101lm\u0113\u0123in\u0101jums<\/p>\n<\/td>\n<td valign=\"top\" width=\"184\">\n<p align=\"center\">\u00a0Liel\u0101 \u0122ilde<\/p>\n<p>&nbsp;<\/td>\n<\/tr>\n<tr>\n<td valign=\"top\" width=\"185\">\n<p align=\"center\">1. maijs, 18.00<\/p>\n<\/td>\n<td valign=\"top\" width=\"187\">\n<p align=\"center\"><b>R\u012bgas Doma kora skolai 20\u00a0<\/b>\u2013\u00a0<b>koncerts<\/b><\/p>\n<\/td>\n<td valign=\"top\" width=\"184\">\n<p align=\"center\">Liel\u0101 \u0122ilde<\/p>\n<\/td>\n<\/tr>\n<tr>\n<td valign=\"top\" width=\"185\">\n<p align=\"center\">1. maijs, p\u0113c koncerta<\/p>\n<\/td>\n<td valign=\"top\" width=\"187\">\n<p align=\"center\">Absolventu, skolot\u0101ju, vidusskolas audz\u0113k\u0146u balle<\/p>\n<\/td>\n<td valign=\"top\" width=\"184\">\n<p align=\"center\">Maz\u0101 \u0122ilde<\/p>\n<\/td>\n<\/tr>\n<\/tbody>\n<\/table>\n<p>&nbsp;<\/p>\n<p><a href=\"http:\/\/www.rdks.lv\/wp-content\/uploads\/2013\/12\/Screen-Shot-2014-04-28-at-9.54.02-AM.png\"><img loading=\"lazy\" decoding=\"async\" class=\"size-full wp-image-1579 aligncenter\" src=\"http:\/\/www.rdks.lv\/wp-content\/uploads\/2013\/12\/Screen-Shot-2014-04-28-at-9.54.02-AM.png\" alt=\"Screen Shot 2014-04-28 at 9.54.02 AM\" width=\"708\" height=\"988\" srcset=\"https:\/\/www.rdks.lv\/wp-content\/uploads\/2013\/12\/Screen-Shot-2014-04-28-at-9.54.02-AM.png 708w, https:\/\/www.rdks.lv\/wp-content\/uploads\/2013\/12\/Screen-Shot-2014-04-28-at-9.54.02-AM-214x300.png 214w\" sizes=\"auto, (max-width: 708px) 100vw, 708px\" \/><\/a><\/p>\n","protected":false},"excerpt":{"rendered":"<p>\u00a0 Absolventu fotoportretu izst\u0101de\u00a0IZST\u0100D\u012aTIE \/ IEST\u0100D\u012aTIE \u00a0apl\u016bkojama skolas 1. st\u0101va gaiten\u012b \u2013 dro\u0161i n\u0101ciet ciemos! Adri\u0101nas Rozes filma \u201cSka\u0146darbs korim, klavier\u0113m un fizikai\u201d\u00a0bija pieteikta &#8220;Lielajam Kristapam&#8221; un t\u0101 ievaros decembr\u012b skat\u0101ma Ka\u0146epes Kult\u016bras centr\u0101, t\u0101pat ar\u012b Lattelecom Pop-up kan\u0101l\u0101 KULT\u016aRA 360TV. Par filmas izr\u0101d\u012b\u0161anu publiski katrreiz zi\u0146osim. Skolas 20 gadu jubilejas koncerta audio ierakstu ar&#8230;<\/p>\n","protected":false},"author":2,"featured_media":0,"parent":3699,"menu_order":5,"comment_status":"closed","ping_status":"open","template":"","meta":{"cybocfi_hide_featured_image":"","footnotes":""},"class_list":["post-47","page","type-page","status-publish","hentry"],"_links":{"self":[{"href":"https:\/\/www.rdks.lv\/lv\/wp-json\/wp\/v2\/pages\/47","targetHints":{"allow":["GET"]}}],"collection":[{"href":"https:\/\/www.rdks.lv\/lv\/wp-json\/wp\/v2\/pages"}],"about":[{"href":"https:\/\/www.rdks.lv\/lv\/wp-json\/wp\/v2\/types\/page"}],"author":[{"embeddable":true,"href":"https:\/\/www.rdks.lv\/lv\/wp-json\/wp\/v2\/users\/2"}],"replies":[{"embeddable":true,"href":"https:\/\/www.rdks.lv\/lv\/wp-json\/wp\/v2\/comments?post=47"}],"version-history":[{"count":33,"href":"https:\/\/www.rdks.lv\/lv\/wp-json\/wp\/v2\/pages\/47\/revisions"}],"predecessor-version":[{"id":4490,"href":"https:\/\/www.rdks.lv\/lv\/wp-json\/wp\/v2\/pages\/47\/revisions\/4490"}],"up":[{"embeddable":true,"href":"https:\/\/www.rdks.lv\/lv\/wp-json\/wp\/v2\/pages\/3699"}],"wp:attachment":[{"href":"https:\/\/www.rdks.lv\/lv\/wp-json\/wp\/v2\/media?parent=47"}],"curies":[{"name":"wp","href":"https:\/\/api.w.org\/{rel}","templated":true}]}}