{"id":3703,"date":"2015-12-02T15:52:01","date_gmt":"2015-12-02T13:52:01","guid":{"rendered":"http:\/\/www.rdks.lv\/?page_id=3703"},"modified":"2019-10-09T16:32:03","modified_gmt":"2019-10-09T13:32:03","slug":"creative-partnerships","status":"publish","type":"page","link":"https:\/\/www.rdks.lv\/lv\/macibas\/projekti\/creative-partnerships\/","title":{"rendered":"Muzikators"},"content":{"rendered":"<p><\/p>\n<p style=\"text-align: justify;\">Jau otro m\u0101c\u012bbu gadu p\u0113c k\u0101rtas R\u012bgas Doma kora skola iesaist\u0101s <strong>Kult\u016bras ministrijas rosin\u0101t\u0101 Rado\u0161o partner\u012bbu projekt\u0101<\/strong> kult\u016brizgl\u012bt\u012bbas skol\u0101m, par savu rado\u0161o partneri izv\u0113loties SIA <em>A\u0123ent\u016bra Zebra<\/em> jeb raid\u012bjumu <em>Zebra<\/em> un <em>\u0100truma cilts<\/em> rado\u0161o komandu.<a href=\"http:\/\/www.rdks.lv\/wp-content\/uploads\/2015\/03\/IMG_0004.jpg\"><img loading=\"lazy\" decoding=\"async\" class=\"wp-image-2459 size-medium alignright\" src=\"http:\/\/www.rdks.lv\/wp-content\/uploads\/2015\/03\/IMG_0004-300x168.jpg\" alt=\"IMG_0004\" width=\"300\" height=\"168\" srcset=\"https:\/\/www.rdks.lv\/wp-content\/uploads\/2015\/03\/IMG_0004-300x168.jpg 300w, https:\/\/www.rdks.lv\/wp-content\/uploads\/2015\/03\/IMG_0004.jpg 1024w\" sizes=\"auto, (max-width: 300px) 100vw, 300px\" \/><\/a><\/p>\n<p style=\"text-align: justify;\">2014. gad\u0101 R\u012bgas Doma kora skolas un SIA <em>A\u0123ent\u016bra Zebra <\/em>rado\u0161\u0101 partner\u012bba liel\u0101 m\u0113r\u0101 bija sagatavo\u0161an\u0101s posms projekta turpin\u0101jumam 2015. gad\u0101. 13 jaunie\u0161i nodarb\u012bb\u0101s no oktobra l\u012bdz janv\u0101rim apguva st\u0101stu veido\u0161anas, film\u0113\u0161anas un mont\u0113\u0161anas pamatus, veica praktiskos uzdevumus un film\u0113ja m\u0101jas darbus. Film\u0113t\u0101ju grupas nosl\u0113dzo\u0161ais uzdevums bija R\u012bgas Doma kora skolas Ziemassv\u0113tku koncerta film\u0113\u0161ana un mont\u0113\u0161ana.<\/p>\n<p><iframe loading=\"lazy\" src=\"https:\/\/player.vimeo.com\/video\/120837503\" width=\"500\" height=\"281\" frameborder=\"0\" allowfullscreen=\"allowfullscreen\"><\/iframe><\/p>\n<p style=\"text-align: justify;\">Vienlaikus 6 audz\u0113k\u0146i pie komponistiem Riharda Za\u013cupes, U\u0123a Prauli\u0146a, J\u0101\u0146a Strapc\u0101na, Lolitas Ritmanes apguva filmu m\u016bzikas kompon\u0113\u0161anas pamatprincipus un pa\u0161i rad\u012bja savas muzik\u0101l\u0101s t\u0113mas, ko v\u0113l\u0101k ierakst\u012bja studij\u0101 ar ska\u0146u re\u017eisoru Ediju G\u0146edovski. Ierakst\u0101 pa\u0161i komponisti liel\u0101koties sp\u0113l\u0113ja klavieres, un vi\u0146iem pievienoj\u0101s v\u0113l devi\u0146i citi skolasbiedri \u2013 jaunie profesion\u0101\u013ci, kas sp\u0113l\u0113ja vijoli, \u010dellu, flautu, saksofonu, trompeti, \u0123it\u0101ru, bas\u0123it\u0101ru un bungas. Raid\u012bjuma \u201cZebra\u201d veidot\u0101ju m\u016bzikas bibliot\u0113kai tika pievienota 21 jauna m\u016bzikas t\u0113ma, ko vi\u0146i var\u0113ja, var un ar\u012b izmanto savu raid\u012bjumu vai neatkar\u012bgo video projektu noform\u0113jum\u0101.<\/p>\n<p style=\"text-align: justify;\">Projekta apkopojo\u0161ais video &#8211; film\u0113ja un mont\u0113ja Em\u012bls Alps.<\/p>\n<p><iframe loading=\"lazy\" src=\"https:\/\/player.vimeo.com\/video\/124289421\" width=\"500\" height=\"281\" frameborder=\"0\" allowfullscreen=\"allowfullscreen\"><\/iframe><\/p>\n<hr>\n<p style=\"text-align: justify;\">2015. gada Rado\u0161o partner\u012bbu projekt\u0101 sadarb\u012bba turpin\u0101s daudz praktisk\u0101k\u0101 un \u0101r\u0113ji redzam\u0101k\u0101 veid\u0101, kas savu kulmin\u0101ciju sasniegs <a href=\"http:\/\/www.rdks.lv\/wp-content\/uploads\/2015\/12\/02.jpg\"><img loading=\"lazy\" decoding=\"async\" class=\"size-medium wp-image-3708 alignleft\" src=\"http:\/\/www.rdks.lv\/wp-content\/uploads\/2015\/12\/02-300x225.jpg\" alt=\"02\" width=\"300\" height=\"225\" srcset=\"https:\/\/www.rdks.lv\/wp-content\/uploads\/2015\/12\/02-300x225.jpg 300w, https:\/\/www.rdks.lv\/wp-content\/uploads\/2015\/12\/02.jpg 960w\" sizes=\"auto, (max-width: 300px) 100vw, 300px\" \/><\/a>2015. gada beig\u0101s vai 2016. gada pa\u0161\u0101 s\u0101kum\u0101. Proti, \u010detru m\u0113ne\u0161u laik\u0101 esam iecer\u0113ju\u0161i izveidot <strong>tr\u012bs si\u017ee<\/strong><strong>tus raid\u012bjumam <em>Zebra<\/em><\/strong>. T\u0101 k\u0101 visi tr\u012bs si\u017eeti katrs joproj\u0101m atrodas sav\u0101 tap\u0161anas stadij\u0101, par \u0161o projektu nevaram run\u0101t k\u0101 par pabeigtu, nosl\u0113gtu un k\u0101du konkr\u0113tu rezult\u0101tu neso\u0161u.<\/p>\n<p style=\"text-align: justify;\">Si\u017eetu t\u0113mu vienojo\u0161ais elements ir pa\u0161u jaunie\u0161u rado\u0161\u0101 br\u012bv\u012bba un v\u0113lme izp\u0113t\u012bt sev interes\u0113jo\u0161us, svar\u012bgus un aktu\u0101lus jaut\u0101jumus \u2013 k\u0101 main\u012bt attieksmi pret <em>fiks\u012b\u0161u<\/em> brauc\u0113jiem pils\u0113tas iel\u0101s; vai <em>stop\u0113t<\/em> un k\u0101 to dar\u012bt dro\u0161i; k\u0101 jaunietim neapjukt pla\u0161aj\u0101 autoskolu pied\u0101v\u0101jum\u0101? Projekta saturs un forma ir lo\u0123isks turpin\u0101jums iepriek\u0161\u0113j\u0101 posm\u0101 apg\u016bto zin\u0101\u0161anu lik\u0161anai liet\u0101. \u0160oreiz tikai j\u0101apzin\u0101s, ka projekta auditorija ir, iesp\u0113jams, liel\u0101k\u0101, k\u0101du vi\u0146i ar savu darbu l\u012bdz \u0161im dz\u012bv\u0113 sasniegu\u0161i \u2013 tie ir valsts nacion\u0101l\u0101s telev\u012bzijas skat\u012bt\u0101ji. Tas autom\u0101tiski uzliek ar\u012b liel\u0101ku atbild\u012bbas saj\u016btu un v\u0113lmi savu si\u017eetu r\u016bp\u012bgi <em>nosl\u012bp\u0113t<\/em>.<\/p>\n<p style=\"text-align: justify;\">Tre\u0161dien, 23. marta vakar\u0101 LTV1 \u0113ter\u0101 tika par\u0101d\u012bts <strong>pirmais<\/strong> no trim RDKS jaunie\u0161u veidotajiem si\u017eetiem. Izv\u0113l\u0113t\u0101 t\u0113ma &#8211; stop\u0113\u0161ana &#8211; vai to dar\u012bt un k\u0101 to dar\u012bt dro\u0161i. Si\u017eetu iesp\u0113jams noskat\u012bties LTV arh\u012bv\u0101, <a href=\"http:\/\/ltv.lsm.lv\/lv\/raksts\/23.03.2016-zebra.id68493\/\" target=\"_blank\" rel=\"noopener noreferrer\">ltv.lsm.lv m\u0101jaslapas arh\u012bv\u0101<\/a>, <a href=\"https:\/\/vimeo.com\/160104532\" target=\"_blank\" rel=\"noopener noreferrer\">raid\u012bjuma &#8220;Zebra&#8221; VIMEO kont\u0101<\/a>, k\u0101 ar\u012b \u0161eit pat, skolas m\u0101jaslap\u0101.<\/p>\n<p style=\"text-align: justify;\">Si\u017eeta veidot\u0101ji: <strong>D\u0101rta Liepi\u0146a, Gerda Medne, M\u0101ra S\u0113j\u0101ne, D\u0101vis \u0160terns<\/strong> un <strong>J\u0113kabs Kalni\u0146\u0161<\/strong><\/p>\n<p><iframe loading=\"lazy\" src=\"https:\/\/player.vimeo.com\/video\/160104532\" width=\"500\" height=\"281\" frameborder=\"0\" allowfullscreen=\"allowfullscreen\"><\/iframe><\/p>\n<hr>\n<p style=\"text-align: justify;\"><strong>Viedok\u013ci par projektu<br \/>\n<\/strong><\/p>\n<p style=\"text-align: justify;\">Teik\u0161u atkl\u0101ti \u2013 l\u012bdz \u0161im \u0161\u0137ita, ka R\u012bgas Doma kora skol\u0101 neko citu nedara, k\u0101 tikai m\u0101c\u0101s m\u016bziku. Biju \u013coti priec\u012bga uzzinot to, ka m\u016bsu skol\u0101 tiks att\u012bst\u012bts &#8221;Zebras&#8221; projekts. No \u0161\u012b projekta es ieguvu daudz jaunas pieredzes video un mont\u0101\u017eas jom\u0101. Bija liels prieks sastr\u0101d\u0101ties ar \u0161o jomu&nbsp;profesion\u0101\u013ciem. (<strong>Anna Kli\u0161\u0101ne<\/strong>)<\/p>\n<p style=\"text-align: justify;\">Liel\u0101kais ieguvums bija jauna pieredze un jauni <a href=\"http:\/\/www.rdks.lv\/wp-content\/uploads\/2015\/12\/22.jpg\"><img loading=\"lazy\" decoding=\"async\" class=\"wp-image-3710 size-medium alignright\" src=\"http:\/\/www.rdks.lv\/wp-content\/uploads\/2015\/12\/22-300x200.jpg\" alt=\"22\" width=\"300\" height=\"200\" srcset=\"https:\/\/www.rdks.lv\/wp-content\/uploads\/2015\/12\/22-300x200.jpg 300w, https:\/\/www.rdks.lv\/wp-content\/uploads\/2015\/12\/22-1024x683.jpg 1024w, https:\/\/www.rdks.lv\/wp-content\/uploads\/2015\/12\/22.jpg 2048w\" sizes=\"auto, (max-width: 300px) 100vw, 300px\" \/><\/a>cilv\u0113ki. Sapratu to, ka ikvienas profesijas <em>aizkadr\u0101&nbsp;<\/em>sl\u0113pjas milz\u012bga paciet\u012bba, liels gribassp\u0113ks, sp\u0113ja b\u016bt fleksiblam da\u017e\u0101d\u0101s situ\u0101cij\u0101s. Skaidrs, ka operatore nekad neb\u016b\u0161u, jo pie pirmajiem sare\u017e\u0123\u012bjumiem vai gr\u016bt\u012bb\u0101m s\u0101k\u0101s smieklu l\u0113kmes&nbsp;(k\u0101 ar\u012b no dabas tr\u012bco\u0161as rokas \u0161ai profesijai neder J). Daudz \u0113rt\u0101k&nbsp;jutos kameras priek\u0161pus\u0113. Paldies par iesp\u0113ju! (<strong>Kar\u012bna Pundzjus<\/strong>)<\/p>\n<p style=\"text-align: justify;\">\u0160\u012b projekta laik\u0101 es att\u012bst\u012bju savas zin\u0101\u0161anas ne tikai film\u0113\u0161an\u0101 un m\u016bzikas veido\u0161an\u0101, bet ar\u012b projektu organiz\u0113\u0161an\u0101 un cit\u0101s jom\u0101s. Ieg\u016bt\u0101s prasmes es izmantoju katr\u0101 projekt\u0101, kur\u0101 piedalos. (<strong>Em\u012bls Alps<\/strong>)<\/p>\n<p style=\"text-align: justify;\">Akt\u012bvi iesaistoties \u201cZebras\u201d projekta pirmaj\u0101 da\u013c\u0101 ne tikai iem\u0101c\u012bjos, k\u0101 film\u0113t, mont\u0113t un vad\u012bt re\u017eiju, bet ar\u012b guvu pieredzi saskarsm\u0113 ar \u0161\u012bs jomas ekspertiem \u2013 iesp\u0113jams Latvij\u0101 lab\u0101kajiem! (<strong>Mat\u012bss Circenis<\/strong>)<\/p>\n<p style=\"text-align: justify;\">Visv\u0113rt\u012bg\u0101kais, ko ieguvu \u0161aj\u0101 projekt\u0101, bija pieredze darboties komand\u0101. Lai video non\u0101ktu l\u012bdz ekr\u0101nam, tam j\u0101m\u0113ro t\u0101ls ce\u013c\u0161 \u2013 ir ta\u010du gan j\u0101izdom\u0101 si\u017eets, gan j\u0101atrod piem\u0113roti aktieri, p\u0113c tam tas j\u0101film\u0113 un j\u0101mont\u0113, k\u0101 ar\u012b j\u0101atrod piem\u0113rots muzik\u0101lais noform\u0113jums, turkl\u0101t v\u0113l ir vajadz\u012bgs cilv\u0113ks, kur\u0161 r\u016bp\u0113jas par laika pl\u0101no\u0161anu \u2013 paveikt visu vienam ir gandr\u012bz neiesp\u0113jami, t\u0101p\u0113c ir vajadz\u012bga KOMANDA. \u0160is projekts man sag\u0101d\u0101ja daudz prieka, turkl\u0101t ieg\u016bt\u0101s zin\u0101\u0161anas bija<a href=\"http:\/\/www.rdks.lv\/wp-content\/uploads\/2015\/12\/27.jpg\"><img loading=\"lazy\" decoding=\"async\" class=\"size-medium wp-image-3713 alignleft\" src=\"http:\/\/www.rdks.lv\/wp-content\/uploads\/2015\/12\/27-300x200.jpg\" alt=\"27\" width=\"300\" height=\"200\" srcset=\"https:\/\/www.rdks.lv\/wp-content\/uploads\/2015\/12\/27-300x200.jpg 300w, https:\/\/www.rdks.lv\/wp-content\/uploads\/2015\/12\/27.jpg 1024w\" sizes=\"auto, (max-width: 300px) 100vw, 300px\" \/><\/a> \u013coti v\u0113rt\u012bgas \u2013 t\u0101s noder\u0113ja jau dr\u012bz p\u0113c projekta beig\u0101m, veidojot \u017eetonvakara video. Ceru, ka \u0161is projekts turpin\u0101sies v\u0113l ilgi un ar\u012b n\u0101kamajiem projekta dal\u012bbniekiem \u0161\u012b pieredze b\u016bs tikpat jauka, noder\u012bga un interesanta k\u0101 man! (<strong>Laura \u0160toma<\/strong>)<\/p>\n<p style=\"text-align: justify;\">Piedal\u012b\u0161an\u0101s projekt\u0101 &#8220;Muzikators&#8221; apgrieza k\u0101j\u0101m gais\u0101 manus l\u012bdz\u0161in\u0113jos uzskatus par film\u0113\u0161anas procesiem. Turpm\u0101k gribot negribot skat\u012b\u0161os filmas, piev\u0113r\u0161ot uzman\u012bbu izmantotajiem tehniskajiem pa\u0146\u0113mieniem, un tas ir lieliski!&nbsp;(<strong>Laura Ozoli\u0146a<\/strong>)<\/p>\n<p style=\"text-align: justify;\">Izr\u0101d\u0101s, ka cilv\u0113ks bez jebk\u0101das muzik\u0101l\u0101s izgl\u012bt\u012bbas un ritma izj\u016btas var atrast kop\u012bgu valodu un sadarboties ar muzik\u0101lajiem RDKS jaunie\u0161iem. (<strong>Pauls Timrots<\/strong>, re\u017eisors)<\/p>\n<p style=\"text-align: justify;\">Es pats s\u0101ku ar video liet\u0101m nodarboties <em>padsmit<\/em> gadu vecum\u0101, bet pirms divdesmit gadiem. Man ir \u013coti interesanti v\u0113rot un uzzin\u0101t, k\u0101 kust\u012bgas bildes redz un ko ar to saprot jaunie\u0161i \u0161obr\u012bd. (<strong>Oskars Mi\u0137elsons<\/strong>, mont\u0101\u017eas re\u017eisors)<\/p>\n<p style=\"text-align: justify;\">\u0160obr\u012bd visv\u0113rt\u012bg\u0101kais, kas ieg\u016bts no projekta, man \u0161\u0137iet visas t\u0101s zin\u0101\u0161anas, kas tika apg\u016btas film\u0113\u0161anas, mont\u0113\u0161anas kursos un&nbsp; negaid\u012bti augst\u0101 atbild\u012bbas saj\u016bta, kas par\u0101d\u012bjusies, pateicoties m\u016bsu&nbsp; uzdevumam \u2013 si\u017eeta veido\u0161anai. (<strong>D\u0101rta Liepi\u0146a<\/strong>)<\/p>\n<p style=\"text-align: justify;\">V\u0113rt\u012bg\u0101kais \u201cZebras\u201d projekt\u0101 \u0161\u0137ita tas, ka m\u0113s, m\u016bzikas skolas studenti, var\u0113j\u0101m ieg\u016bt pavisam neparastas kr\u0101sas m\u016bsu t\u0101 jau kr\u0101sainaj\u0101 ikdien\u0101.&nbsp; Nav iesp\u0113jams aprakst\u012bt v\u0101rdiem to, kas man patika. Tas nav nekas konkr\u0113ts, bet ja vajadz\u0113tu konkretiz\u0113t tad noteikti t\u0101 ir komunik\u0101cija ar citu profesiju jeb citu dz\u012bvesveidu piekrit\u0113jiem, kas \u013coti aizr\u0101va ar savu degsmi uz lieliem un di\u017eiem sap\u0146iem zem \u0161\u012bs saules. Skan c\u0113li, bet t\u0101 tas tie\u0161\u0101m ir. (<strong>Em\u012bls A\u0161manis<\/strong>)<\/p>\n<p style=\"text-align: justify;\">\u0160is projekts man \u0161\u0137iet \u013coti aizraujo\u0161s, interesants un taj\u0101 pa\u0161\u0101 laik\u0101 \u2013 izgl\u012btojo\u0161s. T\u0101 k\u0101 tiek dota iesp\u0113ja apmekl\u0113t da\u017e\u0101dus kursus, es to izmantoju, un apmekl\u0113ju gan film\u0113\u0161anas, gan mont\u0113\u0161anas nodarb\u012bbas. <a href=\"http:\/\/www.rdks.lv\/wp-content\/uploads\/2015\/12\/33.jpg\"><img loading=\"lazy\" decoding=\"async\" class=\"size-medium wp-image-3714 alignright\" src=\"http:\/\/www.rdks.lv\/wp-content\/uploads\/2015\/12\/33-300x200.jpg\" alt=\"33\" width=\"300\" height=\"200\" srcset=\"https:\/\/www.rdks.lv\/wp-content\/uploads\/2015\/12\/33-300x200.jpg 300w, https:\/\/www.rdks.lv\/wp-content\/uploads\/2015\/12\/33.jpg 1024w\" sizes=\"auto, (max-width: 300px) 100vw, 300px\" \/><\/a>Ieguvu teor\u0113tisk\u0101s zin\u0101\u0161anas film\u0113\u0161an\u0101 un p\u0113c tam \u2013 \u0101rpus kursiem \u2013t\u0101s pielietoju ar\u012b praktiski. T\u0101 k\u0101 esmu komandas &#8220;mened\u017eere&#8221;, m\u0101cos vair\u0101k kontakt\u0113ties ar sve\u0161iem cilv\u0113kiem un pl\u0101not gan vi\u0146u, gan m\u016bsu komandas laiku. (<strong>M\u0101ra S\u0113j\u0101ne<\/strong>)<\/p>\n<p style=\"text-align: justify;\">Esmu ieguvusi jaunu pieredzi, veidojot si\u017eetus, piedaloties to film\u0113\u0161an\u0101, kas man ir piln\u012bgi kaut kas jauns un nebijis. Prieks par to, ka mums jaunie\u0161iem tiek dota \u0161\u0101da iesp\u0113ja, iel\u016bkoties, sp\u0113t izprast, nov\u0113rt\u0113t citu cilv\u0113ku ikdienu, kas mums ir piln\u012bgi sve\u0161a. \u0160is bija \u013coti interesants un pieredzes bag\u0101ts projekts! (<strong>Liene Ulmane<\/strong>)<\/p>\n<p style=\"text-align: justify;\">Es \u0161\u012b projekta ietvaros esmu apguvis, k\u0101 darboties ar spogu\u013ckameru, k\u0101 veidot scen\u0101riju un uzzin\u0101jis tik daudz k\u0101 jauna saist\u012bb\u0101 ar si\u017eeta veido\u0161anu. (<strong>D\u0101vis \u0160terns<\/strong>)<\/p>\n<p style=\"text-align: justify;\">Iepazinu, kas ir \u012bsts darbs komand\u0101 un sapra\u0161ana par to, k\u0101 no nek\u0101 rodas kaut kas. Protams, ar\u012b m\u0101ksliniecisk\u0101m b\u016btn\u0113m nekad nen\u0101k par \u013caunu uzzin\u0101t da\u017eas tehniskas nianses, vai ar\u012b vienk\u0101r\u0161i paraudz\u012bties p\u0101ri tai s\u0113tai, kas \u0161\u0137ir&nbsp;m\u016bzikas pasauli no p\u0101r\u0113j\u0101s pasaules, papla\u0161inot savu redzesloku. (<strong>Katr\u012bna Paula Felsberga<\/strong>)<\/p>\n<p style=\"text-align: justify;\">\u200bGalvenie ieguvumi no projekta no<a href=\"http:\/\/www.rdks.lv\/wp-content\/uploads\/2015\/12\/05.jpg\"><img loading=\"lazy\" decoding=\"async\" class=\"wp-image-3709 size-medium alignleft\" src=\"http:\/\/www.rdks.lv\/wp-content\/uploads\/2015\/12\/05-300x184.jpg\" alt=\"05\" width=\"300\" height=\"184\" srcset=\"https:\/\/www.rdks.lv\/wp-content\/uploads\/2015\/12\/05-300x184.jpg 300w, https:\/\/www.rdks.lv\/wp-content\/uploads\/2015\/12\/05-1024x627.jpg 1024w, https:\/\/www.rdks.lv\/wp-content\/uploads\/2015\/12\/05.jpg 2048w\" sizes=\"auto, (max-width: 300px) 100vw, 300px\" \/><\/a>teikti ir iesp\u0113ja apg\u016bt film\u0113\u0161anu, mont\u0113\u0161anu un scen\u0101rija veido\u0161anu, ar ko iepriek\u0161 tik profesion\u0101l\u0101 veid\u0101 saskarties nav san\u0101cis, izdev\u012bba noskaidrot atbildes uz jaut\u0101jumiem, kuri radu\u0161ies jau sen, un visa pamat\u0101 \u2013 labi pavad\u012bts laiks. Ja dotu iesp\u0113ju to pa\u0161u vai vismaz kaut ko l\u012bdz\u012bgu dar\u012bt ar\u012b \u0101rpus projekta, noteikti piekristu, bet ieg\u016bt\u0101s zin\u0101\u0161anas noteikti noder\u0113s ar\u012b citos darbos. (<strong>Gerda Medne<\/strong>)<\/p>\n<p style=\"text-align: justify;\">Svar\u012bgi ir nodot savas zin\u0101\u0161anas tiem, kuriem tas interes\u0113, jo, m\u0101cot citus, es m\u0101cos ar\u012b pats. Ir prieks, ka R\u012bgas Doma kora skolas jaunie\u0161i ir ieinteres\u0113ti un atv\u0113rti jaunu zin\u0101\u0161anu ieg\u016b\u0161anai. (<strong>J\u0101nis Sa\u013cms<\/strong>, operators)<\/p>\n<p style=\"text-align: justify;\">K\u0101 cilv\u0113ks, kas, visticam\u0101k, visvair\u0101k redz projektu kopskat\u0101 un no vis\u0101m pus\u0113m, varu dro\u0161i apgalvot, ka \u0161\u0101da unik\u0101la sadarb\u012bbas iesp\u0113ja un forma ir nenov\u0113rt\u0113jama pieredze vis\u0101m pus\u0113m. Gan jaun\u012bbas ener\u0123ijas pienesum\u0101 TV raid\u012bjumu veidot\u0101jiem, kam ir augstas pras\u012bbas pret savu un citu darbu, gan atbild\u012bbas un izpratnes veicin\u0101\u0161an\u0101 audz\u0113k\u0146iem. Un, protams, komandas darbs. Tas ir vissare\u017e\u0123\u012bt\u0101kais un vienlaikus vissp\u0113cino\u0161\u0101kais faktors vis\u0101 \u0161aj\u0101 proces\u0101. (<strong>Krist\u012bne Freiberga<\/strong>, projekta vad\u012bt\u0101ja)<\/p>\n<p><\/p>","protected":false},"excerpt":{"rendered":"<p>Jau otro m\u0101c\u012bbu gadu p\u0113c k\u0101rtas R\u012bgas Doma kora skola iesaist\u0101s Kult\u016bras ministrijas rosin\u0101t\u0101 Rado\u0161o partner\u012bbu projekt\u0101 kult\u016brizgl\u012bt\u012bbas skol\u0101m, par savu rado\u0161o partneri izv\u0113loties SIA A\u0123ent\u016bra Zebra jeb raid\u012bjumu Zebra un \u0100truma cilts rado\u0161o komandu. 2014. gad\u0101 R\u012bgas Doma kora skolas un SIA A\u0123ent\u016bra Zebra rado\u0161\u0101 partner\u012bba liel\u0101 m\u0113r\u0101 bija sagatavo\u0161an\u0101s posms projekta turpin\u0101jumam 2015&#8230;.<\/p>\n","protected":false},"author":3,"featured_media":0,"parent":3699,"menu_order":2,"comment_status":"closed","ping_status":"closed","template":"","meta":{"cybocfi_hide_featured_image":"","footnotes":""},"class_list":["post-3703","page","type-page","status-publish","hentry"],"_links":{"self":[{"href":"https:\/\/www.rdks.lv\/lv\/wp-json\/wp\/v2\/pages\/3703","targetHints":{"allow":["GET"]}}],"collection":[{"href":"https:\/\/www.rdks.lv\/lv\/wp-json\/wp\/v2\/pages"}],"about":[{"href":"https:\/\/www.rdks.lv\/lv\/wp-json\/wp\/v2\/types\/page"}],"author":[{"embeddable":true,"href":"https:\/\/www.rdks.lv\/lv\/wp-json\/wp\/v2\/users\/3"}],"replies":[{"embeddable":true,"href":"https:\/\/www.rdks.lv\/lv\/wp-json\/wp\/v2\/comments?post=3703"}],"version-history":[{"count":16,"href":"https:\/\/www.rdks.lv\/lv\/wp-json\/wp\/v2\/pages\/3703\/revisions"}],"predecessor-version":[{"id":9870,"href":"https:\/\/www.rdks.lv\/lv\/wp-json\/wp\/v2\/pages\/3703\/revisions\/9870"}],"up":[{"embeddable":true,"href":"https:\/\/www.rdks.lv\/lv\/wp-json\/wp\/v2\/pages\/3699"}],"wp:attachment":[{"href":"https:\/\/www.rdks.lv\/lv\/wp-json\/wp\/v2\/media?parent=3703"}],"curies":[{"name":"wp","href":"https:\/\/api.w.org\/{rel}","templated":true}]}}