{"id":3183,"date":"2015-08-20T15:31:57","date_gmt":"2015-08-20T12:31:57","guid":{"rendered":"http:\/\/www.rdks.lv\/?page_id=3183"},"modified":"2022-12-28T14:55:07","modified_gmt":"2022-12-28T12:55:07","slug":"muziklu-dziedataju-programma","status":"publish","type":"page","link":"https:\/\/www.rdks.lv\/lv\/par-skolu\/programmas\/muziklu-dziedataju-programma\/","title":{"rendered":"M\u016bziklu dzied\u0101t\u0101ju programma"},"content":{"rendered":"<p><\/p>\n<p>Vid\u0113j\u0101s profesion\u0101l\u0101s izgl\u012bt\u012bbas programma\u00a0<strong><em>Vok\u0101l\u0101 m\u016bzika\u00a0<\/em><\/strong>\u00a0(33212061) \u2013 kvalifik\u0101cija\u00a0<strong>M\u016bziklu dzied\u0101t\u0101js<\/strong>, m\u0101c\u012bbu ilgums 4 gadi (5800 stundas)<\/p>\n<p>Profesion\u0101l\u0101s vid\u0113j\u0101s izgl\u012bt\u012bbas programma \u201cVok\u0101l\u0101 m\u016bzika\u00a0 specialit\u0101te \u00a0M\u016bziklu dzied\u0101t\u0101js\u201d ir izveidota p\u0113c m\u016bziklu koled\u017eu parauga, kas pla\u0161i att\u012bst\u012bts gan Eirop\u0101, gan pasaul\u0113, apvienojot to ar latvie\u0161u muzik\u0101l\u0101 te\u0101tra trad\u012bcij\u0101m un aktualit\u0101t\u0113m. T\u0101 ir pla\u0161i orient\u0113ta programma, kas att\u012bsta dzied\u0101\u0161anu, dejo\u0161anu un aktiera m\u0101kslu. M\u016bzikls ir \u017eanrs, kas apvieno klasisko ar moderno, t\u0101d\u0113j\u0101di dodot iesp\u0113ju att\u012bst\u012bties da\u017e\u0101dos virzienos.<\/p>\n<p>Programmas izveidot\u0101ja ir Annija Hermane, kura p\u0113c ma\u0123istra studij\u0101m London\u0101, Karaliskaj\u0101 M\u016bzikas akad\u0113mij\u0101 <em>(Royal Academy of Music)<\/em>, absolv\u0113jot muzik\u0101l\u0101 te\u0101tra noda\u013cu veicin\u0101jusi programmas izveidi R\u012bgas Doma kora skol\u0101.<\/p>\n<p><strong>Programm\u0101 iek\u013cauti \u00a0profesion\u0101lie m\u0101c\u012bbu priek\u0161meti:<\/strong><\/p>\n<p>Aktiermeistar\u012bba, solo dzied\u0101\u0161ana, muzik\u0101l\u0101 te\u0101tra dzied\u0101\u0161ana, klaviersp\u0113le, skatuves runa, skatuves kust\u012bba, skatuves deja, gospe\u013ckoris, k\u0101 ar\u012b solfed\u017eo, harmonija, m\u016bzikas literat\u016bra, kompoz\u012bcija.<\/p>\n<p><strong>Visp\u0101rizgl\u012btojo\u0161ie m\u0101c\u012bbu priek\u0161meti un apguves l\u012bmenis:<\/strong><\/p>\n<ul>\n<li><strong>optim\u0101lais l\u012bmenis<\/strong>\u00a0\u2013 latvie\u0161u valoda I, literat\u016bra, ang\u013cu valoda (B2) \u2013 optim\u0101lais l\u012bmenis,<\/li>\n<li><strong>visp\u0101r\u012bgais l\u012bmenis<\/strong>\u00a0\u2013\u00a0 matem\u0101tika I un sports, v\u0101cu (B1), soci\u0101l\u0101s zin\u012bbas un v\u0113sture, dabaszin\u0101tnes, kult\u016bras pamati, datorika.<\/li>\n<li><strong>augst\u0101k\u0101 l\u012bme\u0146a kursi<\/strong>\u00a0\u2013 latvie\u0161u valoda un literat\u016bra II, kult\u016bra un m\u0101ksla II<\/li>\n<\/ul>\n<p>M\u0101c\u012bbu laik\u0101 pla\u0161as prakses iesp\u0113jas piedal\u012bties muzik\u0101l\u0101 te\u0101tra izr\u0101d\u0113s, koncertdarb\u012bb\u0101, projektos, konkursos.<\/p>\n<p>Skola pied\u0101v\u0101 Erasmus+ projektu iesp\u0113jas m\u016bziklu dzied\u0101t\u0101jiem.<\/p>\n<p>RDKS absolventi \u00a0studijas turpina J\u0101zepa V\u012btola Latvijas M\u016bzikas akad\u0113mijas vok\u0101laj\u0101 noda\u013c\u0101, Kult\u016bras Akad\u0113mijas aktiera specialit\u0101t\u0113 , \u0101rzemju augstskol\u0101s London\u0101, Gr\u0101c\u0101<\/p>\n<p>Programmas vad\u012bt\u0101ja &#8211; Una Stade, pedagogi Annija Hermane, Inese Romanc\u0101ne, K\u0101rlis Kr\u016bmi\u0146\u0161, Rolands Mer\u017eejevskis, Edgars Auni\u0146\u0161, Santa \u0160illere, R\u016bta D\u016bduma-\u0136irse, D\u017eanete Tabaka.<\/p>\n<hr \/>\n<p>Inform\u0101cija Latvijas Radio 3 Klasika raid\u012bjum\u0101 &#8220;J\u0101zeps&#8221; <a href=\"http:\/\/klasika.lsm.lv\/lv\/raksts\/jazeps\/no-pumpuru-meza-lidz-brodvejai.-annija-putnina-skolos-jaunos-muz.a54745\/\" target=\"_blank\" rel=\"noopener\">\u0160EIT<\/a><\/p>\n<p><iframe loading=\"lazy\" style=\"border: none;\" src=\"http:\/\/klasika.lsm.lv\/lv\/embed\/?id=54745&amp;theme=black&amp;size=16x9\" width=\"500\" height=\"282\" frameborder=\"0\"><\/iframe><\/p>\n<hr \/>\n<p><iframe loading=\"lazy\" src=\"https:\/\/w.soundcloud.com\/player\/?url=https%3A\/\/api.soundcloud.com\/tracks\/217608396&amp;auto_play=false&amp;hide_related=false&amp;show_comments=true&amp;show_user=true&amp;show_reposts=false&amp;visual=true\" width=\"300\" height=\"150\" frameborder=\"no\" scrolling=\"no\"><\/iframe><\/p>","protected":false},"excerpt":{"rendered":"<p>Vid\u0113j\u0101s profesion\u0101l\u0101s izgl\u012bt\u012bbas programma\u00a0Vok\u0101l\u0101 m\u016bzika\u00a0\u00a0(33212061) \u2013 kvalifik\u0101cija\u00a0M\u016bziklu dzied\u0101t\u0101js, m\u0101c\u012bbu ilgums 4 gadi (5800 stundas) Profesion\u0101l\u0101s vid\u0113j\u0101s izgl\u012bt\u012bbas programma \u201cVok\u0101l\u0101 m\u016bzika\u00a0 specialit\u0101te \u00a0M\u016bziklu dzied\u0101t\u0101js\u201d ir izveidota p\u0113c m\u016bziklu koled\u017eu parauga, kas pla\u0161i att\u012bst\u012bts gan Eirop\u0101, gan pasaul\u0113, apvienojot to ar latvie\u0161u muzik\u0101l\u0101 te\u0101tra trad\u012bcij\u0101m un aktualit\u0101t\u0113m. T\u0101 ir pla\u0161i orient\u0113ta programma, kas att\u012bsta dzied\u0101\u0161anu, dejo\u0161anu un&#8230;<\/p>\n","protected":false},"author":3,"featured_media":0,"parent":127,"menu_order":4,"comment_status":"closed","ping_status":"closed","template":"","meta":{"cybocfi_hide_featured_image":"","footnotes":""},"class_list":["post-3183","page","type-page","status-publish","hentry"],"_links":{"self":[{"href":"https:\/\/www.rdks.lv\/lv\/wp-json\/wp\/v2\/pages\/3183","targetHints":{"allow":["GET"]}}],"collection":[{"href":"https:\/\/www.rdks.lv\/lv\/wp-json\/wp\/v2\/pages"}],"about":[{"href":"https:\/\/www.rdks.lv\/lv\/wp-json\/wp\/v2\/types\/page"}],"author":[{"embeddable":true,"href":"https:\/\/www.rdks.lv\/lv\/wp-json\/wp\/v2\/users\/3"}],"replies":[{"embeddable":true,"href":"https:\/\/www.rdks.lv\/lv\/wp-json\/wp\/v2\/comments?post=3183"}],"version-history":[{"count":14,"href":"https:\/\/www.rdks.lv\/lv\/wp-json\/wp\/v2\/pages\/3183\/revisions"}],"predecessor-version":[{"id":14444,"href":"https:\/\/www.rdks.lv\/lv\/wp-json\/wp\/v2\/pages\/3183\/revisions\/14444"}],"up":[{"embeddable":true,"href":"https:\/\/www.rdks.lv\/lv\/wp-json\/wp\/v2\/pages\/127"}],"wp:attachment":[{"href":"https:\/\/www.rdks.lv\/lv\/wp-json\/wp\/v2\/media?parent=3183"}],"curies":[{"name":"wp","href":"https:\/\/api.w.org\/{rel}","templated":true}]}}