{"id":2793,"date":"2015-04-27T12:22:59","date_gmt":"2015-04-27T09:22:59","guid":{"rendered":"http:\/\/www.rdks.lv\/?page_id=2793"},"modified":"2026-03-30T12:07:53","modified_gmt":"2026-03-30T10:07:53","slug":"kontakti","status":"publish","type":"page","link":"https:\/\/www.rdks.lv\/lv\/kontakti\/","title":{"rendered":"Kontakti"},"content":{"rendered":"<p><strong>MIKC NMV R\u012bgas Doma kora skola<\/strong><br \/>Kronvalda bulv\u0101ris 1 (1.-9. klase)<br \/>Skolas iela 11 (I-IV kurss)<br \/>rdks@nmv.gov.lv | 67804770<\/p>\r\n<table width=\"872\">\r\n<tbody>\r\n<tr>\r\n<td width=\"318\">\r\n<p>MIKC Nacion\u0101l\u0101s M\u0101kslu vidusskolas direktors<\/p>\r\n<\/td>\r\n<td width=\"159\">\r\n<p><strong>Art\u016brs Cingujevs<\/strong><\/p>\r\n<\/td>\r\n<td width=\"387\">\r\n<p>pasts@nmv.gov.lv<\/p>\r\n<\/td>\r\n<\/tr>\r\n<tr>\r\n<td width=\"318\">\r\n<p>NMV R\u012bgas Doma kora skolas vad\u012bt\u0101js<\/p>\r\n<\/td>\r\n<td width=\"159\">\r\n<p><strong>Gints Ceplenieks<\/strong><\/p>\r\n<\/td>\r\n<td width=\"387\">\r\n<p>rdks@nmv.gov.lv<br \/>Pie\u0146em\u0161anas laiki:<br \/>pirmdien 15.00 &#8211; 17.00<br \/>otrdien 08.30 &#8211; 10.00<\/p>\r\n<\/td>\r\n<\/tr>\r\n<tr>\r\n<td width=\"318\">\r\n<p>Lietvede<\/p>\r\n<\/td>\r\n<td width=\"159\">\r\n<p><strong>Daina Vaitkevica<\/strong><\/p>\r\n<\/td>\r\n<td width=\"387\">\r\n<p>678047<strong>70<\/strong>, rdks@nmv.gov.lv<br \/>Darba laiks:<br \/>P. &#8211; C. 9.00 &#8211; 17.00<br \/>Pk. 9.00 &#8211; 16.00<\/p>\r\n<\/td>\r\n<\/tr>\r\n<tr>\r\n<td width=\"318\">\r\n<p>Direktora vietniece izgl\u012bt\u012bbas jom\u0101 (m\u016bzikas programmas)<\/p>\r\n<\/td>\r\n<td width=\"159\">\r\n<p><strong>Egija Ozoli\u0146a<\/strong><\/p>\r\n<\/td>\r\n<td width=\"387\">\r\n<p>678047<strong>71<\/strong>, Egija.Ozolina@nmv.gov.lv<\/p>\r\n<\/td>\r\n<\/tr>\r\n<tr>\r\n<td width=\"318\">\r\n<p>Direktora vietniece izgl\u012bt\u012bbas jom\u0101<\/p>\r\n<\/td>\r\n<td width=\"159\">\r\n<p><strong>Sarm\u012bte And\u017e\u0101ne<\/strong><\/p>\r\n<\/td>\r\n<td width=\"387\">\r\n<p>678047<strong>71<\/strong>, Sarmite.Andzane@nmv.gov.lv<\/p>\r\n<\/td>\r\n<\/tr>\r\n<tr>\r\n<td width=\"318\">\r\n<p>S\u0101kumskolas metodisk\u0101s apvien\u012bbas vad\u012bt\u0101ja<\/p>\r\n<\/td>\r\n<td width=\"159\">\r\n<p><strong>Vita Virza<\/strong><\/p>\r\n<\/td>\r\n<td width=\"387\">\r\n<p>678047<strong>71<\/strong>, Vita.Virza@nmv.gov.lv<\/p>\r\n<\/td>\r\n<\/tr>\r\n<tr>\r\n<td width=\"318\">\r\n<p>Projektu vad\u012bt\u0101ja \/ pas\u0101kumi<\/p>\r\n<\/td>\r\n<td width=\"159\">\r\n<p><strong>El\u012bna Pole<\/strong><\/p>\r\n<\/td>\r\n<td width=\"387\">\r\n<p>678047<strong>73<\/strong>, Elina.Pole@nmv.gov.lv<\/p>\r\n<\/td>\r\n<\/tr>\r\n<tr>\r\n<td width=\"318\">\r\n<p>Projektu vad\u012bt\u0101ja \/ starptautiski projekti, Erasmus+<\/p>\r\n<\/td>\r\n<td width=\"159\">\r\n<p><strong>Linda Samsone<\/strong><\/p>\r\n<\/td>\r\n<td width=\"387\">\r\n<p>678047<strong>73<\/strong>, Linda.Samsone@nmv.gov.lv<\/p>\r\n<\/td>\r\n<\/tr>\r\n<tr>\r\n<td width=\"318\">\r\n<p>Izgl\u012bt\u012bbas metodi\u0137e<\/p>\r\n<\/td>\r\n<td width=\"159\">\r\n<p>&nbsp;<\/p>\r\n<\/td>\r\n<td width=\"387\">\r\n<p>rdks.kursi@nmv.gov.lv<\/p>\r\n<\/td>\r\n<\/tr>\r\n<tr>\r\n<td width=\"318\">\r\n<p>NMV RDKS person\u0101lda\u013ca<\/p>\r\n<\/td>\r\n<td width=\"159\">\r\n<p><strong>Sandra S\u0101lijuma<\/strong><\/p>\r\n<\/td>\r\n<td width=\"387\">\r\n<p>Sandra.Salijuma@nmv.gov.lv<\/p>\r\n<\/td>\r\n<\/tr>\r\n<tr>\r\n<td width=\"318\">\r\n<p>NMV finansiste<\/p>\r\n<\/td>\r\n<td width=\"159\">\r\n<p><strong>Elita A\u013ceksejeva<\/strong><\/p>\r\n<\/td>\r\n<td width=\"387\">\r\n<p>Elita.Aleksejeva.nmv.gov.lv<\/p>\r\n<\/td>\r\n<\/tr>\r\n<tr>\r\n<td width=\"318\">\r\n<p>Izgl\u012bt\u012bbas programmas <em>Diri\u0123\u0113\u0161ana<\/em> vad\u012bt\u0101js, RDKS jaukt\u0101 kora diri\u0123ents<\/p>\r\n<\/td>\r\n<td width=\"159\">\r\n<p><strong>Jur\u0123is C\u0101bulis<\/strong><\/p>\r\n<\/td>\r\n<td width=\"387\">\r\n<p>Jurgis.Cabulis@nmv.gov.lv<\/p>\r\n<\/td>\r\n<\/tr>\r\n<tr>\r\n<td width=\"318\">\r\n<p>R\u012bgas Doma kora skolas jaukt\u0101 kora projektu vad\u012bt\u0101ja<\/p>\r\n<\/td>\r\n<td width=\"159\">\r\n<p><strong>Aleksandra \u0100boli\u0146a<\/strong><\/p>\r\n<\/td>\r\n<td width=\"387\">\r\n<p>Aleksandra.Abolina@nmv.gov.lv<\/p>\r\n<\/td>\r\n<\/tr>\r\n<tr>\r\n<td width=\"318\">\r\n<p>Izgl\u012bt\u012bbas programmas <em>Vok\u0101l\u0101 m\u016bzika<\/em> vad\u012bt\u0101ja<\/p>\r\n<\/td>\r\n<td width=\"159\">\r\n<p><strong>Irma Pav\u0101re<\/strong><\/p>\r\n<\/td>\r\n<td width=\"387\">\r\n<p>Irma.Pavare@nmv.gov.lv<\/p>\r\n<\/td>\r\n<\/tr>\r\n<tr>\r\n<td width=\"318\">\r\n<p>Izgl\u012bt\u012bbas programmas <em>M\u016bzika<\/em> \u2013 <em>d\u017eeza m\u016bzika<\/em> vad\u012bt\u0101js<\/p>\r\n<\/td>\r\n<td width=\"159\">\r\n<p><strong>T\u0101lis G\u017eibovskis<\/strong><\/p>\r\n<\/td>\r\n<td width=\"387\">\r\n<p>Talis.Gzibovskis@nmv.gov.lv<\/p>\r\n<\/td>\r\n<\/tr>\r\n<tr>\r\n<td width=\"318\">\r\n<p>Izgl\u012bt\u012bbas apak\u0161programmas <em>M\u016bziklu dzied\u0101t\u0101js<\/em> vad\u012bt\u0101js<\/p>\r\n<\/td>\r\n<td width=\"159\">\r\n<p><strong>Rolands Mer\u017eejevskis<\/strong><\/p>\r\n<\/td>\r\n<td width=\"387\">\r\n<p>Rolands.Merzejevskis@nmv.gov.lv<\/p>\r\n<\/td>\r\n<\/tr>\r\n<tr>\r\n<td width=\"318\">\r\n<p>Izgl\u012bt\u012bbas apak\u0161programmas <em>M\u016bziklu dzied\u0101t\u0101js<\/em> vad\u012bt\u0101ja<\/p>\r\n<\/td>\r\n<td width=\"159\">\r\n<p><strong>Una Stade<\/strong><\/p>\r\n<\/td>\r\n<td width=\"387\">\r\n<p>Una.Stade@nmv.gov.lv<\/p>\r\n<\/td>\r\n<\/tr>\r\n<tr>\r\n<td width=\"318\">\r\n<p>R\u012bgas Doma z\u0113nu kora diri\u0123ents<\/p>\r\n<\/td>\r\n<td width=\"159\">\r\n<p><strong>M\u0101rti\u0146\u0161 Kli\u0161\u0101ns<\/strong><\/p>\r\n<\/td>\r\n<td width=\"387\">\r\n<p>Martins.Klisans@nmv.gov.lv<\/p>\r\n<\/td>\r\n<\/tr>\r\n<tr>\r\n<td width=\"318\">\r\n<p>R\u012bgas Doma z\u0113nu kora projektu vad\u012bt\u0101ja<\/p>\r\n<\/td>\r\n<td width=\"159\">\r\n<p><strong>Ilze Baumane<\/strong><\/p>\r\n<\/td>\r\n<td width=\"387\">\r\n<p>Ilze.Baumane@nmv.gov.lv<\/p>\r\n<\/td>\r\n<\/tr>\r\n<tr>\r\n<td width=\"318\">\r\n<p>R\u012bgas Doma meite\u0146u kora diri\u0123ente<\/p>\r\n<\/td>\r\n<td width=\"159\">\r\n<p><strong>Aira Birzi\u0146a<\/strong><\/p>\r\n<\/td>\r\n<td width=\"387\">\r\n<p>Aira.Birzina@nmv.gov.lv<\/p>\r\n<\/td>\r\n<\/tr>\r\n<tr>\r\n<td width=\"318\">\r\n<p>R\u012bgas Doma meite\u0146u kora projektu vad\u012bt\u0101ja<\/p>\r\n<\/td>\r\n<td width=\"159\">\r\n<p><strong>Madara Boka<\/strong><\/p>\r\n<\/td>\r\n<td width=\"387\">\r\n<p>Madara.Boka@nmv.gov.lv<\/p>\r\n<\/td>\r\n<\/tr>\r\n<tr>\r\n<td width=\"318\">\r\n<p>M\u016bzikas teor\u0113tisko priek\u0161metu pedagogu metodisk\u0101s komisijas vad\u012bt\u0101ja<\/p>\r\n<\/td>\r\n<td width=\"159\">\r\n<p><strong>J\u016blija Jon\u0101ne<\/strong><\/p>\r\n<\/td>\r\n<td width=\"387\">\r\n<p>Julija.Jonane@nmv.gov.lv<\/p>\r\n<\/td>\r\n<\/tr>\r\n<tr>\r\n<td width=\"318\">\r\n<p>Klaviersp\u0113les pedagogu metodisk\u0101s komisijas vad\u012bt\u0101ja\u00a0<\/p>\r\n<\/td>\r\n<td width=\"159\">\r\n<p><strong>Di\u0101na Bergmane<\/strong><\/p>\r\n<\/td>\r\n<td width=\"387\">\r\n<p>Diana.Bergmane@nmv.gov.lv<\/p>\r\n<\/td>\r\n<\/tr>\r\n<tr>\r\n<td width=\"318\">\r\n<p>Solo dzied\u0101\u0161anas pedagogu metodisk\u0101s komisijas vad\u012bt\u0101jas<\/p>\r\n<\/td>\r\n<td width=\"159\">\r\n<p><strong>Ance \u0136irse<br \/>Valda Tra\u010duma<\/strong><\/p>\r\n<\/td>\r\n<td width=\"387\">\r\n<p>Ance.Kirse@nmv.gov.lv<br \/>Valda.Tracuma@nmv.gov.lv<\/p>\r\n<\/td>\r\n<\/tr>\r\n<tr>\r\n<td width=\"318\">\r\n<p>NMV RDKS bibliot\u0113ka<\/p>\r\n<\/td>\r\n<td width=\"159\">\r\n<p><strong>Inguna \u0160t\u0101le<\/strong><\/p>\r\n<\/td>\r\n<td width=\"387\">\r\n<p>Inguna.Stale@nmv.gov.lv<\/p>\r\n<\/td>\r\n<\/tr>\r\n<tr>\r\n<td width=\"318\">\r\n<p>NMV RDKS m\u016bzikas bibliot\u0113ka, fonot\u0113ka<\/p>\r\n<\/td>\r\n<td width=\"159\">\r\n<p><strong>Maija Veinberga<\/strong><\/p>\r\n<\/td>\r\n<td width=\"387\">\r\n<p>Maija.Veinberga@nmv.gov.lv<\/p>\r\n<\/td>\r\n<\/tr>\r\n<tr>\r\n<td width=\"318\">\r\n<p>NMV RDKS datorsist\u0113mu administrators<\/p>\r\n<\/td>\r\n<td width=\"159\">\r\n<p><strong>M\u0101ris Kalbergs<\/strong><\/p>\r\n<\/td>\r\n<td width=\"387\">\r\n<p>Maris.Kalbergs@nmv.gov.lv<\/p>\r\n<\/td>\r\n<\/tr>\r\n<tr>\r\n<td width=\"318\">\r\n<p>NMV RDKS saimniec\u012bbas da\u013cas vad\u012bt\u0101js<\/p>\r\n<\/td>\r\n<td width=\"159\">\r\n<p><strong>Aivars Cepli\u0161s<\/strong><\/p>\r\n<\/td>\r\n<td width=\"387\">\r\n<p>Aivars.Cepliss@nmv.gov.lv<\/p>\r\n<\/td>\r\n<\/tr>\r\n<tr>\r\n<td width=\"318\">\r\n<p>Dienesta viesn\u012bcas vad\u012bt\u0101ja<\/p>\r\n<\/td>\r\n<td width=\"159\">\r\n<p><strong>Baiba Bra\u010da<\/strong><\/p>\r\n<\/td>\r\n<td width=\"387\">\r\n<p>dienestaviesnica@nmv.gov.lv<\/p>\r\n<\/td>\r\n<\/tr>\r\n<tr>\r\n<td width=\"318\">\r\n<p>Skolas de\u017eurants<\/p>\r\n<\/td>\r\n<td width=\"159\">\r\n<p>&nbsp;<\/p>\r\n<\/td>\r\n<td width=\"387\">\r\n<p>7804780 (Skolas iela 11)<\/p>\r\n<p>27734000 (Kronvalda bulv\u0101ris 1)<\/p>\r\n<\/td>\r\n<\/tr>\r\n<\/tbody>\r\n<\/table>\r\n<p>&nbsp;<\/p>\r\n<p>&nbsp;<\/p>\r\n<p>&nbsp;<\/p>\r\n<p>&nbsp;<\/p>","protected":false},"excerpt":{"rendered":"<p>MIKC NMV R\u012bgas Doma kora skolaKronvalda bulv\u0101ris 1 (1.-9. klase)Skolas iela 11 (I-IV kurss)rdks@nmv.gov.lv | 67804770 MIKC Nacion\u0101l\u0101s M\u0101kslu vidusskolas direktors Art\u016brs Cingujevs pasts@nmv.gov.lv NMV R\u012bgas Doma kora skolas vad\u012bt\u0101js Gints Ceplenieks rdks@nmv.gov.lvPie\u0146em\u0161anas laiki:pirmdien 15.00 &#8211; 17.00otrdien 08.30 &#8211; 10.00 Lietvede Daina Vaitkevica 67804770, rdks@nmv.gov.lvDarba laiks:P. &#8211; C. 9.00 &#8211; 17.00Pk. 9.00 &#8211; 16.00 Direktora&#8230;<\/p>\n","protected":false},"author":16,"featured_media":0,"parent":0,"menu_order":7,"comment_status":"closed","ping_status":"closed","template":"","meta":{"cybocfi_hide_featured_image":"","footnotes":""},"class_list":["post-2793","page","type-page","status-publish","hentry"],"_links":{"self":[{"href":"https:\/\/www.rdks.lv\/lv\/wp-json\/wp\/v2\/pages\/2793","targetHints":{"allow":["GET"]}}],"collection":[{"href":"https:\/\/www.rdks.lv\/lv\/wp-json\/wp\/v2\/pages"}],"about":[{"href":"https:\/\/www.rdks.lv\/lv\/wp-json\/wp\/v2\/types\/page"}],"author":[{"embeddable":true,"href":"https:\/\/www.rdks.lv\/lv\/wp-json\/wp\/v2\/users\/16"}],"replies":[{"embeddable":true,"href":"https:\/\/www.rdks.lv\/lv\/wp-json\/wp\/v2\/comments?post=2793"}],"version-history":[{"count":106,"href":"https:\/\/www.rdks.lv\/lv\/wp-json\/wp\/v2\/pages\/2793\/revisions"}],"predecessor-version":[{"id":18409,"href":"https:\/\/www.rdks.lv\/lv\/wp-json\/wp\/v2\/pages\/2793\/revisions\/18409"}],"wp:attachment":[{"href":"https:\/\/www.rdks.lv\/lv\/wp-json\/wp\/v2\/media?parent=2793"}],"curies":[{"name":"wp","href":"https:\/\/api.w.org\/{rel}","templated":true}]}}