{"id":2760,"date":"2015-04-27T11:30:38","date_gmt":"2015-04-27T08:30:38","guid":{"rendered":"http:\/\/www.rdks.lv\/?page_id=2760"},"modified":"2026-02-26T13:27:16","modified_gmt":"2026-02-26T11:27:16","slug":"macibas","status":"publish","type":"page","link":"https:\/\/www.rdks.lv\/lv\/macibas\/","title":{"rendered":"M\u0101c\u012bbas"},"content":{"rendered":"<p>\u00a0<strong><a href=\"https:\/\/www.rdks.lv\/wp-content\/uploads\/2026\/01\/st_saraksts_2025_26_2sem_projekts_.xlsx\">STUNDU SARAKSTS<\/a><\/strong> 2025.\/2026. m\u0101c\u012bbu gada II semestrim (izmai\u0146as preciz\u0113t e-klas\u0113)<\/p>\r\n<!-- \/wp:post-content -->\r\n\r\n<!-- wp:separator {\"opacity\":\"css\"} \/-->\r\n\r\n<!-- wp:separator {\"opacity\":\"css\"} --><hr class=\"wp-block-separator has-css-opacity\" \/><!-- \/wp:separator -->\r\n\r\n<!-- wp:paragraph -->\r\n<p>Stundu saraksta skaidrojumi:<\/p>\r\n<!-- \/wp:paragraph -->\r\n\r\n<!-- wp:list -->\r\n<ul>\r\n<li><strong>m<\/strong> &#8211; m\u016bziklu programma<\/li>\r\n<li><strong>d\u017e<\/strong> &#8211; d\u017eeza programma<\/li>\r\n<li><strong>d<\/strong> &#8211; diri\u0123entu programma<\/li>\r\n<li><strong>v<\/strong> &#8211; vok\u0101l\u0101 programma<\/li>\r\n<li><strong>M<\/strong> &#8211; meitenes<\/li>\r\n<li><strong>Z<\/strong> &#8211; z\u0113ni<\/li>\r\n<\/ul>\r\n<!-- \/wp:list -->\r\n\r\n<!-- wp:paragraph -->\r\n<p><strong>Skolas darba pl\u0101ns, ieskai\u0161u, eks\u0101menu grafiks <\/strong><a href=\"https:\/\/docs.google.com\/spreadsheets\/d\/1ZhQZBdtHGyNTsPQZhbp5ttq1NM7nOIjw5FQicRvV65Y\/edit?gid=1627248083#gid=1627248083\">SKAT\u012aT \u0160EIT<\/a><\/p>\r\n<!-- \/wp:paragraph -->","protected":false},"excerpt":{"rendered":"<p>\u00a0STUNDU SARAKSTS 2025.\/2026. m\u0101c\u012bbu gada II semestrim (izmai\u0146as preciz\u0113t e-klas\u0113) Stundu saraksta skaidrojumi: m &#8211; m\u016bziklu programma d\u017e &#8211; d\u017eeza programma d &#8211; diri\u0123entu programma v &#8211; vok\u0101l\u0101 programma M &#8211; meitenes Z &#8211; z\u0113ni Skolas darba pl\u0101ns, ieskai\u0161u, eks\u0101menu grafiks SKAT\u012aT \u0160EIT<\/p>\n","protected":false},"author":16,"featured_media":0,"parent":0,"menu_order":3,"comment_status":"closed","ping_status":"closed","template":"","meta":{"cybocfi_hide_featured_image":"","footnotes":""},"class_list":["post-2760","page","type-page","status-publish","hentry"],"_links":{"self":[{"href":"https:\/\/www.rdks.lv\/lv\/wp-json\/wp\/v2\/pages\/2760","targetHints":{"allow":["GET"]}}],"collection":[{"href":"https:\/\/www.rdks.lv\/lv\/wp-json\/wp\/v2\/pages"}],"about":[{"href":"https:\/\/www.rdks.lv\/lv\/wp-json\/wp\/v2\/types\/page"}],"author":[{"embeddable":true,"href":"https:\/\/www.rdks.lv\/lv\/wp-json\/wp\/v2\/users\/16"}],"replies":[{"embeddable":true,"href":"https:\/\/www.rdks.lv\/lv\/wp-json\/wp\/v2\/comments?post=2760"}],"version-history":[{"count":111,"href":"https:\/\/www.rdks.lv\/lv\/wp-json\/wp\/v2\/pages\/2760\/revisions"}],"predecessor-version":[{"id":18239,"href":"https:\/\/www.rdks.lv\/lv\/wp-json\/wp\/v2\/pages\/2760\/revisions\/18239"}],"wp:attachment":[{"href":"https:\/\/www.rdks.lv\/lv\/wp-json\/wp\/v2\/media?parent=2760"}],"curies":[{"name":"wp","href":"https:\/\/api.w.org\/{rel}","templated":true}]}}