{"id":2757,"date":"2015-04-27T11:05:08","date_gmt":"2015-04-27T08:05:08","guid":{"rendered":"http:\/\/www.rdks.lv\/?page_id=2757"},"modified":"2024-01-17T17:18:06","modified_gmt":"2024-01-17T15:18:06","slug":"par-skolu","status":"publish","type":"page","link":"https:\/\/www.rdks.lv\/lv\/par-skolu\/","title":{"rendered":"Par skolu"},"content":{"rendered":"<p><\/p>\n<h2 style=\"text-align: center;\">R\u012bgas Doma kora skola<\/h2>\n<p><a href=\"http:\/\/www.rdks.lv\/wp-content\/uploads\/2013\/12\/P1340141.jpg\"><img loading=\"lazy\" decoding=\"async\" class=\"wp-image-320 aligncenter\" src=\"http:\/\/www.rdks.lv\/wp-content\/uploads\/2013\/12\/P1340141.jpg\" alt=\"P1340141\" width=\"450\" height=\"300\" srcset=\"https:\/\/www.rdks.lv\/wp-content\/uploads\/2013\/12\/P1340141.jpg 1024w, https:\/\/www.rdks.lv\/wp-content\/uploads\/2013\/12\/P1340141-300x200.jpg 300w, https:\/\/www.rdks.lv\/wp-content\/uploads\/2013\/12\/P1340141-250x166.jpg 250w\" sizes=\"auto, (max-width: 450px) 100vw, 450px\" \/><\/a><\/p>\n<p style=\"text-align: justify;\">R\u012bgas Doma kora skola (RDKS) uzs\u0101kusi darb\u012bbu 1994. gada 12. j\u016blij\u0101 ar Ministru kabineta l\u0113muma parakstu par R\u012bgas Doma kora skolas dibin\u0101\u0161anu. 1994. gad\u0101 m\u0101c\u012bbas 12 klas\u0113s s\u0101ka 83 audz\u0113k\u0146i. 2023.\/2024. m\u0101c\u012bbu gad\u0101 R\u012bgas Doma kora skol\u0101 m\u0101c\u0101s 290 audz\u0113k\u0146i. Skol\u0101 str\u0101d\u0101 121 skolot\u0101js.<\/p>\n<p style=\"text-align: justify;\">No 2016. gada 1. septembra R\u012bgas Doma kora skola k\u0101 strukt\u016brvien\u012bba turpina darb\u012bbu Nacion\u0101l\u0101s M\u0101kslu vidusskolas sast\u0101v\u0101 kop\u0101 ar Ja\u0146a Rozent\u0101la M\u0101kslas skolu. No 2017. gada 1. janv\u0101ra Nacion\u0101lajai M\u0101kslu vidusskolai pie\u0161\u0137irts profesion\u0101l\u0101s izgl\u012bt\u012bbas kompetences centra statuss. No 2023. gada tas main\u012bts uz m\u0101kslu izgl\u012bt\u012bbas kompetences centra statusu.<\/p>\n<hr \/>\n<p><img loading=\"lazy\" decoding=\"async\" class=\"wp-image-15912 aligncenter\" src=\"https:\/\/www.rdks.lv\/wp-content\/uploads\/2024\/01\/419722051_926358436162272_8150359519909553294_n-300x258.jpg\" alt=\"\" width=\"485\" height=\"417\" srcset=\"https:\/\/www.rdks.lv\/wp-content\/uploads\/2024\/01\/419722051_926358436162272_8150359519909553294_n-300x258.jpg 300w, https:\/\/www.rdks.lv\/wp-content\/uploads\/2024\/01\/419722051_926358436162272_8150359519909553294_n-1024x881.jpg 1024w, https:\/\/www.rdks.lv\/wp-content\/uploads\/2024\/01\/419722051_926358436162272_8150359519909553294_n-768x660.jpg 768w, https:\/\/www.rdks.lv\/wp-content\/uploads\/2024\/01\/419722051_926358436162272_8150359519909553294_n-1536x1321.jpg 1536w, https:\/\/www.rdks.lv\/wp-content\/uploads\/2024\/01\/419722051_926358436162272_8150359519909553294_n.jpg 2048w\" sizes=\"auto, (max-width: 485px) 100vw, 485px\" \/><\/p>\n<p style=\"text-align: center;\">Skolas saime 2023. gada 22. septembr\u012b<br \/>\nFoto: M\u0101rti\u0146\u0161 Kli\u0161\u0101ns, Aivars Krasti\u0146\u0161<\/p>\n<p><\/p>","protected":false},"excerpt":{"rendered":"<p>R\u012bgas Doma kora skola R\u012bgas Doma kora skola (RDKS) uzs\u0101kusi darb\u012bbu 1994. gada 12. j\u016blij\u0101 ar Ministru kabineta l\u0113muma parakstu par R\u012bgas Doma kora skolas dibin\u0101\u0161anu. 1994. gad\u0101 m\u0101c\u012bbas 12 klas\u0113s s\u0101ka 83 audz\u0113k\u0146i. 2023.\/2024. m\u0101c\u012bbu gad\u0101 R\u012bgas Doma kora skol\u0101 m\u0101c\u0101s 290 audz\u0113k\u0146i. Skol\u0101 str\u0101d\u0101 121 skolot\u0101js. No 2016. gada 1. septembra R\u012bgas Doma&#8230;<\/p>\n","protected":false},"author":16,"featured_media":0,"parent":0,"menu_order":2,"comment_status":"closed","ping_status":"closed","template":"","meta":{"cybocfi_hide_featured_image":"","footnotes":""},"class_list":["post-2757","page","type-page","status-publish","hentry"],"_links":{"self":[{"href":"https:\/\/www.rdks.lv\/lv\/wp-json\/wp\/v2\/pages\/2757","targetHints":{"allow":["GET"]}}],"collection":[{"href":"https:\/\/www.rdks.lv\/lv\/wp-json\/wp\/v2\/pages"}],"about":[{"href":"https:\/\/www.rdks.lv\/lv\/wp-json\/wp\/v2\/types\/page"}],"author":[{"embeddable":true,"href":"https:\/\/www.rdks.lv\/lv\/wp-json\/wp\/v2\/users\/16"}],"replies":[{"embeddable":true,"href":"https:\/\/www.rdks.lv\/lv\/wp-json\/wp\/v2\/comments?post=2757"}],"version-history":[{"count":28,"href":"https:\/\/www.rdks.lv\/lv\/wp-json\/wp\/v2\/pages\/2757\/revisions"}],"predecessor-version":[{"id":15914,"href":"https:\/\/www.rdks.lv\/lv\/wp-json\/wp\/v2\/pages\/2757\/revisions\/15914"}],"wp:attachment":[{"href":"https:\/\/www.rdks.lv\/lv\/wp-json\/wp\/v2\/media?parent=2757"}],"curies":[{"name":"wp","href":"https:\/\/api.w.org\/{rel}","templated":true}]}}