{"id":18087,"date":"2026-01-11T22:22:46","date_gmt":"2026-01-11T20:22:46","guid":{"rendered":"https:\/\/www.rdks.lv\/?page_id=18087"},"modified":"2026-01-11T22:27:30","modified_gmt":"2026-01-11T20:27:30","slug":"konsultacijas","status":"publish","type":"page","link":"https:\/\/www.rdks.lv\/lv\/konsultacijas\/","title":{"rendered":"Konsult\u0101cijas"},"content":{"rendered":"<p><strong>Konsult\u0101ciju grafiks\u00a0 pie m\u016bzikas teor\u0113tisko priek\u0161metu pedagogiem 2025.\/2026.m.g.<\/strong><\/p>\n<hr \/>\n<table>\n<tbody>\n<tr>\n<td width=\"150\"><strong>Pedagogs<\/strong><\/td>\n<td width=\"95\"><strong>Diena<\/strong><\/td>\n<td width=\"123\"><strong>Laiks<\/strong><\/td>\n<td width=\"142\"><strong>Vieta<\/strong><\/td>\n<\/tr>\n<tr>\n<td rowspan=\"3\" width=\"150\">J\u016blija Jon\u0101ne<\/td>\n<td width=\"95\">Otrdiena<\/td>\n<td width=\"123\">8.40 &#8211; 9.20<\/td>\n<td width=\"142\">Skolas iela 11<\/td>\n<\/tr>\n<tr>\n<td width=\"95\">Ceturtdiena<\/td>\n<td width=\"123\">8.40 &#8211;\u00a0 9.20<\/td>\n<td width=\"142\">Skolas iela 11<\/td>\n<\/tr>\n<tr>\n<td width=\"95\">Otrdiena<\/td>\n<td width=\"123\">17.00 &#8211; 17.40<\/td>\n<td width=\"142\">Kronvalda iela 1<\/td>\n<\/tr>\n<tr>\n<td rowspan=\"2\" width=\"150\">Ilze Jankevica<\/td>\n<td width=\"95\">Otrdiena<\/td>\n<td width=\"123\">17.00 &#8211; 17.40<\/td>\n<td width=\"142\">Skolas iela 11<\/td>\n<\/tr>\n<tr>\n<td width=\"95\">Piektdiena<\/td>\n<td width=\"123\">17.00 &#8211; 17.40<\/td>\n<td width=\"142\">Kronvalda iela 1<\/td>\n<\/tr>\n<tr>\n<td width=\"150\">Iveta Grunde<\/td>\n<td width=\"95\">Otrdiena<\/td>\n<td width=\"123\">17.00 &#8211; 17.40<\/td>\n<td width=\"142\">Skolas iela 11<\/td>\n<\/tr>\n<tr>\n<td width=\"150\">Maija Veinberga<\/td>\n<td width=\"95\">Piektdiena<\/td>\n<td width=\"123\">14.00-15.00<\/td>\n<td width=\"142\">Kronvalda iela 1<\/td>\n<\/tr>\n<tr>\n<td width=\"150\">Katarina Skr\u016bzmane<\/td>\n<td width=\"95\">Piektdiena<\/td>\n<td width=\"123\">7.50 \u2013 8.30<\/td>\n<td width=\"142\">Kronvalda iela 1<\/td>\n<\/tr>\n<tr>\n<td width=\"150\">Tina Enia Goba<\/td>\n<td width=\"95\">Ceturtdiena<\/td>\n<td width=\"123\">7.50 \u2013 8.30<\/td>\n<td width=\"142\">Kronvalda iela 1<\/td>\n<\/tr>\n<tr>\n<td width=\"150\">Egija Ozoli\u0146a<\/td>\n<td width=\"95\">Tre\u0161diena<\/td>\n<td width=\"123\">16.40 -17.20<\/td>\n<td width=\"142\">Kronvalda iela 1<\/td>\n<\/tr>\n<tr>\n<td rowspan=\"2\" width=\"150\">Anna Matveja<\/td>\n<td width=\"95\">Pirmdiena<\/td>\n<td width=\"123\">15.55- 16.35<\/td>\n<td width=\"142\">Kronvalda iela 1<\/td>\n<\/tr>\n<tr>\n<td width=\"95\">Ceturtdiena<\/td>\n<td width=\"123\">13.15 -14.45<\/td>\n<td width=\"142\">Kronvalda iela 1<\/td>\n<\/tr>\n<\/tbody>\n<\/table>\n<p><\/p>","protected":false},"excerpt":{"rendered":"<p>Konsult\u0101ciju grafiks\u00a0 pie m\u016bzikas teor\u0113tisko priek\u0161metu pedagogiem 2025.\/2026.m.g. Pedagogs Diena Laiks Vieta J\u016blija Jon\u0101ne Otrdiena 8.40 &#8211; 9.20 Skolas iela 11 Ceturtdiena 8.40 &#8211;\u00a0 9.20 Skolas iela 11 Otrdiena 17.00 &#8211; 17.40 Kronvalda iela 1 Ilze Jankevica Otrdiena 17.00 &#8211; 17.40 Skolas iela 11 Piektdiena 17.00 &#8211; 17.40 Kronvalda iela 1 Iveta Grunde Otrdiena 17.00&#8230;<\/p>\n","protected":false},"author":22,"featured_media":0,"parent":0,"menu_order":0,"comment_status":"closed","ping_status":"closed","template":"","meta":{"cybocfi_hide_featured_image":"","footnotes":""},"class_list":["post-18087","page","type-page","status-publish","hentry"],"_links":{"self":[{"href":"https:\/\/www.rdks.lv\/lv\/wp-json\/wp\/v2\/pages\/18087","targetHints":{"allow":["GET"]}}],"collection":[{"href":"https:\/\/www.rdks.lv\/lv\/wp-json\/wp\/v2\/pages"}],"about":[{"href":"https:\/\/www.rdks.lv\/lv\/wp-json\/wp\/v2\/types\/page"}],"author":[{"embeddable":true,"href":"https:\/\/www.rdks.lv\/lv\/wp-json\/wp\/v2\/users\/22"}],"replies":[{"embeddable":true,"href":"https:\/\/www.rdks.lv\/lv\/wp-json\/wp\/v2\/comments?post=18087"}],"version-history":[{"count":3,"href":"https:\/\/www.rdks.lv\/lv\/wp-json\/wp\/v2\/pages\/18087\/revisions"}],"predecessor-version":[{"id":18092,"href":"https:\/\/www.rdks.lv\/lv\/wp-json\/wp\/v2\/pages\/18087\/revisions\/18092"}],"wp:attachment":[{"href":"https:\/\/www.rdks.lv\/lv\/wp-json\/wp\/v2\/media?parent=18087"}],"curies":[{"name":"wp","href":"https:\/\/api.w.org\/{rel}","templated":true}]}}