{"id":17936,"date":"2025-12-04T14:13:27","date_gmt":"2025-12-04T12:13:27","guid":{"rendered":"https:\/\/www.rdks.lv\/?page_id=17936"},"modified":"2026-04-12T11:44:31","modified_gmt":"2026-04-12T09:44:31","slug":"3-9-klase","status":"publish","type":"page","link":"https:\/\/www.rdks.lv\/lv\/3-9-klase\/","title":{"rendered":"3.-9. klase"},"content":{"rendered":"<p><\/p>\n<p style=\"text-align: center;\"><strong><a href=\"http:\/\/www.rdks.lv\/wp-content\/uploads\/2018\/04\/Att%C4%93ls1.png\"><img decoding=\"async\" class=\"wp-image-7454\" src=\"http:\/\/www.rdks.lv\/wp-content\/uploads\/2018\/04\/Att%C4%93ls1.png\" alt=\"\" \/><\/a>Uz\u0146em\u0161ana R\u012bgas Doma kora skolas 3.-9. klas\u0113 uz 2026.\/2027. m\u0101c\u012bbu gadu<\/strong><\/p>\n<hr \/>\n<p><a href=\"https:\/\/www.rdks.lv\/wp-content\/uploads\/2025\/12\/RDKS-Uznemsanas-noteikumi-2026-2027.pdf\"><strong>Uz\u0146em\u0161anas noteikumi 2026.\/2027. m\u0101c\u012bbu gadam<\/strong><\/a><\/p>\n<ul>\n<li>Uz\u0146em\u0161anas dokumentu iesnieg\u0161ana &#8211; <strong>2026. gada 5. &#8211; 30. maijs<\/strong><\/li>\n<li>Uz\u0146em\u0161anas p\u0101rbaud\u012bjumi &#8211; <strong>2026. gada 8. j\u016bnij\u0101<\/strong><\/li>\n<li><a href=\"https:\/\/forms.gle\/8PvfLYHwpcJedXkm6\">Uz\u0146em\u0161anas pieteikuma veidlapa<\/a> &#8211; veidlapa b\u016bs akt\u012bva no maija<\/li>\n<li><a href=\"https:\/\/www.rdks.lv\/wp-content\/uploads\/2026\/04\/uznemsanas-eks-saraksts-3-9.kl_.-26.pdf\">Uz\u0146em\u0161anas p\u0101rbaud\u012bjumu pl\u0101ns<\/a><\/li>\n<\/ul>\n<hr \/>\n<p><strong>Uz\u0146em\u0161anas p\u0101rbaud\u012bjumu pras\u012bbas<\/strong><\/p>\n<ul>\n<li><a href=\"https:\/\/www.rdks.lv\/wp-content\/uploads\/2026\/01\/Parbaudijumu-prasibas-2026_3-9kl-1.pdf\">Dzied\u0101\u0161ana un klaviersp\u0113le<\/a><\/li>\n<li><a href=\"https:\/\/www.rdks.lv\/wp-content\/uploads\/2026\/02\/Iestajeksamenu-prasibas-2026.pdf\">Solfed\u017eo<\/a><\/li>\n<\/ul>\n<hr \/>\n<p><strong>Konsult\u0101cijas reflektantiem<\/strong><\/p>\n<ul>\n<li><span data-olk-copy-source=\"MessageBody\">25. apr\u012bl\u012b &#8211; <a href=\"https:\/\/docs.google.com\/forms\/d\/e\/1FAIpQLSeYS1RtnoCUmLRBkF1TIcOQt6dVxI42d_SsBODGTVwFWJKvJQ\/viewform?usp=dialog\"><strong>pieteikties konsult\u0101cij\u0101m<\/strong><\/a><\/span><\/li>\n<li><span data-olk-copy-source=\"MessageBody\">30. maij\u0101<\/span>\n<ul>\n<li style=\"list-style-type: none;\"><\/li>\n<\/ul>\n<\/li>\n<\/ul>\n<p><\/p>","protected":false},"excerpt":{"rendered":"<p>Uz\u0146em\u0161ana R\u012bgas Doma kora skolas 3.-9. klas\u0113 uz 2026.\/2027. m\u0101c\u012bbu gadu Uz\u0146em\u0161anas noteikumi 2026.\/2027. m\u0101c\u012bbu gadam Uz\u0146em\u0161anas dokumentu iesnieg\u0161ana &#8211; 2026. gada 5. &#8211; 30. maijs Uz\u0146em\u0161anas p\u0101rbaud\u012bjumi &#8211; 2026. gada 8. j\u016bnij\u0101 Uz\u0146em\u0161anas pieteikuma veidlapa &#8211; veidlapa b\u016bs akt\u012bva no maija Uz\u0146em\u0161anas p\u0101rbaud\u012bjumu pl\u0101ns Uz\u0146em\u0161anas p\u0101rbaud\u012bjumu pras\u012bbas Dzied\u0101\u0161ana un klaviersp\u0113le Solfed\u017eo Konsult\u0101cijas reflektantiem 25&#8230;.<\/p>\n","protected":false},"author":22,"featured_media":0,"parent":0,"menu_order":0,"comment_status":"closed","ping_status":"closed","template":"","meta":{"cybocfi_hide_featured_image":"","footnotes":""},"class_list":["post-17936","page","type-page","status-publish","hentry"],"_links":{"self":[{"href":"https:\/\/www.rdks.lv\/lv\/wp-json\/wp\/v2\/pages\/17936","targetHints":{"allow":["GET"]}}],"collection":[{"href":"https:\/\/www.rdks.lv\/lv\/wp-json\/wp\/v2\/pages"}],"about":[{"href":"https:\/\/www.rdks.lv\/lv\/wp-json\/wp\/v2\/types\/page"}],"author":[{"embeddable":true,"href":"https:\/\/www.rdks.lv\/lv\/wp-json\/wp\/v2\/users\/22"}],"replies":[{"embeddable":true,"href":"https:\/\/www.rdks.lv\/lv\/wp-json\/wp\/v2\/comments?post=17936"}],"version-history":[{"count":22,"href":"https:\/\/www.rdks.lv\/lv\/wp-json\/wp\/v2\/pages\/17936\/revisions"}],"predecessor-version":[{"id":18465,"href":"https:\/\/www.rdks.lv\/lv\/wp-json\/wp\/v2\/pages\/17936\/revisions\/18465"}],"wp:attachment":[{"href":"https:\/\/www.rdks.lv\/lv\/wp-json\/wp\/v2\/media?parent=17936"}],"curies":[{"name":"wp","href":"https:\/\/api.w.org\/{rel}","templated":true}]}}