{"id":172,"date":"2013-12-19T02:50:01","date_gmt":"2013-12-19T02:50:01","guid":{"rendered":"http:\/\/213.175.126.152\/?page_id=172"},"modified":"2023-08-31T17:08:35","modified_gmt":"2023-08-31T15:08:35","slug":"jauktais-koris","status":"publish","type":"page","link":"https:\/\/www.rdks.lv\/lv\/par-skolu\/kori\/jauktais-koris\/","title":{"rendered":"Jauktais koris"},"content":{"rendered":"<p><\/p>\n<p style=\"text-align: left;\"><a href=\"https:\/\/www.facebook.com\/mixedchoirofrccs\"><strong>R\u012aGAS DOMA KORA SKOLAS JAUKTAIS KORIS<\/strong><\/a><br \/>\nDiri\u0123ents un m\u0101kslinieciskais vad\u012bt\u0101js <strong>Jur\u0123is C\u0101bulis<\/strong><\/p>\n<p style=\"text-align: justify;\">Pak\u0101peniski pieaugot audz\u0113k\u0146u skaitam, \u013coti noz\u012bm\u012bgs notikums ar nep\u0101rv\u0113rt\u0113jamu noz\u012bmi pilnv\u0113rt\u012bga m\u0101c\u012bbu procesa nodro\u0161in\u0101\u0161an\u0101 jaunajiem diri\u0123entiem R\u012bgas Doma kora skol\u0101 bija vidusskolas m\u0101c\u012bbu kora izveido\u0161ana 1996. gad\u0101. T\u0101 sast\u0101vu veido kordiri\u0123\u0113\u0161anas un vok\u0101l\u0101s noda\u013cas audz\u0113k\u0146i un kop\u0161 2014.\/2015. gada ar\u012b pamatskolas pui\u0161i p\u0113c balss l\u016bzuma. Kora pamatuzdevums ir b\u016bt rado\u0161ai videi, kur\u0101 str\u0101d\u0101t un nostiprin\u0101t gan diri\u0123enta, gan kora dzied\u0101t\u0101ja iema\u0146as. Jaukto kori vada <strong>Jur\u0123is C\u0101bulis<\/strong><strong>.<\/strong><\/p>\n<p><a href=\"http:\/\/www.rdks.lv\/wp-content\/uploads\/2020\/12\/IMG_3035_web.jpg\"><img loading=\"lazy\" decoding=\"async\" class=\"alignnone size-full wp-image-11597\" src=\"http:\/\/www.rdks.lv\/wp-content\/uploads\/2020\/12\/IMG_3035_web.jpg\" alt=\"\" width=\"1600\" height=\"1067\" \/><\/a><\/p>\n<p style=\"text-align: justify;\">Lai ar\u012b jaukt\u0101 kora s\u0101kotn\u0113j\u0101 priorit\u0101te nav bijusi koncertdarb\u012bba, tom\u0113r korim biju\u0161as daudzas spilgtas uzst\u0101\u0161an\u0101s, koris kvalit\u0101tes un atpaz\u012bstam\u012bbas zi\u0146\u0101 ierindojas l\u012bdz\u0101s jau atz\u012btajiem skolasbiedriem \u2013 R\u012bgas Doma z\u0113nu un meite\u0146u koriem. R\u012bgas Doma kora skolas jauktais koris sevi pier\u0101d\u012bjis ar\u012b koru konkursos \u2013 ieg\u016bstot GRAND PRIX un vair\u0101kas specbalvas gan starptautiskaj\u0101 koru konkurs\u0101 \u201cPraga Cantat\u201d 2017. gad\u0101, gan III Starptautiskaj\u0101 Baltijas j\u016bras koru konkurs\u0101 2018. gad\u0101. Sadarb\u012bb\u0101 ar Lielbrit\u0101nijas klasisk\u0101s m\u016bzikas ierakstu komp\u0101niju \u201cHyperion Records\u201d 2020. gad\u0101 koris laida klaj\u0101 savu pirmo abumu \u201cAeternum\u201d ar komponista J\u0113kaba Jan\u010devska korm\u016bziku. Kora koncerts \u201cAmao Omi\u201d 2022. gad\u0101 apbalvots ar Lielo m\u016bzikas balvu. 2023. gad\u0101 koris piedal\u012bj\u0101s Eiropas Jaunie\u0161u koru festiv\u0101l\u0101 \u0160veic\u0113, kur k\u0101 \u012bpa\u0161ais viesis izpild\u012bja \u0112rika E\u0161envalda multimedi\u0101lo simfoniju \u201cNordic Light\u201d.<\/p>\n<hr \/>\n<p><iframe loading=\"lazy\" title=\"P\u0113teris Vasks - The Fruit of Silence (Mixed Choir of Riga Cathedral Choir School, Jur\u0123is C\u0101bulis)\" width=\"640\" height=\"360\" src=\"https:\/\/www.youtube.com\/embed\/FGM6lM8DhlQ?feature=oembed\" frameborder=\"0\" allow=\"accelerometer; autoplay; clipboard-write; encrypted-media; gyroscope; picture-in-picture; web-share\" referrerpolicy=\"strict-origin-when-cross-origin\" allowfullscreen><\/iframe><\/p>\n<p>&nbsp;<\/p>\n<p>&nbsp;<\/p>","protected":false},"excerpt":{"rendered":"<p>R\u012aGAS DOMA KORA SKOLAS JAUKTAIS KORIS Diri\u0123ents un m\u0101kslinieciskais vad\u012bt\u0101js Jur\u0123is C\u0101bulis Pak\u0101peniski pieaugot audz\u0113k\u0146u skaitam, \u013coti noz\u012bm\u012bgs notikums ar nep\u0101rv\u0113rt\u0113jamu noz\u012bmi pilnv\u0113rt\u012bga m\u0101c\u012bbu procesa nodro\u0161in\u0101\u0161an\u0101 jaunajiem diri\u0123entiem R\u012bgas Doma kora skol\u0101 bija vidusskolas m\u0101c\u012bbu kora izveido\u0161ana 1996. gad\u0101. T\u0101 sast\u0101vu veido kordiri\u0123\u0113\u0161anas un vok\u0101l\u0101s noda\u013cas audz\u0113k\u0146i un kop\u0161 2014.\/2015. gada ar\u012b pamatskolas pui\u0161i p\u0113c&#8230;<\/p>\n","protected":false},"author":16,"featured_media":0,"parent":129,"menu_order":3,"comment_status":"closed","ping_status":"open","template":"","meta":{"cybocfi_hide_featured_image":"","footnotes":""},"class_list":["post-172","page","type-page","status-publish","hentry"],"_links":{"self":[{"href":"https:\/\/www.rdks.lv\/lv\/wp-json\/wp\/v2\/pages\/172","targetHints":{"allow":["GET"]}}],"collection":[{"href":"https:\/\/www.rdks.lv\/lv\/wp-json\/wp\/v2\/pages"}],"about":[{"href":"https:\/\/www.rdks.lv\/lv\/wp-json\/wp\/v2\/types\/page"}],"author":[{"embeddable":true,"href":"https:\/\/www.rdks.lv\/lv\/wp-json\/wp\/v2\/users\/16"}],"replies":[{"embeddable":true,"href":"https:\/\/www.rdks.lv\/lv\/wp-json\/wp\/v2\/comments?post=172"}],"version-history":[{"count":38,"href":"https:\/\/www.rdks.lv\/lv\/wp-json\/wp\/v2\/pages\/172\/revisions"}],"predecessor-version":[{"id":15457,"href":"https:\/\/www.rdks.lv\/lv\/wp-json\/wp\/v2\/pages\/172\/revisions\/15457"}],"up":[{"embeddable":true,"href":"https:\/\/www.rdks.lv\/lv\/wp-json\/wp\/v2\/pages\/129"}],"wp:attachment":[{"href":"https:\/\/www.rdks.lv\/lv\/wp-json\/wp\/v2\/media?parent=172"}],"curies":[{"name":"wp","href":"https:\/\/api.w.org\/{rel}","templated":true}]}}