{"id":170,"date":"2013-12-19T02:49:41","date_gmt":"2013-12-19T02:49:41","guid":{"rendered":"http:\/\/213.175.126.152\/?page_id=170"},"modified":"2023-08-31T16:56:52","modified_gmt":"2023-08-31T14:56:52","slug":"meitenu-koris","status":"publish","type":"page","link":"https:\/\/www.rdks.lv\/lv\/par-skolu\/kori\/meitenu-koris\/","title":{"rendered":"Meite\u0146u koris"},"content":{"rendered":"<p><a href=\"https:\/\/www.facebook.com\/profile.php?id=100064713847204\"><strong>R\u012aGAS DOMA MEITE\u0145U KORIS TIARA<\/strong><\/a><br \/>\nDiri\u0123ente un m\u0101ksliniecisk\u0101 vad\u012bt\u0101ja <strong>Aira Birzi\u0146a<\/strong><\/p>\n<p style=\"text-align: justify;\"><strong>R\u012bgas Doma meite\u0146u koris TIARA <\/strong>l\u012bdz\u0101s Latvijas profesion\u0101lajiem un lab\u0101kajiem amatierkoriem ir viens no \u0161obr\u012bd spilgt\u0101kajiem un akt\u012bv\u0101kajiem muzik\u0101lajiem kolekt\u012bviem Latvijas koncertdz\u012bv\u0113, vair\u0101kk\u0101rt\u0113js starptautisko koru konkursu uzvar\u0113t\u0101js, k\u0101 ar\u012b rado\u0161a laboratorija daudz\u0101m jaun\u0101m muzik\u0101l\u0101m idej\u0101m.<\/p>\n<p style=\"text-align: justify;\"><strong>Par kora dibin\u0101\u0161anas gadu tiek uzskat\u012bts<\/strong> <strong>1997<\/strong>. <strong>gads<\/strong>, kad s\u0101k\u0101s ros\u012bga un akt\u012bva koncertdz\u012bve un dal\u012bba R\u012bgas Doma dievkalpojumos. Kop\u0161 dibin\u0101\u0161anas koris audzis un main\u012bjies, bet \u0161obr\u012bd taj\u0101 dzied visas R\u012bgas Doma kora skolas meitenes no 3. l\u012bdz 9. klasei \u2013 <strong>73 dzied\u0101t\u0101jas<\/strong> ar skaist\u0101m bals\u012bm, liel\u0101m darba sp\u0113j\u0101m un vienreiz\u012bgu ener\u0123\u0113tisko potenci\u0101lu. No 1997. l\u012bdz 2000. gadam kora diri\u0123ente bija <strong>Gunta Birzi\u0146a<\/strong>. <strong>Kop\u0161 2000. gada kori vada diri\u0123ente Mg. art. Aira Birzi\u0146a<\/strong>.<\/p>\n<p style=\"text-align: justify;\">Meite\u0146u <strong>kora repertu\u0101rs<\/strong> <strong>ir pla\u0161s un daudzveid\u012bgs<\/strong> \u2013 latvie\u0161u tautasdziesmu apdares un ori\u0123in\u0101ldziesmas, sakr\u0101la un laic\u012bga sen\u0101 m\u016bzika, klasika, romantisk\u0101 un m\u016bsdienu m\u016bzika. Noz\u012bm\u012bga vieta koncertprogramm\u0101s ier\u0101d\u012bta pasaul\u0113 paz\u012bstam\u0101kajiem ska\u0146darbiem viendab\u012bgam kora balsu sast\u0101vam \u2013 Fransisa Pulenka <em>Lit\u0101nijas Rokamad\u016bras Dievm\u0101tei<\/em>, Bend\u017eamina Britena <em>150. psalms<\/em>, <em>Missa Brevis in D<\/em>, <em>A Ceremony of Carols<\/em>, opera <em>Mazais skurste\u0146slau\u0137is<\/em>, Gabriela For\u0113 <em>Messe basse<\/em>, F\u0113liksa Mendelsona-Bartoldi <em>Drei Motetten<\/em>, Mihaela Haidna <em>Laudate pueri Dominum<\/em> u. c. Sadarb\u012bb\u0101 ar latvie\u0161u komponistiem koncertos bie\u017ei skan \u012bpa\u0161i korim TIARA velt\u012bti jaundarbi \u2013 tos kompon\u0113ju\u0161i Dace Aper\u0101ne, M\u0101rti\u0146\u0161 Brauns, L\u012bga Celma-Kursiete, Pauls Dambis, Rihards Dubra, Laura J\u0113kabsone, Aivars Kal\u0113js, Agneta Krilova, Juris Kulakovs, J\u0101nis L\u016bs\u0113ns, Selga Mence, Raimonds Pauls, U\u0123is Prauli\u0146\u0161, Valts P\u016bce, Lolita Ritmanis, Andris S\u0113j\u0101ns, Evija Sku\u0137e, Ren\u0101te Stivri\u0146a, Juris Vaivods, Valdis Zilveris un citi.<\/p>\n<p style=\"text-align: justify;\">Augstu tikusi nov\u0113rt\u0113ta meite\u0146u kora dal\u012bba starptautiskos konkursos un festiv\u0101los Austr\u0101lij\u0101, Austrij\u0101, Igaunij\u0101, It\u0101lij\u0101, Lielbrit\u0101nij\u0101, Lietuv\u0101, Sp\u0101nij\u0101, Ung\u0101rij\u0101, V\u0101cij\u0101, Zviedrij\u0101.<\/p>\n<p style=\"text-align: justify;\">R\u012bgas Doma meite\u0146u kora darb\u012bb\u0101 noz\u012bm\u012bgu vietu ie\u0146em da\u017e\u0101di rado\u0161ie projekti, izr\u0101des, ori\u0123in\u0101lprogrammas \u2013 koncertuzvedums \u201c<strong>Gribas drusku pabl\u0113\u0146oties<\/strong>\u201d kur\u0101 sadarb\u012bb\u0101 ar scen\u0101ristiem un re\u017eisoriem Rozi Stiebru un Ansi B\u0113rzi\u0146u tika izv\u0113l\u0113tas studijas \u201eDauka\u201d anim\u0101cijas filmu dziesmas (tika izdots ar\u012b CD, DVD), Riharda Dubras <strong>\u201eTe Deum\u201d<\/strong>, Jura Kulakova dramatisk\u0101 kant\u0101te <strong>\u201eSarkanais vilciens\u201d<\/strong>, Karla D\u017eenkinsa <strong>\u201eAdiemus. Songs of Sanctuary\u201d<\/strong>, Endr\u016b Loida V\u0113bera <strong>\u201eJ\u0101zeps un raibais br\u012bnumsap\u0146u m\u0113telis\u201d<\/strong>, U\u0123a Prauli\u0146a <strong>\u201eDz\u012bv\u012bbas koks\u201d<\/strong>,<strong> \u201eKartupe\u013cu opera\u201d<\/strong> (<strong>Ineses Zanderes <\/strong>librets, <strong>Evijas Sku\u0137es, M\u0101rti\u0146a Brauna, Andra S\u0113j\u0101na, Riharda Dubras, L\u012bgas Celmas-Kursietes un Lolitas Ritmanis <\/strong>m\u016bzika, re\u017eisore <strong>Margo Z\u0101l\u012bte).<\/strong><\/p>\n<p style=\"text-align: justify;\">Noz\u012bm\u012bgs ir kora TIARA devums m\u016bzikas ierakstu izdo\u0161an\u0101 \u2013 2012. gad\u0101 izn\u0101ca kora kompaktdisks <strong>\u201eJubilatio\u201d<\/strong>, kas tika ierakst\u012bts R\u012bgas Dom\u0101 kop\u0101 ar \u0113r\u0123elnieci Vitu Kalnciemu. 2012. gad\u0101 izn\u0101ca ar\u012b Romualda Jermaka jubilejas disks <strong>\u201e<\/strong><strong>Perpetuum Mobile\u201d<\/strong>, savuk\u0101rt 2016. gada ruden\u012b klaus\u012bt\u0101jiem tika nodots ierakstu albums <strong>\u201e<\/strong><strong>Domus Mea\u201d<\/strong>, kas tapa sadarb\u012bb\u0101 ar Guntaru Pr\u0101ni un <em>Schola Cantorum Riga<\/em>. <strong>2018. gada decembr\u012b <\/strong>klaj\u0101 n\u0101ca R\u012bgas Doma meite\u0146u kora TIARA<strong> kompaktdisks \u201cZiemas dziesmas\u201d<\/strong>, bet <strong>2019. gada s\u0101kum\u0101 \u2013 disks \u201cCaur sidraba birzi g\u0101ju\u201d<\/strong>. Tajos ieska\u0146otas latvie\u0161u komponistu tautasdziesmu apdares un ori\u0123in\u0101ldziesmas, daudzas no t\u0101m \u2013 k\u0101 \u012bpa\u0161i velt\u012bjumi korim TIARA.<\/p>\n<p style=\"text-align: justify;\"><strong>2017. gada j\u016blij\u0101 R\u012bgas Doma meite\u0146u koris TIARA bija \u012bpa\u0161i uzaicin\u0101to koru vid\u016b 11. Pasaules Korm\u016bzikas simpozij\u0101 Barselon\u0101<\/strong>, <strong>Sp\u0101nij\u0101<\/strong>. Simpoziju r\u012bkoja Starptautisk\u0101 Korm\u016bzikas feder\u0101cija (IFCM), un t\u0101 dal\u012bbnieki \u2013 kori, diri\u0123enti, komponisti, citi m\u016bzikas profesion\u0101\u013ci \u2013 tika aicin\u0101ti p\u0113c r\u016bp\u012bgas atlases, izv\u0113rt\u0113jot m\u0101ksliniecisko kvalit\u0101ti, rado\u0161\u0101s idejas, aktualit\u0101ti nozar\u0113. Simpozij\u0101 piedal\u012bj\u0101s 24 aicin\u0101tie kori no 16 pasaules valst\u012bm. Simpozija ietvaros meite\u0146u koris TIARA sniedza 4 solokoncertus, tai skait\u0101 uzst\u0101j\u0101s presti\u017eaj\u0101 koncertz\u0101l\u0113 <em>L`Auditori<\/em> Barselon\u0101, kur tika pirmatska\u0146ots filip\u012bnie\u0161u komponista D\u017e. A. Pamintuana (<em>J. A. Pamintuan<\/em>) ska\u0146darbs <em>Colores Pacis<\/em>.<\/p>\n<p style=\"text-align: justify;\">Ar kr\u0101\u0161\u0146u koncertu <strong>Latvijas Universit\u0101tes Lielaj\u0101 aul\u0101 2017. gada 2. decembr\u012b <\/strong>tika atz\u012bm\u0113ta meite\u0146u kora TIARA<strong> 20 gadu jubileja<\/strong>, pulc\u0113jot kop\u0101 eso\u0161\u0101s un biju\u0161\u0101s dzied\u0101t\u0101jas.<\/p>\n<p><a href=\"http:\/\/www.rdks.lv\/wp-content\/uploads\/2020\/12\/0003.jpg\"><img loading=\"lazy\" decoding=\"async\" class=\"alignnone size-full wp-image-11589\" src=\"http:\/\/www.rdks.lv\/wp-content\/uploads\/2020\/12\/0003.jpg\" alt=\"\" width=\"1200\" height=\"800\" \/><\/a><\/p>\n<p style=\"text-align: justify;\"><strong>2018. gada 9. decembr\u012b Lielaj\u0101 \u0123ild\u0113, R\u012bg\u0101, pirmuzvedumu Latvij\u0101 piedz\u012bvoja Kan\u0101d\u0101 dz\u012bvojo\u0161\u0101 latvie\u0161u komponista Imanta Rami\u0146a opera \u201cLakst\u012bgala\u201d<\/strong>, kur\u0101 galven\u0101s lomas atveidoja R\u012bgas Doma meite\u0146u koris TIARA un divas baler\u012bnas. M\u0101ras \u0136imeles re\u017eij\u0101 tika iedz\u012bvin\u0101ta pasaulslaven\u0101 d\u0101\u0146u rakstnieka H. K. Andersena t\u0101da pa\u0161a nosaukuma pasaka. Uzvedum\u0101 piedal\u012bj\u0101s solisti J\u0101nis Kur\u0161evs, Ance Purmale, Katr\u012bna Paula Felsberga, R\u016bdolfs B\u0113rti\u0146\u0161, k\u0101 ar\u012b kameror\u0137estris Agneses Kanni\u0146as vad\u012bb\u0101. Operas uzvedums tapa, sadarbojoties izcilai rado\u0161ai komandai \u2013 diri\u0123entei Airai Birzi\u0146ai, re\u017eisorei M\u0101rai \u0136imelei, horeogr\u0101fam Albertam Kivleniekam, baletmeistarei Reg\u012bnai Kaupu\u017eai, scenogr\u0101fei, kost\u012bmu m\u0101ksliniecei Ingai Bermakai-Apiahai un gaismu m\u0101ksliniekam M\u0101rim S\u0113j\u0101nam. <strong>Opera \u201cLakst\u012bgala\u201d nopeln\u012bja augstu atzin\u012bbu Latvijas profesion\u0101l\u0101s m\u016bzikas vid\u0113 un tika nomin\u0113ta <em>Lielajai m\u016bzikas balvai 2018<\/em> kategorij\u0101 \u201cGada uzvedums\u201d.<\/strong><\/p>\n<p style=\"text-align: justify;\"><strong>2019. gada j\u016blij\u0101 koris TIARA <\/strong><strong>\u012bstenoja koncertturneju Austr\u0101lij\u0101, <\/strong>sniedzot pla\u0161u koncertprogrammu un piedaloties augsta l\u012bme\u0146a festiv\u0101los. TIARA bija viens no uzaicin\u0101tajiem kolekt\u012bviem 1. <em>Gondwana<\/em> Pasaules koru festiv\u0101l\u0101 Sidnej\u0101 (<em>Gondwana World Choral Festival<\/em>), kur\u0101 pulc\u0113j\u0101s m\u0101kslinieciski spilgti b\u0113rnu un jaunie\u0161u kori no Eiropas, \u0100zijas, Zieme\u013camerikas un Austr\u0101lijas. Festiv\u0101la noz\u012bm\u012bg\u0101kie pas\u0101kumi bija koru nacion\u0101lo programmu koncerti presti\u017eaj\u0101 Sidnejas Konservatorijas Verbrughena z\u0101l\u0113, k\u0101 ar\u012b Atkl\u0101\u0161anas un Nosl\u0113guma koncerti pasaulslavenaj\u0101 Sidnejas Operas nam\u0101 un vienlaikus Austr\u0101lijas Radio Klasika tie\u0161raid\u0113 vis\u0101 pasaul\u0113. L\u012bdz\u0101s dal\u012bbai festiv\u0101l\u0101 Sidnej\u0101 koncertt\u016bres ietvaros TIARA k\u0101 \u012bpa\u0161s viesu koris tika aicin\u0101ts piedal\u012bties m\u016bzikas festiv\u0101l\u0101 K\u0113rns\u0101 (Austr\u0101lijas zieme\u013caustrumos).<\/p>\n<p><a href=\"http:\/\/www.rdks.lv\/wp-content\/uploads\/2020\/12\/001.jpg\"><img loading=\"lazy\" decoding=\"async\" class=\"alignnone size-full wp-image-11587\" src=\"http:\/\/www.rdks.lv\/wp-content\/uploads\/2020\/12\/001.jpg\" alt=\"\" width=\"2026\" height=\"1351\" \/><\/a><\/p>\n<p style=\"text-align: justify;\">2019. gada septembr\u012b TIARA ar virtu\u0101lu priek\u0161nesumu piedal\u012bj\u0101s multimedi\u0101l\u0101 uzvedum\u0101 <em>Women Warriors: The Voices of <\/em>Change, kas norisin\u0101j\u0101s \u0145ujork\u0101, Linkolna centr\u0101, atska\u0146ojot komponistes Lolitas Ritmanis un projekta m\u0101ksliniecisk\u0101s vad\u012bt\u0101jas, diri\u0123entes Eimijas Andersones sacer\u0113to projekta fin\u0101la ska\u0146darbu \u201cWe Rise\u201d. 2020. gada novembr\u012b klaj\u0101 n\u0101ca kompaktdisks ar pilnu \u0161\u012b uzveduma koncertprogrammu.<\/p>\n<p><a href=\"http:\/\/www.rdks.lv\/wp-content\/uploads\/2020\/12\/TIARA_0012.jpg\"><img loading=\"lazy\" decoding=\"async\" class=\"alignnone size-full wp-image-11588\" src=\"http:\/\/www.rdks.lv\/wp-content\/uploads\/2020\/12\/TIARA_0012.jpg\" alt=\"\" width=\"5748\" height=\"3832\" \/><\/a><\/p>\n<p>&nbsp;<\/p>","protected":false},"excerpt":{"rendered":"<p>R\u012aGAS DOMA MEITE\u0145U KORIS TIARA Diri\u0123ente un m\u0101ksliniecisk\u0101 vad\u012bt\u0101ja Aira Birzi\u0146a R\u012bgas Doma meite\u0146u koris TIARA l\u012bdz\u0101s Latvijas profesion\u0101lajiem un lab\u0101kajiem amatierkoriem ir viens no \u0161obr\u012bd spilgt\u0101kajiem un akt\u012bv\u0101kajiem muzik\u0101lajiem kolekt\u012bviem Latvijas koncertdz\u012bv\u0113, vair\u0101kk\u0101rt\u0113js starptautisko koru konkursu uzvar\u0113t\u0101js, k\u0101 ar\u012b rado\u0161a laboratorija daudz\u0101m jaun\u0101m muzik\u0101l\u0101m idej\u0101m. Par kora dibin\u0101\u0161anas gadu tiek uzskat\u012bts 1997. gads, kad&#8230;<\/p>\n","protected":false},"author":16,"featured_media":0,"parent":129,"menu_order":2,"comment_status":"closed","ping_status":"open","template":"","meta":{"cybocfi_hide_featured_image":"","footnotes":""},"class_list":["post-170","page","type-page","status-publish","hentry"],"_links":{"self":[{"href":"https:\/\/www.rdks.lv\/lv\/wp-json\/wp\/v2\/pages\/170","targetHints":{"allow":["GET"]}}],"collection":[{"href":"https:\/\/www.rdks.lv\/lv\/wp-json\/wp\/v2\/pages"}],"about":[{"href":"https:\/\/www.rdks.lv\/lv\/wp-json\/wp\/v2\/types\/page"}],"author":[{"embeddable":true,"href":"https:\/\/www.rdks.lv\/lv\/wp-json\/wp\/v2\/users\/16"}],"replies":[{"embeddable":true,"href":"https:\/\/www.rdks.lv\/lv\/wp-json\/wp\/v2\/comments?post=170"}],"version-history":[{"count":22,"href":"https:\/\/www.rdks.lv\/lv\/wp-json\/wp\/v2\/pages\/170\/revisions"}],"predecessor-version":[{"id":15455,"href":"https:\/\/www.rdks.lv\/lv\/wp-json\/wp\/v2\/pages\/170\/revisions\/15455"}],"up":[{"embeddable":true,"href":"https:\/\/www.rdks.lv\/lv\/wp-json\/wp\/v2\/pages\/129"}],"wp:attachment":[{"href":"https:\/\/www.rdks.lv\/lv\/wp-json\/wp\/v2\/media?parent=170"}],"curies":[{"name":"wp","href":"https:\/\/api.w.org\/{rel}","templated":true}]}}