{"id":168,"date":"2013-12-19T02:49:26","date_gmt":"2013-12-19T02:49:26","guid":{"rendered":"http:\/\/213.175.126.152\/?page_id=168"},"modified":"2023-08-31T16:54:09","modified_gmt":"2023-08-31T14:54:09","slug":"zenu-koris","status":"publish","type":"page","link":"https:\/\/www.rdks.lv\/lv\/par-skolu\/kori\/zenu-koris\/","title":{"rendered":"Z\u0113nu koris"},"content":{"rendered":"<p><strong><a href=\"https:\/\/www.rdzk.lv\/\">R\u012aGAS DOMA Z\u0112NU KORIS<\/a><br \/>\n<\/strong>Diri\u0123ents un m\u0101kslinieciskais vad\u012bt\u0101js <strong>M\u0101rti\u0146\u0161 Kli\u0161\u0101ns<\/strong><\/p>\n<p>Latvijas koru saim\u0113 ir viens no visakt\u012bv\u0101k koncert\u0113jo\u0161iem kolekt\u012bviem, kura devums vairakk\u0101rt nomin\u0113ts un ar\u012b nov\u0113rt\u0113ts ar Lielo M\u016bzikas balvu. Kora kont\u0101 ir ar\u012b divas balvas par Gada lab\u0101ko ierakstu, bet izvirz\u012bts tai z\u0113nu koris ir vair\u0101kk\u0101rt. R\u012bgas Doma z\u0113nu korim M\u0101rti\u0146a Kli\u0161\u0101na vad\u012bb\u0101 ierakst\u012bti 23 m\u016bzikas albumi.<\/p>\n<p>Regul\u0101ri koris ar solo programmu piedal\u0101s \u201eLatvijas Koncertu\u201d organiz\u0113tajos festiv\u0101los <em>Lieldienu m\u016bzika, Sen\u0101 m\u016bzika<\/em> un <em>Eiropas Ziemassv\u0113tki<\/em> Latvij\u0101. \u00a02023. gad\u0101 koris koncert\u0113 pa Latviju kop\u0101 ar komponistu Raimondu Tigulu, m\u016bzi\u0137iem Valteru P\u016bci un Daini Teni, maestro Raimondu Paulu, solistu Daumantu Kalni\u0146u un citiem m\u0101ksliniekiem. Z\u0113ni gan k\u0101 solisti, gan koristi akt\u012bvi darbojas Latvijas Nacion\u0101l\u0101s operas izr\u0101d\u0113s. R\u012bgas Doma z\u0113nu koris piedal\u0101s Starptautiskos korm\u016bzikas festiv\u0101los: ASV, Polij\u0101, \u010cehij\u0101, V\u0101cij\u0101, \u0160veic\u0113 u.c., pieskandina ar\u012b pasaules koncertz\u0101les: gan slaveno Albertholu London\u0101, gan skan\u012bg\u0101s z\u0101les un bazn\u012bcas Tokij\u0101, Jokoham\u0101, Niigat\u0101, Nagoij\u0101, Osak\u0101 un cit\u0101s Jap\u0101nas pils\u0113t\u0101s.<\/p>\n<hr \/>\n<p>https:\/\/www.youtube.com\/watch?v=AaKloe4YshY&amp;ab_channel=LatvijasTelev%C4%ABzija<\/p>","protected":false},"excerpt":{"rendered":"<p>R\u012aGAS DOMA Z\u0112NU KORIS Diri\u0123ents un m\u0101kslinieciskais vad\u012bt\u0101js M\u0101rti\u0146\u0161 Kli\u0161\u0101ns Latvijas koru saim\u0113 ir viens no visakt\u012bv\u0101k koncert\u0113jo\u0161iem kolekt\u012bviem, kura devums vairakk\u0101rt nomin\u0113ts un ar\u012b nov\u0113rt\u0113ts ar Lielo M\u016bzikas balvu. Kora kont\u0101 ir ar\u012b divas balvas par Gada lab\u0101ko ierakstu, bet izvirz\u012bts tai z\u0113nu koris ir vair\u0101kk\u0101rt. R\u012bgas Doma z\u0113nu korim M\u0101rti\u0146a Kli\u0161\u0101na vad\u012bb\u0101 ierakst\u012bti&#8230;<\/p>\n","protected":false},"author":16,"featured_media":0,"parent":129,"menu_order":1,"comment_status":"closed","ping_status":"open","template":"","meta":{"cybocfi_hide_featured_image":"","footnotes":""},"class_list":["post-168","page","type-page","status-publish","hentry"],"_links":{"self":[{"href":"https:\/\/www.rdks.lv\/lv\/wp-json\/wp\/v2\/pages\/168","targetHints":{"allow":["GET"]}}],"collection":[{"href":"https:\/\/www.rdks.lv\/lv\/wp-json\/wp\/v2\/pages"}],"about":[{"href":"https:\/\/www.rdks.lv\/lv\/wp-json\/wp\/v2\/types\/page"}],"author":[{"embeddable":true,"href":"https:\/\/www.rdks.lv\/lv\/wp-json\/wp\/v2\/users\/16"}],"replies":[{"embeddable":true,"href":"https:\/\/www.rdks.lv\/lv\/wp-json\/wp\/v2\/comments?post=168"}],"version-history":[{"count":19,"href":"https:\/\/www.rdks.lv\/lv\/wp-json\/wp\/v2\/pages\/168\/revisions"}],"predecessor-version":[{"id":15454,"href":"https:\/\/www.rdks.lv\/lv\/wp-json\/wp\/v2\/pages\/168\/revisions\/15454"}],"up":[{"embeddable":true,"href":"https:\/\/www.rdks.lv\/lv\/wp-json\/wp\/v2\/pages\/129"}],"wp:attachment":[{"href":"https:\/\/www.rdks.lv\/lv\/wp-json\/wp\/v2\/media?parent=168"}],"curies":[{"name":"wp","href":"https:\/\/api.w.org\/{rel}","templated":true}]}}