{"id":16699,"date":"2024-09-16T15:41:26","date_gmt":"2024-09-16T13:41:26","guid":{"rendered":"https:\/\/www.rdks.lv\/?page_id=16699"},"modified":"2025-02-24T16:26:55","modified_gmt":"2025-02-24T14:26:55","slug":"culture-connection-vol-2","status":"publish","type":"page","link":"https:\/\/www.rdks.lv\/lv\/culture-connection-vol-2\/","title":{"rendered":"CULTURE CONNECTION VOL. 2"},"content":{"rendered":"<p><strong>MIKC Nacion\u0101l\u0101s M\u0101kslu vidusskolas Erasmus+ programmas projekta &#8220;Culture Connection Vol. 2&#8221;<\/strong> (Nr. 2024-1-LV01-KA121-VET-000202617) <a href=\"https:\/\/www.rdks.lv\/wp-content\/uploads\/2025\/02\/MIKC_NMV_Erasmus_Erasmus-Culture-Connection-2_dali\u0304bnieku-atlases-ka\u0304rti\u0304ba_papildinats.pdf\"><strong>NOLIKUMS<\/strong><\/a><\/p>\n<hr \/>\n<p>24\/02\/2025\u00a0 <strong>Atlase dal\u012bbai 6. Eiropas Koru sp\u0113l\u0113s un N\u0101ciju Grand Prix MIKC Nacion\u0101l\u0101s M\u0101kslu vidusskolas ERASMUS+ projekt\u0101 \u201cCulture Connection 2\u201d<\/strong><\/p>\n<p><strong>L\u012bdz 7.martam (ieskaitot)<\/strong>\u00a0gaid\u012bsim skol\u0113nu, pedagogu un person\u0101la pieteikumus uz\u00a0\u00a0<strong>Starptautiskiem konkursiem<\/strong> MIKC Nacion\u0101l\u0101s M\u0101kslu vidusskolas\u00a0ERASMUS+ projekt\u0101 \u201cCulture Connection 2\u201d\u00a0(Nr. 2024-1-LV01-KA121-VET-000202617, mobilit\u0101tes tips \u2013 prasmju konkursi), dal\u012bbai 6. Eiropas Koru sp\u0113l\u0113s un N\u0101ciju Grand Prix, \u0100rhus\u0101.<\/p>\n<p>ERASMUS+ prasmju konkursu mobilit\u0101\u0161u m\u0113r\u0137is ir g\u016bt\u00a0<strong>starptautisku pieredzi<\/strong>\u00a0valst\u012b \u0101rpus Latvijas, demonstr\u0113t konkur\u0113tsp\u0113j\u012bgas\u00a0<strong>profesion\u0101las sp\u0113jas<\/strong>\u00a0starptautisk\u0101 vid\u0113, veicin\u0101t\u00a0<strong>skolas atpaz\u012bstam\u012bbu\u00a0<\/strong>un apliecin\u0101t savu\u00a0<strong>prasmju izcil\u012bbu<\/strong>, k\u0101 ar\u012b\u00a0<strong>veidot jaunus kontaktus.<\/strong><\/p>\n<p>ERASMUS+ projekta finans\u0113jums nosedz\u00a0<strong>ce\u013ca, uztur\u0113\u0161an\u0101s<\/strong>\u00a0un\u00a0<strong>apdro\u0161in\u0101\u0161anas izdevumus<\/strong>, un katram dal\u012bbniekam tiek izmaks\u0101ta\u00a0<strong>dienas nauda<\/strong>. Uz ERASMUS+ finans\u0113jumu var pretend\u0113t ar\u012b\u00a0<strong>pavado\u0161\u0101 persona<\/strong>\u00a0(skolas darbinieks), kas attiec\u012bgo skol\u0113nu grupu pavada uz konkursu.<\/p>\n<p><strong>Dal\u012bbai projekt\u0101 var pretend\u0113t:<\/strong><\/p>\n<ul>\n<li>MIKC NMV R\u012bgas Doma kora skolas izgl\u012bt\u012bbas programmu Vok\u0101l\u0101 m\u016bzika \u2013 dzied\u0101t\u0101js, Vok\u0101l\u0101 m\u016bzika \u2013 m\u016bziklu dzied\u0101t\u0101js, M\u016bzika \u2013 d\u017eeza dzied\u0101t\u0101js I \u2013 IV kursa audz\u0113k\u0146i<\/li>\n<li>MIKC NMV pedagogi un person\u0101ls \u2013 k\u0101 pavado\u0161\u0101s personas<\/li>\n<\/ul>\n<p><strong>Nepiecie\u0161amie dokumenti audz\u0113k\u0146a pieteikumam:<\/strong><\/p>\n<ul>\n<li>Pieteikuma anketa (paraugu lejupiel\u0101d\u0113t zem\u0101k);<\/li>\n<li>Rekomend\u0101cijas v\u0113stule no specialit\u0101tes pedagoga (paraugu lejupiel\u0101d\u0113t zem\u0101k);<\/li>\n<li>CV latvie\u0161u un ang\u013cu valod\u0101 p\u0113c\u00a0<a href=\"http:\/\/europass.cedefop.europa.eu\/lv\/documents\/curriculum-vitae\/templates-instructions\">Europass parauga<\/a>;<\/li>\n<li>Motiv\u0101cijas v\u0113stule datorrakst\u0101, br\u012bv\u0101 form\u0101, vienas A4 lappuses apjom\u0101, ang\u013cu valod\u0101. Motiv\u0101cijas v\u0113stulei ir j\u0101atspogu\u013co kandid\u0101ta m\u0113r\u0137is, kas tiks sasniegts, dodoties prasmju konkurs\u0101, j\u0101atspogu\u013co iesp\u0113jamie ieguvumi no dal\u012bbas konkurs\u0101.<\/li>\n<\/ul>\n<p>Pieteikuma anketas un rekomend\u0101cijas v\u0113stules paraugu lejupiel\u0101d\u0113t\u00a0<a href=\"https:\/\/drive.google.com\/drive\/folders\/159EcwYBWQY7jqoiIe09UoFPRtQUzjarX?usp=sharing\">\u0160EIT.<\/a><\/p>\n<p><em>Atlas\u0113 tiks izskat\u012bts ar\u012b audz\u0113k\u0146a sekmju un kav\u0113jumu izraksts par iepriek\u0161\u0113jo m\u0101c\u012bbu semestri, ta\u010du to sagatavos projekta atlases komisija un to nav nepiecie\u0161ams iesniegt.<\/em><\/p>\n<p><strong>Nepiecie\u0161amie dokumenti pavado\u0161ajai personai:<\/strong><\/p>\n<ul>\n<li>Pieteikuma anketa (paraugu lejupiel\u0101d\u0113t zem\u0101k).<\/li>\n<\/ul>\n<p>Pieteikuma anketas paraugu\u00a0 lejupiel\u0101d\u0113t\u00a0<a href=\"https:\/\/drive.google.com\/drive\/folders\/10AKQG0h_0_4TLBxnHmYuZTtmhCawLvAk?usp=sharing\">\u0160EIT.<\/a><\/p>\n<p><strong>Pieteikuma dokument\u0101ciju pretendents un pavado\u0161\u0101 persona l\u012bdz 2025. gada 7. martam iesniedz MIKC NMV R\u012bgas Doma kora skolas projektu vad\u012bt\u0101jai Esterei P\u013cavinskai &#8211; 420. kabinets.<\/strong><\/p>\n<p>Audz\u0113k\u0146u iesniegtos dokumentus atlases I k\u0101rt\u0101 izskata projekta atlases komisija un pras\u012bb\u0101m atbilsto\u0161os pretendentus izvirza atlases II k\u0101rtai \u2013 p\u0101rrun\u0101m ang\u013cu valod\u0101. Pavado\u0161o personu pieteikumus izskata un apstiprina atlases I k\u0101rt\u0101.<\/p>\n<p>S\u012bk\u0101ku inform\u0101ciju par ERASMUS+ projektu \u201cCulture Connection 2\u201d (Nr. 2024-1-LV01-KA121-VET-000202617) skat\u012bt\u00a0<a href=\"https:\/\/www.rdks.lv\/wp-content\/uploads\/2025\/02\/MIKC_NMV_Erasmus_Erasmus-Culture-Connection-2_dali\u0304bnieku-atlases-ka\u0304rti\u0304ba_papildinats.pdf\">projekta nolikum\u0101<\/a>.<\/p>\n<p>Jaut\u0101jumu un neskaidr\u012bbu gad\u012bjum\u0101 sazinieties ar projektu vad\u012bt\u0101ju Esteri P\u013cavinsku, rakstot uz e-pastu: estere.plavinska@nmv.gov.lv<\/p>\n<hr \/>\n<p>13\/01\/2025\u00a0 <strong>Atlase dal\u012bbai starptautiskos konkursos MIKC Nacion\u0101l\u0101s M\u0101kslu vidusskolas ERASMUS+ projekt\u0101 \u201cCulture Connection 2\u201d<\/strong><\/p>\n<p><strong>L\u012bdz 31. janv\u0101rim (ieskaitot)<\/strong>\u00a0gaid\u012bsim skol\u0113nu, pedagogu un person\u0101la pieteikumus uz\u00a0\u00a0<strong>Starptautiskiem konkursiem<\/strong>\u00a0MIKC Nacion\u0101l\u0101s M\u0101kslu vidusskolas\u00a0<strong>ERASMUS+ projekt\u0101 \u201cCulture Connection 2\u201d<\/strong>\u00a0(Nr. 2024-1-LV01-KA121-VET-000202617, mobilit\u0101tes tips \u2013 prasmju konkursi).<\/p>\n<p>ERASMUS+ prasmju konkursu mobilit\u0101\u0161u m\u0113r\u0137is ir g\u016bt\u00a0<strong>starptautisku pieredzi<\/strong>\u00a0valst\u012b \u0101rpus Latvijas, demonstr\u0113t konkur\u0113tsp\u0113j\u012bgas\u00a0<strong>profesion\u0101las sp\u0113jas<\/strong>\u00a0starptautisk\u0101 vid\u0113, veicin\u0101t\u00a0<strong>skolas atpaz\u012bstam\u012bbu\u00a0<\/strong>un apliecin\u0101t savu\u00a0<strong>prasmju izcil\u012bbu<\/strong>, k\u0101 ar\u012b\u00a0<strong>veidot jaunus kontaktus.<\/strong><\/p>\n<p>Lai kvalific\u0113tos ERASMUS+ finans\u0113jumam, konkursam ir j\u0101b\u016bt saist\u012btam ar skol\u0113na izv\u0113l\u0113to profesion\u0101l\u0101s izgl\u012bt\u012bbas programmu (t.i. \u2013 specialit\u0101ti), j\u0101norisin\u0101s k\u0101d\u0101 no ERASMUS+\u00a0<a href=\"https:\/\/www.rdks.lv\/wp-content\/uploads\/2025\/01\/atbalstamas_valstis_erasmus_konkursi.pdf\">pie\u013caujamaj\u0101m valst\u012bm<\/a>, k\u0101 ar\u012b brauciena garums nedr\u012bkst p\u0101rsniegt 10 dienas un tam j\u0101nosl\u0113dzas ne v\u0113l\u0101k k\u0101 2025. gada 31. august\u0101.<\/p>\n<p>ERASMUS+ projekta finans\u0113jums nosedz\u00a0<strong>ce\u013ca, uztur\u0113\u0161an\u0101s<\/strong>\u00a0un\u00a0<strong>apdro\u0161in\u0101\u0161anas izdevumus<\/strong>, un katram dal\u012bbniekam tiek izmaks\u0101ta\u00a0<strong>dienas nauda<\/strong>. Uz ERASMUS+ finans\u0113jumu var pretend\u0113t ar\u012b\u00a0<strong>pavado\u0161\u0101 persona<\/strong>\u00a0(skolas darbinieks), kas attiec\u012bgo skol\u0113nu pavada uz konkursu.<\/p>\n<p><strong>Dal\u012bbai projekt\u0101 var pretend\u0113t:<br \/>\n<\/strong><\/p>\n<ul>\n<li>MIKC NMV R\u012bgas Doma kora skolas visu kla\u0161u audz\u0113k\u0146i \u2013 k\u0101 konkursa dal\u012bbnieki;<\/li>\n<li>MIKC NMV pedagogi un person\u0101ls \u2013 k\u0101 pavado\u0161\u0101s personas.<\/li>\n<\/ul>\n<p><strong>Nepiecie\u0161amie dokumenti audz\u0113k\u0146a pieteikumam:<\/strong><\/p>\n<ul>\n<li>Pieteikuma anketa (paraugu lejupiel\u0101d\u0113t zem\u0101k);<\/li>\n<li>Rekomend\u0101cijas v\u0113stule no specialit\u0101tes pedagoga (paraugu lejupiel\u0101d\u0113t zem\u0101k);<\/li>\n<li>CV latvie\u0161u un ang\u013cu valod\u0101 p\u0113c\u00a0<a href=\"http:\/\/europass.cedefop.europa.eu\/lv\/documents\/curriculum-vitae\/templates-instructions\">Europass parauga<\/a>;<\/li>\n<li>Motiv\u0101cijas v\u0113stule datorrakst\u0101, br\u012bv\u0101 form\u0101, vienas A4 lappuses apjom\u0101, ang\u013cu valod\u0101. Motiv\u0101cijas v\u0113stulei ir j\u0101atspogu\u013co kandid\u0101ta m\u0113r\u0137is, kas tiks sasniegts, dodoties prasmju konkurs\u0101, j\u0101atspogu\u013co iesp\u0113jamie ieguvumi no dal\u012bbas konkurs\u0101.<\/li>\n<\/ul>\n<p>Pieteikuma anketas un rekomend\u0101cijas v\u0113stules paraugu lejupiel\u0101d\u0113t\u00a0<a href=\"https:\/\/drive.google.com\/drive\/folders\/159EcwYBWQY7jqoiIe09UoFPRtQUzjarX?usp=sharing\">\u0160EIT.<\/a><\/p>\n<p><em>Atlas\u0113 tiks izskat\u012bts ar\u012b audz\u0113k\u0146a sekmju un kav\u0113jumu izraksts par iepriek\u0161\u0113jo m\u0101c\u012bbu semestri, ta\u010du to sagatavos projekta atlases komisija un to nav nepiecie\u0161ams iesniegt.<\/em><\/p>\n<p><strong>Nepiecie\u0161amie dokumenti pavado\u0161ajai personai:<\/strong><\/p>\n<ul>\n<li>Pieteikuma anketa (paraugu lejupiel\u0101d\u0113t zem\u0101k).<\/li>\n<\/ul>\n<p>Pieteikuma anketas paraugu\u00a0 lejupiel\u0101d\u0113t\u00a0<a href=\"https:\/\/drive.google.com\/drive\/folders\/10AKQG0h_0_4TLBxnHmYuZTtmhCawLvAk?usp=sharing\">\u0160EIT.<\/a><\/p>\n<p><strong>Pieteikuma dokument\u0101ciju pretendents un pavado\u0161\u0101 persona l\u012bdz 2025. gada 31. janv\u0101rim iesniedz MIKC NMV R\u012bgas Doma kora skolas lietved\u012bb\u0101 pie Dainas Vaitkevicas.\u00a0<\/strong><\/p>\n<p>Audz\u0113k\u0146u iesniegtos dokumentus atlases I k\u0101rt\u0101 izskata projekta atlases komisija un pras\u012bb\u0101m atbilsto\u0161os pretendentus izvirza atlases II k\u0101rtai \u2013 p\u0101rrun\u0101m ang\u013cu valod\u0101. Pavado\u0161o personu pieteikumus izskata un apstiprina atlases I k\u0101rt\u0101.<\/p>\n<p>S\u012bk\u0101ku inform\u0101ciju par ERASMUS+ projektu \u201cCulture Connection 2\u201d (Nr. 2024-1-LV01-KA121-VET-000202617) skat\u012bt\u00a0<a href=\"https:\/\/www.rdks.lv\/wp-content\/uploads\/2025\/01\/Erasmus-Culture-Connection-2_dali%CC%84bnieku-atlases-ka%CC%84rti%CC%84ba_04.09.2024.pdf\">projekta nolikum\u0101<\/a>.<\/p>\n<p>Jaut\u0101jumu un neskaidr\u012bbu gad\u012bjum\u0101 sazinieties ar projektu vad\u012bt\u0101ju Esteri P\u013cavinsku, rakstot uz e-pastu: estere.plavinska@nmv.gov.lv<\/p>\n<hr \/>\n<p style=\"text-align: justify;\">10\/11\/2024 <strong>MIKC Nacion\u0101l\u0101 M\u0101kslu vidusskola uzs\u0101k \u012bstenot jaunu projektu ERASMUS+ programm\u0101<\/strong><\/p>\n<p>MIKC Nacion\u0101l\u0101 M\u0101kslu vidusskola, Erasmus akredit\u0101cijas ietvaros, ir sa\u0146\u0113musi apstiprin\u0101jumu jaunam 2024.\/2025. m\u0101c\u012bbu gada Erasmus+ programmas Pamatdarb\u012bbas Nr.1 (KA1) projektam 411 790,00 EUR apm\u0113r\u0101. Projekta \u012bsteno\u0161ana tiks uzs\u0101kta 2024. gada septembr\u012b. Papildus jau ierastaj\u0101m audz\u0113k\u0146u un person\u0101la mobilit\u0101t\u0113m, \u0161aj\u0101 m\u0101c\u012bbu gad\u0101 tiks \u012bstenota ar\u012b audz\u0113k\u0146u dal\u012bba prasmju konkursos, darbinieku apm\u0101c\u012bbas, k\u0101 ar\u012b pieaicin\u0101ti sadarb\u012bbas partneru instit\u016bciju eksperti.<\/p>\n<p style=\"text-align: justify;\"><strong>Projekta realiz\u0101cijas laiks: <\/strong>01.09.2024. \u2013 31.08.2025.<\/p>\n<p><\/p>","protected":false},"excerpt":{"rendered":"<p>MIKC Nacion\u0101l\u0101s M\u0101kslu vidusskolas Erasmus+ programmas projekta &#8220;Culture Connection Vol. 2&#8221; (Nr. 2024-1-LV01-KA121-VET-000202617) NOLIKUMS 24\/02\/2025\u00a0 Atlase dal\u012bbai 6. Eiropas Koru sp\u0113l\u0113s un N\u0101ciju Grand Prix MIKC Nacion\u0101l\u0101s M\u0101kslu vidusskolas ERASMUS+ projekt\u0101 \u201cCulture Connection 2\u201d L\u012bdz 7.martam (ieskaitot)\u00a0gaid\u012bsim skol\u0113nu, pedagogu un person\u0101la pieteikumus uz\u00a0\u00a0Starptautiskiem konkursiem MIKC Nacion\u0101l\u0101s M\u0101kslu vidusskolas\u00a0ERASMUS+ projekt\u0101 \u201cCulture Connection 2\u201d\u00a0(Nr. 2024-1-LV01-KA121-VET-000202617, mobilit\u0101tes tips&#8230;<\/p>\n","protected":false},"author":16,"featured_media":0,"parent":0,"menu_order":0,"comment_status":"closed","ping_status":"closed","template":"","meta":{"cybocfi_hide_featured_image":"","footnotes":""},"class_list":["post-16699","page","type-page","status-publish","hentry"],"_links":{"self":[{"href":"https:\/\/www.rdks.lv\/lv\/wp-json\/wp\/v2\/pages\/16699","targetHints":{"allow":["GET"]}}],"collection":[{"href":"https:\/\/www.rdks.lv\/lv\/wp-json\/wp\/v2\/pages"}],"about":[{"href":"https:\/\/www.rdks.lv\/lv\/wp-json\/wp\/v2\/types\/page"}],"author":[{"embeddable":true,"href":"https:\/\/www.rdks.lv\/lv\/wp-json\/wp\/v2\/users\/16"}],"replies":[{"embeddable":true,"href":"https:\/\/www.rdks.lv\/lv\/wp-json\/wp\/v2\/comments?post=16699"}],"version-history":[{"count":6,"href":"https:\/\/www.rdks.lv\/lv\/wp-json\/wp\/v2\/pages\/16699\/revisions"}],"predecessor-version":[{"id":17325,"href":"https:\/\/www.rdks.lv\/lv\/wp-json\/wp\/v2\/pages\/16699\/revisions\/17325"}],"wp:attachment":[{"href":"https:\/\/www.rdks.lv\/lv\/wp-json\/wp\/v2\/media?parent=16699"}],"curies":[{"name":"wp","href":"https:\/\/api.w.org\/{rel}","templated":true}]}}