{"id":16581,"date":"2024-06-28T14:11:30","date_gmt":"2024-06-28T12:11:30","guid":{"rendered":"https:\/\/www.rdks.lv\/?page_id=16581"},"modified":"2025-06-16T14:12:18","modified_gmt":"2025-06-16T12:12:18","slug":"voxiuventae","status":"publish","type":"page","link":"https:\/\/www.rdks.lv\/lv\/voxiuventae\/","title":{"rendered":"VOX IUVENTAE"},"content":{"rendered":"<p>I Starptautiskais vok\u0101listu konkurss VOX IUVENTAE ir nosl\u0113dzies.<img loading=\"lazy\" decoding=\"async\" class=\"alignright wp-image-17239\" src=\"https:\/\/www.rdks.lv\/wp-content\/uploads\/2025\/02\/WhatsApp-Image-2025-02-14-at-22.21.33.jpeg\" alt=\"\" width=\"263\" height=\"350\" \/><\/p>\n<p>Paldies konkursa dal\u012bbniekiem par dziesmotajiem sv\u0113tkiem un par skaisto un augstv\u0113rt\u012bgo sniegumu visa konkursa norises laik\u0101!<br \/>\nAr prieku pazi\u0146ojam konkursa rezult\u0101tus:<\/p>\n<p>1.vieta &#8211; Et\u012bna Em\u012blija Saul\u012bte<br \/>\n2.vieta &#8211; Ren\u0101rs Toma\u0161ickis<br \/>\n3.vieta &#8211; Marta Ozoli\u0146a<\/p>\n<p>Jaun\u0101 dzied\u0101t\u0101ja balva &#8211; Kristaps Kums\u0101rs<br \/>\n\u017d\u016brijas specbalva &#8220;Lab\u0101kais koncertmeistars&#8221; &#8211; Tatjana Semjonova<\/p>\n<p>Sveicam visus dal\u012bbniekus ar jaunu pieredzi un emocij\u0101m, v\u0113lam izdo\u0161anos turpm\u0101k\u0101 sevis att\u012bst\u012bb\u0101 un izaugsm\u0113!<\/p>\n<hr \/>\n<p>Konkursa fin\u0101lam un apbalvo\u0161anas ceremonijai iesp\u0113jams sekot l\u012bdzi tie\u0161saist\u0113:<\/p>\n<p><iframe loading=\"lazy\" title=\"The FINAL of I International Vocal Competition VOX IUVENTAE (Riga, LATVIA 2025)\" width=\"640\" height=\"360\" src=\"https:\/\/www.youtube.com\/embed\/XktDYfa9V3Y?feature=oembed\" frameborder=\"0\" allow=\"accelerometer; autoplay; clipboard-write; encrypted-media; gyroscope; picture-in-picture; web-share\" referrerpolicy=\"strict-origin-when-cross-origin\" allowfullscreen><\/iframe><\/p>\n<hr \/>\n<div data-olk-copy-source=\"MessageBody\">\n<p style=\"text-align: center;\"><strong>I STARPTAUTISK\u0100 VOK\u0100LISTU KONKURSA FIN\u0100LS<br \/>\n<em>VOX IUVENTAE\u00a0<\/em><\/strong><br \/>\nR\u012bga, Latvija 2025<\/p>\n<p><strong>Holgers \u0160t\u0101ls<\/strong>, 19 gadi &#8211; LATVIJA<br \/>\nW. A. Mozart \u2013 Die Zauberfl\u00f6te \/ Papageno \/ Der Vogelf\u00e4nger bin ich ja<\/p>\n<p><strong>Ren\u0101rs Toma\u0161ickis,<\/strong> 20 gadi &#8211; LATVIJA<br \/>\n<span data-olk-copy-source=\"MessageBody\">W. A. Mozart &#8211; Le nozze di Figaro \/ Figara \/ Non pi\u00fa andrai\u00a0<\/span><\/p>\n<p><span data-olk-copy-source=\"MessageBody\"><strong>Saul\u0117 Dovyd\u0117nait\u0117<\/strong>, 19 gadi &#8211; LIETUVA<br \/>\nW. A. Mozart &#8211; Don Giovanni \/ Zerlina \/ Batti, batti, o bel Masetto<br \/>\n<\/span><\/p>\n<p><span data-olk-copy-source=\"MessageBody\"><strong>K\u0101rlis M\u016brnieks<\/strong>, 20 gadi &#8211; LATVIJA<br \/>\nW. A. Mozart \u2013 Bastien und Bastienne \/ Bastien \/ Meiner Liebsten sch\u00f6ne Wangen<br \/>\n<\/span><\/p>\n<p><strong>Laurenzia Kampa<\/strong>, 21 gadi &#8211; V\u0100CIJA<br \/>\n<span data-olk-copy-source=\"MessageBody\">G. Verdi \u2013 Un ballo in maschera \/ Oscar \/ Saper vorreste<\/span><\/p>\n<p><span data-olk-copy-source=\"MessageBody\"><strong>Milutin Marjanovic<\/strong>, 19 gadi &#8211; V\u0100CIJA<br \/>\nF. Hale\u0301vy &#8211; La Juive \/ Cardinal de Brogny \/ Si la Rigueur<br \/>\n<\/span><\/p>\n<p><strong>Marta Ozoli\u0146a<\/strong>, 19 gadi &#8211; LATVIJA<span data-olk-copy-source=\"MessageBody\"><br \/>\nW. A. Mozart &#8211; Le nozze di Figaro \/ Susanna \/ Giunse alfin il momento &#8230; Deh vieni non tardar<br \/>\n<\/span><\/p>\n<p><span data-olk-copy-source=\"MessageBody\"><strong>Et\u012bna Em\u012blija Saul\u012bte<\/strong>, 19 gadi &#8211; LATVIJA<br \/>\nA. Dvora\u0301k &#8211; Rusalka \/ Rusalka \/ Mesicku na nebi hlubokem<\/span><\/p>\n<hr \/>\n<p id=\"tw-target-text\" dir=\"ltr\" data-placeholder=\"Tulkojums\" data-ved=\"2ahUKEwi6i9vw7L6LAxW8JRAIHeZwN0oQ3ewLegQIBRAV\" aria-label=\"Tulkotais teksts: Many thanks to all participants of today's competition\"><span lang=\"en\">Liels paldies visiem konkursa dal\u012bbniekiem par skaisto sniegumu!<\/span><\/p>\n<p dir=\"ltr\" data-placeholder=\"Tulkojums\" data-ved=\"2ahUKEwi6i9vw7L6LAxW8JRAIHeZwN0oQ3ewLegQIBRAV\" aria-label=\"Tulkotais teksts: Many thanks to all participants of today's competition\">Ar prieku pazi\u0146ojam, ka uz <strong>fin\u0101lu<\/strong> tiek izvirz\u012bti:<\/p>\n<p dir=\"ltr\" data-placeholder=\"Tulkojums\" data-ved=\"2ahUKEwi6i9vw7L6LAxW8JRAIHeZwN0oQ3ewLegQIBRAV\" aria-label=\"Tulkotais teksts: Many thanks to all participants of today's competition\">Holgers \u0160t\u0101ls<br \/>\nRen\u0101rs Toma\u0161ickis<br \/>\nSaul\u0117 Dovyd\u0117nait\u0117<br \/>\nK\u0101rlis M\u016brnieks<br \/>\nLaurenzia Kampa<br \/>\nMilutin Marjanovic<br \/>\nMarta Ozoli\u0146a<br \/>\nEt\u012bna Em\u012blija Saul\u012bte<\/p>\n<p dir=\"ltr\" data-placeholder=\"Tulkojums\" data-ved=\"2ahUKEwi6i9vw7L6LAxW8JRAIHeZwN0oQ3ewLegQIBRAV\" aria-label=\"Tulkotais teksts: Many thanks to all participants of today's competition\">\u0160\u0101d\u0101 sec\u012bb\u0101 J\u016bs uzst\u0101sieties fin\u0101l\u0101!<br \/>\nM\u0113\u0123in\u0101jums ar diri\u0123entu norisin\u0101sies r\u012bt, 13. febru\u0101r\u012b, <strong>plkst. 15:00<\/strong> R\u012bgas Doma kora skol\u0101, <strong>617. telp\u0101<\/strong>.<br \/>\nP\u0113c tam dosieties uz koncertz\u0101li, lai priek\u0161nesumus m\u0113\u0123in\u0101tu ar or\u0137estri!<\/p>\n<p dir=\"ltr\" data-placeholder=\"Tulkojums\" data-ved=\"2ahUKEwi6i9vw7L6LAxW8JRAIHeZwN0oQ3ewLegQIBRAV\" aria-label=\"Tulkotais teksts: Many thanks to all participants of today's competition\"><strong>Meistarklas\u0113m<\/strong> izv\u0113l\u0113tie dal\u012bbnieki:<\/p>\n<p dir=\"ltr\" data-placeholder=\"Tulkojums\" data-ved=\"2ahUKEwi6i9vw7L6LAxW8JRAIHeZwN0oQ3ewLegQIBRAV\" aria-label=\"Tulkotais teksts: Many thanks to all participants of today's competition\"><b>Snezana Nena Brzakovic, plkst. 10:00<br \/>\n<\/b>Sandra Stepek<br \/>\nKristaps Kums\u0101rs<br \/>\nPaula Bi\u010dka<br \/>\nGrigorijs Ri\u017eenkovs<\/p>\n<p dir=\"ltr\" data-placeholder=\"Tulkojums\" data-ved=\"2ahUKEwi6i9vw7L6LAxW8JRAIHeZwN0oQ3ewLegQIBRAV\" aria-label=\"Tulkotais teksts: Many thanks to all participants of today's competition\"><b>Vladimiras Prudnikovas, plkst. 13:00<br \/>\n<\/b>Gustavs Edvards Vesmanis<br \/>\nMathias Lantin<br \/>\nKri\u0161j\u0101nis Pel\u0161e<br \/>\nLaura Mitlere<\/p>\n<p dir=\"ltr\" data-placeholder=\"Tulkojums\" data-ved=\"2ahUKEwi6i9vw7L6LAxW8JRAIHeZwN0oQ3ewLegQIBRAV\" aria-label=\"Tulkotais teksts: Many thanks to all participants of today's competition\"><b>Heli Veskus, plkst 15:30<br \/>\n<\/b>Anastasija Tere\u0161\u010denko<br \/>\nSigita Kei\u0161a<br \/>\nMagdalena W\u0119gielnik<br \/>\nSofia Hussainova<\/p>\n<p dir=\"ltr\" data-placeholder=\"Tulkojums\" data-ved=\"2ahUKEwi6i9vw7L6LAxW8JRAIHeZwN0oQ3ewLegQIBRAV\" aria-label=\"Tulkotais teksts: Many thanks to all participants of today's competition\">L\u016bgums dal\u012bbniekiem uz meistarklas\u0113m \u0146emt l\u012bdzi konkurs\u0101 izpild\u012bto operas \u0101riju notis!<br \/>\n<strong>Adrese:<\/strong> Me\u017ea iela 1, koncertz\u0101le 3. st\u0101v\u0101.<\/p>\n<\/div>\n<hr \/>\n<p>Konkursa II k\u0101rtas norisei iesp\u0113jams sekot l\u012bdzi tie\u0161raid\u0113:<\/p>\n<p><iframe loading=\"lazy\" title=\"I INTERNATIONAL VOCAL COMPETITIONVOX IUVENTAE (RIGA, LATVIA)\" width=\"640\" height=\"360\" src=\"https:\/\/www.youtube.com\/embed\/Tu3FZNXt36I?feature=oembed\" frameborder=\"0\" allow=\"accelerometer; autoplay; clipboard-write; encrypted-media; gyroscope; picture-in-picture; web-share\" referrerpolicy=\"strict-origin-when-cross-origin\" allowfullscreen><\/iframe><\/p>\n<hr \/>\n<p><strong>VOX IUVENTAE 2025 II K\u0100RTA<\/strong><\/p>\n<p><span style=\"text-decoration: underline;\"><strong>1. GRUPA<br \/>\n<\/strong><\/span><strong>10:00 &#8211; 11:20<\/strong><\/p>\n<p>Holgers \u0160t\u0101ls<br \/>\nRen\u0101rs Toma\u0161ickis<br \/>\nElizabete Baldi\u0146a<br \/>\nMagdalena W\u0119gielnik<br \/>\nRihards Linde<br \/>\nRute \u010cirk\u0161e<br \/>\nR\u016bta P\u0101vul\u0113na<br \/>\nEnija Vaska<br \/>\nEl\u012bza Ziemele \u0160neidere<br \/>\nMathias Lantin<\/p>\n<p>&nbsp;<\/p>\n<p><span style=\"text-decoration: underline;\"><strong>2. GRUPA<br \/>\n<\/strong><\/span><strong>11:40 \u2013 13:00<\/strong><\/p>\n<p>Laura Mitlere<br \/>\nPaula Osem\u013cjaka<br \/>\nSofija Knuple<br \/>\nSaul\u0117 Dovyd\u0117nait\u0117<br \/>\nAnastasija Samsonova<br \/>\nSaul\u0117 Valentinavi\u010di\u016bt\u0117<br \/>\nAnce Anita Moruza<br \/>\nOskar Arikainen<br \/>\nAgate Gr\u012bnberga<br \/>\nGustavs Edvards Vesmanis<\/p>\n<p>&nbsp;<\/p>\n<p><span style=\"text-decoration: underline;\"><strong>3. GRUPA<\/strong><\/span><br \/>\n<strong>13:50 \u2013 15:10<\/strong><\/p>\n<p>Anastasija Tere\u0161\u010denko<br \/>\nGrigorijs Ri\u017eenkovs<br \/>\nKristofers Spro\u0123is<br \/>\nK\u0101rlis M\u016brnieks<br \/>\nAgate Kada\u0123e<br \/>\nKatr\u012bna Krasone<br \/>\nLaura Gibnere<br \/>\nReinis Liepi\u0146\u0161<br \/>\nLaurenzia Kampa<br \/>\nRen\u0101rs Be\u0137eris<\/p>\n<p>&nbsp;<\/p>\n<p><strong><u>4. GRUPA<br \/>\n<\/u>15:30 \u2013 16:50<\/strong><\/p>\n<p>Milutin Marjanovic<br \/>\nRugil\u0117 Garbaliauskait\u0117<br \/>\nAnna Guba<br \/>\nT\u012bna Tren\u010da<br \/>\nElla El\u012bze Vi\u013cumsone<br \/>\nL\u012bna Gogule<br \/>\nSandra St\u0119pek<br \/>\nOlivers Veldre<br \/>\nEvel\u012bna Dreimane<br \/>\nPaula Bi\u010dka<\/p>\n<p>&nbsp;<\/p>\n<p><strong><span style=\"text-decoration: underline;\">5. GRUPA<\/span><\/strong><br \/>\n<strong>17:10 \u2013 18:45<\/strong><\/p>\n<p>Kri\u0161j\u0101nis Pel\u0161e<br \/>\nFlorian Silius Rubek Kahlmeyer<br \/>\nSofia Hussainova<br \/>\nEm\u012blija Blumberga<br \/>\nMarta Ozoli\u0146a<br \/>\nEt\u012bna Em\u012blija Saul\u012bte<br \/>\nElijs Rudovi\u010ds<br \/>\nEmils Patriks Dzenitis<br \/>\nToma Saveljevait\u0117<br \/>\nHannah Josephin K\u00fcppers<br \/>\nKristaps Kums\u0101rs<br \/>\nSigita Kei\u0161a<\/p>\n<hr \/>\n<p style=\"text-align: center;\"><strong>KONKURSA UN MEISTARKLA\u0160U NORISE<\/strong><b data-olk-copy-source=\"MessageBody\"><\/b><\/p>\n<div>\n<p style=\"text-align: left;\"><strong>12. febru\u0101r\u012b | I Starptautisk\u0101 vok\u0101listu konkursa Vox iuventae II k\u0101rta.\u00a0<\/strong><br \/>\nNMV Em\u012bla D\u0101rzi\u0146a koncertz\u0101l\u0113, Kalnciema Iela 10 k-2, R\u012bg\u0101<\/p>\n<p style=\"text-align: left; padding-left: 40px;\"><strong>9.45<\/strong> \u2013 Atkl\u0101\u0161ana<br \/>\n<strong>10.00 \u2013 17.00<\/strong> \u2013 II k\u0101rtas norise<\/p>\n<p style=\"text-align: left;\"><strong>13.febru\u0101r\u012b | Vok\u0101l\u0101s meistarklases ar konkursa Vox iuventae \u017e\u016brijas komisijas locek\u013ciem.\u00a0<\/strong><br \/>\nKoncertz\u0101l\u0113 \u201cMe\u017es\u201d, Me\u017ea iel\u0101 1 k-1, 3.st\u0101v\u0101, R\u012bg\u0101<\/p>\n<p style=\"padding-left: 40px;\"><strong>10.00 \u2013 12.00<\/strong> Meistarkla\u0161u vad\u012bt\u0101ja: <span data-olk-copy-source=\"MessageBody\">Snezana Nena Brzakovic\u00a0<\/span><br \/>\nSerbu izcelsmes V\u0101cij\u0101 dz\u012bvojo\u0161a dzied\u0101t\u0101ja, vok\u0101lais pedagogs, Dzied\u0101\u0161anas un elpo\u0161anas apm\u0101c\u012bbas instit\u016bta dibin\u0101t\u0101ja Berl\u012bn\u0113.<br \/>\n<strong>13.00 \u2013 15.00<\/strong> Meistarkla\u0161u vad\u012bt\u0101js: Vladimirs Prudnikovs<br \/>\nLietuvie\u0161u operdzied\u0101t\u0101js, Lietuvas M\u016bzikas un Te\u0101tra akad\u0113mijas profesors.<br \/>\n<strong>15.30 \u2013 17.30<\/strong> Meistarkla\u0161u vad\u012bt\u0101ja: Heli Veskus<br \/>\nIgau\u0146u operdzied\u0101t\u0101ja, Igaunijas M\u016bzikas un te\u0101tra akad\u0113mijas pasniedz\u0113ja, M\u016bzikas un baleta koled\u017eas (MUBA) vok\u0101lais pedagogs.<\/p>\n<p><strong>14. febru\u0101r\u012b | I Starptautisk\u0101 vok\u0101listu konkursa Vox iuventae fin\u0101ls.\u00a0<\/strong><br \/>\nNMV Em\u012bla D\u0101rzi\u0146a koncertz\u0101l\u0113, Kalnciema Iela 10 k-2, R\u012bg\u0101<\/p>\n<p style=\"padding-left: 40px;\"><strong>17.00 \u2013 17.50<\/strong> Fin\u0101ls.<br \/>\n<strong>18.00 \u2013 19.30<\/strong> Em\u012bla D\u0101rzi\u0146a m\u016bzikas skolas (EDMS)\u00a0Em\u012bla Balvas\u00a0laure\u0101tu koncerts un\u00a0Vox iuventae\u00a0laure\u0101tu apbalvo\u0161ana.<\/p>\n<p style=\"text-align: center;\">Par konkursa un meistarkla\u0161u apmekl\u0113jumu tiks izsniegtas pedagogu profesion\u0101l\u0101s pilnveides apliec\u012bbas ar attiec\u012bgo stundu skaitu.<\/p>\n<p><strong>12. febru\u0101r\u012b<\/strong> bez maksas visiem interesentiem (8h apjom\u0101).<\/p>\n<p><strong>13. febru\u0101r\u012b<\/strong><br \/>\n10.00 EUR 1 meistarklase (3h apjom\u0101)<br \/>\n20.00 EUR 2 meistarklases (6h apjom\u0101)<br \/>\n30.00 EUR 3 meistarklases (9h apjom\u0101)<br \/>\n<em>Vox iuventae konkursantiem un vi\u0146u pedagogiem, JVLMA studentiem, NMV darbiniekiem un izgl\u012btojamiem kursi bezmaksas.<\/em><br \/>\n<em>Skol\u0113niem maksa par visu meistarkla\u0161u dienu 10.00 EUR.<\/em><\/p>\n<p><strong>14. febru\u0101r\u012b<\/strong> bez maksas visiem interesentiem (3h apjom\u0101).<\/p>\n<p>Pieteik\u0161an\u0101s:\u00a0<a title=\"https:\/\/forms.gle\/wpf6LurYU8GMgqhx5\" href=\"https:\/\/forms.gle\/wpf6LurYU8GMgqhx5\" target=\"_blank\" rel=\"noopener noreferrer\" data-auth=\"NotApplicable\" data-linkindex=\"0\">https:\/\/forms.gle\/wpf6LurYU8GMgqhx5<\/a><br \/>\nPapildus inform\u0101cija:\u00a0<a title=\"mailto:kursi@nmv.lv\" href=\"mailto:kursi@nmv.lv\" data-linkindex=\"1\">kursi@nmv.lv<\/a><br \/>\nJaut\u0101jumi par r\u0113\u0137iniem: <a href=\"mailto:inta.silniece@nmv.gov.lv\">inta.silniece@nmv.gov.lv<\/a><\/p>\n<\/div>\n<hr \/>\n<div>\n<h4><strong>II K\u0100RTAS KONKURSANTI\u00a0<\/strong><\/h4>\n<\/div>\n<p>Agate Gr\u012bnberga\/ soprano\/ Latvia<br \/>\nAgate Kada\u0123e\/ mezzosoprano\/ Latvia<br \/>\nAnastasija Samsonova \/ soprano\/ Latvia<br \/>\nAnastasija Tere\u0161\u010denko\/ mezzosoprano\/ Latvia<br \/>\nAnce Anita Moruza\/ mezzosoprano\/ Latvia<br \/>\nAnna Guba\/ soprano\/ Latvia<br \/>\nElijs Rudovi\u010ds\/ bariton\/ Latvia<br \/>\nEl\u012bza Ziemele \u0160neidere \/ soprano\/ Latvia<br \/>\nElizabete Baldi\u0146a\/ soprano\/ Latvia<br \/>\nElla El\u012bze Vi\u013cumsone\/ soprano\/ Latvia<br \/>\nEm\u012blija Blumberga\/ soprano\/ Latvia<br \/>\nEm\u012bls Patriks Dzen\u012btis\/ bariton\/ Latvia<br \/>\nEnija Vaska\/ soprano\/ Latvia<br \/>\nEt\u012bna Em\u012blija Saul\u012bte\/ soprano\/ Latvia<br \/>\nEvel\u012bna Dreimane\/ soprano\/ Latvia<br \/>\nFlorian Silius Rubek Kahlmeyer\/ tenor\/ Denmark<br \/>\nGrigorijs Ri\u017eenkovs\/ bariton\/ Latvia<br \/>\nGustavs Edvards Vesmanis\/ bariton\/ Latvia<br \/>\nHannah K\u00fcppers\/ soprano\/ Germany<br \/>\nHolgers \u0160t\u0101ls\/ tenor\/ Latvia<br \/>\nK\u0101rlis M\u016brnieks\/ tenor\/ Latvia<br \/>\nKatr\u012bna Krasone \/ soprano\/ Latvia<br \/>\nKristaps Kums\u0101rs\/ tenor\/ Latvia<br \/>\nKristofers Spro\u0123is\/ bass\/ Latvia<br \/>\nKri\u0161j\u0101nis Pel\u0161e\/ bariton\/ Latvia<br \/>\nLaura Gibnere\/ soprano\/ Latvia<br \/>\nLaura Mitlere\/ soprano\/ Latvia<br \/>\nLaurenzia Kampa\/ soprano\/ Germany<br \/>\nL\u012bna Gogule\/ soprano\/ Latvia<br \/>\nMagdalena W\u0119gielnik\/ soprano\/ Poland<br \/>\nMarta Ozoli\u0146a\/ soprano\/ Latvia<br \/>\nMathias Lantin\/ bariton\/ Estonia<br \/>\nMilutin Marjanovic\/ bass\/ Germany<br \/>\nOlivers Veldre\/ tenor\/ Latvia<br \/>\nOskar Arikainen\/ tenor\/ Estonia<br \/>\nPaula Bi\u010dka\/ soprano\/ Latvia<br \/>\nPaula Osem\u013cjaka\/ soprano\/ Latvia<br \/>\nReinis Liepi\u0146\u0161\/ bariton\/ Latvia<br \/>\nRen\u0101rs Be\u0137eris\/ bariton\/ Latvia<br \/>\nRen\u0101rs Toma\u0161ickis\/ bariton\/ Latvia<br \/>\nRihards Linde\/ bariton\/ Latvia<br \/>\nRugil\u0117 Garbaliauskait\u0117\/ soprano\/ Lithuania<br \/>\nR\u016bta P\u0101vul\u0113na\/ soprano\/ Latvia<br \/>\nRute \u010cirk\u0161e \/ soprano\/ Latvia<br \/>\nSandra St\u0119pek \/ soprano\/ Poland<br \/>\nSaul\u0117 Dovyd\u0117nait\u0117\/ soprano\/ Lithuania<br \/>\nSaul\u0117 Valentinavi\u010di\u016bt\u0117\/ soprano\/ Lithuania<br \/>\nSigita Kei\u0161a\/ mezzosoprano\/ Latvia<br \/>\nSofia Hussainova\/ soprano\/ Estonia<br \/>\nSofija Knuple\/ soprano\/ Latvia<br \/>\nT\u012bna Kitija Ertmane\/ soprano\/ Latvia<br \/>\nT\u012bna Tren\u010da \/ soprano\/ Latvia<br \/>\nToma Saveljevait\u0117\/ soprano\/ Lithuania<\/p>\n<div>\n<hr \/>\n<\/div>\n<div style=\"text-align: center;\"><strong>I STARPTAUTISKAIS VOK\u0100LISTU KONKURSS<br \/>\n<\/strong><em><strong>VOX IUVENTAE<\/strong><\/em><\/div>\n<div class=\"x_elementToProof\" style=\"text-align: justify;\">MIKC \u201cNacion\u0101l\u0101 M\u0101kslu vidusskola\u201d R\u012bgas Doma kora skola ir vieta, kur uzaug jaun\u0101s balsis un talanti. M\u0101coties pie pieredz\u0113ju\u0161iem pedagogiem, audz\u0113k\u0146i regul\u0101ri uzst\u0101jas lab\u0101kaj\u0101s Latvijas koncertz\u0101l\u0113s, piedal\u0101s starptautiskos vok\u0101lajos konkursos un meistarklas\u0113s ar pasaules l\u012bme\u0146a operdzied\u0101t\u0101jiem \u2013 Marinu Rebeku, Valdi Jansonu u.c.<\/div>\n<div><\/div>\n<div class=\"x_elementToProof\" style=\"text-align: justify;\">Aizs\u0101kot 20. vok\u0101l\u0101s noda\u013cas dibin\u0101\u0161anas gadu, R\u012bgas Doma kora skola r\u012bko I Starptautisko vok\u0101listu konkursu \u201cVox iuventae\u201d. Konkursa m\u0113r\u0137is ir veicin\u0101t jauno akad\u0113misk\u0101s m\u016bzikas dzied\u0101t\u0101ju profesion\u0101lo izaugsmi starptautisk\u0101 m\u0113rog\u0101. Konkurss norisin\u0101s tr\u012bs k\u0101rt\u0101s, fin\u0101l\u0101 konkursa dal\u012bbnieki uzst\u0101jas ar Em\u012bla D\u0101rzi\u0146a m\u016bzikas skolas simfonisko or\u0137estri.<\/div>\n<p style=\"font-weight: 400; text-align: justify;\">Konkursam var pieteikties dzied\u0101t\u0101ji vecum\u0101 no 16 l\u012bdz 21 gadam: <a href=\"https:\/\/docs.google.com\/forms\/d\/e\/1FAIpQLSdDGKWipUhVepskwGml2I-mqxaRN4yrve7cNCo4NFkvUi-RGQ\/viewform\"><strong>PIETEIKUMA ANKETA<\/strong><\/a><\/p>\n<p style=\"font-weight: 400;\"><strong>I k\u0101rta<\/strong> att\u0101lin\u0101ti: l\u012bdz 2024. gada 29. novembrim (pieteik\u0161an\u0101s termi\u0146\u0161 pagarin\u0101ts)<br \/>\n<strong>II k\u0101rta<\/strong> Em\u012bla D\u0101rzi\u0146a koncertz\u0101l\u0113: 2025. gada 12. febru\u0101r\u012b<br \/>\n<strong>Fin\u0101ls<\/strong> Em\u012bla D\u0101rzi\u0146a koncertz\u0101l\u0113: 2025. gada 14. febru\u0101r\u012b<\/p>\n<p style=\"text-align: justify;\"><strong>Meistarklases:<\/strong> Konkursa ietvaros, 2025. gada 13. febru\u0101r\u012b notiks meistarklases, kur\u0101s piedal\u012bties tiks aicin\u0101ti lab\u0101kie konkursa II k\u0101rtas dal\u012bbnieki, kas neb\u016bs tiku\u0161i fin\u0101l\u0101. Jaunajiem dzied\u0101t\u0101jiem b\u016bs iesp\u0113ja pilnveidot savas prasmes, str\u0101d\u0101jot ar konkursam piemekl\u0113to repertu\u0101ru pie starptautiski atz\u012btiem vok\u0101lajiem pedagogiem, konkursa \u017e\u016brijas locek\u013ciem &#8211; Heli Veskus (Heli Veskus), Snezanu Nenu Brzakovicu (Snezana Nena Brzakovic) un Vladimiru Prudnikovu (Vladimiras Prudnikovas).<\/p>\n<div class=\"x_elementToProof\">Konkursantiem pied\u0101v\u0101jam izv\u0113l\u0113ties nak\u0161\u0146o\u0161anai k\u0101du no tuv\u0101k eso\u0161aj\u0101m viesn\u012bc\u0101m, vai ar\u012b dz\u012bvot vies\u0123imen\u0113.<\/div>\n<hr \/>\n<p><img loading=\"lazy\" decoding=\"async\" class=\"alignleft wp-image-17235 size-full\" src=\"https:\/\/www.rdks.lv\/wp-content\/uploads\/2025\/02\/VOX-IUVENTAE_25_konkursa-zurija-1.png\" alt=\"\" width=\"1920\" height=\"1080\" \/><\/p>\n<p>&nbsp;<\/p>\n<p>KASPARS \u0100DAMSONS (LV) <a href=\"https:\/\/www.rdks.lv\/wp-content\/uploads\/2024\/06\/Kaspars-Adamsons_bio_LV.pdf\"><strong>biogr\u0101fija<\/strong><\/a><br \/>\n\u0112RIKA MILLERE (LV) <a href=\"https:\/\/www.rdks.lv\/wp-content\/uploads\/2025\/01\/Erika-Millere_LV.pdf\"><strong>biogr\u0101fija<\/strong><\/a><br \/>\nSNEZANA NENA BRZAKOVIC (RS\/DE) <a href=\"https:\/\/www.rdks.lv\/wp-content\/uploads\/2024\/06\/SneZana-Nena-Brzakovica_bio_LV.pdf\"><strong>biogr\u0101fija<\/strong><\/a><br \/>\nVLADIMIRAS PRUDNIKOVAS (LT) <a href=\"https:\/\/www.rdks.lv\/wp-content\/uploads\/2024\/06\/Vladimiras-Prudnikovas_bio-LV.pdf\"><strong>biogr\u0101fija<\/strong><\/a><br \/>\nHELI VESKUS (EST) biogr\u0101fija <strong><a href=\"https:\/\/www.rdks.lv\/wp-content\/uploads\/2024\/12\/Heli-Veskus-LV.pdf\">biogr\u0101fija<\/a><\/strong><\/p>\n<hr \/>\n<p><strong><a href=\"https:\/\/www.rdks.lv\/wp-content\/uploads\/2024\/06\/Vox-iuventae-nolikums.pdf\">KONKURSA NOLIKUMS<\/a><\/strong><br \/>\n<strong><a href=\"https:\/\/www.rdks.lv\/wp-content\/uploads\/2024\/06\/Obligatais-repertuars-finalam.pdf\">OBLIG\u0100TAIS REPERTU\u0100RS FIN\u0100LAM<\/a><\/strong><\/p>\n<hr \/>\n<p><iframe loading=\"lazy\" title=\"VOX IUVENTAE -  I STARPTAUTISKAIS VOK\u0100LISTU KONKURSS\" width=\"640\" height=\"360\" src=\"https:\/\/www.youtube.com\/embed\/KSXHZSHfwUU?feature=oembed\" frameborder=\"0\" allow=\"accelerometer; autoplay; clipboard-write; encrypted-media; gyroscope; picture-in-picture; web-share\" referrerpolicy=\"strict-origin-when-cross-origin\" allowfullscreen><\/iframe><\/p>\n<p>&nbsp;<\/p>","protected":false},"excerpt":{"rendered":"<p>I Starptautiskais vok\u0101listu konkurss VOX IUVENTAE ir nosl\u0113dzies. Paldies konkursa dal\u012bbniekiem par dziesmotajiem sv\u0113tkiem un par skaisto un augstv\u0113rt\u012bgo sniegumu visa konkursa norises laik\u0101! Ar prieku pazi\u0146ojam konkursa rezult\u0101tus: 1.vieta &#8211; Et\u012bna Em\u012blija Saul\u012bte 2.vieta &#8211; Ren\u0101rs Toma\u0161ickis 3.vieta &#8211; Marta Ozoli\u0146a Jaun\u0101 dzied\u0101t\u0101ja balva &#8211; Kristaps Kums\u0101rs \u017d\u016brijas specbalva &#8220;Lab\u0101kais koncertmeistars&#8221; &#8211; Tatjana Semjonova&#8230;<\/p>\n","protected":false},"author":16,"featured_media":0,"parent":0,"menu_order":0,"comment_status":"closed","ping_status":"closed","template":"","meta":{"cybocfi_hide_featured_image":"","footnotes":""},"class_list":["post-16581","page","type-page","status-publish","hentry"],"_links":{"self":[{"href":"https:\/\/www.rdks.lv\/lv\/wp-json\/wp\/v2\/pages\/16581","targetHints":{"allow":["GET"]}}],"collection":[{"href":"https:\/\/www.rdks.lv\/lv\/wp-json\/wp\/v2\/pages"}],"about":[{"href":"https:\/\/www.rdks.lv\/lv\/wp-json\/wp\/v2\/types\/page"}],"author":[{"embeddable":true,"href":"https:\/\/www.rdks.lv\/lv\/wp-json\/wp\/v2\/users\/16"}],"replies":[{"embeddable":true,"href":"https:\/\/www.rdks.lv\/lv\/wp-json\/wp\/v2\/comments?post=16581"}],"version-history":[{"count":80,"href":"https:\/\/www.rdks.lv\/lv\/wp-json\/wp\/v2\/pages\/16581\/revisions"}],"predecessor-version":[{"id":17715,"href":"https:\/\/www.rdks.lv\/lv\/wp-json\/wp\/v2\/pages\/16581\/revisions\/17715"}],"wp:attachment":[{"href":"https:\/\/www.rdks.lv\/lv\/wp-json\/wp\/v2\/media?parent=16581"}],"curies":[{"name":"wp","href":"https:\/\/api.w.org\/{rel}","templated":true}]}}