{"id":165,"date":"2013-12-19T02:29:06","date_gmt":"2013-12-19T02:29:06","guid":{"rendered":"http:\/\/213.175.126.152\/?page_id=165"},"modified":"2018-02-01T16:13:10","modified_gmt":"2018-02-01T14:13:10","slug":"musdienu-ritma-muzika","status":"publish","type":"page","link":"https:\/\/www.rdks.lv\/lv\/par-skolu\/programmas\/musdienu-ritma-muzika\/","title":{"rendered":"M\u016bsdienu ritma m\u016bzika"},"content":{"rendered":"<p><\/p>\n<p style=\"text-align: justify;\">Profesion\u0101l\u0101s pilnveides izgl\u012bt\u012bbas programma\u00a0<strong><em>M\u016bsdienu ritma m\u016bzika<\/em><\/strong>\u00a0(20P212091) (maksas programma)<\/p>\n<p style=\"text-align: justify;\">R\u012bgas Doma kora skola 2003. gad\u0101 k\u0101 pirm\u0101 Latvij\u0101 no pa\u0161iem pamatiem izstr\u0101d\u0101ja, izveidoja un ieviesa profesion\u0101lo pilnveides\u00a0 programmu\u00a0 <em>M\u016bsdienu ritma m\u016bzika<\/em> . Programma darbojas \u013coti sekm\u012bgi, ir \u013coti piepras\u012bta. M\u0101c\u012bbu ilgums \u2013 2 gadi.<\/p>\n<p style=\"text-align: justify;\">Uz\u0146em\u0161ana programm\u0101 notiek ik pa 2 gadiem \u2013 p\u0113c k\u0101rt\u0113j\u0101 kursa beig\u0101m. M\u0101c\u012bbu saturs: improviz\u0101cija, d\u017eeza teorija, d\u017eeza solfed\u017eo, d\u017eeza un rokm\u016bzikas v\u0113sture, oblig\u0101ta sitamo instrumentu, klavieru un ansamb\u013ca (<em>combo<\/em>) sp\u0113les apguve un prakse. P\u0113c programmas apguves audz\u0113k\u0146i sa\u0146em apliec\u012bbu par profesion\u0101l\u0101s pilnveides programmas apguvi. Profesion\u0101l\u0101s pilnveides programm\u0101 M\u016bsdienu ritma m\u016bzik\u0101 tiek uz\u0146emti audz\u0113k\u0146i bez vecuma ierobe\u017eojuma ar priek\u0161zin\u0101\u0161an\u0101m m\u016bzikas priek\u0161metos.<\/p>\n<p style=\"text-align: justify;\"><strong>I<\/strong>est\u0101jeks\u0101meni \u2013 tests m\u016bzikas pamatos (solfed\u017eo, harmonija), specialit\u0101te, klaviersp\u0113le. Programma ir veidota, pamatojoties uz Latvijas m\u016bzikas tirgus situ\u0101cijas pras\u012bb\u0101m, k\u0101 ar\u012b balstoties uz starptautisku pieredzi \u0161\u0101da veida izgl\u012bt\u012bbas veido\u0161an\u0101. Programmas pamatkoncepcija ir vispus\u012bgi sagatavot audz\u0113kni darbam m\u016bsdienu m\u016bzikas tirg\u016b, veicin\u0101t d\u017eeza un citu moderno m\u016bsdienu m\u016bzikas \u017eanru att\u012bst\u012bbu profesion\u0101l\u0101 l\u012bmen\u012b, k\u0101 ar\u012b veidot savstarp\u0113jus kontaktus starp ieinteres\u0113tajiem m\u016bzi\u0137iem Latvij\u0101 un \u0101rvalst\u012bs.<\/p>\n<p style=\"text-align: justify;\">Programmas pasniedz\u0113ji\u00a0ir Latvijas vado\u0161ie d\u017eeza m\u016bzikas izpild\u012bt\u0101ji \u2013 Inga B\u0113rzi\u0146a, T\u0101lis G\u017eibovskis, Indri\u0137is Veitners, Madars Kalni\u0146\u0161, Zigmunds \u017dukovskis, Andrejs Jevsjukovs, Normunds Piesis, D\u0101vis Bindemanis, Aivars Krasti\u0146\u0161<\/p>\n<p style=\"text-align: justify;\">Pateicoties pasniedz\u0113ju augstajam profesion\u0101lajam l\u012bmenim un m\u0101kslinieciskajai darb\u012bbai, m\u0101c\u012bbu process ir cie\u0161i saist\u012bts ar praksi, kas ir viens no m\u016bsu izgl\u012bt\u012bbas programmas m\u0113r\u0137iem. Audz\u0113k\u0146i koncert\u0113 R\u012bgas d\u017eeza klubos, regul\u0101ri viesojoties ar\u012b <em>Pashkevich Jazz club<\/em>, sekm\u012bgi piedal\u0101s d\u017eeza un popul\u0101r\u0101s m\u016bzikas konkursos gan ansamb\u013cu sast\u0101v\u0101, gan individu\u0101li, piem\u0113ram, \u201cVentspils Groove\u201d un \u201cDziesmu putenis\u201d C\u0113s\u012bs. Notiek cie\u0161a sadarb\u012bba ar Latvijas M\u016bzikas akad\u0113miju, k\u0101 ar\u012b ar jau ilg\u0101ku laiku past\u0101vo\u0161aj\u0101m d\u017eeza skol\u0101m \u0101rvalst\u012bs (V\u0101cij\u0101, D\u0101nij\u0101, Holand\u0113, Sp\u0101nij\u0101, k\u0101 ar\u012b Igaunij\u0101 un Lietuv\u0101).<\/p>\n<p style=\"text-align: justify;\">Programmas vad\u012bt\u0101js \u2013 Aivars Krasti\u0146\u0161<\/p>\n<p style=\"text-align: justify;\">\n<p><\/p>","protected":false},"excerpt":{"rendered":"<p>Profesion\u0101l\u0101s pilnveides izgl\u012bt\u012bbas programma\u00a0M\u016bsdienu ritma m\u016bzika\u00a0(20P212091) (maksas programma) R\u012bgas Doma kora skola 2003. gad\u0101 k\u0101 pirm\u0101 Latvij\u0101 no pa\u0161iem pamatiem izstr\u0101d\u0101ja, izveidoja un ieviesa profesion\u0101lo pilnveides\u00a0 programmu\u00a0 M\u016bsdienu ritma m\u016bzika . Programma darbojas \u013coti sekm\u012bgi, ir \u013coti piepras\u012bta. M\u0101c\u012bbu ilgums \u2013 2 gadi. Uz\u0146em\u0161ana programm\u0101 notiek ik pa 2 gadiem \u2013 p\u0113c k\u0101rt\u0113j\u0101 kursa beig\u0101m&#8230;.<\/p>\n","protected":false},"author":2,"featured_media":0,"parent":127,"menu_order":6,"comment_status":"closed","ping_status":"open","template":"","meta":{"cybocfi_hide_featured_image":"","footnotes":""},"class_list":["post-165","page","type-page","status-publish","hentry"],"_links":{"self":[{"href":"https:\/\/www.rdks.lv\/lv\/wp-json\/wp\/v2\/pages\/165","targetHints":{"allow":["GET"]}}],"collection":[{"href":"https:\/\/www.rdks.lv\/lv\/wp-json\/wp\/v2\/pages"}],"about":[{"href":"https:\/\/www.rdks.lv\/lv\/wp-json\/wp\/v2\/types\/page"}],"author":[{"embeddable":true,"href":"https:\/\/www.rdks.lv\/lv\/wp-json\/wp\/v2\/users\/2"}],"replies":[{"embeddable":true,"href":"https:\/\/www.rdks.lv\/lv\/wp-json\/wp\/v2\/comments?post=165"}],"version-history":[{"count":9,"href":"https:\/\/www.rdks.lv\/lv\/wp-json\/wp\/v2\/pages\/165\/revisions"}],"predecessor-version":[{"id":7094,"href":"https:\/\/www.rdks.lv\/lv\/wp-json\/wp\/v2\/pages\/165\/revisions\/7094"}],"up":[{"embeddable":true,"href":"https:\/\/www.rdks.lv\/lv\/wp-json\/wp\/v2\/pages\/127"}],"wp:attachment":[{"href":"https:\/\/www.rdks.lv\/lv\/wp-json\/wp\/v2\/media?parent=165"}],"curies":[{"name":"wp","href":"https:\/\/api.w.org\/{rel}","templated":true}]}}