{"id":163,"date":"2013-12-19T02:28:35","date_gmt":"2013-12-19T02:28:35","guid":{"rendered":"http:\/\/213.175.126.152\/?page_id=163"},"modified":"2022-02-07T10:32:20","modified_gmt":"2022-02-07T08:32:20","slug":"dzeza-muzikas-programma","status":"publish","type":"page","link":"https:\/\/www.rdks.lv\/lv\/par-skolu\/programmas\/dzeza-muzikas-programma\/","title":{"rendered":"D\u017eeza m\u016bzikas programma"},"content":{"rendered":"<p><\/p>\n<p>Vid\u0113j\u0101s profesion\u0101l\u0101s izgl\u012bt\u012bbas programma\u00a0<strong><em>M\u016bzika\u00a0<\/em><\/strong>\u00a0(33212091) \u2013 kvalifik\u0101cija\u00a0<strong>D\u017eeza m\u016bzi\u0137is<\/strong>, m\u0101c\u012bbu ilgums 4 gadi (5800 stundas)<\/p>\n<p>R\u012bgas Doma kora skolas profesion\u0101l\u0101 izgl\u012bt\u012bbas programma\u00a0<em><strong>M\u016bzika (d\u017eeza m\u016bzika)<\/strong><\/em>\u00a0pied\u0101v\u0101 apg\u016bt:<\/p>\n<p><strong>Profesion\u0101los priek\u0161metus<\/strong>\u00a0\u2013 Specialit\u0101te ( d\u017eeza vok\u0101ls, klaviersp\u0113le, trompetes sp\u0113le, saksofona sp\u0113le, sitaminstrumenti, \u0123it\u0101ra, bas\u0123it\u0101ra), ansamblis, bigbends,\u00a0\u00a0 klaviersp\u0113le (visu specialit\u0101\u0161u audz\u0113k\u0146iem), bas\u0123it\u0101ra (visu specialit\u0101\u0161u audz\u0113k\u0146iem),\u00a0 gospe\u013ckoris, skatuves runa, kust\u012bba, m\u016bzikas teor\u0113tiskie priek\u0161meti \u2013 solfed\u017eo, harmonija, d\u017eeza v\u0113sture, m\u016bzikas literat\u016bra, rokm\u016bzika, ska\u0146u re\u017eijas pamati, k\u0101 ar\u012b izv\u0113les m\u0101c\u012bbu priek\u0161meta apguves iesp\u0113jas kompoz\u012bcij\u0101 vai izv\u0113les instrumenta sp\u0113l\u0113.<\/p>\n<p><strong>Visp\u0101rizgl\u012btojo\u0161ie m\u0101c\u012bbu priek\u0161meti un apguves l\u012bmenis<\/strong>:<\/p>\n<ul>\n<li><strong>optim\u0101lais l\u012bmenis<\/strong>\u00a0\u2013 latvie\u0161u valoda I, literat\u016bra, ang\u013cu valoda (B2)<\/li>\n<li><strong>visp\u0101r\u012bgais l\u012bmenis<\/strong>\u00a0\u2013\u00a0 matem\u0101tika I un sports, v\u0101cu (B1), soci\u0101l\u0101s zin\u012bbas un v\u0113sture, dabaszin\u0101tnes, kult\u016bras pamati, datorika.<\/li>\n<li><strong>augst\u0101k\u0101 l\u012bme\u0146a kursi<\/strong>\u00a0\u2013 latvie\u0161u valoda un literat\u016bra II, kult\u016bra un m\u0101ksla II<\/li>\n<\/ul>\n<p>M\u0101c\u012bbu laik\u0101 pla\u0161as prakses iesp\u0113jas piedal\u012bties\u00a0 JVLMA bigbenda sast\u0101v\u0101, projektos, konkursos.<\/p>\n<p>Skola pied\u0101v\u0101 Erasmus+ projektu iesp\u0113jas jaunajiem d\u017eeza m\u016bzi\u0137iem.<\/p>\n<p>RDKS absolventi \u00a0studijas turpina J\u0101zepa V\u012btola Latvijas M\u016bzikas akad\u0113mij\u0101, \u0101rzemju augstskol\u0101s.<\/p>\n<p>D\u017eeza programmas vad\u012bt\u0101js\u00a0 T\u0101lis G\u017eibovskis, pedagogi Aivars Krasti\u0146\u0161, Inga B\u0113rzi\u0146a, Indri\u0137is Veitners, Madars Kalni\u0146\u0161, Andrejs Jevsjukovs, Zigmunds \u017dukovskis, Atis Andersons, D\u0101vis Bindemanis, Edijs G\u0146edovskis.<\/p>\n<hr \/>\n<p style=\"text-align: justify;\">Vid\u0113j\u0101s profesion\u0101l\u0101s izgl\u012bt\u012bbas programma\u00a0<strong><em>M\u016bzika<\/em><\/strong>\u00a0(33212091) \u2013 specialit\u0101t\u0113 d\u017eeza m\u016bzi\u0137is<\/p>\n<p style=\"text-align: justify;\">R\u012bgas Doma kora skola k\u0101 viena no pirmaj\u0101m vid\u0113j\u0101s profesion\u0101l\u0101s izgl\u012bt\u012bbas iest\u0101d\u0113m pied\u0101v\u0101 daudzpus\u012bgu\u00a0<strong>d\u017eeza m\u016bzikas programmu<\/strong>, kas aptver specialit\u0101ti (instrumenta sp\u0113li vai dzied\u0101\u0161anu), d\u017eeza solfed\u017eo, harmoniju, v\u0113sturi un literat\u016bru, improviz\u0101ciju, k\u0101 ar\u012b paredz k\u0101da izv\u0113les instrumenta (taj\u0101 skait\u0101 ar\u012b oblig\u0101tu sitaminstrumentu un bas\u0123it\u0101ras) sp\u0113li, ansamb\u013ca muzic\u0113\u0161anu, kompoz\u012bciju, aran\u017e\u0113\u0161anu un ska\u0146u re\u017eijas pamatus.<\/p>\n<p style=\"text-align: justify;\">RDKS ir IASJ (starptautisk\u0101s d\u017eeza skolu asoci\u0101cijas) dal\u012bbniece kop\u0161 2003. gada rudens. Sadarbojoties ar IASJ, jau esam ieguvu\u0161i daudz starptautisku kontaktu, un tiek veidoti kop\u012bgi projekti ar vair\u0101k\u0101m d\u017eeza skol\u0101m Eiropas valst\u012bs (Sp\u0101nija, N\u012bderlande, D\u0101nija), kuros paredz\u0113ta pasniedz\u0113ju un studentu t\u0101l\u0101kizgl\u012bt\u012bba, apmai\u0146as braucieni, koncerti un meistarklases. Kop\u0161 2016. gada norisin\u0101s regul\u0101ra pedagogu un audz\u0113k\u0146u apmai\u0146a ar Somijas un Polijas m\u016bzikas izgl\u012bt\u012bbas iest\u0101d\u0113m.<\/p>\n<p style=\"text-align: justify;\">RDKS absolventi ir gan Latvijas augstskolu, gan presti\u017eu \u0101rvalstu d\u017eeza skolu studenti. P\u0113teris \u017d\u012ble, Rihards Kolmanis, Sintija Grigorjeva un Elvis Linti\u0146\u0161 patlaban stud\u0113 m\u016bziku presti\u017eaj\u0101 B\u0113rklija koled\u017e\u0101 ASV, Arta J\u0113kabsone ir 2016. gada Montr\u0113 <em>Shure Jazz Voice Competition<\/em> pirm\u0101s vietas ieguv\u0113ja un 2018. gada s\u0101kum\u0101 paral\u0113li studij\u0101m \u0145ujork\u0101, laidusi klaj\u0101 ar\u012b savu pirmo ierakstu albumu \u201cLight\u201d. Krist\u012bne Liede stud\u0113 d\u017eeza m\u016bziku Helsinku Sibeliusa akad\u0113mij\u0101, Al\u012bna Bistricka m\u0101c\u0101s un koncert\u0113 London\u0101. Daudzi audz\u0113k\u0146i un absolventi jau iek\u013c\u0101vu\u0161ies un stabili darbojas Latvijas profesion\u0101laj\u0101 m\u016bzikas vid\u0113 \u2013 Artis Lo\u010dmelis, Nauris Stre\u017es un Reinis Ozoli\u0146\u0161 (Latvian Blues band), \u0123it\u0101rists M\u0101rcis Auzi\u0146\u0161 (viens no \u0161obr\u012bd piepras\u012bt\u0101kajiem \u0123it\u0101ristiem Latvij\u0101, cita starp\u0101 ar\u012b R. Paula pavad\u012bt\u0101jgrup\u0101), bundzinieki R\u016bdolfs Dankfelds un Ivars Arutjunjans, basists Toms Poi\u0161s, dzied\u0101t\u0101ji Daumants Kalni\u0146\u0161, J\u016blija Zakirova, Evilena Protektore un vok\u0101l\u0101 ansamb\u013ca \u201cFramest\u201d m\u016bzi\u0137is Roberts Memm\u0113ns.<\/p>\n<p style=\"text-align: justify;\">Pateicoties pasniedz\u0113ju augstajam profesion\u0101lajam l\u012bmenim un m\u0101kslinieciskajai darb\u012bbai, m\u0101c\u012bbu process ir cie\u0161i saist\u012bts ar praksi, kas ir viens no m\u016bsu izgl\u012bt\u012bbas programmas m\u0113r\u0137iem. Audz\u0113k\u0146i koncert\u0113 R\u012bgas d\u017eeza klubos, sekm\u012bgi piedal\u0101s d\u017eeza un popul\u0101r\u0101s m\u016bzikas konkursos gan ansamb\u013cu sast\u0101v\u0101, gan individu\u0101li, piem\u0113ram, \u201cVentspils Groove\u201d un \u201cDziesmu putenis\u201d C\u0113s\u012bs. Notiek cie\u0161a sadarb\u012bba ar Latvijas M\u016bzikas akad\u0113miju, k\u0101 ar\u012b ar jau ilg\u0101ku laiku past\u0101vo\u0161aj\u0101m d\u017eeza skol\u0101m \u0101rvalst\u012bs (V\u0101cij\u0101, D\u0101nij\u0101, Holand\u0113, Sp\u0101nij\u0101, k\u0101 ar\u012b Igaunij\u0101 un Lietuv\u0101).<\/p>\n<p style=\"text-align: justify;\">Programmas vad\u012bt\u0101js \u2013 T\u0101lis G\u017eibovskis<\/p>\n<p style=\"text-align: justify;\">\n<p><\/p>","protected":false},"excerpt":{"rendered":"<p>Vid\u0113j\u0101s profesion\u0101l\u0101s izgl\u012bt\u012bbas programma\u00a0M\u016bzika\u00a0\u00a0(33212091) \u2013 kvalifik\u0101cija\u00a0D\u017eeza m\u016bzi\u0137is, m\u0101c\u012bbu ilgums 4 gadi (5800 stundas) R\u012bgas Doma kora skolas profesion\u0101l\u0101 izgl\u012bt\u012bbas programma\u00a0M\u016bzika (d\u017eeza m\u016bzika)\u00a0pied\u0101v\u0101 apg\u016bt: Profesion\u0101los priek\u0161metus\u00a0\u2013 Specialit\u0101te ( d\u017eeza vok\u0101ls, klaviersp\u0113le, trompetes sp\u0113le, saksofona sp\u0113le, sitaminstrumenti, \u0123it\u0101ra, bas\u0123it\u0101ra), ansamblis, bigbends,\u00a0\u00a0 klaviersp\u0113le (visu specialit\u0101\u0161u audz\u0113k\u0146iem), bas\u0123it\u0101ra (visu specialit\u0101\u0161u audz\u0113k\u0146iem),\u00a0 gospe\u013ckoris, skatuves runa, kust\u012bba, m\u016bzikas teor\u0113tiskie priek\u0161meti \u2013&#8230;<\/p>\n","protected":false},"author":2,"featured_media":0,"parent":127,"menu_order":5,"comment_status":"closed","ping_status":"open","template":"","meta":{"cybocfi_hide_featured_image":"","footnotes":""},"class_list":["post-163","page","type-page","status-publish","hentry"],"_links":{"self":[{"href":"https:\/\/www.rdks.lv\/lv\/wp-json\/wp\/v2\/pages\/163","targetHints":{"allow":["GET"]}}],"collection":[{"href":"https:\/\/www.rdks.lv\/lv\/wp-json\/wp\/v2\/pages"}],"about":[{"href":"https:\/\/www.rdks.lv\/lv\/wp-json\/wp\/v2\/types\/page"}],"author":[{"embeddable":true,"href":"https:\/\/www.rdks.lv\/lv\/wp-json\/wp\/v2\/users\/2"}],"replies":[{"embeddable":true,"href":"https:\/\/www.rdks.lv\/lv\/wp-json\/wp\/v2\/comments?post=163"}],"version-history":[{"count":13,"href":"https:\/\/www.rdks.lv\/lv\/wp-json\/wp\/v2\/pages\/163\/revisions"}],"predecessor-version":[{"id":13011,"href":"https:\/\/www.rdks.lv\/lv\/wp-json\/wp\/v2\/pages\/163\/revisions\/13011"}],"up":[{"embeddable":true,"href":"https:\/\/www.rdks.lv\/lv\/wp-json\/wp\/v2\/pages\/127"}],"wp:attachment":[{"href":"https:\/\/www.rdks.lv\/lv\/wp-json\/wp\/v2\/media?parent=163"}],"curies":[{"name":"wp","href":"https:\/\/api.w.org\/{rel}","templated":true}]}}