{"id":161,"date":"2013-12-19T02:26:45","date_gmt":"2013-12-19T02:26:45","guid":{"rendered":"http:\/\/213.175.126.152\/?page_id=161"},"modified":"2025-02-07T14:29:05","modified_gmt":"2025-02-07T12:29:05","slug":"vokalas-muzikas-programma","status":"publish","type":"page","link":"https:\/\/www.rdks.lv\/lv\/par-skolu\/programmas\/vokalas-muzikas-programma\/","title":{"rendered":"Vok\u0101l\u0101s m\u016bzikas programma"},"content":{"rendered":"<p>Vid\u0113j\u0101s profesion\u0101l\u0101s izgl\u012bt\u012bbas programma\u00a0<strong><em>Vok\u0101l\u0101 m\u016bzika\u00a0<\/em><\/strong>\u00a0(33212061) \u2013 kvalifik\u0101cija\u00a0<strong>Dzied\u0101t\u0101js<\/strong>, m\u0101c\u012bbu ilgums 4 gadi (5800 stundas)<\/p>\n<p><strong>Dzied\u0101\u0161anas<\/strong>\u00a0specialit\u0101t\u0113 tiek sagatavoti n\u0101kamie solisti un profesion\u0101li kora dzied\u0101t\u0101ji, m\u0101c\u012bbu ilgums 4 gadi.<\/p>\n<p>Profesion\u0101l\u0101 izgl\u012bt\u012bbas programma\u00a0<em><strong>Vok\u0101l\u0101 m\u016bzika\u00a0<\/strong><\/em>\u00a0pied\u0101v\u0101 apg\u016bt:<\/p>\n<p><strong>Profesion\u0101los priek\u0161metus<\/strong>\u00a0\u2013 solo dzied\u0101\u0161ana, ansamb\u013ca dzied\u0101\u0161ana, it\u0101\u013cu valoda, koris, aktiermeistar\u012bba,\u00a0 skatuves kust\u012bba, runas kult\u016bra, dzied\u0101\u0161anas metodika, harmonija, m\u016bzikas literat\u016bra, solfed\u017eo, k\u0101 ar\u012b izv\u0113les m\u0101c\u012bbu priek\u0161metu apguve kompoz\u012bcij\u0101, diri\u0123\u0113\u0161an\u0101, instrumenta sp\u0113l\u0113.<\/p>\n<p><strong>Visp\u0101rizgl\u012btojo\u0161ie m\u0101c\u012bbu priek\u0161meti un apguves l\u012bmenis<\/strong>:<\/p>\n<ul>\n<li><strong>optim\u0101lais l\u012bmenis<\/strong>\u00a0\u2013 latvie\u0161u valoda I, literat\u016bra, ang\u013cu valoda (B2) \u2013 optim\u0101lais l\u012bmenis,<\/li>\n<li><strong>visp\u0101r\u012bgais l\u012bmenis<\/strong>\u00a0\u2013\u00a0matem\u0101tika I un sports, v\u0101cu (B1), soci\u0101l\u0101s zin\u012bbas un v\u0113sture, dabaszin\u0101tnes, kult\u016bras pamati, datorika<\/li>\n<li><strong>augst\u0101k\u0101 l\u012bme\u0146a kursi<\/strong>\u00a0\u2013 latvie\u0161u valoda un literat\u016bra II, kult\u016bra un m\u0101ksla II<\/li>\n<\/ul>\n<p>Skola\u00a0 atbalsta RDKS audz\u0113k\u0146u dal\u012bbu Latvijas un starptautiskos vok\u0101listu konkursos, meistarklas\u0113s, projektos.<\/p>\n<p>No 2022. gada skola pied\u0101v\u0101 Erasmus+ projektu iesp\u0113jas jaunajiem dzied\u0101t\u0101jiem.<\/p>\n<p>RDKS ir b\u0101ze JVLMA Vok\u0101l\u0101s katedras studentiem pedago\u0123isk\u0101s prakses apg\u016b\u0161an\u0101 vok\u0101laj\u0101 darb\u0101. RDKS absolventi vok\u0101l\u0101s studijas turpina J\u0101zepa V\u012btola \u00a0Latvijas M\u016bzikas akad\u0113mij\u0101, gan da\u017e\u0101d\u0101s \u0101rvalstu augstskol\u0101s London\u0101, Berl\u012bn\u0113, H\u0101g\u0101, Amsterdam\u0101.<\/p>\n<p>Vok\u0101l\u0101s programmas vad\u012bt\u0101ja Irma Pav\u0101re, vok\u0101lie pedagogi Valda Dzene, Gundars Dzi\u013cums, Baiba Renerte, Inese Romanc\u0101ne, Valda Tra\u010duma, Ansis B\u0113ti\u0146\u0161, Ance \u0136irse.<\/p>\n<hr \/>\n<p style=\"text-align: justify;\"><strong>Dzied\u0101\u0161anas<\/strong>\u00a0specialit\u0101t\u0113 tiek \u012bpa\u0161i sagatavoti n\u0101kamie solisti un profesion\u0101li kora dzied\u0101t\u0101ji. L\u012bdz\u0101s visp\u0101r\u0113j\u0101m m\u016bzikas teorijas discipl\u012bn\u0101m programma paredz intens\u012bvu solo dzied\u0101\u0161anas, vok\u0101l\u0101 ansamb\u013ca, it\u0101\u013cu valodas, skatuves kust\u012bbas un runas kult\u016bras apguvi.<\/p>\n<p style=\"text-align: justify;\">Pabeidzot profesion\u0101l\u0101s ievirzes programmu \u201eKora klase\u201d, 9. klases audz\u0113k\u0146i ne vienm\u0113r izlemj savu turpm\u0101ko dz\u012bvi saist\u012bt ar diri\u0123\u0113\u0161anu, bet bie\u017ei vien v\u0113las vidusskol\u0101 turpin\u0101t pilnveidoties tie\u0161i vok\u0101laj\u0101 meistar\u012bb\u0101. Atsaucoties uz \u0161o lielo interesi par vok\u0101lo m\u0101kslu, 2005. gad\u0101 R\u012bgas Doma kora skol\u0101 tika ieviesta un jau vair\u0101kus gadus \u013coti sekm\u012bgi darbojas izgl\u012bt\u012bbas programma: Vok\u0101l\u0101 m\u016bzika \u2013 akad\u0113misk\u0101 dzied\u0101\u0161ana. Programmas vad\u012bt\u0101jas &#8211;\u00a0 Irma Pav\u0101re.<\/p>\n<p style=\"text-align: justify;\">Kop\u0161 2007. gada RDKS vok\u0101lie pedagogi, b\u016bdami gan Latvijas, gan Starptautisk\u0101s Dzied\u0101\u0161anas skolot\u0101ju asoci\u0101cijas biedri, akt\u012bvi piedal\u0101s asoci\u0101cijas konferenc\u0113s un semin\u0101ros, sniedz publiskas meistarklases un n\u0101kotn\u0113 cer \u012bstenot ieceri par savu jauno vok\u0101listu konkursa izveido\u0161anu. Sa\u0146emot neskait\u0101mus komplimentus, RDKS audz\u0113k\u0146i bie\u017ei tiek aicin\u0101ti dzied\u0101t \u0101rzemju profesoru meistarklas\u0113s. Daudzus gadus RDKS ir b\u0101zes skola JVLMA Vok\u0101l\u0101s katedras studentiem pedago\u0123isk\u0101s prakses apg\u016b\u0161an\u0101 vok\u0101laj\u0101 darb\u0101 ar b\u0113rniem un pusaud\u017eiem. RDKS absolventi vok\u0101l\u0101s studijas turpina gan Latvijas M\u016bzikas akad\u0113mij\u0101, gan da\u017e\u0101d\u0101s \u0101rvalstu augstskol\u0101s.<\/p>\n<p style=\"text-align: justify;\">V\u0113rt\u012bga un pan\u0101kumiem bag\u0101ta ir RDKS audz\u0113k\u0146u dal\u012bba Latvijas un starptautiskos jauno vok\u0101listu konkursos, kuros vi\u0146i sevi apliecina gan ar muzic\u0113\u0161anas prasmi, gan stila un muzik\u0101l\u0101s gaumes izj\u016btu, kas \u0161aj\u0101 vecuma posm\u0101 ir \u0101rk\u0101rt\u012bgi svar\u012bgi. Ikdien\u0101 str\u0101d\u0101jot rado\u0161i, aizraut\u012bgi un ar m\u012blest\u012bbas pilnu attieksmi pret katru audz\u0113kni, RDKS vok\u0101lo pedagogu kolekt\u012bvs r\u016bp\u0113jas, lai skolas audz\u0113k\u0146i var\u0113tu veidoties par izciliem un konkur\u0113tsp\u0113j\u012bgiem vok\u0101listiem, par zino\u0161iem un prasm\u012bgiem vok\u0101lajiem pedagogiem, k\u0101 ar\u012b par piepras\u012btiem Latvijas profesion\u0101lo koru m\u0101ksliniekiem.<\/p>\n<p style=\"text-align: justify;\"><strong>\u00a0<\/strong><\/p>\n<p><\/p>","protected":false},"excerpt":{"rendered":"<p>Vid\u0113j\u0101s profesion\u0101l\u0101s izgl\u012bt\u012bbas programma\u00a0Vok\u0101l\u0101 m\u016bzika\u00a0\u00a0(33212061) \u2013 kvalifik\u0101cija\u00a0Dzied\u0101t\u0101js, m\u0101c\u012bbu ilgums 4 gadi (5800 stundas) Dzied\u0101\u0161anas\u00a0specialit\u0101t\u0113 tiek sagatavoti n\u0101kamie solisti un profesion\u0101li kora dzied\u0101t\u0101ji, m\u0101c\u012bbu ilgums 4 gadi. Profesion\u0101l\u0101 izgl\u012bt\u012bbas programma\u00a0Vok\u0101l\u0101 m\u016bzika\u00a0\u00a0pied\u0101v\u0101 apg\u016bt: Profesion\u0101los priek\u0161metus\u00a0\u2013 solo dzied\u0101\u0161ana, ansamb\u013ca dzied\u0101\u0161ana, it\u0101\u013cu valoda, koris, aktiermeistar\u012bba,\u00a0 skatuves kust\u012bba, runas kult\u016bra, dzied\u0101\u0161anas metodika, harmonija, m\u016bzikas literat\u016bra, solfed\u017eo, k\u0101 ar\u012b izv\u0113les m\u0101c\u012bbu&#8230;<\/p>\n","protected":false},"author":19,"featured_media":0,"parent":127,"menu_order":3,"comment_status":"closed","ping_status":"open","template":"","meta":{"cybocfi_hide_featured_image":"","footnotes":""},"class_list":["post-161","page","type-page","status-publish","hentry"],"_links":{"self":[{"href":"https:\/\/www.rdks.lv\/lv\/wp-json\/wp\/v2\/pages\/161","targetHints":{"allow":["GET"]}}],"collection":[{"href":"https:\/\/www.rdks.lv\/lv\/wp-json\/wp\/v2\/pages"}],"about":[{"href":"https:\/\/www.rdks.lv\/lv\/wp-json\/wp\/v2\/types\/page"}],"author":[{"embeddable":true,"href":"https:\/\/www.rdks.lv\/lv\/wp-json\/wp\/v2\/users\/19"}],"replies":[{"embeddable":true,"href":"https:\/\/www.rdks.lv\/lv\/wp-json\/wp\/v2\/comments?post=161"}],"version-history":[{"count":15,"href":"https:\/\/www.rdks.lv\/lv\/wp-json\/wp\/v2\/pages\/161\/revisions"}],"predecessor-version":[{"id":17150,"href":"https:\/\/www.rdks.lv\/lv\/wp-json\/wp\/v2\/pages\/161\/revisions\/17150"}],"up":[{"embeddable":true,"href":"https:\/\/www.rdks.lv\/lv\/wp-json\/wp\/v2\/pages\/127"}],"wp:attachment":[{"href":"https:\/\/www.rdks.lv\/lv\/wp-json\/wp\/v2\/media?parent=161"}],"curies":[{"name":"wp","href":"https:\/\/api.w.org\/{rel}","templated":true}]}}