{"id":159,"date":"2013-12-19T02:25:19","date_gmt":"2013-12-19T02:25:19","guid":{"rendered":"http:\/\/213.175.126.152\/?page_id=159"},"modified":"2023-07-13T14:06:43","modified_gmt":"2023-07-13T12:06:43","slug":"kordirigesanas-programma","status":"publish","type":"page","link":"https:\/\/www.rdks.lv\/lv\/par-skolu\/programmas\/kordirigesanas-programma\/","title":{"rendered":"Kordiri\u0123\u0113\u0161anas programma"},"content":{"rendered":"<p><\/p>\n<p>Vid\u0113j\u0101s profesion\u0101l\u0101s izgl\u012bt\u012bbas programma\u00a0<strong><em>Diri\u0123\u0113\u0161ana<\/em><\/strong>\u00a0(33212051) \u2013 kvalifik\u0101cija\u00a0<strong>kormeistars,<\/strong>\u00a0<strong>kora dzied\u0101t\u0101js<\/strong>, m\u0101c\u012bbu ilgums 4 gadi (5800 stundas)<\/p>\n<p>R\u012bgas Doma kora skolas profesion\u0101l\u0101 izgl\u012bt\u012bbas programma\u00a0<em><strong>Diri\u0123\u0113\u0161ana<\/strong><\/em>\u00a0pied\u0101v\u0101 apg\u016bt:<\/p>\n<p><strong>Profesion\u0101los priek\u0161metus<\/strong>\u00a0\u2013 diri\u0123\u0113\u0161ana, partit\u016bra, kora m\u0101c\u012bba, kora literat\u016bra, dzied\u0101\u0161ana, klaviersp\u0113le, koris, runas kult\u016bra, skatuves kust\u012bba, m\u016bzikas teor\u0113tiskie priek\u0161meti \u2013 solfed\u017eo, harmonija, polifonija, forma, m\u016bzikas literat\u016bra, k\u0101 ar\u012b izv\u0113les m\u0101c\u012bbu priek\u0161meta apguves iesp\u0113jas kompoz\u012bcij\u0101 vai izv\u0113les instrumenta sp\u0113l\u0113.<\/p>\n<p><strong>Visp\u0101rizgl\u012btojo\u0161ie m\u0101c\u012bbu priek\u0161meti un apguves l\u012bmenis<\/strong>:<\/p>\n<ul>\n<li><strong>optim\u0101lais l\u012bmenis<\/strong>\u00a0\u2013 latvie\u0161u valoda I, literat\u016bra, ang\u013cu valoda (B2)<\/li>\n<li><strong>visp\u0101r\u012bgais l\u012bmenis<\/strong>\u00a0\u2013 \u00a0matem\u0101tika I un sports, v\u0101cu (B1), soci\u0101l\u0101s zin\u012bbas un v\u0113sture, dabaszin\u0101tnes, kult\u016bras pamati, datorika.<\/li>\n<li><strong>augst\u0101k\u0101 l\u012bme\u0146a kursi<\/strong>\u00a0\u2013 latvie\u0161u valoda un literat\u016bra II, kult\u016bra un m\u0101ksla II<\/li>\n<\/ul>\n<p>M\u0101c\u012bbu laik\u0101 pla\u0161as prakses iesp\u0113jas piedal\u012bties \u00a0koncertdarb\u012bb\u0101, projektos, konkursos.<\/p>\n<p>No 2022.gada skola pied\u0101v\u0101 Erasmus+ projektu iesp\u0113jas jaunajiem diri\u0123entiem.<\/p>\n<p>RDKS absolventi \u00a0studijas turpina J\u0101zepa V\u012btola Latvijas M\u016bzikas akad\u0113mij\u0101 diri\u0123\u0113\u0161anas, or\u0137estra diri\u0123\u0113\u0161anas, vok\u0101l\u0101s m\u016bzikas, pedago\u0123ijas specialit\u0101t\u0113s.<\/p>\n<p>Diri\u0123\u0113\u0161anas programmas vad\u012bt\u0101js Jur\u0123is C\u0101bulis, diri\u0123\u0113\u0161anas pedagogi M\u0101rti\u0146\u0161 Kli\u0161\u0101ns, Aira Birzi\u0146a, Inita Kamar\u016bte, L\u012bga \u0100damsone, Aivars Krasti\u0146\u0161.<\/p>\n<hr \/>\n<p style=\"text-align: justify;\">M\u0101c\u012bbas \u0161aj\u0101 specialit\u0101t\u0113 audz\u0113knim nodro\u0161ina labas prakses iesp\u0113jas &#8211; str\u0101d\u0101t un dzied\u0101t \u013coti lab\u0101 jauktaj\u0101 kor\u012b. Koris darbojas k\u0101 laboratorija jaunajam diri\u0123entam, kur\u0101 notiek pirm\u0101 re\u0101l\u0101 saskarsme ar \u0161o profesiju. IV kurs\u0101 audz\u0113knis \u2013 jaunais diri\u0123ents, nosl\u0113dzot m\u0101c\u012bbas skol\u0101, sniedz koncerteks\u0101menu.<\/p>\n<p style=\"text-align: justify;\">Starp R\u012bgas Doma kora skolas izgl\u012bt\u012bbas programmas <strong><em>Diri\u0123\u0113\u0161ana<\/em><\/strong> absolventiem ir vair\u0101ki Latvij\u0101 un Eirop\u0101 nov\u0113rt\u0113ti un atpaz\u012bstami m\u0101kslinieki, piem\u0113ram:<\/p>\n<ul style=\"text-align: justify;\">\n<li>Kaspars \u0100damsons &#8211; Latvijas Nacion\u0101l\u0101s operas un baleta kormeistars un diri\u0123ents;<\/li>\n<li>J\u0101nis Liepi\u0146\u0161 &#8211; Latvijas Nacion\u0101l\u0101s operas un baleta diri\u0123ents;<\/li>\n<li>Valdis But\u0101ns &#8211; Profesion\u0101l\u0101 p\u016bt\u0113ju or\u0137estra R\u012bga m\u0101kslinieciskais vad\u012bt\u0101js;<\/li>\n<li>J\u0101nis Ozols &#8211; Baltijas j\u016bras koru konkursa m\u0101kslinieciskais vad\u012bt\u0101js;<\/li>\n<li>Jur\u0123is C\u0101bulis &#8211; R\u012bgas Profesion\u0101l\u0101 kamerkora AVE SOL diri\u0123ents;<\/li>\n<li>J\u0113kabs Jan\u010devskis &#8211; Komponists.<\/li>\n<\/ul>\n<p style=\"text-align: justify;\">Programmas <strong><em>Diri\u0123\u0113\u0161ana<\/em><\/strong> vad\u012bt\u0101js:<br \/>\nJur\u0123is C\u0101bulis<\/p>\n<p style=\"text-align: justify;\"><strong>\u00a0<\/strong><\/p>\n<p><\/p>","protected":false},"excerpt":{"rendered":"<p>Vid\u0113j\u0101s profesion\u0101l\u0101s izgl\u012bt\u012bbas programma\u00a0Diri\u0123\u0113\u0161ana\u00a0(33212051) \u2013 kvalifik\u0101cija\u00a0kormeistars,\u00a0kora dzied\u0101t\u0101js, m\u0101c\u012bbu ilgums 4 gadi (5800 stundas) R\u012bgas Doma kora skolas profesion\u0101l\u0101 izgl\u012bt\u012bbas programma\u00a0Diri\u0123\u0113\u0161ana\u00a0pied\u0101v\u0101 apg\u016bt: Profesion\u0101los priek\u0161metus\u00a0\u2013 diri\u0123\u0113\u0161ana, partit\u016bra, kora m\u0101c\u012bba, kora literat\u016bra, dzied\u0101\u0161ana, klaviersp\u0113le, koris, runas kult\u016bra, skatuves kust\u012bba, m\u016bzikas teor\u0113tiskie priek\u0161meti \u2013 solfed\u017eo, harmonija, polifonija, forma, m\u016bzikas literat\u016bra, k\u0101 ar\u012b izv\u0113les m\u0101c\u012bbu priek\u0161meta apguves iesp\u0113jas kompoz\u012bcij\u0101 vai&#8230;<\/p>\n","protected":false},"author":2,"featured_media":0,"parent":127,"menu_order":2,"comment_status":"closed","ping_status":"open","template":"","meta":{"cybocfi_hide_featured_image":"","footnotes":""},"class_list":["post-159","page","type-page","status-publish","hentry"],"_links":{"self":[{"href":"https:\/\/www.rdks.lv\/lv\/wp-json\/wp\/v2\/pages\/159","targetHints":{"allow":["GET"]}}],"collection":[{"href":"https:\/\/www.rdks.lv\/lv\/wp-json\/wp\/v2\/pages"}],"about":[{"href":"https:\/\/www.rdks.lv\/lv\/wp-json\/wp\/v2\/types\/page"}],"author":[{"embeddable":true,"href":"https:\/\/www.rdks.lv\/lv\/wp-json\/wp\/v2\/users\/2"}],"replies":[{"embeddable":true,"href":"https:\/\/www.rdks.lv\/lv\/wp-json\/wp\/v2\/comments?post=159"}],"version-history":[{"count":20,"href":"https:\/\/www.rdks.lv\/lv\/wp-json\/wp\/v2\/pages\/159\/revisions"}],"predecessor-version":[{"id":17154,"href":"https:\/\/www.rdks.lv\/lv\/wp-json\/wp\/v2\/pages\/159\/revisions\/17154"}],"up":[{"embeddable":true,"href":"https:\/\/www.rdks.lv\/lv\/wp-json\/wp\/v2\/pages\/127"}],"wp:attachment":[{"href":"https:\/\/www.rdks.lv\/lv\/wp-json\/wp\/v2\/media?parent=159"}],"curies":[{"name":"wp","href":"https:\/\/api.w.org\/{rel}","templated":true}]}}