{"id":15045,"date":"2023-05-25T11:31:33","date_gmt":"2023-05-25T08:31:33","guid":{"rendered":"https:\/\/www.rdks.lv\/?page_id=15045"},"modified":"2026-03-30T12:50:54","modified_gmt":"2026-03-30T10:50:54","slug":"uznemsana-2026-vidusskola","status":"publish","type":"page","link":"https:\/\/www.rdks.lv\/lv\/uznemsana-2026-vidusskola\/","title":{"rendered":"Uz\u0146em\u0161ana 2026 \u2013 vidusskola"},"content":{"rendered":"<figure class=\"wp-block-image\"><a href=\"http:\/\/www.rdks.lv\/wp-content\/uploads\/2018\/04\/Att%C4%93ls1.png\"><img decoding=\"async\" class=\"wp-image-7454\" src=\"http:\/\/www.rdks.lv\/wp-content\/uploads\/2018\/04\/Att%C4%93ls1.png\" alt=\"\" \/><\/a><\/figure>\r\n\r\n\r\n\r\n<p class=\"has-text-align-center\" style=\"text-align: center;\"><strong>Uz\u0146em\u0161ana R\u012bgas Doma kora skolas <strong>profesion\u0101l\u0101s vid\u0113j\u0101s <\/strong><\/strong><strong><strong>izgl\u012bt\u012bbas programmu un profesion\u0101l\u0101s ievirzes izgl\u012bt\u012bbas programmu (l\u012bdztekus m\u0101c\u012bb\u0101m cit\u0101 vid\u0113j\u0101s izgl\u012bt\u012bbas iest\u0101d\u0113)<\/strong>\u00a0<br \/>I kurs\u0101 uz 2026.\/2027. m\u0101c\u012bbu gadu<\/strong><\/p>\r\n\r\n\r\n<hr class=\"wp-block-separator has-text-color has-pale-cyan-blue-color has-alpha-channel-opacity has-pale-cyan-blue-background-color has-background\" \/>\r\n<p><a href=\"https:\/\/www.rdks.lv\/wp-content\/uploads\/2025\/12\/RDKS-Uznemsanas-noteikumi-2026-2027.pdf\"><strong>Uz\u0146em\u0161anas noteikumi 2026.\/2027. m\u0101c\u012bbu gadam<\/strong><\/a><\/p>\r\n<ul>\r\n<li>Uz\u0146em\u0161anas dokumentu iesnieg\u0161ana &#8211; no <strong>2026. gada 1. l\u012bdz <\/strong><strong>12. j\u016bnijam<\/strong><\/li>\r\n<li><a href=\"https:\/\/forms.gle\/1FJWuY796pzzVQrK9\">Uz\u0146em\u0161anas pieteikuma veidlapa <\/a>&#8211; tiks atv\u0113rta no <strong>1. j\u016bnija<\/strong><\/li>\r\n<li>Uz\u0146em\u0161anas p\u0101rbaud\u012bjumi &#8211; <strong>2026. gada 15.-19. j\u016bnij\u0101<\/strong><\/li>\r\n<li><a href=\"https:\/\/www.rdks.lv\/wp-content\/uploads\/2025\/02\/Uznemsanas-prasibas_VSK.pdf\">Uz\u0146em\u0161anas p\u0101rbaud\u012bjumu pras\u012bbas<\/a><\/li>\r\n<\/ul>\r\n<p><em>Inform\u0101cija par eks\u0101menu norisi tiks papildin\u0101ta.<br \/><\/em>Papildus inform\u0101cija: <em><a href=\"mailto:egija.ozolina@nmv.gov.lv\">egija.ozolina@nmv.gov.lv<\/a><\/em><\/p>\r\n<hr \/>\r\n<p><span style=\"color: #008000;\"><strong>KONSULT\u0100CIJAS REFLEKTANTIEM<\/strong><\/span><\/p>\r\n<ul>\r\n<li><span data-olk-copy-source=\"MessageBody\">25. apr\u012bl\u012b &#8211; <a href=\"https:\/\/docs.google.com\/forms\/d\/e\/1FAIpQLScp42s8j_a7wzanWj-9FwTPejjOB01UKjpUMhKGeBUTqOqUlg\/viewform?usp=dialog\"><strong>pieteikties solfed\u017eo konsult\u0101cij\u0101m<\/strong><\/a><\/span><\/li>\r\n<li><span data-olk-copy-source=\"MessageBody\">30. maij\u0101<\/span><\/li>\r\n<\/ul>\r\n<hr \/>\r\n<p><span style=\"color: #008000;\"><strong>SAGATAVO\u0160ANAS KURSI<\/strong><\/span><\/p>\r\n<p>Aicin\u0101m vidusskolas reflektantus uz <strong>maksas sagatavo\u0161anas kursiem<\/strong>. Kursos iesp\u0113jams papildin\u0101t un nostiprin\u0101t prasmes solfed\u017eo, piedaloties nelielu grupu nodarb\u012bb\u0101s kl\u0101tien\u0113. <a href=\"https:\/\/www.rdks.lv\/lv\/sagatavosanas-kursi-2\/\"><strong>Pla\u0161\u0101ka inform\u0101cija<\/strong><\/a><\/p>\r\n<hr class=\"wp-block-separator has-text-color has-pale-cyan-blue-color has-alpha-channel-opacity has-pale-cyan-blue-background-color has-background\" \/>\r\n<p><strong>PIETEIK\u0160AN\u0100S DIENESTA VIESN\u012aCAI<\/strong><\/p>\r\n<p>&#8211; <a href=\"https:\/\/www.rdks.lv\/wp-content\/uploads\/2025\/06\/Iesniegums_nepilngadigs_RDKS.docx\">nepilngad\u012bgai personai<\/a><br \/>&#8211; <a href=\"https:\/\/www.rdks.lv\/wp-content\/uploads\/2025\/07\/Iesniegums_pilngadigs_RDKS.docx\">pilngad\u012bgai personai<\/a><\/p>\r\n<p>Aizpild\u012btu pieteikuma anketu s\u0101kot no 2026. gada <strong>22. j\u016bnija <\/strong>nos\u016bt\u012bt uz <a href=\"mailto:rdks@nmv.gov.lv\"><em>rdks@nmv.gov.lv<\/em><\/a>\u00a0<\/p>\r\n\r\n\r\n\r\n<ul class=\"wp-block-list\">\r\n\r\n<\/ul>","protected":false},"excerpt":{"rendered":"<p>Uz\u0146em\u0161ana R\u012bgas Doma kora skolas profesion\u0101l\u0101s vid\u0113j\u0101s izgl\u012bt\u012bbas programmu un profesion\u0101l\u0101s ievirzes izgl\u012bt\u012bbas programmu (l\u012bdztekus m\u0101c\u012bb\u0101m cit\u0101 vid\u0113j\u0101s izgl\u012bt\u012bbas iest\u0101d\u0113)\u00a0I kurs\u0101 uz 2026.\/2027. m\u0101c\u012bbu gadu<\/p>\n","protected":false},"author":16,"featured_media":0,"parent":0,"menu_order":0,"comment_status":"closed","ping_status":"closed","template":"","meta":{"cybocfi_hide_featured_image":"","footnotes":""},"class_list":["post-15045","page","type-page","status-publish","hentry"],"_links":{"self":[{"href":"https:\/\/www.rdks.lv\/lv\/wp-json\/wp\/v2\/pages\/15045","targetHints":{"allow":["GET"]}}],"collection":[{"href":"https:\/\/www.rdks.lv\/lv\/wp-json\/wp\/v2\/pages"}],"about":[{"href":"https:\/\/www.rdks.lv\/lv\/wp-json\/wp\/v2\/types\/page"}],"author":[{"embeddable":true,"href":"https:\/\/www.rdks.lv\/lv\/wp-json\/wp\/v2\/users\/16"}],"replies":[{"embeddable":true,"href":"https:\/\/www.rdks.lv\/lv\/wp-json\/wp\/v2\/comments?post=15045"}],"version-history":[{"count":120,"href":"https:\/\/www.rdks.lv\/lv\/wp-json\/wp\/v2\/pages\/15045\/revisions"}],"predecessor-version":[{"id":18417,"href":"https:\/\/www.rdks.lv\/lv\/wp-json\/wp\/v2\/pages\/15045\/revisions\/18417"}],"wp:attachment":[{"href":"https:\/\/www.rdks.lv\/lv\/wp-json\/wp\/v2\/media?parent=15045"}],"curies":[{"name":"wp","href":"https:\/\/api.w.org\/{rel}","templated":true}]}}