{"id":149,"date":"2013-12-19T02:12:42","date_gmt":"2013-12-19T02:12:42","guid":{"rendered":"http:\/\/213.175.126.152\/?page_id=149"},"modified":"2018-01-30T10:43:14","modified_gmt":"2018-01-30T08:43:14","slug":"pamatskola-un-prof-ievirze","status":"publish","type":"page","link":"https:\/\/www.rdks.lv\/lv\/par-skolu\/programmas\/pamatskola-un-prof-ievirze\/","title":{"rendered":"Pamatskola un profesion\u0101l\u0101 ievirze"},"content":{"rendered":"<p><\/p>\n<p style=\"text-align: center;\"><em>Pamatizgl\u012bt\u012bbas programma\u00a0<\/em>\u2013 21011111 vienot\u0101 m\u0101c\u012bbu pl\u0101n\u0101 ar Profesion\u0101l\u0101s ievirzes izgl\u012bt\u012bbas programmu<br \/>\n<strong>Vok\u0101l\u0101 m\u016bzika, Kora klase<\/strong>\u00a0\u2013 20V212061<\/p>\n<p style=\"text-align: justify;\">Profesion\u0101l\u0101s ievirzes izgl\u012bt\u012bbas programmu <em>Vok\u0101l\u0101 m\u016bzika, Kora klase<\/em> apg\u016bst visi audz\u0113k\u0146i no 1. l\u012bdz 9. klasei. \u0160aj\u0101 programma veiksm\u012bgi sabalans\u0113ts individu\u0101lo m\u016bzikas priek\u0161metu kl\u0101sts (dzied\u0101\u0161ana, klaviersp\u0113le, diri\u0123\u0113\u0161ana, blokflautas sp\u0113le) ar grupas nodarb\u012bb\u0101m (solfed\u017eo, m\u016bzikas literat\u016bra, teorija, ritmika, ansamb\u013ca dzied\u0101\u0161ana). M\u016bzikas nodarb\u012bbas tiek integr\u0113tas kop\u012bg\u0101 stundu sarakst\u0101 ar visp\u0101r\u0113jiem s\u0101kumskolas un pamatskolas programm\u0101 paredz\u0113tajiem m\u0101c\u012bbu priek\u0161metiem, vienlaikus pied\u0101v\u0101jot audz\u0113k\u0146iem daudzveid\u012bgus apm\u0101c\u012bbas veidus (klas\u0113, grup\u0101 un individu\u0101li), gan ar\u012b sa\u0146emt divas apliec\u012bbas programmas apguves nosl\u0113gum\u0101 \u2013 9.\u00a0klasi beidzot.<\/p>\n<p style=\"text-align: justify;\">Skolas muzik\u0101lo trad\u012bciju pamatu veido t\u0101s kolekt\u012bvi \u2013 R\u012bgas Doma z\u0113nu koris un R\u012bgas Doma meite\u0146u koris <em>Tiara<\/em> \u2013 ir Dziesmu sv\u0113tku, meistarkla\u0161u un starptautisku projektu dal\u012bbnieki. M\u0101c\u012bbu gada laik\u0101 l\u012bdz\u0101s dzied\u0101\u0161anai kor\u012b katrs audz\u0113knis piedal\u0101s individu\u0101lo pedagogu klases audz\u0113k\u0146u koncertos, bet, att\u012bstot savu talantu t\u0101l\u0101k \u2013 ar\u012b skolas Ziemassv\u0113tku un pavasara koncertos un da\u017e\u0101dos citos m\u016bzikas projektos un konkursos jaunajiem dzied\u0101t\u0101jiem.<\/p>\n<p style=\"text-align: justify;\">Skolas audz\u0113k\u0146i regul\u0101ri g\u016bst pan\u0101kumus valsts un starptautiskajos konkursos, k\u0101 ar\u012b piedal\u0101s da\u017e\u0101dos te\u0101tra un operu iestud\u0113jumos. \u012apa\u0161i b\u016btu atz\u012bm\u0113jama sadarb\u012bba ar\u00a0 Latvijas Nacion\u0101lo operu un Baletu, k\u0101 rezult\u0101t\u0101 skolas audz\u0113k\u0146i piedal\u0101s \u017d. Biz\u0113 operas <em>Karmena,<\/em> A.\u00a0Maskata operas <em>Valent\u012bna,<\/em> V.A. Mocarta operas <em>Maz\u0101 burvju flauta, <\/em>J.\u00a0L\u016bs\u0113na<em> Putnu operas<\/em>, k\u0101 ar\u012b R. V\u0101gnera operas <em>Tanheizers <\/em>izr\u0101d\u0113s<em>. <\/em><\/p>\n<p style=\"text-align: justify;\"><em>Balss l\u016bzuma<\/em> jeb mut\u0101cijas laik\u0101 audz\u0113k\u0146iem tiek pied\u0101v\u0101ta instrumenta sp\u0113les vai kompoz\u012bcijas iema\u0146u apguve. 9.\u00a0klases z\u0113ni p\u0113c balss l\u016bzuma dzied vidusskolas jauktaj\u0101 kor\u012b un piedal\u0101s jauno diri\u0123entu kvalifik\u0101cijas eks\u0101mena programmu sagatavo\u0161an\u0101. Tas \u013cauj pamatskolas audz\u0113k\u0146iem iepaz\u012bties ar topo\u0161o profesion\u0101lo m\u016bzi\u0137u dz\u012bvi vidusskol\u0101 un pied\u0101v\u0101to vid\u0113j\u0101s speci\u0101l\u0101s izgl\u012bt\u012bbas programmu iesp\u0113j\u0101m, p\u0101rbaud\u012bt savas intereses un sp\u0113jas, dom\u0101jot par t\u0101l\u0101kaj\u0101m gait\u0101m.<\/p>\n<p style=\"text-align: justify;\">P\u0113c 9.klases nosl\u0113guma eks\u0101menu sekm\u012bgas nok\u0101rto\u0161anas audz\u0113k\u0146iem ir iesp\u0113ja turpin\u0101t m\u0101c\u012bbas jau profesion\u0101l\u0101s vid\u0113j\u0101s izgl\u012bt\u012bbas programm\u0101s <em>Diri\u0123\u0113\u0161ana<\/em>, <em>Vok\u0101l\u0101 m\u016bzika<\/em>, k\u0101 ar\u012b <em>Vok\u0101l\u0101 m\u016bzika &#8211; m\u016bziklu dzied\u0101t\u0101ja<\/em> un <em>D\u017eeza m\u016bzikas<\/em> specialit\u0101t\u0113s.<\/p>\n<p><\/p>","protected":false},"excerpt":{"rendered":"<p>Pamatizgl\u012bt\u012bbas programma\u00a0\u2013 21011111 vienot\u0101 m\u0101c\u012bbu pl\u0101n\u0101 ar Profesion\u0101l\u0101s ievirzes izgl\u012bt\u012bbas programmu Vok\u0101l\u0101 m\u016bzika, Kora klase\u00a0\u2013 20V212061 Profesion\u0101l\u0101s ievirzes izgl\u012bt\u012bbas programmu Vok\u0101l\u0101 m\u016bzika, Kora klase apg\u016bst visi audz\u0113k\u0146i no 1. l\u012bdz 9. klasei. \u0160aj\u0101 programma veiksm\u012bgi sabalans\u0113ts individu\u0101lo m\u016bzikas priek\u0161metu kl\u0101sts (dzied\u0101\u0161ana, klaviersp\u0113le, diri\u0123\u0113\u0161ana, blokflautas sp\u0113le) ar grupas nodarb\u012bb\u0101m (solfed\u017eo, m\u016bzikas literat\u016bra, teorija, ritmika, ansamb\u013ca dzied\u0101\u0161ana)&#8230;.<\/p>\n","protected":false},"author":2,"featured_media":0,"parent":127,"menu_order":1,"comment_status":"closed","ping_status":"open","template":"","meta":{"cybocfi_hide_featured_image":"","footnotes":""},"class_list":["post-149","page","type-page","status-publish","hentry"],"_links":{"self":[{"href":"https:\/\/www.rdks.lv\/lv\/wp-json\/wp\/v2\/pages\/149","targetHints":{"allow":["GET"]}}],"collection":[{"href":"https:\/\/www.rdks.lv\/lv\/wp-json\/wp\/v2\/pages"}],"about":[{"href":"https:\/\/www.rdks.lv\/lv\/wp-json\/wp\/v2\/types\/page"}],"author":[{"embeddable":true,"href":"https:\/\/www.rdks.lv\/lv\/wp-json\/wp\/v2\/users\/2"}],"replies":[{"embeddable":true,"href":"https:\/\/www.rdks.lv\/lv\/wp-json\/wp\/v2\/comments?post=149"}],"version-history":[{"count":14,"href":"https:\/\/www.rdks.lv\/lv\/wp-json\/wp\/v2\/pages\/149\/revisions"}],"predecessor-version":[{"id":7052,"href":"https:\/\/www.rdks.lv\/lv\/wp-json\/wp\/v2\/pages\/149\/revisions\/7052"}],"up":[{"embeddable":true,"href":"https:\/\/www.rdks.lv\/lv\/wp-json\/wp\/v2\/pages\/127"}],"wp:attachment":[{"href":"https:\/\/www.rdks.lv\/lv\/wp-json\/wp\/v2\/media?parent=149"}],"curies":[{"name":"wp","href":"https:\/\/api.w.org\/{rel}","templated":true}]}}