{"id":14523,"date":"2023-06-01T14:50:40","date_gmt":"2023-06-01T11:50:40","guid":{"rendered":"https:\/\/www.rdks.lv\/?page_id=14523"},"modified":"2026-05-05T22:16:04","modified_gmt":"2026-05-05T20:16:04","slug":"uznemsana-2026","status":"publish","type":"page","link":"https:\/\/www.rdks.lv\/lv\/uznemsana-2026\/","title":{"rendered":"Uz\u0146em\u0161ana"},"content":{"rendered":"<figure class=\"wp-block-image\"><a href=\"http:\/\/www.rdks.lv\/wp-content\/uploads\/2018\/04\/Att%C4%93ls1.png\"><img decoding=\"async\" class=\"wp-image-7454\" src=\"http:\/\/www.rdks.lv\/wp-content\/uploads\/2018\/04\/Att%C4%93ls1.png\" alt=\"\" \/><\/a><\/figure>\r\n<p><!-- \/wp:post-content -->\r\n\r\n<!-- wp:paragraph --><\/p>\r\n<hr class=\"wp-block-separator has-text-color has-luminous-vivid-amber-color has-alpha-channel-opacity has-luminous-vivid-amber-background-color has-background is-style-wide\" \/>\r\n<p>Pla\u0161\u0101ka inform\u0101cija par uz\u0146em\u0161anu:<\/p>\r\n<p><!-- \/wp:paragraph -->\r\n\r\n<!-- wp:list --><\/p>\r\n<ul><!-- wp:list-item -->\r\n<li><a href=\"https:\/\/www.rdks.lv\/lv\/uznemsana-2025\/uznemsana-1-klase-2026\/\"><strong>Uz 1. klasi<\/strong><\/a><\/li>\r\n<li><strong><a href=\"https:\/\/www.rdks.lv\/lv\/3-9-klase\/\">Uz 3.-9. klasi<\/a><\/strong><\/li>\r\n<!-- \/wp:list-item -->\r\n\r\n<!-- wp:list-item -->\r\n<li><a href=\"https:\/\/www.rdks.lv\/lv\/uznemsana-2026-vidusskola\/\"><strong>Profesion\u0101l\u0101s vid\u0113j\u0101s izgl\u012bt\u012bbas programm\u0101s<\/strong><\/a><\/li>\r\n<\/ul>\r\n<p><!-- wp:separator {\"backgroundColor\":\"luminous-vivid-amber\"} --><\/p>\r\n<hr class=\"wp-block-separator has-text-color has-luminous-vivid-amber-color has-alpha-channel-opacity has-luminous-vivid-amber-background-color has-background\" \/>\r\n<p><!-- \/wp:separator -->\r\n\r\n<!-- wp:paragraph \/--><\/p>\r\n<p><strong>Noder\u012bgi:<\/strong><\/p>\r\n<div><!-- \/wp:list-item -->\r\n\r\n<!-- wp:list -->\r\n<ul><!-- wp:list-item -->\r\n<li><a href=\"https:\/\/www.rdks.lv\/wp-content\/uploads\/2025\/12\/RDKS-Uznemsanas-noteikumi-2026-2027.pdf\"><strong>Uz\u0146em\u0161anas noteikumi 2026.\/2027. m\u0101c\u012bbu gadam<\/strong><\/a><\/li>\r\n<li><strong>Uz\u0146em\u0161anas p\u0101rbaud\u012bjumu pras\u012bbas<\/strong> (<a href=\"https:\/\/www.rdks.lv\/wp-content\/uploads\/2025\/02\/Uznemsanas-prasibas_1.klase_.pdf\">1. klase<\/a> | <a href=\"https:\/\/www.rdks.lv\/wp-content\/uploads\/2026\/02\/Iestajeksamenu-prasibas-2026.pdf\">3.-9. klase<\/a> | <a href=\"https:\/\/www.rdks.lv\/wp-content\/uploads\/2025\/02\/Uznemsanas-prasibas_VSK.pdf\">vidusskola<\/a>)<\/li>\r\n<li><a href=\"https:\/\/www.rdks.lv\/lv\/pieteiksanas-konsultacijam\/\"><strong>Konsult\u0101cijas reflektantiem<\/strong><\/a><\/li>\r\n<!-- \/wp:list-item -->\r\n\r\n<!-- wp:list-item \/-->\r\n\r\n<!-- wp:list-item -->\r\n<li><a href=\"https:\/\/www.rdks.lv\/sagatavosanas-iestajparbaudijumiem\/\">Sagatavo\u0161an\u0101s iest\u0101jp\u0101rbaud\u012bjumiem<\/a><\/li>\r\n<!-- \/wp:list-item -->\r\n\r\n<!-- wp:list-item -->\r\n<li><a href=\"https:\/\/www.rdks.lv\/wp-content\/uploads\/2025\/03\/RDKS_info_2025_marts.pdf\">K\u0101p\u0113c R\u012bgas Doma kora skola?<\/a><\/li>\r\n<li>Foniatri &#8211; Dins Sumerags; L\u012bga Logina<\/li>\r\n<\/ul>\r\n<\/div>\r\n<p><!-- \/wp:list-item -->\r\n\r\n<!-- wp:separator {\"backgroundColor\":\"luminous-vivid-amber\",\"className\":\"is-style-wide\"} --><\/p>\r\n<hr class=\"wp-block-separator has-text-color has-luminous-vivid-amber-color has-alpha-channel-opacity has-luminous-vivid-amber-background-color has-background is-style-wide\" \/>\r\n<p><!-- \/wp:separator --><\/p>\r\n<figure class=\"wp-block-image size-large\"><img loading=\"lazy\" decoding=\"async\" class=\"aligncenter wp-image-18136 size-large\" src=\"https:\/\/www.rdks.lv\/wp-content\/uploads\/2026\/02\/UZNEMSANA-RIGAS-DOMA-KORA-SKOLA-1-1024x537.png\" alt=\"\" width=\"640\" height=\"336\" srcset=\"https:\/\/www.rdks.lv\/wp-content\/uploads\/2026\/02\/UZNEMSANA-RIGAS-DOMA-KORA-SKOLA-1-1024x537.png 1024w, https:\/\/www.rdks.lv\/wp-content\/uploads\/2026\/02\/UZNEMSANA-RIGAS-DOMA-KORA-SKOLA-1-300x157.png 300w, https:\/\/www.rdks.lv\/wp-content\/uploads\/2026\/02\/UZNEMSANA-RIGAS-DOMA-KORA-SKOLA-1-768x402.png 768w, https:\/\/www.rdks.lv\/wp-content\/uploads\/2026\/02\/UZNEMSANA-RIGAS-DOMA-KORA-SKOLA-1.png 1080w\" sizes=\"auto, (max-width: 640px) 100vw, 640px\" \/><\/figure><!-- \/wp:list --><!-- \/wp:list -->\r\n\r\n<!-- wp:list --><\/p>\r\n<ul><!-- wp:list-item -->\r\n<li><a href=\"https:\/\/www.rdks.lv\/lv\/uznemsana-2025\/uznemsana-1-klase-2026\/\"><strong>Uz 1. klasi<\/strong><\/a><\/li>\r\n<li><strong><a href=\"https:\/\/www.rdks.lv\/lv\/3-9-klase\/\">Uz 3.-9. klasi<\/a><\/strong><\/li>\r\n<!-- \/wp:list-item -->\r\n\r\n<!-- wp:list-item -->\r\n<li><a href=\"https:\/\/www.rdks.lv\/lv\/uznemsana-2026-vidusskola\/\"><strong>Profesion\u0101l\u0101s vid\u0113j\u0101s izgl\u012bt\u012bbas programm\u0101s<\/strong><\/a><\/li>\r\n<li><a href=\"https:\/\/www.rdks.lv\/lv\/sagatavosanas-grupa\/\">Sagatavo\u0161anas grup\u0101<\/a> (gads pirms 1. klases)<\/li>\r\n<\/ul>\r\n<p><!-- wp:separator {\"backgroundColor\":\"luminous-vivid-amber\"} --><\/p>\r\n<hr class=\"wp-block-separator has-text-color has-luminous-vivid-amber-color has-alpha-channel-opacity has-luminous-vivid-amber-background-color has-background\" \/>\r\n<p><!-- \/wp:separator -->\r\n\r\n<!-- wp:paragraph \/--><\/p>\r\n<p><strong>Noder\u012bgi:<\/strong><\/p>\r\n<div><!-- \/wp:list-item -->\r\n\r\n<!-- wp:list -->\r\n<ul><!-- wp:list-item -->\r\n<li><a href=\"https:\/\/www.rdks.lv\/wp-content\/uploads\/2025\/12\/RDKS-Uznemsanas-noteikumi-2026-2027.pdf\"><strong>Uz\u0146em\u0161anas noteikumi 2026.\/2027. m\u0101c\u012bbu gadam<\/strong><\/a><\/li>\r\n<li><strong>Uz\u0146em\u0161anas p\u0101rbaud\u012bjumu pras\u012bbas<\/strong> (<a href=\"https:\/\/www.rdks.lv\/wp-content\/uploads\/2025\/02\/Uznemsanas-prasibas_1.klase_.pdf\">1. klase<\/a> | <a href=\"https:\/\/www.rdks.lv\/wp-content\/uploads\/2026\/02\/Iestajeksamenu-prasibas-2026.pdf\">3.-9. klase<\/a> | <a href=\"https:\/\/www.rdks.lv\/wp-content\/uploads\/2025\/02\/Uznemsanas-prasibas_VSK.pdf\">vidusskola<\/a>)<\/li>\r\n<li><a href=\"https:\/\/www.rdks.lv\/lv\/pieteiksanas-konsultacijam\/\"><strong>Konsult\u0101cijas reflektantiem<\/strong><\/a><\/li>\r\n<!-- \/wp:list-item -->\r\n\r\n<!-- wp:list-item \/-->\r\n\r\n<!-- wp:list-item -->\r\n<li><a href=\"https:\/\/www.rdks.lv\/sagatavosanas-iestajparbaudijumiem\/\">Sagatavo\u0161an\u0101s iest\u0101jp\u0101rbaud\u012bjumiem<\/a><\/li>\r\n<!-- \/wp:list-item -->\r\n\r\n<!-- wp:list-item -->\r\n<li><a href=\"https:\/\/www.rdks.lv\/wp-content\/uploads\/2025\/03\/RDKS_info_2025_marts.pdf\">K\u0101p\u0113c R\u012bgas Doma kora skola?<\/a><\/li>\r\n<li>Foniatri &#8211; Dins Sumerags; L\u012bga Logina<\/li>\r\n<\/ul>\r\n<\/div>\r\n<p><!-- \/wp:list-item -->\r\n\r\n<!-- wp:separator {\"backgroundColor\":\"luminous-vivid-amber\",\"className\":\"is-style-wide\"} --><\/p>\r\n<hr class=\"wp-block-separator has-text-color has-luminous-vivid-amber-color has-alpha-channel-opacity has-luminous-vivid-amber-background-color has-background is-style-wide\" \/>\r\n<p><!-- \/wp:separator --><\/p>\r\n<figure class=\"wp-block-image size-large\"><img loading=\"lazy\" decoding=\"async\" class=\"aligncenter wp-image-18136 size-large\" src=\"https:\/\/www.rdks.lv\/wp-content\/uploads\/2026\/02\/UZNEMSANA-RIGAS-DOMA-KORA-SKOLA-1-1024x537.png\" alt=\"\" width=\"640\" height=\"336\" srcset=\"https:\/\/www.rdks.lv\/wp-content\/uploads\/2026\/02\/UZNEMSANA-RIGAS-DOMA-KORA-SKOLA-1-1024x537.png 1024w, https:\/\/www.rdks.lv\/wp-content\/uploads\/2026\/02\/UZNEMSANA-RIGAS-DOMA-KORA-SKOLA-1-300x157.png 300w, https:\/\/www.rdks.lv\/wp-content\/uploads\/2026\/02\/UZNEMSANA-RIGAS-DOMA-KORA-SKOLA-1-768x402.png 768w, https:\/\/www.rdks.lv\/wp-content\/uploads\/2026\/02\/UZNEMSANA-RIGAS-DOMA-KORA-SKOLA-1.png 1080w\" sizes=\"auto, (max-width: 640px) 100vw, 640px\" \/><\/figure><!-- \/wp:post-content -->","protected":false},"excerpt":{"rendered":"<p>Pla\u0161\u0101ka inform\u0101cija par uz\u0146em\u0161anu: Uz 1. klasi Uz 3.-9. klasi Profesion\u0101l\u0101s vid\u0113j\u0101s izgl\u012bt\u012bbas programm\u0101s Noder\u012bgi: Uz\u0146em\u0161anas noteikumi 2026.\/2027. m\u0101c\u012bbu gadam Uz\u0146em\u0161anas p\u0101rbaud\u012bjumu pras\u012bbas (1. klase | 3.-9. klase | vidusskola) Konsult\u0101cijas reflektantiem Sagatavo\u0161an\u0101s iest\u0101jp\u0101rbaud\u012bjumiem K\u0101p\u0113c R\u012bgas Doma kora skola? Foniatri &#8211; Dins Sumerags; L\u012bga Logina Uz 1. klasi Uz 3.-9. klasi Profesion\u0101l\u0101s vid\u0113j\u0101s izgl\u012bt\u012bbas programm\u0101s&#8230;<\/p>\n","protected":false},"author":16,"featured_media":0,"parent":0,"menu_order":0,"comment_status":"closed","ping_status":"closed","template":"","meta":{"cybocfi_hide_featured_image":"","footnotes":""},"class_list":["post-14523","page","type-page","status-publish","hentry"],"_links":{"self":[{"href":"https:\/\/www.rdks.lv\/lv\/wp-json\/wp\/v2\/pages\/14523","targetHints":{"allow":["GET"]}}],"collection":[{"href":"https:\/\/www.rdks.lv\/lv\/wp-json\/wp\/v2\/pages"}],"about":[{"href":"https:\/\/www.rdks.lv\/lv\/wp-json\/wp\/v2\/types\/page"}],"author":[{"embeddable":true,"href":"https:\/\/www.rdks.lv\/lv\/wp-json\/wp\/v2\/users\/16"}],"replies":[{"embeddable":true,"href":"https:\/\/www.rdks.lv\/lv\/wp-json\/wp\/v2\/comments?post=14523"}],"version-history":[{"count":129,"href":"https:\/\/www.rdks.lv\/lv\/wp-json\/wp\/v2\/pages\/14523\/revisions"}],"predecessor-version":[{"id":18574,"href":"https:\/\/www.rdks.lv\/lv\/wp-json\/wp\/v2\/pages\/14523\/revisions\/18574"}],"wp:attachment":[{"href":"https:\/\/www.rdks.lv\/lv\/wp-json\/wp\/v2\/media?parent=14523"}],"curies":[{"name":"wp","href":"https:\/\/api.w.org\/{rel}","templated":true}]}}