{"id":138,"date":"2013-12-19T02:07:41","date_gmt":"2013-12-19T02:07:41","guid":{"rendered":"http:\/\/213.175.126.152\/?page_id=138"},"modified":"2016-04-13T18:07:24","modified_gmt":"2016-04-13T15:07:24","slug":"simboli","status":"publish","type":"page","link":"https:\/\/www.rdks.lv\/lv\/par-skolu\/simboli\/","title":{"rendered":"Simboli"},"content":{"rendered":"<p><strong>R\u012bgas Doma kora skolas karogs<\/strong><\/p>\n<p><a href=\"http:\/\/www.rdks.lv\/wp-content\/uploads\/2013\/12\/karogs_lg.jpg\"><img loading=\"lazy\" decoding=\"async\" class=\"alignnone wp-image-259 size-medium\" src=\"http:\/\/www.rdks.lv\/wp-content\/uploads\/2013\/12\/karogs_lg-300x198.jpg\" alt=\"karogs_lg\" width=\"300\" height=\"198\" srcset=\"https:\/\/www.rdks.lv\/wp-content\/uploads\/2013\/12\/karogs_lg-300x198.jpg 300w, https:\/\/www.rdks.lv\/wp-content\/uploads\/2013\/12\/karogs_lg-250x165.jpg 250w, https:\/\/www.rdks.lv\/wp-content\/uploads\/2013\/12\/karogs_lg.jpg 500w\" sizes=\"auto, (max-width: 300px) 100vw, 300px\" \/><\/a><\/p>\n<p>&nbsp;<\/p>\n<ul>\n<li>R\u012bgas Doma kora skolas karoga skices autore &#8211; br\u012bvm\u0101ksliniece\u00a0<b>Aiva \u017d\u016bri\u0146a<\/b><\/li>\n<li>Karoga iz\u0161uv\u0113ja &#8211; m\u0101ksliniece\u00a0<b>An\u0113lija Navarska<\/b><\/li>\n<li>Karoga apraksts &#8211; iz\u0161\u016bts, izmantots Dievm\u0101tes att\u0113ls, kas \u0146emts no 1224. gada R\u012bgas Doma z\u012bmoga nospieduma att\u0113la<\/li>\n<li>Karog\u0101 iz\u0161\u016bta dev\u012bze &#8220;Sonare Deus Gloria&#8221; &#8211; &#8220;Dziedi Dieva slavu&#8221;<\/li>\n<li>Karogu iesv\u0113t\u012bjis arhib\u012bskaps J\u0101nis Vanags 1999. gada 4. apr\u012bl\u012b Lieldienu dievkalpojum\u0101 R\u012bgas Dom\u0101<\/li>\n<\/ul>\n<p><strong>R\u012bgas Doma kora skolas logo &#8211; lilija<\/strong><\/p>\n<p><a href=\"http:\/\/www.rdks.lv\/wp-content\/uploads\/2014\/09\/rdks-Logo-uz-vairoga.jpg\"><img loading=\"lazy\" decoding=\"async\" class=\"alignnone wp-image-1634\" src=\"http:\/\/www.rdks.lv\/wp-content\/uploads\/2014\/09\/rdks-Logo-uz-vairoga-1024x654.jpg\" alt=\"rdks Logo uz vairoga\" width=\"200\" height=\"128\" srcset=\"https:\/\/www.rdks.lv\/wp-content\/uploads\/2014\/09\/rdks-Logo-uz-vairoga-1024x654.jpg 1024w, https:\/\/www.rdks.lv\/wp-content\/uploads\/2014\/09\/rdks-Logo-uz-vairoga-300x191.jpg 300w, https:\/\/www.rdks.lv\/wp-content\/uploads\/2014\/09\/rdks-Logo-uz-vairoga-140x90.jpg 140w, https:\/\/www.rdks.lv\/wp-content\/uploads\/2014\/09\/rdks-Logo-uz-vairoga-670x424.jpg 670w, https:\/\/www.rdks.lv\/wp-content\/uploads\/2014\/09\/rdks-Logo-uz-vairoga.jpg 1181w\" sizes=\"auto, (max-width: 200px) 100vw, 200px\" \/><\/a><\/p>\n<p>R\u012bgas Doma kora skola 1994.gada vasar\u0101 p\u0113c LR Ministru kabineta 1994.gada 12.j\u016blija r\u012bkojuma Nr.327-r par R\u012bgas Doma kora skolas nodibin\u0101\u0161anu &#8211; pedagogi J. Eren\u0161treits un V. Bernhofs atbalst\u012bja pedagoga M. Kup\u010da ierosmi &#8211; lilijas zieda izmanto\u0161anu skolas logo, iek\u013caujot to vairoga form\u0101.<\/p>\n<p>Balt\u0101s lilijas noz\u012bme ir gaisma, \u0161\u0137\u012bst\u012bba, nevain\u012bba, kas kristiet\u012bb\u0101 cie\u0161i saist\u012bta ar Jaunavu Mariju. Lauka\u00a0 lilija simboliz\u0113 uztic\u012bgu kalpo\u0161anu Dievam.\u00a0Lilija vienlaic\u012bgi ir ar\u012b laic\u012bg\u0101s varas simbols.<\/p>\n<p>&nbsp;<\/p>\n<p><strong>R\u012bgas Doma kora skolas himna\u00a0<i>&#8220;Dziesma skolai&#8221; <\/i><\/strong>(komponists Gun\u0101rs Kalni\u0146\u0161, teksta autors Kristaps \u0160ori\u0146\u0161)<i><\/i><strong><i>\u00a0<\/i><\/strong><a href=\"http:\/\/www.youtube.com\/watch?v=GFtU3x4cUrA\" target=\"_blank\">klaus\u012bties \u0161eit<\/a><\/p>\n<p><a href=\"http:\/\/www.rdks.lv\/wp-content\/uploads\/2013\/12\/Kalnins-Sorins_Dziesma-skolai.pdf\">Skolas himnas notis<\/a><\/p>\n<p>&nbsp;<\/p>\n<p><strong>R\u012bgas Doma kora skolas vizu\u0101l\u0101s identit\u0101tes autore \u2013 m\u0101ksliniece Linda L\u016bse<\/strong><\/p>\n<p>Jau ilgus gadus skolai ir veiksm\u012bga sadarb\u012bba ar m\u0101kslinieci Lindu L\u016bsi, kuras jaukie un atrakt\u012bvie dziedo\u0161o b\u0113rnu z\u012bm\u0113jumi rot\u0101 skolas reprezent\u0101cijas suven\u012brus \u2013 kr\u016bz\u012btes un auduma maisi\u0146us -, jubilejas koncertu afi\u0161as, skolas m\u0101jaslapu, soci\u0101lo t\u012bklu profilus, dienasgr\u0101matu v\u0101kus, un pat skolas sienas.<\/p>\n<p><a href=\"http:\/\/www.rdks.lv\/wp-content\/uploads\/2013\/12\/rdks20_FB_profilam.jpg\"><img loading=\"lazy\" decoding=\"async\" class=\"alignnone wp-image-230 size-thumbnail\" src=\"http:\/\/www.rdks.lv\/wp-content\/uploads\/2013\/12\/rdks20_FB_profilam-150x150.jpg\" alt=\"rdks20_FB_profilam\" width=\"150\" height=\"150\" srcset=\"https:\/\/www.rdks.lv\/wp-content\/uploads\/2013\/12\/rdks20_FB_profilam-150x150.jpg 150w, https:\/\/www.rdks.lv\/wp-content\/uploads\/2013\/12\/rdks20_FB_profilam-300x300.jpg 300w, https:\/\/www.rdks.lv\/wp-content\/uploads\/2013\/12\/rdks20_FB_profilam-250x250.jpg 250w, https:\/\/www.rdks.lv\/wp-content\/uploads\/2013\/12\/rdks20_FB_profilam-48x48.jpg 48w, https:\/\/www.rdks.lv\/wp-content\/uploads\/2013\/12\/rdks20_FB_profilam.jpg 800w\" sizes=\"auto, (max-width: 150px) 100vw, 150px\" \/><\/a><\/p>\n<p>&nbsp;<\/p>","protected":false},"excerpt":{"rendered":"<p>R\u012bgas Doma kora skolas karogs &nbsp; R\u012bgas Doma kora skolas karoga skices autore &#8211; br\u012bvm\u0101ksliniece\u00a0Aiva \u017d\u016bri\u0146a Karoga iz\u0161uv\u0113ja &#8211; m\u0101ksliniece\u00a0An\u0113lija Navarska Karoga apraksts &#8211; iz\u0161\u016bts, izmantots Dievm\u0101tes att\u0113ls, kas \u0146emts no 1224. gada R\u012bgas Doma z\u012bmoga nospieduma att\u0113la Karog\u0101 iz\u0161\u016bta dev\u012bze &#8220;Sonare Deus Gloria&#8221; &#8211; &#8220;Dziedi Dieva slavu&#8221; Karogu iesv\u0113t\u012bjis arhib\u012bskaps J\u0101nis Vanags 1999. gada&#8230;<\/p>\n","protected":false},"author":2,"featured_media":0,"parent":2757,"menu_order":6,"comment_status":"closed","ping_status":"open","template":"","meta":{"cybocfi_hide_featured_image":"","footnotes":""},"class_list":["post-138","page","type-page","status-publish","hentry"],"_links":{"self":[{"href":"https:\/\/www.rdks.lv\/lv\/wp-json\/wp\/v2\/pages\/138","targetHints":{"allow":["GET"]}}],"collection":[{"href":"https:\/\/www.rdks.lv\/lv\/wp-json\/wp\/v2\/pages"}],"about":[{"href":"https:\/\/www.rdks.lv\/lv\/wp-json\/wp\/v2\/types\/page"}],"author":[{"embeddable":true,"href":"https:\/\/www.rdks.lv\/lv\/wp-json\/wp\/v2\/users\/2"}],"replies":[{"embeddable":true,"href":"https:\/\/www.rdks.lv\/lv\/wp-json\/wp\/v2\/comments?post=138"}],"version-history":[{"count":15,"href":"https:\/\/www.rdks.lv\/lv\/wp-json\/wp\/v2\/pages\/138\/revisions"}],"predecessor-version":[{"id":4427,"href":"https:\/\/www.rdks.lv\/lv\/wp-json\/wp\/v2\/pages\/138\/revisions\/4427"}],"up":[{"embeddable":true,"href":"https:\/\/www.rdks.lv\/lv\/wp-json\/wp\/v2\/pages\/2757"}],"wp:attachment":[{"href":"https:\/\/www.rdks.lv\/lv\/wp-json\/wp\/v2\/media?parent=138"}],"curies":[{"name":"wp","href":"https:\/\/api.w.org\/{rel}","templated":true}]}}