{"id":13289,"date":"2022-04-04T10:40:00","date_gmt":"2022-04-04T07:40:00","guid":{"rendered":"http:\/\/www.rdks.lv\/?page_id=13289"},"modified":"2022-04-04T10:52:34","modified_gmt":"2022-04-04T07:52:34","slug":"pumpurs","status":"publish","type":"page","link":"https:\/\/www.rdks.lv\/lv\/pumpurs\/","title":{"rendered":"PuMPuRS"},"content":{"rendered":"<div class=\"wp-block-image\"><figure class=\"aligncenter\"><a href=\"http:\/\/www.rdvs.lv\/wp-content\/uploads\/pumpurs_midi.png\"><img decoding=\"async\" src=\"http:\/\/www.rdvs.lv\/wp-content\/uploads\/pumpurs_midi-300x134.png\" alt=\"pumpurs_midi\" class=\"wp-image-2077\"\/><\/a><\/figure><\/div>\n\n\n\n<hr class=\"wp-block-separator\"\/>\n\n\n\n<p><strong>PIKC \u201cNacion\u0101l\u0101 M\u0101kslu vidusskola\u201d 2021.\/2022. m\u0101c\u012bbu gad\u0101 turpina \u012bstenot Projektu Nr.&nbsp;8.3.4.0\/16\/I\/001&nbsp;\u201cAtbalsts priek\u0161laic\u012bgas m\u0101c\u012bbu p\u0101rtrauk\u0161anas samazin\u0101\u0161anai\u201d<\/strong><\/p>\n\n\n\n<p>Projekta \u201cPuMPuRS\u201d viena no m\u0113r\u0137grup\u0101m ir profesion\u0101lo izgl\u012bt\u012bbas iest\u0101\u017eu audz\u0113k\u0146i no 1. klases l\u012bdz 4. kursam. Projekt\u0101 iesaist\u012btie izgl\u012btojamie sa\u0146em atbalstu, lai mazin\u0101tu m\u0101c\u012bbu darba, soci\u0101l\u0101s vides, vesel\u012bbas un ekonomisko risku ietekmi uz priek\u0161laic\u012bgu m\u0101c\u012bbu p\u0101rtrauk\u0161anu. Katram projekt\u0101 iesaist\u012btajam izgl\u012btojamajam, m\u0101c\u012bbu semestra s\u0101kum\u0101 projekt\u0101 iesaist\u012btais pedagogs sast\u0101da individu\u0101l\u0101 atbalsta pl\u0101nu, kur\u0101 izv\u0113rt\u0113 m\u0101c\u012bbu p\u0101rtrauk\u0161anas riskus un paredz nepiecie\u0161amos atbalsta pas\u0101kumus risku mazin\u0101\u0161anai.<\/p>\n\n\n\n<p>2021.\/2022. m\u0101c\u012bbu gada II semestr\u012b atbalstu no projekta sa\u0146em 63 PIKC Nacion\u0101l\u0101s M\u0101kslu vidusskolas izgl\u012btojamie, kuriem tiek sniegts finans\u0113jums naktsm\u012bt\u0146u un \u0113din\u0101\u0161anas izdevumu kompens\u0113\u0161anai, k\u0101 ar\u012b konsultat\u012bv\u0101 atbalsta nodro\u0161in\u0101\u0161anai da\u017e\u0101dos m\u0101c\u012bbu priek\u0161metos.<\/p>\n\n\n\n<p>R\u012bgas Baleta skol\u0101 \u0161aj\u0101 semestr\u012b atbalstu sa\u0146em 8 izgl\u012btojamie, Em\u012bla D\u0101rzi\u0146a m\u016bzikas skol\u0101 12, R\u012bgas Doma kora skol\u0101 \u2013 23 un Ja\u0146a Rozent\u0101la M\u0101kslas skol\u0101 \u2013 20 jaunie\u0161i.<\/p>\n\n\n\n<hr class=\"wp-block-separator\"\/>\n\n\n\n<h5 class=\"wp-block-heading\">PIKC \u201cNacion\u0101l\u0101 M\u0101kslu vidusskola\u201d 2020.\/2021. m\u0101c\u012bbu gad\u0101 s\u0101k \u012bstenot Projektu Nr.&nbsp;8.3.4.0\/16\/I\/001&nbsp;\u201cAtbalsts priek\u0161laic\u012bgas m\u0101c\u012bbu p\u0101rtrauk\u0161anas samazin\u0101\u0161anai\u201d<\/h5>\n\n\n\n<p>Projekta \u201cPuMPuRS\u201d viena no m\u0113r\u0137grup\u0101m ir profesion\u0101lo izgl\u012bt\u012bbas iest\u0101\u017eu audz\u0113k\u0146i no 5. klases l\u012bdz IV kursam. Projekt\u0101 iesaist\u012btie izgl\u012btojamie sa\u0146em atbalstu, lai mazin\u0101tu m\u0101c\u012bbu darba, soci\u0101l\u0101s vides, vesel\u012bbas un ekonomisko risku ietekmi uz priek\u0161laic\u012bgu m\u0101c\u012bbu p\u0101rtrauk\u0161anu. Katram projekt\u0101 iesaist\u012btajam izgl\u012btojamajam, m\u0101c\u012bbu semestra s\u0101kum\u0101 projekt\u0101 iesaist\u012btais pedagogs sast\u0101da individu\u0101l\u0101 atbalsta pl\u0101nu, kur\u0101 izv\u0113rt\u0113 m\u0101c\u012bbu p\u0101rtrauk\u0161anas riskus un paredz nepiecie\u0161amos atbalsta pas\u0101kumus risku mazin\u0101\u0161anai.<\/p>\n\n\n\n<p>2020.\/2021. m\u0101c\u012bbu gada I semestr\u012b atbalstu no projekta sa\u0146\u0113ma 32 PIKC Nacion\u0101l\u0101s M\u0101kslu vidusskolas izgl\u012btojamie, bet II semestr\u012b atbalsts pie\u0161\u0137irts 45 visu \u010detru strukt\u016brvien\u012bbu audz\u0113k\u0146iem, kuriem tiek sniegts finans\u0113jums transporta un naktsm\u012bt\u0146u izdevumu kompens\u0113\u0161anai, k\u0101 ar\u012b konsultat\u012bv\u0101 atbalsta nodro\u0161in\u0101\u0161anai da\u017e\u0101dos m\u0101c\u012bbu priek\u0161metos.<\/p>\n\n\n\n<p>R\u012bgas Doma kora skol\u0101 2020.\/2021. m\u0101c\u012bbu gada I semestr\u012b atbalstu sa\u0146\u0113ma 14 izgl\u012btojamie, R\u012bgas Baleta skol\u0101 \u2013 9, Em\u012bla D\u0101rzi\u0146a m\u016bzikas skol\u0101 \u2013 13 un Ja\u0146a Rozent\u0101la M\u0101kslas skol\u0101 \u2013 9 jaunie\u0161i.<\/p>\n\n\n\n<p><strong>Projekta kontaktpersona:<\/strong>&nbsp;direktora vietnieks audzin\u0101\u0161anas darb\u0101 \u2013 Elvijs Krevics, e-pasts:&nbsp;elvijs.krevics@nmv.lv<\/p>\n\n\n\n<hr class=\"wp-block-separator\"\/>\n\n\n\n<p><strong>PIKC Nacion\u0101l\u0101 M\u0101kslu vidusskola ar ESF atbalstu veic pas\u0101kumus, lai mazin\u0101tu priek\u0161laic\u012bgu m\u0101c\u012bbu p\u0101rtrauk\u0161anu,&nbsp;piedaloties Eiropas Soci\u0101l\u0101 fonda projekt\u0101 Nr. 8.3.4.0\/16\/I\/001 \u201cAtbalsts priek\u0161laic\u012bgas m\u0101c\u012bbu p\u0101rtrauk\u0161anas samazin\u0101\u0161anai\u201d.<\/strong><\/p>\n\n\n\n<p><strong>Projekta m\u0113r\u0137is<\/strong>&nbsp;ir samazin\u0101t b\u0113rnu un jaunie\u0161u priek\u0161laic\u012bgu m\u0101c\u012bbu p\u0101rtrauk\u0161anu, \u012bstenojot prevent\u012bvus un intervences pas\u0101kumus.<\/p>\n\n\n\n<p>Projekta \u012bsteno\u0161ana b\u016bs v\u0113rsta uz ilgtsp\u0113j\u012bgas, visaptvero\u0161as priek\u0161laic\u012bgas m\u0101c\u012bbu p\u0101rtrauk\u0161anas risku nov\u0113r\u0161anas sist\u0113mas veido\u0161anu, radot atbalsto\u0161u un iek\u013caujo\u0161u m\u0101c\u012bbu vidi ikvienam izgl\u012btojamam.<\/p>\n\n\n\n<p>Pas\u0101kumi, kas v\u0113rsti uz izgl\u012btojam\u0101 m\u0101c\u012b\u0161an\u0101s motiv\u0101cijas cel\u0161anu un sekmju l\u012bme\u0146a paaugstin\u0101\u0161anu:<\/p>\n\n\n\n<ul class=\"wp-block-list\"><li>atbalsta person\u0101la individu\u0101las konsult\u0101cijas;<\/li><li>individu\u0101las konsult\u0101cijas m\u0101c\u012bbu priek\u0161met\u0101;<\/li><li>papildus atbalsts stundu laik\u0101.<\/li><\/ul>\n\n\n\n<p>Papildus par projektu \u2013&nbsp;<a href=\"http:\/\/www.pumpurs.lv\/\" target=\"_blank\" rel=\"noreferrer noopener\">http:\/\/www.pumpurs.lv\/<\/a><\/p>\n\n\n\n<figure class=\"wp-block-image\"><img decoding=\"async\" src=\"http:\/\/site-550587.mozfiles.com\/files\/550587\/medium\/ESF___IKVD.jpg?1503311553\" alt=\"\"\/><\/figure>\n\n\n\n<p><strong><a href=\"https:\/\/likumi.lv\/ta\/id\/283625-darbibas-programmas-izaugsme-un-nodarbinatiba-8-3-4-specifiska-atbalsta-merka-samazinat-priekslaicigu-macibu-partrauksanu\" target=\"_blank\" rel=\"noreferrer noopener\">Ministru kabineta 12.07.2016. noteikumi Nr.&nbsp;460 \u201cDarb\u012bbas programmas \u201cIzaugsme un nodarbin\u0101t\u012bba\u201d 8.3.4. specifisk\u0101 atbalsta m\u0113r\u0137a \u201cSamazin\u0101t priek\u0161laic\u012bgu m\u0101c\u012bbu p\u0101rtrauk\u0161anu, \u012bstenojot prevent\u012bvus un intervences pas\u0101kumus\u201d \u012bsteno\u0161anas noteikumi<\/a><\/strong><\/p>","protected":false},"excerpt":{"rendered":"<p>PIKC \u201cNacion\u0101l\u0101 M\u0101kslu vidusskola\u201d 2021.\/2022. m\u0101c\u012bbu gad\u0101 turpina \u012bstenot Projektu Nr.&nbsp;8.3.4.0\/16\/I\/001&nbsp;\u201cAtbalsts priek\u0161laic\u012bgas m\u0101c\u012bbu p\u0101rtrauk\u0161anas samazin\u0101\u0161anai\u201d Projekta \u201cPuMPuRS\u201d viena no m\u0113r\u0137grup\u0101m ir profesion\u0101lo izgl\u012bt\u012bbas iest\u0101\u017eu audz\u0113k\u0146i no 1. klases l\u012bdz 4. kursam. Projekt\u0101 iesaist\u012btie izgl\u012btojamie sa\u0146em atbalstu, lai mazin\u0101tu m\u0101c\u012bbu darba, soci\u0101l\u0101s vides, vesel\u012bbas un ekonomisko risku ietekmi uz priek\u0161laic\u012bgu m\u0101c\u012bbu p\u0101rtrauk\u0161anu. Katram projekt\u0101 iesaist\u012btajam izgl\u012btojamajam,&#8230;<\/p>\n","protected":false},"author":6,"featured_media":0,"parent":0,"menu_order":0,"comment_status":"closed","ping_status":"closed","template":"","meta":{"cybocfi_hide_featured_image":"","footnotes":""},"class_list":["post-13289","page","type-page","status-publish","hentry"],"_links":{"self":[{"href":"https:\/\/www.rdks.lv\/lv\/wp-json\/wp\/v2\/pages\/13289","targetHints":{"allow":["GET"]}}],"collection":[{"href":"https:\/\/www.rdks.lv\/lv\/wp-json\/wp\/v2\/pages"}],"about":[{"href":"https:\/\/www.rdks.lv\/lv\/wp-json\/wp\/v2\/types\/page"}],"author":[{"embeddable":true,"href":"https:\/\/www.rdks.lv\/lv\/wp-json\/wp\/v2\/users\/6"}],"replies":[{"embeddable":true,"href":"https:\/\/www.rdks.lv\/lv\/wp-json\/wp\/v2\/comments?post=13289"}],"version-history":[{"count":1,"href":"https:\/\/www.rdks.lv\/lv\/wp-json\/wp\/v2\/pages\/13289\/revisions"}],"predecessor-version":[{"id":13291,"href":"https:\/\/www.rdks.lv\/lv\/wp-json\/wp\/v2\/pages\/13289\/revisions\/13291"}],"wp:attachment":[{"href":"https:\/\/www.rdks.lv\/lv\/wp-json\/wp\/v2\/media?parent=13289"}],"curies":[{"name":"wp","href":"https:\/\/api.w.org\/{rel}","templated":true}]}}