{"id":12988,"date":"2022-02-04T15:30:29","date_gmt":"2022-02-04T13:30:29","guid":{"rendered":"http:\/\/www.rdks.lv\/?page_id=12988"},"modified":"2022-12-28T14:53:10","modified_gmt":"2022-12-28T12:53:10","slug":"informacija-par-vidusskolas-izglitibas-programmam","status":"publish","type":"page","link":"https:\/\/www.rdks.lv\/lv\/informacija-par-vidusskolas-izglitibas-programmam\/","title":{"rendered":"Inform\u0101cija par vidusskolas izgl\u012bt\u012bbas programm\u0101m"},"content":{"rendered":"<p><strong>Pamatinform\u0101cija par profesion\u0101l\u0101s vid\u0113j\u0101s izgl\u012bt\u012bbas programmu DIRI\u0122\u0112\u0160ANA<\/strong><\/p>\n\n\n\n<hr class=\"wp-block-separator has-text-color has-luminous-vivid-amber-color has-css-opacity has-luminous-vivid-amber-background-color has-background is-style-wide\"\/>\n\n\n\n<p>Vid\u0113j\u0101s profesion\u0101l\u0101s izgl\u012bt\u012bbas programma <strong><em>Diri\u0123\u0113\u0161ana<\/em><\/strong>&nbsp;(33212051) \u2013 kvalifik\u0101cija <strong>kormeistars,<\/strong> <strong>kora dzied\u0101t\u0101js<\/strong>, m\u0101c\u012bbu ilgums 4 gadi (5800 stundas)<\/p>\n\n\n\n<p>R\u012bgas Doma kora skolas profesion\u0101l\u0101 izgl\u012bt\u012bbas programma <em><strong>Diri\u0123\u0113\u0161ana<\/strong><\/em> pied\u0101v\u0101 apg\u016bt:<\/p>\n\n\n\n<p><strong>Profesion\u0101los priek\u0161metus<\/strong> \u2013 diri\u0123\u0113\u0161ana, partit\u016bra, kora m\u0101c\u012bba, kora literat\u016bra, dzied\u0101\u0161ana, klaviersp\u0113le, koris, runas kult\u016bra, skatuves kust\u012bba, m\u016bzikas teor\u0113tiskie priek\u0161meti \u2013 solfed\u017eo, harmonija, polifonija, forma, m\u016bzikas literat\u016bra, k\u0101 ar\u012b izv\u0113les m\u0101c\u012bbu priek\u0161meta apguves iesp\u0113jas kompoz\u012bcij\u0101 vai izv\u0113les instrumenta sp\u0113l\u0113.<\/p>\n\n\n\n<p><strong>Visp\u0101rizgl\u012btojo\u0161ie m\u0101c\u012bbu priek\u0161meti un apguves l\u012bmenis<\/strong>:<\/p>\n\n\n\n<ul class=\"wp-block-list\"><li><strong>optim\u0101lais l\u012bmenis<\/strong> &#8211; latvie\u0161u valoda I, literat\u016bra, ang\u013cu valoda (B2)<\/li><li><strong>visp\u0101r\u012bgais l\u012bmenis<\/strong> &#8211; &nbsp;matem\u0101tika I un sports, v\u0101cu (B1), soci\u0101l\u0101s zin\u012bbas un v\u0113sture, dabaszin\u0101tnes, kult\u016bras pamati, datorika.<\/li><li><strong>augst\u0101k\u0101 l\u012bme\u0146a kursi<\/strong> \u2013 latvie\u0161u valoda un literat\u016bra II, kult\u016bra un m\u0101ksla II<\/li><\/ul>\n\n\n\n<p>&nbsp;M\u0101c\u012bbu laik\u0101 pla\u0161as prakses iesp\u0113jas piedal\u012bties &nbsp;koncertdarb\u012bb\u0101, projektos, konkursos.<\/p>\n\n\n\n<p>No 2022.gada skola pied\u0101v\u0101 Erasmus+ projektu iesp\u0113jas jaunajiem diri\u0123entiem.<\/p>\n\n\n\n<p>RDKS absolventi &nbsp;studijas turpina J\u0101zepa V\u012btola Latvijas M\u016bzikas akad\u0113mij\u0101 diri\u0123\u0113\u0161anas, or\u0137estra diri\u0123\u0113\u0161anas, vok\u0101l\u0101s m\u016bzikas, pedago\u0123ijas specialit\u0101t\u0113s.<\/p>\n\n\n\n<p>Diri\u0123\u0113\u0161anas programmas vad\u012bt\u0101js Jur\u0123is C\u0101bulis, diri\u0123\u0113\u0161anas pedagogi M\u0101rti\u0146\u0161 Kli\u0161\u0101ns, Aira Birzi\u0146a, Inita Kamar\u016bte, L\u012bga \u0100damsone, Aivars Krasti\u0146\u0161.<\/p>\n\n\n\n<figure class=\"wp-block-image size-large\"><img loading=\"lazy\" decoding=\"async\" width=\"1024\" height=\"683\" src=\"http:\/\/www.rdks.lv\/wp-content\/uploads\/2022\/02\/61913727_2192036560865138_7844654592439615488_n-1024x683.jpeg\" alt=\"\" class=\"wp-image-12995\" srcset=\"https:\/\/www.rdks.lv\/wp-content\/uploads\/2022\/02\/61913727_2192036560865138_7844654592439615488_n-1024x683.jpeg 1024w, https:\/\/www.rdks.lv\/wp-content\/uploads\/2022\/02\/61913727_2192036560865138_7844654592439615488_n-300x200.jpeg 300w, https:\/\/www.rdks.lv\/wp-content\/uploads\/2022\/02\/61913727_2192036560865138_7844654592439615488_n-768x512.jpeg 768w, https:\/\/www.rdks.lv\/wp-content\/uploads\/2022\/02\/61913727_2192036560865138_7844654592439615488_n-1536x1024.jpeg 1536w, https:\/\/www.rdks.lv\/wp-content\/uploads\/2022\/02\/61913727_2192036560865138_7844654592439615488_n.jpeg 1600w\" sizes=\"auto, (max-width: 1024px) 100vw, 1024px\" \/><\/figure>\n\n\n\n<hr class=\"wp-block-separator has-text-color has-luminous-vivid-amber-color has-css-opacity has-luminous-vivid-amber-background-color has-background is-style-wide\"\/>\n\n\n\n<p><meta charset=\"utf-8\"><strong>Pamatinform\u0101cija par profesion\u0101l\u0101s vid\u0113j\u0101s izgl\u012bt\u012bbas programmu VOK\u0100L\u0100 M\u016aZIKA &#8211; DZIED\u0100T\u0100JS<\/strong><\/p>\n\n\n\n<hr class=\"wp-block-separator has-text-color has-luminous-vivid-amber-color has-css-opacity has-luminous-vivid-amber-background-color has-background is-style-wide\"\/>\n\n\n\n<p>Vid\u0113j\u0101s profesion\u0101l\u0101s izgl\u012bt\u012bbas programma <strong><em>Vok\u0101l\u0101 m\u016bzika <\/em><\/strong>&nbsp;(33212061) \u2013 kvalifik\u0101cija <strong>Dzied\u0101t\u0101js<\/strong>, m\u0101c\u012bbu ilgums 4 gadi (5800 stundas)<\/p>\n\n\n\n<p><strong>Dzied\u0101\u0161anas<\/strong>&nbsp;specialit\u0101t\u0113 tiek sagatavoti n\u0101kamie solisti un profesion\u0101li kora dzied\u0101t\u0101ji, m\u0101c\u012bbu ilgums 4 gadi.<\/p>\n\n\n\n<p>&nbsp;Profesion\u0101l\u0101 izgl\u012bt\u012bbas programma <em><strong>Vok\u0101l\u0101 m\u016bzika <\/strong><\/em>&nbsp;pied\u0101v\u0101 apg\u016bt:<\/p>\n\n\n\n<p><strong>Profesion\u0101los priek\u0161metus<\/strong> &#8211; solo dzied\u0101\u0161ana, ansamb\u013ca dzied\u0101\u0161ana, it\u0101\u013cu valoda, koris, aktiermeistar\u012bba,&nbsp; skatuves kust\u012bba, runas kult\u016bra, dzied\u0101\u0161anas metodika, harmonija, m\u016bzikas literat\u016bra, solfed\u017eo, k\u0101 ar\u012b izv\u0113les m\u0101c\u012bbu priek\u0161metu apguve kompoz\u012bcij\u0101, diri\u0123\u0113\u0161an\u0101, instrumenta sp\u0113l\u0113.<\/p>\n\n\n\n<p><strong>Visp\u0101rizgl\u012btojo\u0161ie m\u0101c\u012bbu priek\u0161meti un apguves l\u012bmenis<\/strong>:<\/p>\n\n\n\n<ul class=\"wp-block-list\"><li><strong>optim\u0101lais l\u012bmenis<\/strong> &#8211; latvie\u0161u valoda I, literat\u016bra, ang\u013cu valoda (B2) &#8211; optim\u0101lais l\u012bmenis,<\/li><li><strong>visp\u0101r\u012bgais l\u012bmenis<\/strong> &#8211;&nbsp;matem\u0101tika I un sports, v\u0101cu (B1), soci\u0101l\u0101s zin\u012bbas un v\u0113sture, dabaszin\u0101tnes, kult\u016bras pamati, datorika<\/li><li><strong>augst\u0101k\u0101 l\u012bme\u0146a kursi<\/strong> \u2013 latvie\u0161u valoda un literat\u016bra II, kult\u016bra un m\u0101ksla II<\/li><\/ul>\n\n\n\n<p>Skola&nbsp; atbalsta RDKS audz\u0113k\u0146u dal\u012bbu Latvijas un starptautiskos vok\u0101listu konkursos, meistarklas\u0113s, projektos.<\/p>\n\n\n\n<p>No 2022. gada skola pied\u0101v\u0101 Erasmus+ projektu iesp\u0113jas jaunajiem dzied\u0101t\u0101jiem. &nbsp;<\/p>\n\n\n\n<p>RDKS ir b\u0101ze JVLMA Vok\u0101l\u0101s katedras studentiem pedago\u0123isk\u0101s prakses apg\u016b\u0161an\u0101 vok\u0101laj\u0101 darb\u0101. RDKS absolventi vok\u0101l\u0101s studijas turpina J\u0101zepa V\u012btola &nbsp;Latvijas M\u016bzikas akad\u0113mij\u0101, gan da\u017e\u0101d\u0101s \u0101rvalstu augstskol\u0101s London\u0101, Berl\u012bn\u0113, H\u0101g\u0101, Amsterdam\u0101.<\/p>\n\n\n\n<p>Vok\u0101l\u0101s programmas vad\u012bt\u0101ja Valda Tra\u010duma, Irma Pav\u0101re, vok\u0101lie pedagogi Valda Dzene, Gundars Dzi\u013cums, Baiba Renerte, Ansis B\u0113ti\u0146\u0161, Ance \u0136irse.<\/p>\n\n\n\n<figure class=\"wp-block-image size-large\"><img loading=\"lazy\" decoding=\"async\" width=\"1024\" height=\"683\" src=\"http:\/\/www.rdks.lv\/wp-content\/uploads\/2022\/02\/61746359_2190184201050374_2315088244145913856_n-1024x683.jpeg\" alt=\"\" class=\"wp-image-12994\" srcset=\"https:\/\/www.rdks.lv\/wp-content\/uploads\/2022\/02\/61746359_2190184201050374_2315088244145913856_n-1024x683.jpeg 1024w, https:\/\/www.rdks.lv\/wp-content\/uploads\/2022\/02\/61746359_2190184201050374_2315088244145913856_n-300x200.jpeg 300w, https:\/\/www.rdks.lv\/wp-content\/uploads\/2022\/02\/61746359_2190184201050374_2315088244145913856_n-768x512.jpeg 768w, https:\/\/www.rdks.lv\/wp-content\/uploads\/2022\/02\/61746359_2190184201050374_2315088244145913856_n-1536x1024.jpeg 1536w, https:\/\/www.rdks.lv\/wp-content\/uploads\/2022\/02\/61746359_2190184201050374_2315088244145913856_n.jpeg 1600w\" sizes=\"auto, (max-width: 1024px) 100vw, 1024px\" \/><\/figure>\n\n\n\n<hr class=\"wp-block-separator has-text-color has-luminous-vivid-amber-color has-css-opacity has-luminous-vivid-amber-background-color has-background is-style-wide\"\/>\n\n\n\n<p><meta charset=\"utf-8\"><strong>Pamatinform\u0101cija par profesion\u0101l\u0101s vid\u0113j\u0101s izgl\u012bt\u012bbas programmu VOK\u0100L\u0100 M\u016aZIKA &#8211; M\u016aZIKLU DZIED\u0100T\u0100JS<\/strong><\/p>\n\n\n\n<hr class=\"wp-block-separator has-text-color has-luminous-vivid-amber-color has-css-opacity has-luminous-vivid-amber-background-color has-background is-style-wide\"\/>\n\n\n\n<p>Vid\u0113j\u0101s profesion\u0101l\u0101s izgl\u012bt\u012bbas programma <strong><em>Vok\u0101l\u0101 m\u016bzika <\/em><\/strong>&nbsp;(33212061) \u2013 kvalifik\u0101cija <strong>M\u016bziklu dzied\u0101t\u0101js<\/strong>, m\u0101c\u012bbu ilgums 4 gadi (5800 stundas)<\/p>\n\n\n\n<p>Profesion\u0101l\u0101s vid\u0113j\u0101s izgl\u012bt\u012bbas programma \u201cVok\u0101l\u0101 m\u016bzika&nbsp; specialit\u0101te &nbsp;M\u016bziklu dzied\u0101t\u0101js\u201d ir izveidota p\u0113c m\u016bziklu koled\u017eu parauga, kas pla\u0161i att\u012bst\u012bts gan Eirop\u0101, gan pasaul\u0113, apvienojot to ar latvie\u0161u muzik\u0101l\u0101 te\u0101tra trad\u012bcij\u0101m un aktualit\u0101t\u0113m. T\u0101 ir pla\u0161i orient\u0113ta programma, kas att\u012bsta dzied\u0101\u0161anu, dejo\u0161anu un aktiera m\u0101kslu. M\u016bzikls ir \u017eanrs, kas apvieno klasisko ar moderno, t\u0101d\u0113j\u0101di dodot iesp\u0113ju att\u012bst\u012bties da\u017e\u0101dos virzienos.<\/p>\n\n\n\n<p>Programmas izveidot\u0101ja ir Annija Hermane, kas p\u0113c ma\u0123istra studij\u0101m London\u0101, Karaliskaj\u0101 M\u016bzikas akad\u0113mij\u0101 <em>(Royal Academy of Music)<\/em>, absolv\u0113jot muzik\u0101l\u0101 te\u0101tra noda\u013cu veicin\u0101jusi programmas izveidi R\u012bgas Doma kora skol\u0101.&nbsp;<\/p>\n\n\n\n<p><strong>Programm\u0101 iek\u013cauti &nbsp;profesion\u0101lie m\u0101c\u012bbu priek\u0161meti:<\/strong><\/p>\n\n\n\n<p>Aktiermeistar\u012bba, solo dzied\u0101\u0161ana, muzik\u0101l\u0101 te\u0101tra dzied\u0101\u0161ana, klaviersp\u0113le, skatuves runa, skatuves kust\u012bba, skatuves deja, gospe\u013ckoris, k\u0101 ar\u012b solfed\u017eo, harmonija, m\u016bzikas literat\u016bra, kompoz\u012bcija.<\/p>\n\n\n\n<p><strong>Visp\u0101rizgl\u012btojo\u0161ie m\u0101c\u012bbu priek\u0161meti un apguves l\u012bmenis:<\/strong><\/p>\n\n\n\n<ul class=\"wp-block-list\"><li><strong>optim\u0101lais l\u012bmenis<\/strong> &#8211; latvie\u0161u valoda I, literat\u016bra, ang\u013cu valoda (B2) &#8211; optim\u0101lais l\u012bmenis,<\/li><li><strong>visp\u0101r\u012bgais l\u012bmenis<\/strong> &#8211;&nbsp; matem\u0101tika I un sports, v\u0101cu (B1), soci\u0101l\u0101s zin\u012bbas un v\u0113sture, dabaszin\u0101tnes, kult\u016bras pamati, datorika.<\/li><li><strong>augst\u0101k\u0101 l\u012bme\u0146a kursi<\/strong> \u2013 latvie\u0161u valoda un literat\u016bra II, kult\u016bra un m\u0101ksla II<\/li><\/ul>\n\n\n\n<p>M\u0101c\u012bbu laik\u0101 pla\u0161as prakses iesp\u0113jas piedal\u012bties muzik\u0101l\u0101 te\u0101tra izr\u0101d\u0113s, koncertdarb\u012bb\u0101, projektos, konkursos.<\/p>\n\n\n\n<p>Skola pied\u0101v\u0101 Erasmus+ projektu iesp\u0113jas m\u016bziklu dzied\u0101t\u0101jiem.<\/p>\n\n\n\n<p>RDKS absolventi &nbsp;studijas turpina J\u0101zepa V\u012btola Latvijas M\u016bzikas akad\u0113mijas vok\u0101laj\u0101 noda\u013c\u0101, Kult\u016bras Akad\u0113mijas aktiera specialit\u0101t\u0113 , \u0101rzemju augstskol\u0101s London\u0101, Gr\u0101c\u0101<\/p>\n\n\n\n<p>Programmas vad\u012bt\u0101ja &#8211; Una Stade, pedagogi Annija Hermane, Inese Romanc\u0101ne, K\u0101rlis Kr\u016bmi\u0146\u0161, Rolands Mer\u017eejevskis, Edgars Auni\u0146\u0161, Santa \u0160illere, R\u016bta D\u016bduma-\u0136irse, D\u017eanete Tabaka.<\/p>\n\n\n\n<figure class=\"wp-block-image size-large\"><img loading=\"lazy\" decoding=\"async\" width=\"1024\" height=\"683\" src=\"http:\/\/www.rdks.lv\/wp-content\/uploads\/2022\/02\/102420662_2947118035356983_6659433472335819161_n-1024x683.jpeg\" alt=\"\" class=\"wp-image-12997\" srcset=\"https:\/\/www.rdks.lv\/wp-content\/uploads\/2022\/02\/102420662_2947118035356983_6659433472335819161_n-1024x683.jpeg 1024w, https:\/\/www.rdks.lv\/wp-content\/uploads\/2022\/02\/102420662_2947118035356983_6659433472335819161_n-300x200.jpeg 300w, https:\/\/www.rdks.lv\/wp-content\/uploads\/2022\/02\/102420662_2947118035356983_6659433472335819161_n-768x512.jpeg 768w, https:\/\/www.rdks.lv\/wp-content\/uploads\/2022\/02\/102420662_2947118035356983_6659433472335819161_n-1536x1024.jpeg 1536w, https:\/\/www.rdks.lv\/wp-content\/uploads\/2022\/02\/102420662_2947118035356983_6659433472335819161_n.jpeg 1600w\" sizes=\"auto, (max-width: 1024px) 100vw, 1024px\" \/><\/figure>\n\n\n\n<hr class=\"wp-block-separator has-text-color has-luminous-vivid-amber-color has-css-opacity has-luminous-vivid-amber-background-color has-background is-style-wide\"\/>\n\n\n\n<p><meta charset=\"utf-8\"><strong>Pamatinform\u0101cija par profesion\u0101l\u0101s vid\u0113j\u0101s izgl\u012bt\u012bbas programmu M\u016aZIKA &#8211; D\u017dEZA M\u016aZI\u0136IS<\/strong><\/p>\n\n\n\n<hr class=\"wp-block-separator has-text-color has-luminous-vivid-amber-color has-css-opacity has-luminous-vivid-amber-background-color has-background is-style-wide\"\/>\n\n\n\n<p>Vid\u0113j\u0101s profesion\u0101l\u0101s izgl\u012bt\u012bbas programma <strong><em>M\u016bzika <\/em><\/strong>&nbsp;(33212091) \u2013 kvalifik\u0101cija <strong>D\u017eeza m\u016bzi\u0137is<\/strong>, m\u0101c\u012bbu ilgums 4 gadi (5800 stundas)<\/p>\n\n\n\n<p>R\u012bgas Doma kora skolas profesion\u0101l\u0101 izgl\u012bt\u012bbas programma <em><strong>M\u016bzika (d\u017eeza m\u016bzika)<\/strong><\/em> pied\u0101v\u0101 apg\u016bt:<\/p>\n\n\n\n<p><strong>Profesion\u0101los priek\u0161metus<\/strong> \u2013 Specialit\u0101te ( d\u017eeza vok\u0101ls, klaviersp\u0113le, trompetes sp\u0113le, saksofona sp\u0113le, sitaminstrumenti, \u0123it\u0101ra, bas\u0123it\u0101ra), ansamblis, bigbends,&nbsp;&nbsp; klaviersp\u0113le (visu specialit\u0101\u0161u audz\u0113k\u0146iem), bas\u0123it\u0101ra (visu specialit\u0101\u0161u audz\u0113k\u0146iem),&nbsp; gospe\u013ckoris, skatuves runa, kust\u012bba, m\u016bzikas teor\u0113tiskie priek\u0161meti \u2013 solfed\u017eo, harmonija, d\u017eeza v\u0113sture, m\u016bzikas literat\u016bra, rokm\u016bzika, ska\u0146u re\u017eijas pamati, k\u0101 ar\u012b izv\u0113les m\u0101c\u012bbu priek\u0161meta apguves iesp\u0113jas kompoz\u012bcij\u0101 vai izv\u0113les instrumenta sp\u0113l\u0113.<\/p>\n\n\n\n<p><strong>Visp\u0101rizgl\u012btojo\u0161ie m\u0101c\u012bbu priek\u0161meti un apguves l\u012bmenis<\/strong>:<\/p>\n\n\n\n<ul class=\"wp-block-list\"><li><strong>optim\u0101lais l\u012bmenis<\/strong> &#8211; latvie\u0161u valoda I, literat\u016bra, ang\u013cu valoda (B2)<\/li><li><strong>visp\u0101r\u012bgais l\u012bmenis<\/strong> &#8211;&nbsp; matem\u0101tika I un sports, v\u0101cu (B1), soci\u0101l\u0101s zin\u012bbas un v\u0113sture, dabaszin\u0101tnes, kult\u016bras pamati, datorika.<\/li><li><strong>augst\u0101k\u0101 l\u012bme\u0146a kursi<\/strong> \u2013 latvie\u0161u valoda un literat\u016bra II, kult\u016bra un m\u0101ksla II<\/li><\/ul>\n\n\n\n<p>&nbsp;M\u0101c\u012bbu laik\u0101 pla\u0161as prakses iesp\u0113jas piedal\u012bties&nbsp; JVLMA bigbenda sast\u0101v\u0101, projektos, konkursos.<\/p>\n\n\n\n<p>Skola pied\u0101v\u0101 Erasmus+ projektu iesp\u0113jas jaunajiem d\u017eeza m\u016bzi\u0137iem.<\/p>\n\n\n\n<p>RDKS absolventi &nbsp;studijas turpina J\u0101zepa V\u012btola Latvijas M\u016bzikas akad\u0113mij\u0101, \u0101rzemju augstskol\u0101s.&nbsp; &nbsp;<\/p>\n\n\n\n<p>D\u017eeza programmas vad\u012bt\u0101js&nbsp; T\u0101lis G\u017eibovskis, pedagogi Aivars Krasti\u0146\u0161, Inga B\u0113rzi\u0146a, Indri\u0137is Veitners, Madars Kalni\u0146\u0161, Andrejs Jevsjukovs, Zigmunds \u017dukovskis, Atis Andersons, D\u0101vis Bindemanis, Edijs G\u0146edovskis.<\/p>\n\n\n\n<figure class=\"wp-block-image size-large\"><img loading=\"lazy\" decoding=\"async\" width=\"1024\" height=\"683\" src=\"http:\/\/www.rdks.lv\/wp-content\/uploads\/2022\/02\/75474197_2455780537824071_1712761575288340480_n-1024x683.jpeg\" alt=\"\" class=\"wp-image-12996\" srcset=\"https:\/\/www.rdks.lv\/wp-content\/uploads\/2022\/02\/75474197_2455780537824071_1712761575288340480_n-1024x683.jpeg 1024w, https:\/\/www.rdks.lv\/wp-content\/uploads\/2022\/02\/75474197_2455780537824071_1712761575288340480_n-300x200.jpeg 300w, https:\/\/www.rdks.lv\/wp-content\/uploads\/2022\/02\/75474197_2455780537824071_1712761575288340480_n-768x512.jpeg 768w, https:\/\/www.rdks.lv\/wp-content\/uploads\/2022\/02\/75474197_2455780537824071_1712761575288340480_n-1536x1024.jpeg 1536w, https:\/\/www.rdks.lv\/wp-content\/uploads\/2022\/02\/75474197_2455780537824071_1712761575288340480_n.jpeg 2048w\" sizes=\"auto, (max-width: 1024px) 100vw, 1024px\" \/><\/figure>","protected":false},"excerpt":{"rendered":"<p>Pamatinform\u0101cija par profesion\u0101l\u0101s vid\u0113j\u0101s izgl\u012bt\u012bbas programmu DIRI\u0122\u0112\u0160ANA Vid\u0113j\u0101s profesion\u0101l\u0101s izgl\u012bt\u012bbas programma Diri\u0123\u0113\u0161ana&nbsp;(33212051) \u2013 kvalifik\u0101cija kormeistars, kora dzied\u0101t\u0101js, m\u0101c\u012bbu ilgums 4 gadi (5800 stundas) R\u012bgas Doma kora skolas profesion\u0101l\u0101 izgl\u012bt\u012bbas programma Diri\u0123\u0113\u0161ana pied\u0101v\u0101 apg\u016bt: Profesion\u0101los priek\u0161metus \u2013 diri\u0123\u0113\u0161ana, partit\u016bra, kora m\u0101c\u012bba, kora literat\u016bra, dzied\u0101\u0161ana, klaviersp\u0113le, koris, runas kult\u016bra, skatuves kust\u012bba, m\u016bzikas teor\u0113tiskie priek\u0161meti \u2013 solfed\u017eo, harmonija,&#8230;<\/p>\n","protected":false},"author":6,"featured_media":0,"parent":0,"menu_order":0,"comment_status":"closed","ping_status":"closed","template":"","meta":{"cybocfi_hide_featured_image":"","footnotes":""},"class_list":["post-12988","page","type-page","status-publish","hentry"],"_links":{"self":[{"href":"https:\/\/www.rdks.lv\/lv\/wp-json\/wp\/v2\/pages\/12988","targetHints":{"allow":["GET"]}}],"collection":[{"href":"https:\/\/www.rdks.lv\/lv\/wp-json\/wp\/v2\/pages"}],"about":[{"href":"https:\/\/www.rdks.lv\/lv\/wp-json\/wp\/v2\/types\/page"}],"author":[{"embeddable":true,"href":"https:\/\/www.rdks.lv\/lv\/wp-json\/wp\/v2\/users\/6"}],"replies":[{"embeddable":true,"href":"https:\/\/www.rdks.lv\/lv\/wp-json\/wp\/v2\/comments?post=12988"}],"version-history":[{"count":4,"href":"https:\/\/www.rdks.lv\/lv\/wp-json\/wp\/v2\/pages\/12988\/revisions"}],"predecessor-version":[{"id":14442,"href":"https:\/\/www.rdks.lv\/lv\/wp-json\/wp\/v2\/pages\/12988\/revisions\/14442"}],"wp:attachment":[{"href":"https:\/\/www.rdks.lv\/lv\/wp-json\/wp\/v2\/media?parent=12988"}],"curies":[{"name":"wp","href":"https:\/\/api.w.org\/{rel}","templated":true}]}}