{"id":129,"date":"2013-12-19T02:06:37","date_gmt":"2013-12-19T02:06:37","guid":{"rendered":"http:\/\/213.175.126.152\/?page_id=129"},"modified":"2025-02-07T14:30:11","modified_gmt":"2025-02-07T12:30:11","slug":"kori","status":"publish","type":"page","link":"https:\/\/www.rdks.lv\/lv\/par-skolu\/kori\/","title":{"rendered":"Kori"},"content":{"rendered":"<p><\/p>\n<h2>Koru pl\u0101ni<\/h2>\n<p><em>(Tiks ievietoti v\u0113l\u0101k)<\/em><\/p>","protected":false},"excerpt":{"rendered":"<p>Koru pl\u0101ni (Tiks ievietoti v\u0113l\u0101k)<\/p>\n","protected":false},"author":19,"featured_media":0,"parent":2757,"menu_order":3,"comment_status":"closed","ping_status":"open","template":"","meta":{"cybocfi_hide_featured_image":"","footnotes":""},"class_list":["post-129","page","type-page","status-publish","hentry"],"_links":{"self":[{"href":"https:\/\/www.rdks.lv\/lv\/wp-json\/wp\/v2\/pages\/129","targetHints":{"allow":["GET"]}}],"collection":[{"href":"https:\/\/www.rdks.lv\/lv\/wp-json\/wp\/v2\/pages"}],"about":[{"href":"https:\/\/www.rdks.lv\/lv\/wp-json\/wp\/v2\/types\/page"}],"author":[{"embeddable":true,"href":"https:\/\/www.rdks.lv\/lv\/wp-json\/wp\/v2\/users\/19"}],"replies":[{"embeddable":true,"href":"https:\/\/www.rdks.lv\/lv\/wp-json\/wp\/v2\/comments?post=129"}],"version-history":[{"count":25,"href":"https:\/\/www.rdks.lv\/lv\/wp-json\/wp\/v2\/pages\/129\/revisions"}],"predecessor-version":[{"id":17152,"href":"https:\/\/www.rdks.lv\/lv\/wp-json\/wp\/v2\/pages\/129\/revisions\/17152"}],"up":[{"embeddable":true,"href":"https:\/\/www.rdks.lv\/lv\/wp-json\/wp\/v2\/pages\/2757"}],"wp:attachment":[{"href":"https:\/\/www.rdks.lv\/lv\/wp-json\/wp\/v2\/media?parent=129"}],"curies":[{"name":"wp","href":"https:\/\/api.w.org\/{rel}","templated":true}]}}