{"id":127,"date":"2013-12-19T02:06:21","date_gmt":"2013-12-19T02:06:21","guid":{"rendered":"http:\/\/213.175.126.152\/?page_id=127"},"modified":"2020-11-09T12:50:58","modified_gmt":"2020-11-09T10:50:58","slug":"programmas","status":"publish","type":"page","link":"https:\/\/www.rdks.lv\/lv\/par-skolu\/programmas\/","title":{"rendered":"Programmas"},"content":{"rendered":"<p><strong>Valsts finans\u0113jums <\/strong><strong>R\u012bgas Doma kora skolai nodro\u0161ina licenc\u0113tu programmu \u012bsteno\u0161anu<\/strong>:<\/p>\n<ul>\n<li><em style=\"color: #000000;\">Pamatizgl\u012bt\u012bbas programma\u00a0<\/em>&#8211; 21011111 vienot\u0101 m\u0101c\u012bbu pl\u0101n\u0101 ar Profesion\u0101l\u0101s ievirzes izgl\u012bt\u012bbas programmu\u00a0<strong style=\"color: #000000; font-style: normal;\"><i>Vok\u0101l\u0101 m\u016bzika, Kora klase<\/i><\/strong>\u00a0&#8211; 20V212061.<\/li>\n<\/ul>\n<p>Las\u012bt vair\u0101k: <a title=\"Pamatskola un profesion\u0101l\u0101 ievirze\" href=\"http:\/\/www.rdks.lv\/?page_id=149\">Pamatskola un profesion\u0101l\u0101 ievirze<\/a><\/p>\n<ul>\n<li>Vid\u0113j\u0101s profesion\u0101l\u0101s izgl\u012bt\u012bbas programma <em><strong>D<\/strong><\/em><strong style=\"color: #000000; font-style: normal;\"><i>iri\u0123\u0113\u0161ana<\/i><\/strong>\u00a0(izgl\u012bt\u012bbas programmas kods\u00a0&#8211;\u00a033212051) \u2013 specialit\u0101t\u0113 kormeistars,\u00a0kora dzied\u0101t\u0101js,;<\/li>\n<\/ul>\n<p>Las\u012bt vair\u0101k: <a title=\"Kordiri\u0123\u0113\u0161anas programma\" href=\"http:\/\/www.rdks.lv\/?page_id=159\">Diri\u0123\u0113\u0161anas programma<\/a><\/p>\n<ul>\n<li>Vid\u0113j\u0101s profesion\u0101l\u0101s izgl\u012bt\u012bbas programma\u00a0<em style=\"color: #000000;\"><b>Vok\u0101l\u0101 m\u016bzika <\/b><\/em>(33212061)\u00a0\u2013 specialit\u0101t\u0113 dzied\u0101t\u0101js;<\/li>\n<\/ul>\n<p>Las\u012bt vair\u0101k: <a title=\"Vok\u0101l\u0101s m\u016bzikas programma\" href=\"http:\/\/www.rdks.lv\/?page_id=161\">Vok\u0101l\u0101s m\u016bzikas programma<\/a><\/p>\n<ul>\n<li>Vid\u0113j\u0101s profesion\u0101l\u0101s izgl\u012bt\u012bbas programma\u00a0<em style=\"color: #000000;\"><b>Vok\u0101l\u0101 m\u016bzika <\/b><\/em>(33212061)\u00a0\u2013 specialit\u0101t\u0113 m\u016bziklu dzied\u0101t\u0101js;<\/li>\n<\/ul>\n<p>Las\u012bt vair\u0101k: <a href=\"http:\/\/www.rdks.lv\/par-skolu\/programmas\/muziklu-dziedataju-programma\/\">M\u016bziklu dzied\u0101t\u0101ju programma<\/a><\/p>\n<ul>\n<li>Vid\u0113j\u0101s profesion\u0101l\u0101s izgl\u012bt\u012bbas programma\u00a0<strong style=\"color: #000000; font-style: normal;\"><i>M\u016bzika<\/i><\/strong>\u00a0(33212091) \u2013 specialit\u0101t\u0113 d\u017eeza m\u016bzi\u0137is.<\/li>\n<\/ul>\n<p>Las\u012bt vair\u0101k: <a title=\"D\u017eeza m\u016bzikas programma\" href=\"http:\/\/www.rdks.lv\/?page_id=163\">D\u017eeza m\u016bzikas programma<\/a><\/p>\n<hr \/>\n<p>Skola pied\u0101v\u0101 profesion\u0101l\u0101s ievirzes izgl\u012bt\u012bbas programmas l\u012bdztekus m\u0101c\u012bb\u0101m cit\u0101 vid\u0113j\u0101s izgl\u012bt\u012bbas iest\u0101d\u0113<\/p>\n<ul>\n<li><em><strong>Vok\u0101l\u0101 m\u016bzika<\/strong> <\/em>(30V212061)<\/li>\n<li><em><strong>M\u016bzika (d\u017eeza m\u016bzika)<\/strong><\/em> (30V212091)<\/li>\n<li><em><strong>Diri\u0123\u0113\u0161ana (kora diri\u0123\u0113\u0161ana)<\/strong> <\/em>(30V212051)<\/li>\n<\/ul>\n<hr \/>\n<p>Skola pied\u0101v\u0101 intere\u0161u izgl\u012bt\u012bbas <b>(maksas)<\/b>\u00a0Profesion\u0101l\u0101s pilnveides izgl\u012bt\u012bbas programmu<\/p>\n<ul>\n<li><strong style=\"color: #000000; font-style: normal;\"><i>M\u016bsdienu ritma m\u016bzika<\/i><\/strong>\u00a0(20P212091). Apm\u0101c\u012bbas ilgums \u2013 2 gadi.<\/li>\n<\/ul>\n<p>Las\u012bt vair\u0101k: <a title=\"M\u016bsdienu ritma m\u016bzika\" href=\"http:\/\/www.rdks.lv\/?page_id=165\">M\u016bsdienu ritma m\u016bzika<\/a><\/p>\n<hr \/>\n<p>R\u012bgas Doma kora skola uz\u0146em se\u0161gad\u012bgu audz\u0113k\u0146us <strong>sagatavo\u0161anas grup\u0101s<\/strong> ar m\u0113r\u0137i:<\/p>\n<ul>\n<li>ieg\u016bt pieredzi m\u016bzikas pamatu apguv\u0113;<\/li>\n<li>iepaz\u012bt profesion\u0101l\u0101s ievirzes izgl\u012bt\u012bbas specifiku un pras\u012bbas;<\/li>\n<li>sagatavoties uz\u0146em\u0161anas p\u0101rbaud\u012bjumiem profesion\u0101l\u0101s ievirzes izgl\u012bt\u012bbas programm\u0101\u00a0<em>Vok\u0101l\u0101 m\u016bzika Kora klase<\/em>.<\/li>\n<\/ul>\n<hr \/>\n<p><script>\/\/ <![CDATA[ (function(i,s,o,g,r,a,m){i['GoogleAnalyticsObject']=r;i[r]=i[r]||function(){ (i[r].q=i[r].q||[]).push(arguments)},i[r].l=1*new Date();a=s.createElement(o), m=s.getElementsByTagName(o)[0];a.async=1;a.src=g;m.parentNode.insertBefore(a,m) })(window,document,'script','\/\/www.google-analytics.com\/analytics.js','ga'); ga('create', 'UA-49336122-2', 'auto'); ga('send', 'pageview'); \/\/ ]]><\/script><\/p>","protected":false},"excerpt":{"rendered":"<p>Valsts finans\u0113jums R\u012bgas Doma kora skolai nodro\u0161ina licenc\u0113tu programmu \u012bsteno\u0161anu: Pamatizgl\u012bt\u012bbas programma\u00a0&#8211; 21011111 vienot\u0101 m\u0101c\u012bbu pl\u0101n\u0101 ar Profesion\u0101l\u0101s ievirzes izgl\u012bt\u012bbas programmu\u00a0Vok\u0101l\u0101 m\u016bzika, Kora klase\u00a0&#8211; 20V212061. Las\u012bt vair\u0101k: Pamatskola un profesion\u0101l\u0101 ievirze Vid\u0113j\u0101s profesion\u0101l\u0101s izgl\u012bt\u012bbas programma Diri\u0123\u0113\u0161ana\u00a0(izgl\u012bt\u012bbas programmas kods\u00a0&#8211;\u00a033212051) \u2013 specialit\u0101t\u0113 kormeistars,\u00a0kora dzied\u0101t\u0101js,; Las\u012bt vair\u0101k: Diri\u0123\u0113\u0161anas programma Vid\u0113j\u0101s profesion\u0101l\u0101s izgl\u012bt\u012bbas programma\u00a0Vok\u0101l\u0101 m\u016bzika (33212061)\u00a0\u2013 specialit\u0101t\u0113 dzied\u0101t\u0101js; Las\u012bt&#8230;<\/p>\n","protected":false},"author":2,"featured_media":0,"parent":2757,"menu_order":1,"comment_status":"closed","ping_status":"open","template":"","meta":{"cybocfi_hide_featured_image":"","footnotes":""},"class_list":["post-127","page","type-page","status-publish","hentry"],"_links":{"self":[{"href":"https:\/\/www.rdks.lv\/lv\/wp-json\/wp\/v2\/pages\/127","targetHints":{"allow":["GET"]}}],"collection":[{"href":"https:\/\/www.rdks.lv\/lv\/wp-json\/wp\/v2\/pages"}],"about":[{"href":"https:\/\/www.rdks.lv\/lv\/wp-json\/wp\/v2\/types\/page"}],"author":[{"embeddable":true,"href":"https:\/\/www.rdks.lv\/lv\/wp-json\/wp\/v2\/users\/2"}],"replies":[{"embeddable":true,"href":"https:\/\/www.rdks.lv\/lv\/wp-json\/wp\/v2\/comments?post=127"}],"version-history":[{"count":24,"href":"https:\/\/www.rdks.lv\/lv\/wp-json\/wp\/v2\/pages\/127\/revisions"}],"predecessor-version":[{"id":11422,"href":"https:\/\/www.rdks.lv\/lv\/wp-json\/wp\/v2\/pages\/127\/revisions\/11422"}],"up":[{"embeddable":true,"href":"https:\/\/www.rdks.lv\/lv\/wp-json\/wp\/v2\/pages\/2757"}],"wp:attachment":[{"href":"https:\/\/www.rdks.lv\/lv\/wp-json\/wp\/v2\/media?parent=127"}],"curies":[{"name":"wp","href":"https:\/\/api.w.org\/{rel}","templated":true}]}}