{"id":11923,"date":"2021-04-16T12:39:23","date_gmt":"2021-04-16T09:39:23","guid":{"rendered":"http:\/\/www.rdks.lv\/?page_id=11923"},"modified":"2021-05-01T10:52:33","modified_gmt":"2021-05-01T07:52:33","slug":"pedagogu-izmantotie-un-ieteiktie-metodiskie-uzskates-lidzekli","status":"publish","type":"page","link":"https:\/\/www.rdks.lv\/lv\/pedagogu-izmantotie-un-ieteiktie-metodiskie-uzskates-lidzekli\/","title":{"rendered":"Pedagogu izmantotie un ieteiktie metodiskie uzskates l\u012bdzek\u013ci"},"content":{"rendered":"<p><a href=\"http:\/\/www.rdks.lv\/wp-content\/uploads\/2021\/04\/TimelineIndex_Poster_A3_Composers.pdf\"><strong>Noz\u012bm\u012bg\u0101ko klasisk\u0101s m\u016bzikas komponistu portreti<\/strong><\/a><br>Avots: <a rel=\"noreferrer noopener\" href=\"https:\/\/www.timelineindex.com\/content\/search?s=Composers&amp;sb.x=0&amp;sb.y=0\" target=\"_blank\">https:\/\/www.timelineindex.com\/content\/search?s=Composers&amp;sb.x=0&amp;sb.y=0<\/a><\/p>\n\n\n\n<hr class=\"wp-block-separator is-style-default\"\/>\n\n\n\n<p><a href=\"http:\/\/www.classicalcomposersposter.com\"><strong>Noz\u012bm\u012bg\u0101kie klasisk\u0101s m\u016bzikas komponisti no 15.-20. gadsimtam<\/strong><br><\/a>Avots: <a rel=\"noreferrer noopener\" href=\"http:\/\/www.classicalcomposersposter.com\/\" target=\"_blank\">www.classicalcomposersposter.com<\/a><\/p>","protected":false},"excerpt":{"rendered":"<p>Noz\u012bm\u012bg\u0101ko klasisk\u0101s m\u016bzikas komponistu portretiAvots: https:\/\/www.timelineindex.com\/content\/search?s=Composers&amp;sb.x=0&amp;sb.y=0 Noz\u012bm\u012bg\u0101kie klasisk\u0101s m\u016bzikas komponisti no 15.-20. gadsimtamAvots: www.classicalcomposersposter.com<\/p>\n","protected":false},"author":6,"featured_media":0,"parent":0,"menu_order":0,"comment_status":"closed","ping_status":"closed","template":"","meta":{"cybocfi_hide_featured_image":"","footnotes":""},"class_list":["post-11923","page","type-page","status-publish","hentry"],"_links":{"self":[{"href":"https:\/\/www.rdks.lv\/lv\/wp-json\/wp\/v2\/pages\/11923","targetHints":{"allow":["GET"]}}],"collection":[{"href":"https:\/\/www.rdks.lv\/lv\/wp-json\/wp\/v2\/pages"}],"about":[{"href":"https:\/\/www.rdks.lv\/lv\/wp-json\/wp\/v2\/types\/page"}],"author":[{"embeddable":true,"href":"https:\/\/www.rdks.lv\/lv\/wp-json\/wp\/v2\/users\/6"}],"replies":[{"embeddable":true,"href":"https:\/\/www.rdks.lv\/lv\/wp-json\/wp\/v2\/comments?post=11923"}],"version-history":[{"count":2,"href":"https:\/\/www.rdks.lv\/lv\/wp-json\/wp\/v2\/pages\/11923\/revisions"}],"predecessor-version":[{"id":11976,"href":"https:\/\/www.rdks.lv\/lv\/wp-json\/wp\/v2\/pages\/11923\/revisions\/11976"}],"wp:attachment":[{"href":"https:\/\/www.rdks.lv\/lv\/wp-json\/wp\/v2\/media?parent=11923"}],"curies":[{"name":"wp","href":"https:\/\/api.w.org\/{rel}","templated":true}]}}