{"id":119,"date":"2013-12-19T02:02:39","date_gmt":"2013-12-19T02:02:39","guid":{"rendered":"http:\/\/213.175.126.152\/?page_id=119"},"modified":"2026-02-26T13:28:45","modified_gmt":"2026-02-26T11:28:45","slug":"audzeknu-padome","status":"publish","type":"page","link":"https:\/\/www.rdks.lv\/lv\/par-skolu\/audzeknu-padome\/","title":{"rendered":"Audz\u0113k\u0146u padome"},"content":{"rendered":"<p><strong>2025.\/2026. m\u0101c\u012bbu gad\u0101 R\u012bgas Doma kora skol\u0101 darbojas divas studentu padomes:<\/strong><\/p>\r\n<ul>\r\n<li>Kronvalda bulv\u0101r\u012b 1 darbojas <strong>4.-9. kla\u0161u skol\u0113nu padome<\/strong> (atbild\u012bgais pedagogs Inese Be\u0137ere)<\/li>\r\n<li>Skolas iel\u0101 11 darbojas <strong>I-IV kursa skol\u0113nu padome<\/strong> (atbild\u012bgais pedagogs Madara Melne-Tomsone)<\/li>\r\n<\/ul>\r\n<p><strong>R\u012bgas Doma kora skolas audz\u0113kni!\u00a0<\/strong>Ja Tev ir priek\u0161likumi vai ieteikumi k\u0101 dz\u012bvi skol\u0101 dar\u012bt \u0113rt\u0101ku un for\u0161\u0101ku, neturi sveci zem p\u016bra un dari to zin\u0101mu mums, rakstot skol\u0113nu padomju atbild\u012bgajiem pedagogiem e-klas\u0113!<\/p>\r\n<p>&nbsp;<\/p>\r\n\r\n<p>&nbsp;<\/p>","protected":false},"excerpt":{"rendered":"<p>2025.\/2026. m\u0101c\u012bbu gad\u0101 R\u012bgas Doma kora skol\u0101 darbojas divas studentu padomes: Kronvalda bulv\u0101r\u012b 1 darbojas 4.-9. kla\u0161u skol\u0113nu padome (atbild\u012bgais pedagogs Inese Be\u0137ere) Skolas iel\u0101 11 darbojas I-IV kursa skol\u0113nu padome (atbild\u012bgais pedagogs Madara Melne-Tomsone) R\u012bgas Doma kora skolas audz\u0113kni!\u00a0Ja Tev ir priek\u0161likumi vai ieteikumi k\u0101 dz\u012bvi skol\u0101 dar\u012bt \u0113rt\u0101ku un for\u0161\u0101ku, neturi sveci zem&#8230;<\/p>\n","protected":false},"author":19,"featured_media":0,"parent":2757,"menu_order":9,"comment_status":"closed","ping_status":"open","template":"","meta":{"cybocfi_hide_featured_image":"","footnotes":""},"class_list":["post-119","page","type-page","status-publish","hentry"],"_links":{"self":[{"href":"https:\/\/www.rdks.lv\/lv\/wp-json\/wp\/v2\/pages\/119","targetHints":{"allow":["GET"]}}],"collection":[{"href":"https:\/\/www.rdks.lv\/lv\/wp-json\/wp\/v2\/pages"}],"about":[{"href":"https:\/\/www.rdks.lv\/lv\/wp-json\/wp\/v2\/types\/page"}],"author":[{"embeddable":true,"href":"https:\/\/www.rdks.lv\/lv\/wp-json\/wp\/v2\/users\/19"}],"replies":[{"embeddable":true,"href":"https:\/\/www.rdks.lv\/lv\/wp-json\/wp\/v2\/comments?post=119"}],"version-history":[{"count":32,"href":"https:\/\/www.rdks.lv\/lv\/wp-json\/wp\/v2\/pages\/119\/revisions"}],"predecessor-version":[{"id":18241,"href":"https:\/\/www.rdks.lv\/lv\/wp-json\/wp\/v2\/pages\/119\/revisions\/18241"}],"up":[{"embeddable":true,"href":"https:\/\/www.rdks.lv\/lv\/wp-json\/wp\/v2\/pages\/2757"}],"wp:attachment":[{"href":"https:\/\/www.rdks.lv\/lv\/wp-json\/wp\/v2\/media?parent=119"}],"curies":[{"name":"wp","href":"https:\/\/api.w.org\/{rel}","templated":true}]}}