{"id":11613,"date":"2020-12-07T13:55:41","date_gmt":"2020-12-07T11:55:41","guid":{"rendered":"http:\/\/www.rdks.lv\/?page_id=11613"},"modified":"2021-02-15T17:16:35","modified_gmt":"2021-02-15T15:16:35","slug":"laudamus","status":"publish","type":"page","link":"https:\/\/www.rdks.lv\/lv\/laudamus\/","title":{"rendered":"LAUDAMUS+"},"content":{"rendered":"<p><strong>10. raid\u012bjums &#8220;Koris k\u0101 diri\u0123enta spogulis. Run\u0101 joproj\u0101m jaunie un talant\u012bgie&#8221;<\/strong><br>Piedal\u0101s &#8211; Jur\u0123is C\u0101bulis, Aigars Meri, J\u0101nis Ozols un Valdis Tomsons. &#8220;Saruna par to, kas b\u016btu j\u0101dara, lai &#8220;jaunie, daudzsolo\u0161ie&#8221; nepaliktu t\u0101di l\u012bdz rado\u0161\u0101 m\u016b\u017ea vainagojumam, k\u0101dam j\u0101b\u016bt dziesmusv\u0113tku virsdiri\u0123entam un vai nepiecie\u0161ama virsdiri\u0123entu aprite gan lielaj\u0101 trib\u012bn\u0113, gan apri\u0146\u0137os; pieskaramies ar\u012b tam, k\u0101d\u0101 veid\u0101 koris spogu\u013cojas sava diri\u0123enta person\u012bb\u0101 un cik cie\u0161i koristam j\u0101paz\u012bst savs dzied\u0101t\u0101js,&#8221; ar raid\u012bjuma tematiem iepaz\u012bstina sarunas vad\u012bt\u0101js, muzikologs Orests Silabriedis.<\/p>\n\n\n\n<figure class=\"wp-block-embed-youtube wp-block-embed is-type-video is-provider-youtube wp-embed-aspect-16-9 wp-has-aspect-ratio\"><div class=\"wp-block-embed__wrapper\">\n<iframe loading=\"lazy\" title=\"LAUDAMUS+ 10. raid\u012bjums: Koris k\u0101 diri\u0123enta spogulis. Run\u0101 joproj\u0101m jaunie un talant\u012bgie\" width=\"640\" height=\"360\" src=\"https:\/\/www.youtube.com\/embed\/upOIYJFEAt8?feature=oembed\" frameborder=\"0\" allow=\"accelerometer; autoplay; clipboard-write; encrypted-media; gyroscope; picture-in-picture; web-share\" referrerpolicy=\"strict-origin-when-cross-origin\" allowfullscreen><\/iframe>\n<\/div><\/figure>\n\n\n\n<hr class=\"wp-block-separator is-style-default\"\/>\n\n\n\n<p><strong>9. raid\u012bjums &#8220;Amatierkoru diri\u0123enti par koru dz\u012bvi \u0101rpus R\u012bgas, dzied\u0101t\u0101ju piesaisti un virsdiri\u0123\u0113\u0161anu<\/strong>&#8220;<br>Sarunas dal\u012bbnieki \u2013 Ilze Balode, Lorija Cinkusa, M\u0101rcis Katajs un J\u0101nis Ungurs. &#8220;Sarun\u0101jamies par to, k\u0101 tikt pie jauniem dzied\u0101t\u0101jiem, cik stabils ir amatierkoru diri\u0123enta postenis, k\u0101da ir nosl\u0113gto l\u012bgumu da\u017e\u0101d\u012bba, kas notiek ar Latvijas v\u012bru koriem, pieskaramies ar\u012b z\u0113nu koru kust\u012bbai, virsdiri\u0123entu izv\u0113lei un apsprie\u017eam, k\u0101 izklaid\u0113t kora cilv\u0113kus, lai neb\u016btu tikai &#8220;gr\u0101mati\u0146as&#8221; darbi un repertu\u0101rs tiktu iesp\u0113jami daudzveid\u012bgots,&#8221; st\u0101sta sarunas moderators Orests Silabriedis.<\/p>\n\n\n\n<figure class=\"wp-block-embed-youtube wp-block-embed is-type-video is-provider-youtube wp-embed-aspect-16-9 wp-has-aspect-ratio\"><div class=\"wp-block-embed__wrapper\">\n<iframe loading=\"lazy\" title=\"LAUDAMUS+ 9. raid\u012bjums: Amatierkoru diri\u0123enti par koru dz\u012bvi \u0101rpus R\u012bgas un dzied\u0101t\u0101ju piesaist\u012b\u0161anu\" width=\"640\" height=\"360\" src=\"https:\/\/www.youtube.com\/embed\/PmhdQmWiCAs?feature=oembed\" frameborder=\"0\" allow=\"accelerometer; autoplay; clipboard-write; encrypted-media; gyroscope; picture-in-picture; web-share\" referrerpolicy=\"strict-origin-when-cross-origin\" allowfullscreen><\/iframe>\n<\/div><\/figure>\n\n\n\n<hr class=\"wp-block-separator is-style-default\"\/>\n\n\n\n<p><strong>8. raid\u012bjums &#8220;Dziesmu sv\u0113tki un dziesmu dienas Latvij\u0101 un trimd\u0101 no 1940. l\u012bdz 1950. gadam&#8221;<\/strong><br>Oresta Silabrie\u017ea saruna ar muzikologiem Ivetu Grundi un Arnoldu Kloti\u0146u. S\u0101kam sarunu ar 1940. gada Latgales sv\u0113tkiem un nosl\u0113dzam ar 1950. gada Padomju Latvijas dziesmusv\u0113tkiem. Pa vidu &#8211; neticams daudzums dziesmu dienu gan v\u0101cu okup\u0101cijas laik\u0101 Latvij\u0101, gan trimd\u0101, kur sevi\u0161\u0137i izce\u013cas 1947. gada sv\u0113tki Eslingen\u0113. Ko var\u0113ja just korists, dziedot &#8220;Dievs, sv\u0113t\u012b Latviju!&#8221; un vienlaikus jau\u0161ot padomju okup\u0101cijas tuvo vilni? Cik kordzied\u0101t\u0101ju emigr\u0113ja no Latvijas? Kas var\u0113ja b\u016bt pr\u0101t\u0101 koristam, kas 1948. un 1950. gada sv\u0113tkos dzied\u0101ja par Sta\u013cinu?<\/p>\n\n\n\n<figure class=\"wp-block-embed-youtube wp-block-embed is-type-video is-provider-youtube wp-embed-aspect-16-9 wp-has-aspect-ratio\"><div class=\"wp-block-embed__wrapper\">\n<iframe loading=\"lazy\" title=\"LAUDAMUS+ 8. raid\u012bjums: Dziesmu sv\u0113tki un dziesmu dienas Latvij\u0101 un trimd\u0101 no 1940. l\u012bdz 1950. gadam\" width=\"640\" height=\"360\" src=\"https:\/\/www.youtube.com\/embed\/lFUzq1avPsY?feature=oembed\" frameborder=\"0\" allow=\"accelerometer; autoplay; clipboard-write; encrypted-media; gyroscope; picture-in-picture; web-share\" referrerpolicy=\"strict-origin-when-cross-origin\" allowfullscreen><\/iframe>\n<\/div><\/figure>\n\n\n\n<hr class=\"wp-block-separator is-style-default\"\/>\n\n\n\n<p><strong>7. raid\u012bjums &#8220;Ide\u0101l\u0101s kora ska\u0146as mekl\u0113jumi no 19. gadsimta beig\u0101m l\u012bdz m\u016bslaikiem<\/strong>&#8220;<br>Sarun\u0101 par iesp\u0113jamo ide\u0101l\u0101 kora ska\u0146u diri\u0123ents J\u0101nis Eren\u0161treits st\u0101sta par Jurj\u0101nu Andreja, V\u012bgneru Ernesta un J\u0101zepa V\u012btola tekstiem \u0161aj\u0101 jaut\u0101jum\u0101; ilggad\u0113jais Latvijas Radio kora m\u0101kslinieciskais vad\u012bt\u0101js Edgars Ra\u010devskis atceras laikus, kad no Teodora Kalni\u0146a ska\u0146as koris p\u0101rg\u0101ja uz Ra\u010devska ska\u0146u; Latvijas Radio kora pa\u0161reiz\u0113jais m\u0101kslinieciskais vad\u012bt\u0101js Sigvards K\u013cava st\u0101sta par korska\u0146as p\u0101rmai\u0146\u0101m p\u0113d\u0113jo gadu desmitu laik\u0101 un atsak\u0101s prognoz\u0113t n\u0101kotni; dzied\u0101t\u0101ja un balss pedago\u0123e Viktorija Pakalniece koment\u0113 balss pedagoga lomu m\u016bsdien\u012bg\u0101 kor\u012b. Sarunas vad\u012bt\u0101js &#8211; Latvijas Radio 3 \u201cKlasika\u201d \u0113tera person\u012bba, muzikologs Orests Silabriedis.<\/p>\n\n\n\n<figure class=\"wp-block-embed-youtube wp-block-embed is-type-video is-provider-youtube wp-embed-aspect-16-9 wp-has-aspect-ratio\"><div class=\"wp-block-embed__wrapper\">\n<iframe loading=\"lazy\" title=\"LAUDAMUS+ 7. raid\u012bjums: Ide\u0101l\u0101s kora ska\u0146as mekl\u0113jumi no 19. gadsimta beig\u0101m l\u012bdz m\u016bslaikiem\" width=\"640\" height=\"360\" src=\"https:\/\/www.youtube.com\/embed\/UK4dAN_v9ZM?feature=oembed\" frameborder=\"0\" allow=\"accelerometer; autoplay; clipboard-write; encrypted-media; gyroscope; picture-in-picture; web-share\" referrerpolicy=\"strict-origin-when-cross-origin\" allowfullscreen><\/iframe>\n<\/div><\/figure>\n\n\n\n<hr class=\"wp-block-separator is-style-default\"\/>\n\n\n\n<p><strong>6. raid\u012bjums &#8220;Jan\u010devska un C\u0101bu\u013ca tand\u0113ms. Jaun\u0101s paaudzes m\u016bzi\u0137i jaunrad\u0113 un pedago\u0123ij\u0101&#8221;<\/strong><br>Sarun\u0101 ar J\u0113kabu Jan\u010devski un Jur\u0123i C\u0101buli apsprie\u017eam komponista un diri\u0123enta sadarb\u012bbu gan jaunrades, gan jaundarbu iestud\u0113\u0161anas proces\u0101; atg\u0101din\u0101m par lielisko CD &#8220;Aeternum&#8221;, kur\u0101 skan J\u0113kaba m\u016bzika Jur\u0123a un vi\u0146a vad\u012bt\u0101 R\u012bgas Doma kora skolas jaukt\u0101 kora sniegum\u0101; run\u0101jam par paaud\u017eu at\u0161\u0137ir\u012bb\u0101m un to, k\u0101 tas izpau\u017eas m\u016bslaiku m\u016bzikas skol\u0101, pie viena sal\u012bdzinot, k\u0101 pa\u0161i raug\u0101mies uz tiem, kas biju\u0161i un joproj\u0101m ir pirms mums. Sarunu vada Latvijas Radio 3 \u201cKlasika\u201d \u0113tera person\u012bba, muzikologs Orests Silabriedis.<\/p>\n\n\n\n<figure class=\"wp-block-embed-youtube wp-block-embed is-type-video is-provider-youtube wp-embed-aspect-16-9 wp-has-aspect-ratio\"><div class=\"wp-block-embed__wrapper\">\n<iframe loading=\"lazy\" title=\"LAUDAMUS+ 6. raid\u012bjums: Jan\u010devska un C\u0101bu\u013ca tand\u0113ms. Jaun\u0101s paaudzes m\u016bzi\u0137i jaunrad\u0113 un pedago\u0123ij\u0101\" width=\"640\" height=\"360\" src=\"https:\/\/www.youtube.com\/embed\/4SiKpyYPeso?feature=oembed\" frameborder=\"0\" allow=\"accelerometer; autoplay; clipboard-write; encrypted-media; gyroscope; picture-in-picture; web-share\" referrerpolicy=\"strict-origin-when-cross-origin\" allowfullscreen><\/iframe>\n<\/div><\/figure>\n\n\n\n<hr class=\"wp-block-separator\"\/>\n\n\n\n<p><strong>5. raid\u012bjums &#8220;Kam\u0113r&#8230;&#8221; &#8211; 30. Skaist\u0101kais korm\u016bzikas fenomens<\/strong><br>Raid\u012bjum\u0101 par jaun\u012bbu un pieredzi, p\u0113ctec\u012bbu, pa\u0161atdevi un, protams, kordzied\u0101\u0161anu sarun\u0101sies kora \u201cKam\u0113r\u2026\u201d biju\u0161ie un eso\u0161ais diri\u0123ents. Pand\u0113mijas laiks puskl\u0101tien\u0113, pusatt\u0101lin\u0101ti kora \u201cKam\u0113r\u2026\u201d 30. dzim\u0161anas dienas gad\u0101 sapulcin\u0101jis kop\u0101 M\u0101ri Sirmo, J\u0101ni Liepi\u0146u un Aivi Greteru. Vi\u0146u sarunbiedre \u2013 Latvijas Radio \u017eurn\u0101liste Liene Jakov\u013ceva.<\/p>\n\n\n\n<figure class=\"wp-block-embed-youtube wp-block-embed is-type-video is-provider-youtube wp-embed-aspect-16-9 wp-has-aspect-ratio\"><div class=\"wp-block-embed__wrapper\">\n<iframe loading=\"lazy\" title=\"LAUDAMUS+ 5. raid\u012bjums: &quot;Kam\u0113r...&quot; - 30. Skaist\u0101kais korm\u016bzikas fenomens\" width=\"640\" height=\"360\" src=\"https:\/\/www.youtube.com\/embed\/r_gzPMBjvfk?feature=oembed\" frameborder=\"0\" allow=\"accelerometer; autoplay; clipboard-write; encrypted-media; gyroscope; picture-in-picture; web-share\" referrerpolicy=\"strict-origin-when-cross-origin\" allowfullscreen><\/iframe>\n<\/div><\/figure>\n\n\n\n<hr class=\"wp-block-separator\"\/>\n\n\n\n<p><strong>4. raid\u012bjums &#8220;B\u0113rnu un jaunie\u0161u kori. Ilgtsp\u0113ja. P\u0113ctec\u012bba. P\u0101rmantojam\u012bba&#8221;<\/strong><br>Raid\u012bjum\u0101 \u201cB\u0113rnu un jaunie\u0161u kori. Ilgtsp\u0113ja. P\u0113ctec\u012bba. P\u0101rmantojam\u012bba\u201d par b\u0113rniem un jaunie\u0161iem koros, par ce\u013cu uz Latvijas Skolu jaunatnes dziesmu un deju sv\u0113tkiem, par diri\u0123entiem un skolot\u0101jiem \u0161aj\u0101 kust\u012bb\u0101 sarun\u0101sies Latvijas Radio \u0113tera person\u012bba Liene Jakov\u013ceva un diri\u0123enti, m\u016bzikas izgl\u012bt\u012bbas jomas p\u0101rst\u0101vji Aira Birzi\u0146a, Gints Ceplenieks, M\u0101rti\u0146\u0161 Kli\u0161\u0101ns un Rom\u0101ns Vanags.<\/p>\n\n\n\n<figure class=\"wp-block-embed-youtube wp-block-embed is-type-video is-provider-youtube wp-embed-aspect-16-9 wp-has-aspect-ratio\"><div class=\"wp-block-embed__wrapper\">\n<iframe loading=\"lazy\" title=\"LAUDAMUS+ 4. raid\u012bjums: B\u0113rnu un jaunie\u0161u kori. Ilgtsp\u0113ja. P\u0113ctec\u012bba. P\u0101rmantojam\u012bba\" width=\"640\" height=\"360\" src=\"https:\/\/www.youtube.com\/embed\/WUXtbKcFEF8?feature=oembed\" frameborder=\"0\" allow=\"accelerometer; autoplay; clipboard-write; encrypted-media; gyroscope; picture-in-picture; web-share\" referrerpolicy=\"strict-origin-when-cross-origin\" allowfullscreen><\/iframe>\n<\/div><\/figure>\n\n\n\n<hr class=\"wp-block-separator\"\/>\n\n\n\n<p><strong>3. raid\u012bjums &#8220;Esi sveicin\u0101ta, Saule! Kokariem &#8211; 200<\/strong>&#8220;<br>N\u0101kamgad latvie\u0161u koru kust\u012bbas di\u017egariem Imantam un Gido Kokariem aprit\u0113s simts! Br\u0101\u013ciem velt\u012bts ar\u012b \u0161is &#8220;Laudamus+&#8221; cikla raid\u012bjums.<\/p>\n\n\n\n<p>Raid\u012bjum\u0101 &#8220;Esi sveicin\u0101ta, Saule! Kokariem &#8211; 200&#8221; Latvijas Radio \u017eurn\u0101liste un bijus\u012b R\u012bgas kamerkora &#8220;Ave Sol&#8221; dzied\u0101t\u0101ja Liene Jakov\u013ceva sarun\u0101sies ar raid\u012bjuma viesiem, Imanta un Gido Kokaru l\u012bdzgaitniekiem M\u0101rti\u0146u Kli\u0161\u0101nu, Guntaru \u0136irsi, Andri Veismani, Ingr\u012bdu Vilk\u0101rsi. Kop\u0101 ar diri\u0123entu Rom\u0101nu Vanagu virtu\u0101li viesosimies Me\u017eaparka Lielaj\u0101 estr\u0101d\u0113, iez\u012bm\u0113jot 2021. gada 21. august\u0101 pl\u0101not\u0101 Kokaru jubilejas koncerta \u201cBr\u0101li, br\u0101li\u201d aprises.<\/p>\n\n\n\n<figure class=\"wp-block-embed-youtube wp-block-embed is-type-video is-provider-youtube wp-embed-aspect-16-9 wp-has-aspect-ratio\"><div class=\"wp-block-embed__wrapper\">\n<iframe loading=\"lazy\" title=\"LAUDAMUS+ 3. raid\u012bjums: Esi sveicin\u0101ta, Saule! Kokariem - 200\" width=\"640\" height=\"360\" src=\"https:\/\/www.youtube.com\/embed\/7vT7GCr0y90?feature=oembed\" frameborder=\"0\" allow=\"accelerometer; autoplay; clipboard-write; encrypted-media; gyroscope; picture-in-picture; web-share\" referrerpolicy=\"strict-origin-when-cross-origin\" allowfullscreen><\/iframe>\n<\/div><\/figure>\n\n\n\n<hr class=\"wp-block-separator\"\/>\n\n\n\n<p><strong>2. raid\u012bjums &#8220;T\u012brums. Dziesmas ce\u013c\u0161. 2023.&#8221;<\/strong><br>Par XXVII Visp\u0101r\u0113jo latvie\u0161u Dziesmu un XVII Deju sv\u0113tku v\u0113rien\u012bgo korm\u016bzikas pas\u0101kumu \u2013 Koru lielkoncertam \u201cT\u012brums. Dziesmas ce\u013c\u0161\u201d. Dziesmu sv\u0113tku trad\u012bcijas 150. gadsk\u0101rtas z\u012bm\u0113 iecer\u0113tais koncerts, glu\u017ei k\u0101 Nosl\u0113guma koncerts, izskan\u0113s atjaunotaj\u0101 Me\u017eaparka Lielaj\u0101 estr\u0101d\u0113.<br><br>Latvijas Radio \u017eurn\u0101liste M\u0101ra Rozenberga sarun\u0101sies ar konkursa k\u0101rt\u012bb\u0101 izraudz\u012bt\u0101s Koru lielkoncerta m\u0101ksliniecisk\u0101s koncepcijas \u201cT\u012brums. Dziesmas ce\u013c\u0161\u201d autoriem un \u012bstenot\u0101jiem. Vi\u0146u vid\u016b: m\u0101kslinieciskie vad\u012bt\u0101ji Kaspars \u0100damsons un \u0100rijs \u0160\u0137epasts, re\u017eisors Juris Jonelis, scenogr\u0101fs Ivars Mail\u012btis un dramaturgs Mat\u012bss Gricmanis.<br><br>Ikviens Dziesmu sv\u0113tku kust\u012bbas dal\u012bbnieks un atbalst\u012bt\u0101js ar cikla \u201cLaudamus+\u201d starpniec\u012bbu ir aicin\u0101ts tur\u0113t roku uz pulsa un b\u016bt inform\u0113ts par Koru lielkoncerta sagatavo\u0161anas procesu \u2013 iepaz\u012bties ar rado\u0161\u0101s komandas m\u0101ksliniecisko redz\u0113jumu, repertu\u0101ra izveides principiem un vi\u0146u saj\u016bt\u0101m n\u0101kamo Sv\u0113tku gaid\u0101s.<\/p>\n\n\n\n<figure class=\"wp-block-embed-youtube wp-block-embed is-type-video is-provider-youtube wp-embed-aspect-16-9 wp-has-aspect-ratio\"><div class=\"wp-block-embed__wrapper\">\n<iframe loading=\"lazy\" title=\"LAUDAMUS+ 2. raid\u012bjums: T\u012brums. Dziesmas ce\u013c\u0161. 2023.\" width=\"640\" height=\"360\" src=\"https:\/\/www.youtube.com\/embed\/0cOmPEqUz98?start=3&#038;feature=oembed\" frameborder=\"0\" allow=\"accelerometer; autoplay; clipboard-write; encrypted-media; gyroscope; picture-in-picture; web-share\" referrerpolicy=\"strict-origin-when-cross-origin\" allowfullscreen><\/iframe>\n<\/div><\/figure>\n\n\n\n<hr class=\"wp-block-separator\"\/>\n\n\n\n<p><strong>1. raid\u012bjums &#8220;Visa s\u0101kums. Zeme, kas dzied. 1873.&#8221;<\/strong><br>Par Dziesmu sv\u0113tku trad\u012bcijas ra\u0161anos m\u016bsu valst\u012b sarun\u0101jas Latvijas Radio \u017eurn\u0101liste M\u0101ra Rozenberga ar topo\u0161\u0101s v\u0113sturisk\u0101s sp\u0113lfilmas \u201cZeme, kas dzied\u201d veidot\u0101jiem M\u0101ri Martinsonu un Daini \u012av\u0101nu, k\u0101 ar\u012b topo\u0161\u0101s gr\u0101matas \u201cDziesmu sv\u0113tkiem 150\u201d galveno redaktori, muzikolo\u0123i Ilzi \u0160arkovsku-Liepi\u0146u.<\/p>\n\n\n\n<p>Produc\u0113\u0161anas komp\u0101nija \u201cK Films\u201d kop\u0161 2017.gada str\u0101d\u0101 pie v\u0113rien\u012bga projekta \u201cDziesmu sv\u0113tki. Neizst\u0101st\u012btais st\u0101sts\u201d veido\u0161anas. T\u0101s pamat\u0101 ir nacion\u0101la m\u0113roga dr\u0101ma &#8211; sp\u0113lfilma \u201cZeme, kas dzied\u201d, kas atkl\u0101j unik\u0101lu v\u0113sturisku st\u0101stu par Pirmo Visp\u0101r\u0113jo latvie\u0161u dzied\u0101\u0161anas sv\u0113tku rad\u012b\u0161anu 1873.gad\u0101. \u201cZeme, kas dzied\u201d re\u017eisors ir M\u0101ris Martinsons. Scen\u0101rija autori M\u0101ris Martinsons un Dainis \u012av\u0101ns. V\u0113sturiskajos t\u0113los iejut\u012bsies Latvij\u0101 popul\u0101ri aktieri \u0122irts \u0136esteris, Vilis Daudzi\u0146\u0161. Andris Kei\u0161s, Andris Bulis, Ain\u0101rs An\u010devskis, Nauris Brikmanis, Marta Lovisa Jan\u010devska, Marina Rebeka un citi. Filmas pirmizr\u0101de &#8211; 2023.gad\u0101, godinot dziesmu sv\u0113tku trad\u012bcijas 150-gadi.<\/p>\n\n\n\n<figure class=\"wp-block-embed-youtube wp-block-embed is-type-video is-provider-youtube wp-embed-aspect-16-9 wp-has-aspect-ratio\"><div class=\"wp-block-embed__wrapper\">\n<iframe loading=\"lazy\" title=\"LAUDAMUS+ 1. raid\u012bjums: Visa s\u0101kums. Zeme, kas dzied. 1873.\" width=\"640\" height=\"360\" src=\"https:\/\/www.youtube.com\/embed\/uyChn-DfUDg?feature=oembed\" frameborder=\"0\" allow=\"accelerometer; autoplay; clipboard-write; encrypted-media; gyroscope; picture-in-picture; web-share\" referrerpolicy=\"strict-origin-when-cross-origin\" allowfullscreen><\/iframe>\n<\/div><\/figure>\n\n\n\n<hr class=\"wp-block-separator\"\/>\n\n\n\n<p><strong>Tuvojoties latvie\u0161u Dziesmu sv\u0113tku trad\u012bcijas 150. gadsk\u0101rtai, Latvijas Nacion\u0101lais kult\u016bras centrs sadarb\u012bb\u0101 ar PIKC NMV R\u012bgas Doma kora skolu uzs\u0101k informat\u012bvi izgl\u012btojo\u0161u lekciju, diskusiju un nodarb\u012bbu ciklu \u201cLaudamus+\u201d koru diri\u0123entiem, dzied\u0101t\u0101jiem un visiem Dziesmu sv\u0113tku kust\u012bbas dal\u012bbniekiem.<\/strong><\/p>\n\n\n\n<p>Raid\u012bjumu cikls b\u016bs skat\u0101ms R\u012bgas Doma kora skolas kan\u0101l\u0101 \u201cYoutube\u201d vietn\u0113 pirmdien\u0101s plkst. 18.00, s\u0101kot no \u0161\u012b gada 7.decembra. Pirmaj\u0101 raid\u012bjum\u0101 par Dziesmu sv\u0113tku trad\u012bcijas ra\u0161anos m\u016bsu valst\u012b 19. gadsimt\u0101 ar Latvijas Radio \u017eurn\u0101listi M\u0101ru Rozenbergu sarun\u0101sies topo\u0161\u0101s v\u0113sturisk\u0101s sp\u0113lfilmas \u201cZeme, kas dzied\u201d veidot\u0101ji M\u0101ris Martinsons un Dainis \u012av\u0101ns, k\u0101 ar\u012b topo\u0161\u0101s gr\u0101matas \u201cDziesmu sv\u0113tkiem 150\u201d galven\u0101 redaktore, muzikolo\u0123e Ilze \u0160arkovska-Liepi\u0146a.&nbsp;<\/p>\n\n\n\n<figure class=\"wp-block-gallery columns-2 is-cropped wp-block-gallery-1 is-layout-flex wp-block-gallery-is-layout-flex\"><ul class=\"blocks-gallery-grid\"><li class=\"blocks-gallery-item\"><figure><img loading=\"lazy\" decoding=\"async\" width=\"1600\" height=\"1200\" src=\"http:\/\/www.rdks.lv\/wp-content\/uploads\/2020\/12\/Foto_Aivars-Krastins.jpg\" alt=\"\" data-id=\"11576\" data-link=\"http:\/\/www.rdks.lv\/?attachment_id=11576\" class=\"wp-image-11576\"\/><figcaption class=\"blocks-gallery-item__caption\">Foto: Aivars Krasti\u0146\u0161<\/figcaption><\/figure><\/li><li class=\"blocks-gallery-item\"><figure><img loading=\"lazy\" decoding=\"async\" width=\"1487\" height=\"991\" src=\"http:\/\/www.rdks.lv\/wp-content\/uploads\/2020\/12\/Publicitates-foto-no-LNKC-arhiva.jpg\" alt=\"\" data-id=\"11577\" data-link=\"http:\/\/www.rdks.lv\/?attachment_id=11577\" class=\"wp-image-11577\"\/><figcaption class=\"blocks-gallery-item__caption\">Foto: LNKC arh\u012bvs<\/figcaption><\/figure><\/li><\/ul><\/figure>\n\n\n\n<p>Cikla \u201cLaudamus +\u201c turpin\u0101jum\u0101 \u2013 aktu\u0101las sarunu un diskusiju t\u0113mas, tai skait\u0101 Dziesmu sv\u0113tku trad\u012bcijas v\u0113sturisko posmu apskati, 2023. gada Visp\u0101r\u0113jo latvie\u0161u Dziesmu un Deju sv\u0113tku Koru lielkoncerts \u201cT\u012brums. Dziesmas ce\u013c\u0161\u201d, br\u0101\u013cu Kokaru 100 gadu jubilejas atz\u012bm\u0113\u0161ana n\u0101kamgad un abu izcilo diri\u0123entu loma Latvijas koru kust\u012bb\u0101, jaunie\u0161u kora \u201cKam\u0113r&#8230;\u201d fenomens kolekt\u012bva 30 gadu jubilejas kontekst\u0101, b\u0113rnu koru loma Dziesmu sv\u0113tku trad\u012bcijas ilgtsp\u0113j\u0101 un citi temati, k\u0101 ar\u012b praktiskas nodarb\u012bbas koru diri\u0123entiem.<\/p>\n\n\n\n<figure class=\"wp-block-embed-youtube wp-block-embed is-type-video is-provider-youtube wp-embed-aspect-16-9 wp-has-aspect-ratio\"><div class=\"wp-block-embed__wrapper\">\n<iframe loading=\"lazy\" title=\"LAUDAMUS+ lekciju un diskusiju cikls: Ce\u013c\u0101 uz Dziesmu sv\u0113tku trad\u012bcijas 150. gadsk\u0101rtu\" width=\"640\" height=\"360\" src=\"https:\/\/www.youtube.com\/embed\/0mu9kWBPwp4?feature=oembed\" frameborder=\"0\" allow=\"accelerometer; autoplay; clipboard-write; encrypted-media; gyroscope; picture-in-picture; web-share\" referrerpolicy=\"strict-origin-when-cross-origin\" allowfullscreen><\/iframe>\n<\/div><\/figure>\n\n\n\n<blockquote class=\"wp-block-quote is-layout-flow wp-block-quote-is-layout-flow\"><p>\u201dLaik\u0101, kad koru ikdienas m\u0113\u0123in\u0101jumi to ierastaj\u0101 form\u0101 nav iesp\u0113jami, ir svar\u012bgi atrast kvalitat\u012bvu veidu, k\u0101 bag\u0101tin\u0101ties un emocion\u0101li att\u012bst\u012bties. \u0160\u012bs projekts ir iecer\u0113ts k\u0101 zin\u0101\u0161anu, aktu\u0101las inform\u0101cijas un v\u0113rt\u012bgu viedok\u013cu apmai\u0146as platforma, kas veidotu sp\u0113c\u012bgu saikni starp visiem Dziesmu sv\u0113tku kust\u012bbas dal\u012bbniekiem \u2013 dzied\u0101t\u0101jiem, diri\u0123entiem un organizatoriem,\u201d <\/p><cite>uzsver projekta idejas autors, R\u012bgas Doma kora skolas diri\u0123\u0113\u0161anas noda\u013cas vad\u012bt\u0101js Jur\u0123is C\u0101bulis.<\/cite><\/blockquote>\n\n\n\n<p>Inform\u0101cija par gaid\u0101majiem cikla \u201cLaudamus+\u201d tie\u0161saistes pas\u0101kumiem b\u016bs pieejama organizatoru t\u012bmek\u013cvietn\u0113s <a href=\"http:\/\/www.lnkc.gov.lv\">www.lnkc.gov.lv<\/a>, <a href=\"http:\/\/www.rdks.lv\">www.rdks.lv<\/a>, k\u0101 ar\u012b soci\u0101lajos t\u012bklos.<\/p>","protected":false},"excerpt":{"rendered":"<p>10. raid\u012bjums &#8220;Koris k\u0101 diri\u0123enta spogulis. Run\u0101 joproj\u0101m jaunie un talant\u012bgie&#8221;Piedal\u0101s &#8211; Jur\u0123is C\u0101bulis, Aigars Meri, J\u0101nis Ozols un Valdis Tomsons. &#8220;Saruna par to, kas b\u016btu j\u0101dara, lai &#8220;jaunie, daudzsolo\u0161ie&#8221; nepaliktu t\u0101di l\u012bdz rado\u0161\u0101 m\u016b\u017ea vainagojumam, k\u0101dam j\u0101b\u016bt dziesmusv\u0113tku virsdiri\u0123entam un vai nepiecie\u0161ama virsdiri\u0123entu aprite gan lielaj\u0101 trib\u012bn\u0113, gan apri\u0146\u0137os; pieskaramies ar\u012b tam, k\u0101d\u0101 veid\u0101&#8230;<\/p>\n","protected":false},"author":6,"featured_media":0,"parent":0,"menu_order":0,"comment_status":"closed","ping_status":"closed","template":"","meta":{"cybocfi_hide_featured_image":"","footnotes":""},"class_list":["post-11613","page","type-page","status-publish","hentry"],"_links":{"self":[{"href":"https:\/\/www.rdks.lv\/lv\/wp-json\/wp\/v2\/pages\/11613","targetHints":{"allow":["GET"]}}],"collection":[{"href":"https:\/\/www.rdks.lv\/lv\/wp-json\/wp\/v2\/pages"}],"about":[{"href":"https:\/\/www.rdks.lv\/lv\/wp-json\/wp\/v2\/types\/page"}],"author":[{"embeddable":true,"href":"https:\/\/www.rdks.lv\/lv\/wp-json\/wp\/v2\/users\/6"}],"replies":[{"embeddable":true,"href":"https:\/\/www.rdks.lv\/lv\/wp-json\/wp\/v2\/comments?post=11613"}],"version-history":[{"count":13,"href":"https:\/\/www.rdks.lv\/lv\/wp-json\/wp\/v2\/pages\/11613\/revisions"}],"predecessor-version":[{"id":11784,"href":"https:\/\/www.rdks.lv\/lv\/wp-json\/wp\/v2\/pages\/11613\/revisions\/11784"}],"wp:attachment":[{"href":"https:\/\/www.rdks.lv\/lv\/wp-json\/wp\/v2\/media?parent=11613"}],"curies":[{"name":"wp","href":"https:\/\/api.w.org\/{rel}","templated":true}]}}