{"id":11446,"date":"2020-11-17T10:00:00","date_gmt":"2020-11-17T08:00:00","guid":{"rendered":"http:\/\/www.rdks.lv\/?page_id=11446"},"modified":"2020-11-18T11:54:30","modified_gmt":"2020-11-18T09:54:30","slug":"latvijai-102","status":"publish","type":"page","link":"https:\/\/www.rdks.lv\/lv\/latvijai-102\/","title":{"rendered":"Latvijai &#8211; 102!"},"content":{"rendered":"<p class=\"has-text-align-center has-normal-font-size\"><strong>R\u012aGAS DOMA KORA SKOLAS SAIME SVEIC <\/strong><br><strong>LATVIJAS REPUBLIKAS PROKLAM\u0112\u0160ANAS 102. GADADIEN\u0100! <\/strong><\/p>\n\n\n\n<p>Oktobr\u012b un novembr\u012b, sagaidot Latvijas proklam\u0113\u0161anas gadadienu, vair\u0101k p\u0101rdomas m\u0101c\u012bb\u0101s tika velt\u012btas jaut\u0101jumiem par Latvijas valsts veido\u0161an\u0101s laiku un v\u0113rt\u012bb\u0101m, ko god\u0101 tur\u0113ja Latvijas br\u012bv\u012bbas c\u012bn\u012bt\u0101ji un dibin\u0101t\u0101ji. \u0160\u012bs v\u0113rt\u012bbas m\u0101c\u0101s ar\u012b R\u012bgas Doma kora skolas audz\u0113k\u0146i. Ir daudz un da\u017e\u0101du veidu, k\u0101 run\u0101t par solidarit\u0101ti, drosmi, cie\u0146u un atbild\u012bbu. Valsts sv\u0113tkiem par godu, audz\u0113k\u0146i kop\u0101 ar savu kla\u0161u audzin\u0101t\u0101j\u0101m un m\u0101c\u012bbu priek\u0161metu skolot\u0101jiem ir sagatavoju\u0161i sveicienu un ieskatu p\u0101rdom\u0101s par to, ko noz\u012bm\u0113 b\u016bt drosm\u012bgiem, r\u012bkoties cie\u0146pilni, r\u016bp\u0113ties par savu, citu un visu kop\u012bgo labumu un dz\u012bvot ar domu, ka <strong>ES UN TU &#8211; M\u0112S VISI ESAM LATVIJA<\/strong>!<\/p>\n\n\n\n<p><strong>ATBILD\u012aBA<\/strong><br>Griba un sp\u0113ja paredz\u0113t savas izv\u0113les un r\u012bc\u012bbas sekas un r\u012bkoties, respekt\u0113jot cita cilv\u0113ka cie\u0146u un br\u012bv\u012bbu.<\/p>\n\n\n\n<p><strong>SOLIDARIT\u0100TE<\/strong><br>Savstarp\u0113js atbalsts un r\u012bc\u012bbas saska\u0146ot\u012bba, r\u016bpes par savu, citu un kop\u012bgu labumu, demokr\u0101tisks dialogs ar citiem.<\/p>\n\n\n\n<p><strong>DROSME<\/strong><br>Izl\u0113m\u012bba, bai\u013cu p\u0101rvar\u0113\u0161ana, rakstura stingr\u012bba, situ\u0101cijas nov\u0113rt\u0113\u0161ana un cie\u0146pilna r\u012bc\u012bba, uz\u0146\u0113m\u012bba, centieni p\u0113c taisn\u012bg\u0101 un lab\u0101.<\/p>\n\n\n\n<hr class=\"wp-block-separator has-text-color has-background has-vivid-red-background-color has-vivid-red-color\"\/>\n\n\n\n<figure class=\"wp-block-embed-youtube wp-block-embed is-type-video is-provider-youtube wp-embed-aspect-16-9 wp-has-aspect-ratio\"><div class=\"wp-block-embed__wrapper\">\n<iframe loading=\"lazy\" title=\"LATVIJAI 102! R\u012bgas Doma kora skolas jaunie eksperti\" width=\"640\" height=\"360\" src=\"https:\/\/www.youtube.com\/embed\/E-uuNlbtAvg?feature=oembed\" frameborder=\"0\" allow=\"accelerometer; autoplay; clipboard-write; encrypted-media; gyroscope; picture-in-picture; web-share\" referrerpolicy=\"strict-origin-when-cross-origin\" allowfullscreen><\/iframe>\n<\/div><\/figure>\n\n\n\n<hr class=\"wp-block-separator has-text-color has-background has-vivid-red-background-color has-vivid-red-color\"\/>\n\n\n\n<p class=\"has-text-align-center has-normal-font-size\"><strong>1. KLASE UN AUDZIN\u0100T\u0100JA SARM\u012aTE \u0160ENBERGA<\/strong><\/p>\n\n\n\n<figure class=\"wp-block-embed-youtube wp-block-embed is-type-video is-provider-youtube wp-embed-aspect-4-3 wp-has-aspect-ratio\"><div class=\"wp-block-embed__wrapper\">\n<iframe loading=\"lazy\" title=\"R\u012bgas Doma kora skolas 1. klase sveic Latviju 102. gadadien\u0101!\" width=\"640\" height=\"480\" src=\"https:\/\/www.youtube.com\/embed\/1lsl52XS7BM?feature=oembed\" frameborder=\"0\" allow=\"accelerometer; autoplay; clipboard-write; encrypted-media; gyroscope; picture-in-picture; web-share\" referrerpolicy=\"strict-origin-when-cross-origin\" allowfullscreen><\/iframe>\n<\/div><\/figure>\n\n\n\n<hr class=\"wp-block-separator has-text-color has-background has-vivid-red-background-color has-vivid-red-color\"\/>\n\n\n\n<p class=\"has-text-align-center has-normal-font-size\"><strong>2. KLASE UN AUDZIN\u0100T\u0100JA VITA VIRZA<\/strong><\/p>\n\n\n\n<figure class=\"wp-block-embed-youtube wp-block-embed is-type-video is-provider-youtube wp-embed-aspect-16-9 wp-has-aspect-ratio\"><div class=\"wp-block-embed__wrapper\">\n<iframe loading=\"lazy\" title=\"R\u012bgas Doma kora skolas 2. klase sveic Latviju 102. gadadien\u0101!\" width=\"640\" height=\"360\" src=\"https:\/\/www.youtube.com\/embed\/5NgPUibksbY?feature=oembed\" frameborder=\"0\" allow=\"accelerometer; autoplay; clipboard-write; encrypted-media; gyroscope; picture-in-picture; web-share\" referrerpolicy=\"strict-origin-when-cross-origin\" allowfullscreen><\/iframe>\n<\/div><\/figure>\n\n\n\n<hr class=\"wp-block-separator has-text-color has-background has-vivid-red-background-color has-vivid-red-color\"\/>\n\n\n\n<p class=\"has-text-align-center\"><strong>3. KLASE UN AUDZIN\u0100T\u0100JA JOLANTA ROZENBERGA<\/strong><\/p>\n\n\n\n<figure class=\"wp-block-embed-youtube wp-block-embed is-type-video is-provider-youtube wp-embed-aspect-16-9 wp-has-aspect-ratio\"><div class=\"wp-block-embed__wrapper\">\n<iframe loading=\"lazy\" title=\"R\u012bgas Doma kora skolas 3. klase sveic Latviju 102. gadadien\u0101!\" width=\"640\" height=\"360\" src=\"https:\/\/www.youtube.com\/embed\/woIoVpNwptg?feature=oembed\" frameborder=\"0\" allow=\"accelerometer; autoplay; clipboard-write; encrypted-media; gyroscope; picture-in-picture; web-share\" referrerpolicy=\"strict-origin-when-cross-origin\" allowfullscreen><\/iframe>\n<\/div><\/figure>\n\n\n\n<hr class=\"wp-block-separator has-text-color has-background has-vivid-red-background-color has-vivid-red-color\"\/>\n\n\n\n<p class=\"has-text-align-center has-normal-font-size\"><strong>4. KLASE UN AUDZIN\u0100T\u0100JA AGNESE LAPI\u0145A<\/strong><\/p>\n\n\n\n<figure class=\"wp-block-embed-youtube wp-block-embed is-type-video is-provider-youtube wp-embed-aspect-16-9 wp-has-aspect-ratio\"><div class=\"wp-block-embed__wrapper\">\n<iframe loading=\"lazy\" title=\"R\u012bgas Doma kora skolas 4. klase sveic Latviju 102. gadadien\u0101!\" width=\"640\" height=\"360\" src=\"https:\/\/www.youtube.com\/embed\/37Rlg9Vrnco?feature=oembed\" frameborder=\"0\" allow=\"accelerometer; autoplay; clipboard-write; encrypted-media; gyroscope; picture-in-picture; web-share\" referrerpolicy=\"strict-origin-when-cross-origin\" allowfullscreen><\/iframe>\n<\/div><\/figure>\n\n\n\n<hr class=\"wp-block-separator has-text-color has-background has-vivid-red-background-color has-vivid-red-color\"\/>\n\n\n\n<p class=\"has-text-align-center has-normal-font-size\"><strong>5. KLASE UN AUDZIN\u0100T\u0100JA JANA RODERTE<\/strong><\/p>\n\n\n\n<figure class=\"wp-block-embed-youtube wp-block-embed is-type-video is-provider-youtube wp-embed-aspect-16-9 wp-has-aspect-ratio\"><div class=\"wp-block-embed__wrapper\">\n<iframe loading=\"lazy\" title=\"R\u012bgas Doma kora skolas 5. klase sveic Latviju 102. gadadien\u0101!\" width=\"640\" height=\"360\" src=\"https:\/\/www.youtube.com\/embed\/5C7vzf4qQ0o?feature=oembed\" frameborder=\"0\" allow=\"accelerometer; autoplay; clipboard-write; encrypted-media; gyroscope; picture-in-picture; web-share\" referrerpolicy=\"strict-origin-when-cross-origin\" allowfullscreen><\/iframe>\n<\/div><\/figure>\n\n\n\n<hr class=\"wp-block-separator has-text-color has-background has-vivid-red-background-color has-vivid-red-color\"\/>\n\n\n\n<p class=\"has-text-align-center has-normal-font-size\"><strong>6. KLASE UN AUDZIN\u0100T\u0100JA ZANDA GERTNERE-KLICENKO<\/strong><\/p>\n\n\n\n<figure class=\"wp-block-embed-youtube wp-block-embed is-type-video is-provider-youtube wp-embed-aspect-16-9 wp-has-aspect-ratio\"><div class=\"wp-block-embed__wrapper\">\n<iframe loading=\"lazy\" title=\"R\u012bgas Doma kora skolas 6. klase sveic Latviju 102. gadadien\u0101!\" width=\"640\" height=\"360\" src=\"https:\/\/www.youtube.com\/embed\/Xb-du_itn8c?feature=oembed\" frameborder=\"0\" allow=\"accelerometer; autoplay; clipboard-write; encrypted-media; gyroscope; picture-in-picture; web-share\" referrerpolicy=\"strict-origin-when-cross-origin\" allowfullscreen><\/iframe>\n<\/div><\/figure>\n\n\n\n<hr class=\"wp-block-separator has-text-color has-background has-vivid-red-background-color has-vivid-red-color\"\/>\n\n\n\n<p class=\"has-text-align-center has-normal-font-size\"><strong>7. KLASE UN AUDZIN\u0100T\u0100JA INESE BE\u0136ERE<\/strong><\/p>\n\n\n\n<figure class=\"wp-block-embed-youtube wp-block-embed is-type-video is-provider-youtube wp-embed-aspect-16-9 wp-has-aspect-ratio\"><div class=\"wp-block-embed__wrapper\">\n<iframe loading=\"lazy\" title=\"R\u012bgas Doma kora skolas 7. klase sveic Latviju 102. gadadien\u0101!\" width=\"640\" height=\"360\" src=\"https:\/\/www.youtube.com\/embed\/hsqfbxX9DdQ?feature=oembed\" frameborder=\"0\" allow=\"accelerometer; autoplay; clipboard-write; encrypted-media; gyroscope; picture-in-picture; web-share\" referrerpolicy=\"strict-origin-when-cross-origin\" allowfullscreen><\/iframe>\n<\/div><\/figure>\n\n\n\n<hr class=\"wp-block-separator has-text-color has-background has-vivid-red-background-color has-vivid-red-color\"\/>\n\n\n\n<p class=\"has-text-align-center has-normal-font-size\"><strong>7. KLASES PAV\u0100RGR\u0100MATA GAR\u0160\u012aGIEM SV\u0112TKIEM<\/strong><br>LATV. VAL. SKOLOT\u0100JA ZANDA GERTNERE-KLICENKO<\/p>\n\n\n\n<p><a href=\"http:\/\/www.rdks.lv\/wp-content\/uploads\/2020\/11\/Liva-Pavlovska.pdf\"><strong>Spe\u0137a p\u012br\u0101dzi\u0146i<\/strong><\/a> (L\u012bva Pavlovska)<br><a href=\"http:\/\/www.rdks.lv\/wp-content\/uploads\/2020\/11\/Gustavs-Oto-Iesalnieks.pdf\"><strong>Marin\u0113ts j\u0113ra ga\u013cas cepetis<\/strong><\/a> (Gustavs Oto Iesalnieks)<br><a href=\"http:\/\/www.rdks.lv\/wp-content\/uploads\/2020\/11\/Eduards-Zilberts.pdf\"><strong>Bie\u0161u zupa<\/strong><\/a> (Eduards Zilberts)<br><a href=\"http:\/\/www.rdks.lv\/wp-content\/uploads\/2020\/11\/Emilija-Talberga.pdf\"><strong>\u0160tov\u0113ti k\u0101posti<\/strong><\/a> (Em\u012blija T\u0101lberga)<br><a href=\"http:\/\/www.rdks.lv\/wp-content\/uploads\/2020\/11\/Kristaps-Janis-Sokolovs.pdf\"><strong>Si\u013c\u0137e ka\u017eok\u0101<\/strong><\/a> (Kristaps J\u0101nis Sokolovs)<br><a href=\"http:\/\/www.rdks.lv\/wp-content\/uploads\/2020\/11\/Mariss-Laksti\u0304gala.pdf\"><strong>L\u0113cu saut\u0113jums<\/strong><\/a> (Mariss Lakst\u012bgala)<br><a href=\"http:\/\/www.rdks.lv\/wp-content\/uploads\/2020\/11\/Gustavs-Zavadskis.pdf\"><strong>Rasols<\/strong><\/a> (Gustavs Zavadskis)<br><a href=\"http:\/\/www.rdks.lv\/wp-content\/uploads\/2020\/11\/Sarlote-Stale.pdf\"><strong>Rupjmaizes k\u0101rtojums<\/strong><\/a> (\u0160arlote \u0160t\u0101le)<br><a href=\"http:\/\/www.rdks.lv\/wp-content\/uploads\/2020\/11\/Agnese-Lesniece.pdf\"><strong>Auzu p\u0101rslu un \u0101bolu k\u016bka<\/strong><\/a> (Agnese Lesniece)<br><a href=\"http:\/\/www.rdks.lv\/wp-content\/uploads\/2020\/11\/Annija-Ancane-kuka.pdf\"><strong>K\u016bka &#8220;Sarkanais samts&#8221;<\/strong><\/a> (Annija Anc\u0101ne)<br><a href=\"http:\/\/www.rdks.lv\/wp-content\/uploads\/2020\/11\/Zanete-Muizniece.jpeg\"><strong>Zeme\u0146u debessmanna<\/strong><\/a> (\u017danete Mui\u017eniece)<\/p>\n\n\n\n<hr class=\"wp-block-separator has-text-color has-background has-vivid-red-background-color has-vivid-red-color\"\/>\n\n\n\n<p class=\"has-text-align-center has-normal-font-size\"><strong>8. KLASE UN AUDZIN\u0100T\u0100JA IVETA GREDZENA<\/strong><\/p>\n\n\n\n<figure class=\"wp-block-embed-youtube wp-block-embed is-type-video is-provider-youtube wp-embed-aspect-16-9 wp-has-aspect-ratio\"><div class=\"wp-block-embed__wrapper\">\n<iframe loading=\"lazy\" title=\"R\u012bgas Doma kora skolas 8. klase sveic Latviju 102. gadadien\u0101!\" width=\"640\" height=\"360\" src=\"https:\/\/www.youtube.com\/embed\/W6ENB5zCnRU?feature=oembed\" frameborder=\"0\" allow=\"accelerometer; autoplay; clipboard-write; encrypted-media; gyroscope; picture-in-picture; web-share\" referrerpolicy=\"strict-origin-when-cross-origin\" allowfullscreen><\/iframe>\n<\/div><\/figure>\n\n\n\n<hr class=\"wp-block-separator has-text-color has-background has-vivid-red-background-color has-vivid-red-color\"\/>\n\n\n\n<p class=\"has-text-align-center has-normal-font-size\"><strong>8. KLASES LATVIE\u0160U VALODAS RADO\u0160I DARBI &#8220;ES LATVIJAI&#8221;<\/strong><br>LATV. VAL. SKOLOT\u0100JA ZANDA GERTNERE-KLICENKO<\/p>\n\n\n\n<figure class=\"wp-block-gallery columns-2 is-cropped wp-block-gallery-1 is-layout-flex wp-block-gallery-is-layout-flex\"><ul class=\"blocks-gallery-grid\"><li class=\"blocks-gallery-item\"><figure><a href=\"http:\/\/www.rdks.lv\/wp-content\/uploads\/2020\/11\/1Rudolfs-Stakis-1-1.png\"><img loading=\"lazy\" decoding=\"async\" width=\"1654\" height=\"2339\" src=\"http:\/\/www.rdks.lv\/wp-content\/uploads\/2020\/11\/1Rudolfs-Stakis-1-1.png\" alt=\"\" data-id=\"11484\" data-link=\"http:\/\/www.rdks.lv\/latvijai-102\/1rudolfs-stakis-1-1\/\" class=\"wp-image-11484\"\/><\/a><figcaption class=\"blocks-gallery-item__caption\">R\u016bdolfs Sta\u0137is<\/figcaption><\/figure><\/li><li class=\"blocks-gallery-item\"><figure><a href=\"http:\/\/www.rdks.lv\/wp-content\/uploads\/2020\/11\/3Anna-Jansone-1.png\"><img loading=\"lazy\" decoding=\"async\" width=\"1654\" height=\"2339\" src=\"http:\/\/www.rdks.lv\/wp-content\/uploads\/2020\/11\/3Anna-Jansone-1.png\" alt=\"\" data-id=\"11486\" data-link=\"http:\/\/www.rdks.lv\/latvijai-102\/3anna-jansone-1\/\" class=\"wp-image-11486\"\/><\/a><figcaption class=\"blocks-gallery-item__caption\">Anna Jansone<\/figcaption><\/figure><\/li><li class=\"blocks-gallery-item\"><figure><a href=\"http:\/\/www.rdks.lv\/wp-content\/uploads\/2020\/11\/2Liva-Raela-Kaspare-1.png\"><img loading=\"lazy\" decoding=\"async\" width=\"3307\" height=\"4678\" src=\"http:\/\/www.rdks.lv\/wp-content\/uploads\/2020\/11\/2Liva-Raela-Kaspare-1.png\" alt=\"\" data-id=\"11485\" data-link=\"http:\/\/www.rdks.lv\/latvijai-102\/2liva-raela-kaspare-1\/\" class=\"wp-image-11485\"\/><\/a><figcaption class=\"blocks-gallery-item__caption\">L\u012bva Raela Kaspare<\/figcaption><\/figure><\/li><\/ul><\/figure>\n\n\n\n<figure class=\"wp-block-gallery columns-2 is-cropped wp-block-gallery-2 is-layout-flex wp-block-gallery-is-layout-flex\"><ul class=\"blocks-gallery-grid\"><li class=\"blocks-gallery-item\"><figure><a href=\"http:\/\/www.rdks.lv\/wp-content\/uploads\/2020\/11\/Erika-Dimante-1.png\"><img loading=\"lazy\" decoding=\"async\" width=\"1654\" height=\"2339\" src=\"http:\/\/www.rdks.lv\/wp-content\/uploads\/2020\/11\/Erika-Dimante-1.png\" alt=\"\" data-id=\"11487\" data-link=\"http:\/\/www.rdks.lv\/latvijai-102\/erika-dimante-1\/\" class=\"wp-image-11487\"\/><\/a><figcaption class=\"blocks-gallery-item__caption\">\u0112rika Dimante<\/figcaption><\/figure><\/li><li class=\"blocks-gallery-item\"><figure><a href=\"http:\/\/www.rdks.lv\/wp-content\/uploads\/2020\/11\/Gerda-Timrota-1.png\"><img loading=\"lazy\" decoding=\"async\" width=\"1653\" height=\"2339\" src=\"http:\/\/www.rdks.lv\/wp-content\/uploads\/2020\/11\/Gerda-Timrota-1.png\" alt=\"\" data-id=\"11488\" data-link=\"http:\/\/www.rdks.lv\/latvijai-102\/gerda-timrota-1\/\" class=\"wp-image-11488\"\/><\/a><figcaption class=\"blocks-gallery-item__caption\">Gerda Timrota<\/figcaption><\/figure><\/li><\/ul><\/figure>\n\n\n\n<figure class=\"wp-block-gallery columns-2 is-cropped wp-block-gallery-3 is-layout-flex wp-block-gallery-is-layout-flex\"><ul class=\"blocks-gallery-grid\"><li class=\"blocks-gallery-item\"><figure><a href=\"http:\/\/www.rdks.lv\/wp-content\/uploads\/2020\/11\/Kristaps-Apkalns-1.png\"><img loading=\"lazy\" decoding=\"async\" width=\"1654\" height=\"2339\" src=\"http:\/\/www.rdks.lv\/wp-content\/uploads\/2020\/11\/Kristaps-Apkalns-1.png\" alt=\"\" data-id=\"11489\" data-link=\"http:\/\/www.rdks.lv\/latvijai-102\/kristaps-apkalns-1\/\" class=\"wp-image-11489\"\/><\/a><figcaption class=\"blocks-gallery-item__caption\">Kristaps Apkalns<\/figcaption><\/figure><\/li><li class=\"blocks-gallery-item\"><figure><a href=\"http:\/\/www.rdks.lv\/wp-content\/uploads\/2020\/11\/Marians-Zandersons-1.png\"><img loading=\"lazy\" decoding=\"async\" width=\"1653\" height=\"2339\" src=\"http:\/\/www.rdks.lv\/wp-content\/uploads\/2020\/11\/Marians-Zandersons-1.png\" alt=\"\" data-id=\"11490\" data-link=\"http:\/\/www.rdks.lv\/latvijai-102\/marians-zandersons-1\/\" class=\"wp-image-11490\"\/><\/a><figcaption class=\"blocks-gallery-item__caption\">Marians Zandersons<\/figcaption><\/figure><\/li><li class=\"blocks-gallery-item\"><figure><a href=\"http:\/\/www.rdks.lv\/wp-content\/uploads\/2020\/11\/Tina-Marija-Stake-1.png\"><img loading=\"lazy\" decoding=\"async\" width=\"1654\" height=\"2339\" src=\"http:\/\/www.rdks.lv\/wp-content\/uploads\/2020\/11\/Tina-Marija-Stake-1.png\" alt=\"\" data-id=\"11491\" data-link=\"http:\/\/www.rdks.lv\/latvijai-102\/tina-marija-stake-1\/\" class=\"wp-image-11491\"\/><\/a><figcaption class=\"blocks-gallery-item__caption\">T\u012bna Marija Sta\u0137e<\/figcaption><\/figure><\/li><\/ul><\/figure>\n\n\n\n<hr class=\"wp-block-separator has-text-color has-background has-vivid-red-background-color has-vivid-red-color\"\/>\n\n\n\n<p class=\"has-text-align-center has-normal-font-size\"><strong>9. KLASE UN AUDZIN\u0100T\u0100JA IR\u0112NA \u0100RGALE<\/strong><\/p>\n\n\n\n<figure class=\"wp-block-embed-youtube wp-block-embed is-type-video is-provider-youtube wp-embed-aspect-16-9 wp-has-aspect-ratio\"><div class=\"wp-block-embed__wrapper\">\n<iframe loading=\"lazy\" title=\"R\u012bgas Doma kora skolas 9. klase sveic Latviju 102. gadadien\u0101!\" width=\"640\" height=\"360\" src=\"https:\/\/www.youtube.com\/embed\/_Qq-2X12fgo?feature=oembed\" frameborder=\"0\" allow=\"accelerometer; autoplay; clipboard-write; encrypted-media; gyroscope; picture-in-picture; web-share\" referrerpolicy=\"strict-origin-when-cross-origin\" allowfullscreen><\/iframe>\n<\/div><\/figure>\n\n\n\n<hr class=\"wp-block-separator has-text-color has-background has-vivid-red-background-color has-vivid-red-color\"\/>\n\n\n\n<p class=\"has-text-align-center has-normal-font-size\"><strong>9. KLASES LATVIE\u0160U VALODAS RADO\u0160I DARBI &#8220;ES LATVIJAI&#8221;<\/strong><br>LATV. VAL. SKOLOT\u0100JA ZANDA GERTNERE-KLICENKO<\/p>\n\n\n\n<figure class=\"wp-block-gallery columns-2 is-cropped wp-block-gallery-4 is-layout-flex wp-block-gallery-is-layout-flex\"><ul class=\"blocks-gallery-grid\"><li class=\"blocks-gallery-item\"><figure><a href=\"http:\/\/www.rdks.lv\/wp-content\/uploads\/2020\/11\/Anna-Vaice.png\"><img loading=\"lazy\" decoding=\"async\" width=\"1587\" height=\"2245\" src=\"http:\/\/www.rdks.lv\/wp-content\/uploads\/2020\/11\/Anna-Vaice.png\" alt=\"\" data-id=\"11470\" data-full-url=\"http:\/\/www.rdks.lv\/wp-content\/uploads\/2020\/11\/Anna-Vaice.png\" data-link=\"http:\/\/www.rdks.lv\/latvijai-102\/anna-vaice\/\" class=\"wp-image-11470\"\/><\/a><figcaption class=\"blocks-gallery-item__caption\">Anna Emanuela Vaice<\/figcaption><\/figure><\/li><li class=\"blocks-gallery-item\"><figure><a href=\"http:\/\/www.rdks.lv\/wp-content\/uploads\/2020\/11\/R\u016bdolfs-Zvaigzn\u012bte.png\"><img loading=\"lazy\" decoding=\"async\" width=\"738\" height=\"983\" src=\"http:\/\/www.rdks.lv\/wp-content\/uploads\/2020\/11\/R\u016bdolfs-Zvaigzn\u012bte.png\" alt=\"\" data-id=\"11468\" data-full-url=\"http:\/\/www.rdks.lv\/wp-content\/uploads\/2020\/11\/R\u016bdolfs-Zvaigzn\u012bte.png\" data-link=\"http:\/\/www.rdks.lv\/latvijai-102\/rudolfs-zvaigznite\/\" class=\"wp-image-11468\"\/><\/a><figcaption class=\"blocks-gallery-item__caption\">R\u016bdolfs Zvaigzn\u012bte<\/figcaption><\/figure><\/li><li class=\"blocks-gallery-item\"><figure><a href=\"http:\/\/www.rdks.lv\/wp-content\/uploads\/2020\/11\/Marta-Ozoli\u0146a-1.png\"><img loading=\"lazy\" decoding=\"async\" width=\"3307\" height=\"4678\" src=\"http:\/\/www.rdks.lv\/wp-content\/uploads\/2020\/11\/Marta-Ozoli\u0146a-1.png\" alt=\"\" data-id=\"11469\" data-full-url=\"http:\/\/www.rdks.lv\/wp-content\/uploads\/2020\/11\/Marta-Ozoli\u0146a-1.png\" data-link=\"http:\/\/www.rdks.lv\/latvijai-102\/marta-ozolina-1\/\" class=\"wp-image-11469\"\/><\/a><figcaption class=\"blocks-gallery-item__caption\">Marta Ozoli\u0146a<\/figcaption><\/figure><\/li><\/ul><\/figure>\n\n\n\n<figure class=\"wp-block-gallery columns-2 is-cropped wp-block-gallery-5 is-layout-flex wp-block-gallery-is-layout-flex\"><ul class=\"blocks-gallery-grid\"><li class=\"blocks-gallery-item\"><figure><a href=\"http:\/\/www.rdks.lv\/wp-content\/uploads\/2020\/11\/Oskars-Kalni\u0146\u0161.png\"><img loading=\"lazy\" decoding=\"async\" width=\"1587\" height=\"2245\" src=\"http:\/\/www.rdks.lv\/wp-content\/uploads\/2020\/11\/Oskars-Kalni\u0146\u0161.png\" alt=\"\" data-id=\"11461\" data-link=\"http:\/\/www.rdks.lv\/latvijai-102\/oskars-kalnins-2\/\" class=\"wp-image-11461\"\/><\/a><figcaption class=\"blocks-gallery-item__caption\">Oskars Kalni\u0146\u0161<\/figcaption><\/figure><\/li><li class=\"blocks-gallery-item\"><figure><a href=\"http:\/\/www.rdks.lv\/wp-content\/uploads\/2020\/11\/Patr\u012bcija-Cepleniece-1.png\"><img loading=\"lazy\" decoding=\"async\" width=\"3307\" height=\"4678\" src=\"http:\/\/www.rdks.lv\/wp-content\/uploads\/2020\/11\/Patr\u012bcija-Cepleniece-1.png\" alt=\"\" data-id=\"11465\" data-link=\"http:\/\/www.rdks.lv\/latvijai-102\/patricija-cepleniece-1\/\" class=\"wp-image-11465\"\/><\/a><figcaption class=\"blocks-gallery-item__caption\">Patr\u012bcija Katr\u012bna Cepleniece<\/figcaption><\/figure><\/li><li class=\"blocks-gallery-item\"><figure><a href=\"http:\/\/www.rdks.lv\/wp-content\/uploads\/2020\/11\/Ter\u0113ze-Pogi\u0146a.png\"><img loading=\"lazy\" decoding=\"async\" width=\"1587\" height=\"2245\" src=\"http:\/\/www.rdks.lv\/wp-content\/uploads\/2020\/11\/Ter\u0113ze-Pogi\u0146a.png\" alt=\"\" data-id=\"11462\" data-link=\"http:\/\/www.rdks.lv\/latvijai-102\/tereze-pogina\/\" class=\"wp-image-11462\"\/><\/a><figcaption class=\"blocks-gallery-item__caption\">Ter\u0113ze Anna Pogi\u0146a<\/figcaption><\/figure><\/li><\/ul><\/figure>\n\n\n\n<figure class=\"wp-block-gallery columns-2 is-cropped wp-block-gallery-6 is-layout-flex wp-block-gallery-is-layout-flex\"><ul class=\"blocks-gallery-grid\"><li class=\"blocks-gallery-item\"><figure><a href=\"http:\/\/www.rdks.lv\/wp-content\/uploads\/2020\/11\/Sanda-Lapi\u0146a-1.png\"><img loading=\"lazy\" decoding=\"async\" width=\"3307\" height=\"4678\" src=\"http:\/\/www.rdks.lv\/wp-content\/uploads\/2020\/11\/Sanda-Lapi\u0146a-1.png\" alt=\"\" data-id=\"11467\" data-full-url=\"http:\/\/www.rdks.lv\/wp-content\/uploads\/2020\/11\/Sanda-Lapi\u0146a-1.png\" data-link=\"http:\/\/www.rdks.lv\/latvijai-102\/sanda-lapina-1\/\" class=\"wp-image-11467\"\/><\/a><figcaption class=\"blocks-gallery-item__caption\">Sanda Lapi\u0146a<\/figcaption><\/figure><\/li><li class=\"blocks-gallery-item\"><figure><a href=\"http:\/\/www.rdks.lv\/wp-content\/uploads\/2020\/11\/Holgers-\u0160t\u0101ls-1.png\"><img loading=\"lazy\" decoding=\"async\" width=\"1654\" height=\"2339\" src=\"http:\/\/www.rdks.lv\/wp-content\/uploads\/2020\/11\/Holgers-\u0160t\u0101ls-1.png\" alt=\"\" data-id=\"11466\" data-full-url=\"http:\/\/www.rdks.lv\/wp-content\/uploads\/2020\/11\/Holgers-\u0160t\u0101ls-1.png\" data-link=\"http:\/\/www.rdks.lv\/latvijai-102\/holgers-stals-1\/\" class=\"wp-image-11466\"\/><\/a><figcaption class=\"blocks-gallery-item__caption\">Holgers \u0160t\u0101ls<\/figcaption><\/figure><\/li><li class=\"blocks-gallery-item\"><figure><a href=\"http:\/\/www.rdks.lv\/wp-content\/uploads\/2020\/11\/Kate-Kalni\u0146a-1.png\"><img loading=\"lazy\" decoding=\"async\" width=\"3307\" height=\"4678\" src=\"http:\/\/www.rdks.lv\/wp-content\/uploads\/2020\/11\/Kate-Kalni\u0146a-1.png\" alt=\"\" data-id=\"11464\" data-full-url=\"http:\/\/www.rdks.lv\/wp-content\/uploads\/2020\/11\/Kate-Kalni\u0146a-1.png\" data-link=\"http:\/\/www.rdks.lv\/latvijai-102\/kate-kalnina-1\/\" class=\"wp-image-11464\"\/><\/a><figcaption class=\"blocks-gallery-item__caption\">Kate Kalni\u0146a<\/figcaption><\/figure><\/li><\/ul><\/figure>\n\n\n\n<hr class=\"wp-block-separator has-text-color has-background has-vivid-red-background-color has-vivid-red-color\"\/>","protected":false},"excerpt":{"rendered":"<p>R\u012aGAS DOMA KORA SKOLAS SAIME SVEIC LATVIJAS REPUBLIKAS PROKLAM\u0112\u0160ANAS 102. GADADIEN\u0100! Oktobr\u012b un novembr\u012b, sagaidot Latvijas proklam\u0113\u0161anas gadadienu, vair\u0101k p\u0101rdomas m\u0101c\u012bb\u0101s tika velt\u012btas jaut\u0101jumiem par Latvijas valsts veido\u0161an\u0101s laiku un v\u0113rt\u012bb\u0101m, ko god\u0101 tur\u0113ja Latvijas br\u012bv\u012bbas c\u012bn\u012bt\u0101ji un dibin\u0101t\u0101ji. \u0160\u012bs v\u0113rt\u012bbas m\u0101c\u0101s ar\u012b R\u012bgas Doma kora skolas audz\u0113k\u0146i. Ir daudz un da\u017e\u0101du veidu, k\u0101 run\u0101t&#8230;<\/p>\n","protected":false},"author":6,"featured_media":0,"parent":0,"menu_order":0,"comment_status":"closed","ping_status":"closed","template":"","meta":{"cybocfi_hide_featured_image":"","footnotes":""},"class_list":["post-11446","page","type-page","status-publish","hentry"],"_links":{"self":[{"href":"https:\/\/www.rdks.lv\/lv\/wp-json\/wp\/v2\/pages\/11446","targetHints":{"allow":["GET"]}}],"collection":[{"href":"https:\/\/www.rdks.lv\/lv\/wp-json\/wp\/v2\/pages"}],"about":[{"href":"https:\/\/www.rdks.lv\/lv\/wp-json\/wp\/v2\/types\/page"}],"author":[{"embeddable":true,"href":"https:\/\/www.rdks.lv\/lv\/wp-json\/wp\/v2\/users\/6"}],"replies":[{"embeddable":true,"href":"https:\/\/www.rdks.lv\/lv\/wp-json\/wp\/v2\/comments?post=11446"}],"version-history":[{"count":19,"href":"https:\/\/www.rdks.lv\/lv\/wp-json\/wp\/v2\/pages\/11446\/revisions"}],"predecessor-version":[{"id":11525,"href":"https:\/\/www.rdks.lv\/lv\/wp-json\/wp\/v2\/pages\/11446\/revisions\/11525"}],"wp:attachment":[{"href":"https:\/\/www.rdks.lv\/lv\/wp-json\/wp\/v2\/media?parent=11446"}],"curies":[{"name":"wp","href":"https:\/\/api.w.org\/{rel}","templated":true}]}}