{"id":10920,"date":"2020-06-02T14:19:00","date_gmt":"2020-06-02T11:19:00","guid":{"rendered":"http:\/\/www.rdks.lv\/?page_id=10920"},"modified":"2020-06-02T14:19:01","modified_gmt":"2020-06-02T11:19:01","slug":"citads-pavasara-koncerts","status":"publish","type":"page","link":"https:\/\/www.rdks.lv\/lv\/citads-pavasara-koncerts\/","title":{"rendered":"Cit\u0101ds Pavasara Koncerts"},"content":{"rendered":"<p class=\"has-normal-font-size\"><strong>Cit\u0101ds Pavasara Koncerts ir kl\u0101t!<\/strong><\/p>\n\n\n\n<p>Paldies visiem audz\u0113k\u0146iem, pedagogiem un vec\u0101kiem par iztur\u012bbu un paveikto \u0161aj\u0101 att\u0101lin\u0101to m\u0101c\u012bbu laik\u0101! Pat esot att\u0101lin\u0101ti viens no otra, m\u0113s tiekamies m\u016bzik\u0101! Programmi\u0146as pieejamas video aprakst\u0101, vietas virtu\u0101laj\u0101 koncertz\u0101l\u0113 pietiks visiem &#8211; lai skan un tiekamies dr\u012bz!<\/p>\n\n\n\n<figure class=\"wp-block-embed-youtube wp-block-embed is-type-video is-provider-youtube wp-embed-aspect-16-9 wp-has-aspect-ratio\"><div class=\"wp-block-embed__wrapper\">\n<iframe loading=\"lazy\" title=\"Cit\u0101ds koncerts - R\u012bgas Doma kora skola\" width=\"640\" height=\"360\" src=\"https:\/\/www.youtube.com\/embed\/DFZ6sBqublw?feature=oembed\" frameborder=\"0\" allow=\"accelerometer; autoplay; clipboard-write; encrypted-media; gyroscope; picture-in-picture; web-share\" referrerpolicy=\"strict-origin-when-cross-origin\" allowfullscreen><\/iframe>\n<\/div><\/figure>","protected":false},"excerpt":{"rendered":"<p>Cit\u0101ds Pavasara Koncerts ir kl\u0101t! Paldies visiem audz\u0113k\u0146iem, pedagogiem un vec\u0101kiem par iztur\u012bbu un paveikto \u0161aj\u0101 att\u0101lin\u0101to m\u0101c\u012bbu laik\u0101! Pat esot att\u0101lin\u0101ti viens no otra, m\u0113s tiekamies m\u016bzik\u0101! Programmi\u0146as pieejamas video aprakst\u0101, vietas virtu\u0101laj\u0101 koncertz\u0101l\u0113 pietiks visiem &#8211; lai skan un tiekamies dr\u012bz!<\/p>\n","protected":false},"author":6,"featured_media":0,"parent":0,"menu_order":0,"comment_status":"closed","ping_status":"closed","template":"","meta":{"cybocfi_hide_featured_image":"","footnotes":""},"class_list":["post-10920","page","type-page","status-publish","hentry"],"_links":{"self":[{"href":"https:\/\/www.rdks.lv\/lv\/wp-json\/wp\/v2\/pages\/10920","targetHints":{"allow":["GET"]}}],"collection":[{"href":"https:\/\/www.rdks.lv\/lv\/wp-json\/wp\/v2\/pages"}],"about":[{"href":"https:\/\/www.rdks.lv\/lv\/wp-json\/wp\/v2\/types\/page"}],"author":[{"embeddable":true,"href":"https:\/\/www.rdks.lv\/lv\/wp-json\/wp\/v2\/users\/6"}],"replies":[{"embeddable":true,"href":"https:\/\/www.rdks.lv\/lv\/wp-json\/wp\/v2\/comments?post=10920"}],"version-history":[{"count":1,"href":"https:\/\/www.rdks.lv\/lv\/wp-json\/wp\/v2\/pages\/10920\/revisions"}],"predecessor-version":[{"id":10922,"href":"https:\/\/www.rdks.lv\/lv\/wp-json\/wp\/v2\/pages\/10920\/revisions\/10922"}],"wp:attachment":[{"href":"https:\/\/www.rdks.lv\/lv\/wp-json\/wp\/v2\/media?parent=10920"}],"curies":[{"name":"wp","href":"https:\/\/api.w.org\/{rel}","templated":true}]}}