{"id":10917,"date":"2020-06-02T14:16:51","date_gmt":"2020-06-02T11:16:51","guid":{"rendered":"http:\/\/www.rdks.lv\/?page_id=10917"},"modified":"2022-06-16T10:45:01","modified_gmt":"2022-06-16T07:45:01","slug":"attalinatas-macibas","status":"publish","type":"page","link":"https:\/\/www.rdks.lv\/lv\/attalinatas-macibas\/","title":{"rendered":"Att\u0101lin\u0101t\u0101s m\u0101c\u012bbas"},"content":{"rendered":"<p><a href=\"http:\/\/www.rdks.lv\/wp-content\/uploads\/2022\/06\/Radosie-darbi-5-9.pdf\"><strong>Rado\u0161o darbu virtu\u0101l\u0101 izst\u0101de 5.-9. klase<\/strong><\/a> (2021.\/2022. m\u0101c\u012bbu gads)<\/p>\n\n\n\n<hr class=\"wp-block-separator has-text-color has-background has-vivid-green-cyan-background-color has-vivid-green-cyan-color\"\/>\n\n\n\n<p>R\u012bgas Doma kora skolas 2021.\/2022. m\u0101c\u012bbu gada <strong><a href=\"http:\/\/www.rdks.lv\/ziemassvetku-koncerts-2021\/\">Ziemassv\u0113tku koncerts 2021<\/a><\/strong><\/p>\n\n\n\n<hr class=\"wp-block-separator has-text-color has-background has-vivid-green-cyan-background-color has-vivid-green-cyan-color\"\/>\n\n\n\n<p>2021.\/2022. m\u0101c\u012bbu gads &#8211; <strong><a href=\"http:\/\/www.rdks.lv\/svinesim-svetkus-skaisti-lepni-un-atbildigi\/\">LATVIJAI &#8211; 103! Svin\u0113sim sv\u0113tkus skaisti, lepni un atbild\u012bgi!<\/a><\/strong><\/p>\n\n\n\n<hr class=\"wp-block-separator has-text-color has-background has-vivid-green-cyan-background-color has-vivid-green-cyan-color\"\/>\n\n\n\n<p>2020.\/2021. m\u0101c\u012bbu gada <strong><a href=\"https:\/\/youtu.be\/1Pj7kUul43Y\">NOSL\u0112GUMS<\/a><\/strong><\/p>\n\n\n\n<hr class=\"wp-block-separator has-text-color has-background has-vivid-green-cyan-background-color has-vivid-green-cyan-color is-style-default\"\/>\n\n\n\n<p>Pedagogu un audz\u0113k\u0146u vec\u0101ku un vecvec\u0101ku st\u0101sti par atmi\u0146\u0101m no Barik\u0101\u017eu laika &#8211; <strong><a href=\"http:\/\/www.rdks.lv\/barikadem-30\/\">Barik\u0101d\u0113m &#8211; 30!<\/a><\/strong><\/p>\n\n\n\n<hr class=\"wp-block-separator has-text-color has-background has-vivid-green-cyan-background-color has-vivid-green-cyan-color is-style-default\"\/>\n\n\n\n<p>R\u012bgas Doma kora skolas 2020.\/2021. m\u0101c\u012bbu gada <a style=\"font-weight: bold;\" href=\"http:\/\/www.rdks.lv\/ziemassvetku-koncerts-2020\/\">Ziemassv\u0113tku koncerts 2020<\/a><\/p>\n\n\n\n<hr class=\"wp-block-separator has-text-color has-background has-vivid-green-cyan-background-color has-vivid-green-cyan-color\"\/>\n\n\n\n<p>2020.\/2021. m\u0101c\u012bbu gads &#8211; <a href=\"http:\/\/www.rdks.lv\/latvijai-102\/\"><strong>LATVIJAI &#8211; 102!<\/strong><\/a><\/p>\n\n\n\n<hr class=\"wp-block-separator has-text-color has-background has-vivid-green-cyan-background-color has-vivid-green-cyan-color\"\/>\n\n\n\n<p>2019.\/2020. m\u0101c\u012bbu gada II semestra apkopojums <strong><a href=\"http:\/\/www.rdks.lv\/attalinata-skolas-laika-fotolieciba\/\">Mana att\u0101lin\u0101t\u0101 skolas laika fotoliec\u012bba<\/a><\/strong><\/p>\n\n\n\n<hr class=\"wp-block-separator has-text-color has-background has-vivid-green-cyan-background-color has-vivid-green-cyan-color\"\/>\n\n\n\n<p>2019.\/2020. gada nosl\u0113guma un att\u0101lin\u0101to m\u0101c\u012bbu video apkopojums<strong> <a href=\"http:\/\/www.rdks.lv\/citads-pavasara-koncerts\/\">Cit\u0101ds Pavasara Koncerts<\/a><\/strong><\/p>\n\n\n\n<hr class=\"wp-block-separator has-text-color has-background has-vivid-green-cyan-background-color has-vivid-green-cyan-color\"\/>\n\n\n\n<p><strong>R\u012bgas Doma kora skolas virtu\u0101lais kopkoris<\/strong> &#8211; &#8220;Dziesma Skolai&#8221; (Gun\u0101rs Kalni\u0146\u0161 \/ Kristaps \u0160ori\u0146\u0161)<\/p>\n\n\n\n<figure class=\"wp-block-embed is-type-video is-provider-youtube wp-block-embed-youtube wp-embed-aspect-16-9 wp-has-aspect-ratio\"><div class=\"wp-block-embed__wrapper\">\n<iframe loading=\"lazy\" title=\"R\u012bgas Doma kora skolas virtu\u0101lais kopkoris - Dziesma skolai (G. Kalni\u0146\u0161 \/ K. \u0160ori\u0146\u0161)\" width=\"640\" height=\"360\" src=\"https:\/\/www.youtube.com\/embed\/BR5zDcVE-Lg?feature=oembed\" frameborder=\"0\" allow=\"accelerometer; autoplay; clipboard-write; encrypted-media; gyroscope; picture-in-picture; web-share\" referrerpolicy=\"strict-origin-when-cross-origin\" allowfullscreen><\/iframe>\n<\/div><\/figure>","protected":false},"excerpt":{"rendered":"<p>Rado\u0161o darbu virtu\u0101l\u0101 izst\u0101de 5.-9. klase (2021.\/2022. m\u0101c\u012bbu gads) R\u012bgas Doma kora skolas 2021.\/2022. m\u0101c\u012bbu gada Ziemassv\u0113tku koncerts 2021 2021.\/2022. m\u0101c\u012bbu gads &#8211; LATVIJAI &#8211; 103! Svin\u0113sim sv\u0113tkus skaisti, lepni un atbild\u012bgi! 2020.\/2021. m\u0101c\u012bbu gada NOSL\u0112GUMS Pedagogu un audz\u0113k\u0146u vec\u0101ku un vecvec\u0101ku st\u0101sti par atmi\u0146\u0101m no Barik\u0101\u017eu laika &#8211; Barik\u0101d\u0113m &#8211; 30! R\u012bgas Doma kora&#8230;<\/p>\n","protected":false},"author":6,"featured_media":0,"parent":0,"menu_order":0,"comment_status":"closed","ping_status":"closed","template":"","meta":{"cybocfi_hide_featured_image":"","footnotes":""},"class_list":["post-10917","page","type-page","status-publish","hentry"],"_links":{"self":[{"href":"https:\/\/www.rdks.lv\/lv\/wp-json\/wp\/v2\/pages\/10917","targetHints":{"allow":["GET"]}}],"collection":[{"href":"https:\/\/www.rdks.lv\/lv\/wp-json\/wp\/v2\/pages"}],"about":[{"href":"https:\/\/www.rdks.lv\/lv\/wp-json\/wp\/v2\/types\/page"}],"author":[{"embeddable":true,"href":"https:\/\/www.rdks.lv\/lv\/wp-json\/wp\/v2\/users\/6"}],"replies":[{"embeddable":true,"href":"https:\/\/www.rdks.lv\/lv\/wp-json\/wp\/v2\/comments?post=10917"}],"version-history":[{"count":11,"href":"https:\/\/www.rdks.lv\/lv\/wp-json\/wp\/v2\/pages\/10917\/revisions"}],"predecessor-version":[{"id":13814,"href":"https:\/\/www.rdks.lv\/lv\/wp-json\/wp\/v2\/pages\/10917\/revisions\/13814"}],"wp:attachment":[{"href":"https:\/\/www.rdks.lv\/lv\/wp-json\/wp\/v2\/media?parent=10917"}],"curies":[{"name":"wp","href":"https:\/\/api.w.org\/{rel}","templated":true}]}}