{"id":104,"date":"2013-12-19T01:59:06","date_gmt":"2013-12-19T01:59:06","guid":{"rendered":"http:\/\/213.175.126.152\/?page_id=104"},"modified":"2022-12-28T15:15:46","modified_gmt":"2022-12-28T13:15:46","slug":"vecakiem","status":"publish","type":"page","link":"https:\/\/www.rdks.lv\/lv\/macibas\/vecakiem\/","title":{"rendered":"Vec\u0101kiem"},"content":{"rendered":"<p><\/p>\n<h2>Skolas psihologi<\/h2>\n<p>Psihologs <strong>Raimonds Auzi\u0146\u0161<\/strong><br>+37129517488 | raimonds.auzins@nmv.lv | 600. kabinets<\/p>\n<p>Konsult\u0101ciju laiki: piektdien\u0101s plkst. 09.00-18.00, cit\u0101s dien\u0101s p\u0113c individu\u0101las vieno\u0161an\u0101s<br>Pieteik\u0161an\u0101s zvanot, rakstot sms vai e-pastu<\/p>\n<hr>\n<p>Psiholo\u0123e <strong>\u017danna Dubrovska<br><\/strong>+37126091121 | zanna.dubrovska@inbox.lv | 600. kabinets<\/p>\n<p>Konsult\u0101ciju laiki: ceturtdien\u0101s plkst. 17.00-20.00, sestdien\u0101s plkst. 09.00-13.00, cit\u0101s dien\u0101s p\u0113c individu\u0101las vieno\u0161an\u0101s<br>Pieteik\u0161an\u0101s zvanot, rakstot sms vai e-pastu<\/p>\n<hr>\n<p>Soci\u0101l\u0101 pedago\u0123e <strong>Rud\u012bte Klints<br><\/strong>+371 29133089 | rudite.klints@nmv.lv | 210. kabinets<\/p>\n<p>Darba laiks: tre\u0161dien\u0101s plkst. 08.30-16.00<br>Pieteik\u0161an\u0101s zvanot, rakstot sms vai e-pastu<\/p>\n<hr>\n\n\n<p><strong>\u0112din\u0101\u0161ana <\/strong><br><strong>R\u012bgas Doma kora skolas kafejn\u012bcas darba laiks:<\/strong> 09.00-16.00<\/p>\n\n\n\n<p><strong>\u0112\u0161anas starpbr\u012b\u017ei klas\u0113m:<\/strong><br><strong>1.-2. klase<\/strong> &#8211; p\u0113c 3. stundas <br><strong>3.-6. klase <\/strong>&#8211; p\u0113c 4. stundas <br><strong>7.-8. klase<\/strong> &#8211; p\u0113c 5. stundas <br><strong>9. klase un vidusskola <\/strong>&#8211; p\u0113c 6. stundas <\/p>\n\n\n\n<p><strong>Pusdienu pied\u0101v\u0101jums rudens sezon\u0101:<\/strong><\/p>\n\n\n\n<p><strong>7.-11. novembris:<\/strong><br><strong>1. &#8211; 4. klase<\/strong> (detaliz\u0113tu pusdienu pied\u0101v\u0101jumu <a href=\"http:\/\/www.rdks.lv\/wp-content\/uploads\/2022\/11\/1-4kl.kompl_.pusd_.pdf\">SKAT\u012aT \u0160EIT<\/a>) <br><strong>5. &#8211; 9. klase<\/strong> (detaliz\u0113tu pusdienu pied\u0101v\u0101jumu <a href=\"http:\/\/www.rdks.lv\/wp-content\/uploads\/2022\/11\/5-9.kl_.kompl_.pusd_.pdf\">SKAT\u012aT \u0160EIT<\/a>)<\/p>\n\n\n\n<p><strong>14.-18. novembris:<\/strong><br><strong>1. &#8211; 4. klase<\/strong> (detaliz\u0113tu pusdienu pied\u0101v\u0101jumu <a href=\"http:\/\/www.rdks.lv\/wp-content\/uploads\/2022\/11\/1-4kl.kompl_.pusd_-1.pdf\">SKAT\u012aT \u0160EIT<\/a>) <br><strong>5. &#8211; 9. klase<\/strong> (detaliz\u0113tu pusdienu pied\u0101v\u0101jumu <a href=\"http:\/\/www.rdks.lv\/wp-content\/uploads\/2022\/11\/5-9kl.kompl_.pusd_.pdf\">SKAT\u012aT \u0160EIT<\/a>)<\/p>\n\n\n<p><\/p>","protected":false},"excerpt":{"rendered":"<p>Skolas psihologi Psihologs Raimonds Auzi\u0146\u0161+37129517488 | raimonds.auzins@nmv.lv | 600. kabinets Konsult\u0101ciju laiki: piektdien\u0101s plkst. 09.00-18.00, cit\u0101s dien\u0101s p\u0113c individu\u0101las vieno\u0161an\u0101sPieteik\u0161an\u0101s zvanot, rakstot sms vai e-pastu Psiholo\u0123e \u017danna Dubrovska+37126091121 | zanna.dubrovska@inbox.lv | 600. kabinets Konsult\u0101ciju laiki: ceturtdien\u0101s plkst. 17.00-20.00, sestdien\u0101s plkst. 09.00-13.00, cit\u0101s dien\u0101s p\u0113c individu\u0101las vieno\u0161an\u0101sPieteik\u0161an\u0101s zvanot, rakstot sms vai e-pastu Soci\u0101l\u0101 pedago\u0123e Rud\u012bte Klints+371&#8230;<\/p>\n","protected":false},"author":2,"featured_media":0,"parent":2760,"menu_order":6,"comment_status":"closed","ping_status":"open","template":"","meta":{"cybocfi_hide_featured_image":"","footnotes":""},"class_list":["post-104","page","type-page","status-publish","hentry"],"_links":{"self":[{"href":"https:\/\/www.rdks.lv\/lv\/wp-json\/wp\/v2\/pages\/104","targetHints":{"allow":["GET"]}}],"collection":[{"href":"https:\/\/www.rdks.lv\/lv\/wp-json\/wp\/v2\/pages"}],"about":[{"href":"https:\/\/www.rdks.lv\/lv\/wp-json\/wp\/v2\/types\/page"}],"author":[{"embeddable":true,"href":"https:\/\/www.rdks.lv\/lv\/wp-json\/wp\/v2\/users\/2"}],"replies":[{"embeddable":true,"href":"https:\/\/www.rdks.lv\/lv\/wp-json\/wp\/v2\/comments?post=104"}],"version-history":[{"count":76,"href":"https:\/\/www.rdks.lv\/lv\/wp-json\/wp\/v2\/pages\/104\/revisions"}],"predecessor-version":[{"id":14469,"href":"https:\/\/www.rdks.lv\/lv\/wp-json\/wp\/v2\/pages\/104\/revisions\/14469"}],"up":[{"embeddable":true,"href":"https:\/\/www.rdks.lv\/lv\/wp-json\/wp\/v2\/pages\/2760"}],"wp:attachment":[{"href":"https:\/\/www.rdks.lv\/lv\/wp-json\/wp\/v2\/media?parent=104"}],"curies":[{"name":"wp","href":"https:\/\/api.w.org\/{rel}","templated":true}]}}