{"id":100,"date":"2013-12-19T01:58:46","date_gmt":"2013-12-19T01:58:46","guid":{"rendered":"http:\/\/213.175.126.152\/?page_id=100"},"modified":"2020-09-04T11:00:35","modified_gmt":"2020-09-04T08:00:35","slug":"biblioteka","status":"publish","type":"page","link":"https:\/\/www.rdks.lv\/lv\/macibas\/biblioteka\/","title":{"rendered":"Bibliot\u0113ka"},"content":{"rendered":"<p><\/p>\n<table>\n<tbody>\n<tr>\n<td width=\"183\"><strong>Bibliot\u0113kas darba laiks<\/strong><\/p>\n<p>9.00 \u2013 17.00<\/td>\n<td width=\"168\">Idej\u0101m, ierosin\u0101jumiem, jaut\u0101jumiem<br \/>\n<strong>biblioteka.rdks@nmv.lv<\/strong><br \/>\nbibliotek\u0101re Inguna \u0160t\u0101le<\/td>\n<td width=\"227\"><strong>Bibliot\u0113kas e-katalogs<\/strong><\/p>\n<p><strong><a href=\"https:\/\/skolas.biblioteka.lv\/Alise\/lv\/8\/home.aspx\">SPIED \u0160EIT<\/a><\/strong><\/td>\n<\/tr>\n<tr>\n<td width=\"183\"><strong><a href=\"https:\/\/www.lnb.lv\/lv\/digitala-biblioteka\">Latvijas Nacion\u0101l\u0101s bibliot\u0113kas digit\u0101l\u0101 bibliot\u0113ka<\/a><\/strong><\/p>\n<p><a href=\"http:\/\/www.rdks.lv\/wp-content\/uploads\/2020\/09\/j.jpg\"><img loading=\"lazy\" decoding=\"async\" class=\"alignnone size-full wp-image-11212\" src=\"http:\/\/www.rdks.lv\/wp-content\/uploads\/2020\/09\/j.jpg\" alt=\"\" width=\"134\" height=\"80\" \/><\/a><\/td>\n<td width=\"168\"><\/td>\n<td width=\"227\"><\/td>\n<\/tr>\n<tr>\n<td width=\"183\"><strong>\u00a0<\/strong><\/td>\n<td width=\"168\"><\/td>\n<td width=\"227\"><strong>\u00a0<\/strong><\/td>\n<\/tr>\n<\/tbody>\n<\/table>\n<h2>Notikumi bibliot\u0113k\u0101<\/h2>\n<p style=\"text-align: justify;\"><strong>Apr\u012blis &#8211; Gr\u0101matu m\u0113nesis!<\/strong><\/p>\n<p style=\"text-align: justify;\">28. apr\u012bl\u012b RDKS bibliot\u0113k\u0101 nosl\u0113dz\u0101s Gr\u0101matu m\u0113nesis. \u010cakli pastrad\u0101ja 1. un 2. klase, sacerot pasakas, kas tika izdotas kop\u0113j\u0101 Pasaku gr\u0101mat\u0101 &#8220;Reiz sensenos laikos &#8230;&#8221; 3. klases skol\u0113ni z\u012bm\u0113ja komiksus par H.K. Andersena vai citu autoru paz\u012bstamaj\u0101m pasak\u0101m, p\u0101rce\u013cot to varo\u0146us m\u016bsdienu pasaul\u0113. T\u0101 nu Sarkangalv\u012btei ir velosip\u0113ds, bet tr\u012bs siv\u0113nti\u0146i m\u0101ju cel\u0161anai izv\u0113las matri\u0101lus veikal\u0101 &#8220;Kur\u0161i&#8221;. Vissvar\u012bg\u0101kais darbs bija 4. klasei &#8211; aptauj\u0101t skolot\u0101jus par gr\u0101mat\u0101m, kuras tie las\u012bju\u0161i b\u0113rn\u012bb\u0101, un izveidot gr\u0101matu izst\u0101di &#8220;Skolot\u0101ju m\u012b\u013c\u0101k\u0101s b\u0113rn\u012bbas gr\u0101matas&#8221;. Izr\u0101d\u0101s, ka 1. viet\u0101 ir &#8220;Vinnijs P\u016bks&#8221;. Visvec\u0101k\u0101 izst\u0101des gr\u0101mata ir \u017dila Verna &#8220;20 000 lj\u0113 pa j\u016bras dzelmi&#8221; (1955), un to b\u0113rn\u012bb\u0101 las\u012bja J\u0101nis Eren\u0161treits.<\/p>\n<p style=\"text-align: justify;\">Izst\u0101des atkl\u0101\u0161anas pas\u0101kum\u0101 aplaud\u0113j\u0101m viens otram par \u010daklo darbu un mieloj\u0101mies ar saldumiem!<\/p>\n<div id='gallery-1' class='gallery galleryid-100 gallery-columns-4 gallery-size-thumbnail'><figure class='gallery-item'>\n\t\t\t<div class='gallery-icon landscape'>\n\t\t\t\t<a href='https:\/\/www.rdks.lv\/lv\/macibas\/biblioteka\/01-2\/'><img loading=\"lazy\" decoding=\"async\" width=\"150\" height=\"150\" src=\"https:\/\/www.rdks.lv\/wp-content\/uploads\/2013\/12\/01-1-150x150.jpg\" class=\"attachment-thumbnail size-thumbnail\" alt=\"\" \/><\/a>\n\t\t\t<\/div><\/figure><figure class='gallery-item'>\n\t\t\t<div class='gallery-icon landscape'>\n\t\t\t\t<a href='https:\/\/www.rdks.lv\/lv\/macibas\/biblioteka\/02-4\/'><img loading=\"lazy\" decoding=\"async\" width=\"150\" height=\"150\" src=\"https:\/\/www.rdks.lv\/wp-content\/uploads\/2013\/12\/02-1-150x150.jpg\" class=\"attachment-thumbnail size-thumbnail\" alt=\"\" \/><\/a>\n\t\t\t<\/div><\/figure><figure class='gallery-item'>\n\t\t\t<div class='gallery-icon landscape'>\n\t\t\t\t<a href='https:\/\/www.rdks.lv\/lv\/macibas\/biblioteka\/03-2\/'><img loading=\"lazy\" decoding=\"async\" width=\"150\" height=\"150\" src=\"https:\/\/www.rdks.lv\/wp-content\/uploads\/2013\/12\/03-1-150x150.jpg\" class=\"attachment-thumbnail size-thumbnail\" alt=\"\" \/><\/a>\n\t\t\t<\/div><\/figure><figure class='gallery-item'>\n\t\t\t<div class='gallery-icon landscape'>\n\t\t\t\t<a href='https:\/\/www.rdks.lv\/lv\/macibas\/biblioteka\/04-3\/'><img loading=\"lazy\" decoding=\"async\" width=\"150\" height=\"150\" src=\"https:\/\/www.rdks.lv\/wp-content\/uploads\/2013\/12\/04-1-150x150.jpg\" class=\"attachment-thumbnail size-thumbnail\" alt=\"\" \/><\/a>\n\t\t\t<\/div><\/figure><figure class='gallery-item'>\n\t\t\t<div class='gallery-icon landscape'>\n\t\t\t\t<a href='https:\/\/www.rdks.lv\/lv\/macibas\/biblioteka\/05-4\/'><img loading=\"lazy\" decoding=\"async\" width=\"150\" height=\"150\" src=\"https:\/\/www.rdks.lv\/wp-content\/uploads\/2013\/12\/05-1-150x150.jpg\" class=\"attachment-thumbnail size-thumbnail\" alt=\"\" \/><\/a>\n\t\t\t<\/div><\/figure><figure class='gallery-item'>\n\t\t\t<div class='gallery-icon portrait'>\n\t\t\t\t<a href='https:\/\/www.rdks.lv\/lv\/macibas\/biblioteka\/06-2\/'><img loading=\"lazy\" decoding=\"async\" width=\"150\" height=\"150\" src=\"https:\/\/www.rdks.lv\/wp-content\/uploads\/2013\/12\/06-1-150x150.jpg\" class=\"attachment-thumbnail size-thumbnail\" alt=\"\" \/><\/a>\n\t\t\t<\/div><\/figure><figure class='gallery-item'>\n\t\t\t<div class='gallery-icon landscape'>\n\t\t\t\t<a href='https:\/\/www.rdks.lv\/lv\/macibas\/biblioteka\/07-2\/'><img loading=\"lazy\" decoding=\"async\" width=\"150\" height=\"150\" src=\"https:\/\/www.rdks.lv\/wp-content\/uploads\/2013\/12\/07-1-150x150.jpg\" class=\"attachment-thumbnail size-thumbnail\" alt=\"\" \/><\/a>\n\t\t\t<\/div><\/figure><figure class='gallery-item'>\n\t\t\t<div class='gallery-icon landscape'>\n\t\t\t\t<a href='https:\/\/www.rdks.lv\/lv\/macibas\/biblioteka\/08-2\/'><img loading=\"lazy\" decoding=\"async\" width=\"150\" height=\"150\" src=\"https:\/\/www.rdks.lv\/wp-content\/uploads\/2013\/12\/08-1-150x150.jpg\" class=\"attachment-thumbnail size-thumbnail\" alt=\"\" \/><\/a>\n\t\t\t<\/div><\/figure>\n\t\t<\/div>\n\n<p><strong>Gr\u0101matas &#8220;Latvija no putna lidojuma&#8221; d\u0101vin\u0101\u0161ana RDKS bibliot\u0113kai<\/strong><\/p>\n<div id='gallery-2' class='gallery galleryid-100 gallery-columns-4 gallery-size-thumbnail'><figure class='gallery-item'>\n\t\t\t<div class='gallery-icon landscape'>\n\t\t\t\t<a href='https:\/\/www.rdks.lv\/lv\/macibas\/biblioteka\/img_0038\/'><img loading=\"lazy\" decoding=\"async\" width=\"150\" height=\"150\" src=\"https:\/\/www.rdks.lv\/wp-content\/uploads\/2013\/12\/IMG_0038-150x150.jpg\" class=\"attachment-thumbnail size-thumbnail\" alt=\"\" \/><\/a>\n\t\t\t<\/div><\/figure><figure class='gallery-item'>\n\t\t\t<div class='gallery-icon landscape'>\n\t\t\t\t<a href='https:\/\/www.rdks.lv\/lv\/macibas\/biblioteka\/img_0046\/'><img loading=\"lazy\" decoding=\"async\" width=\"150\" height=\"150\" src=\"https:\/\/www.rdks.lv\/wp-content\/uploads\/2013\/12\/IMG_0046-150x150.jpg\" class=\"attachment-thumbnail size-thumbnail\" alt=\"\" \/><\/a>\n\t\t\t<\/div><\/figure><figure class='gallery-item'>\n\t\t\t<div class='gallery-icon landscape'>\n\t\t\t\t<a href='https:\/\/www.rdks.lv\/lv\/macibas\/biblioteka\/img_0055\/'><img loading=\"lazy\" decoding=\"async\" width=\"150\" height=\"150\" src=\"https:\/\/www.rdks.lv\/wp-content\/uploads\/2013\/12\/IMG_0055-150x150.jpg\" class=\"attachment-thumbnail size-thumbnail\" alt=\"\" \/><\/a>\n\t\t\t<\/div><\/figure>\n\t\t<\/div>\n\n<p><strong>Lu\u012bzes Pastores tik\u0161an\u0101s ar s\u0101kumskolas audz\u0113k\u0146iem 23.11.2015.<br \/>\n<\/strong><\/p>\n<div id='gallery-3' class='gallery galleryid-100 gallery-columns-4 gallery-size-thumbnail'><figure class='gallery-item'>\n\t\t\t<div class='gallery-icon landscape'>\n\t\t\t\t<a href='https:\/\/www.rdks.lv\/lv\/macibas\/biblioteka\/img_0400\/'><img loading=\"lazy\" decoding=\"async\" width=\"150\" height=\"150\" src=\"https:\/\/www.rdks.lv\/wp-content\/uploads\/2013\/12\/IMG_0400-150x150.jpg\" class=\"attachment-thumbnail size-thumbnail\" alt=\"\" \/><\/a>\n\t\t\t<\/div><\/figure><figure class='gallery-item'>\n\t\t\t<div class='gallery-icon landscape'>\n\t\t\t\t<a href='https:\/\/www.rdks.lv\/lv\/macibas\/biblioteka\/img_0402\/'><img loading=\"lazy\" decoding=\"async\" width=\"150\" height=\"150\" src=\"https:\/\/www.rdks.lv\/wp-content\/uploads\/2013\/12\/IMG_0402-150x150.jpg\" class=\"attachment-thumbnail size-thumbnail\" alt=\"\" \/><\/a>\n\t\t\t<\/div><\/figure><figure class='gallery-item'>\n\t\t\t<div class='gallery-icon landscape'>\n\t\t\t\t<a href='https:\/\/www.rdks.lv\/lv\/macibas\/biblioteka\/img_0404\/'><img loading=\"lazy\" decoding=\"async\" width=\"150\" height=\"150\" src=\"https:\/\/www.rdks.lv\/wp-content\/uploads\/2013\/12\/IMG_0404-150x150.jpg\" class=\"attachment-thumbnail size-thumbnail\" alt=\"\" \/><\/a>\n\t\t\t<\/div><\/figure><figure class='gallery-item'>\n\t\t\t<div class='gallery-icon landscape'>\n\t\t\t\t<a href='https:\/\/www.rdks.lv\/lv\/macibas\/biblioteka\/img_0412\/'><img loading=\"lazy\" decoding=\"async\" width=\"150\" height=\"150\" src=\"https:\/\/www.rdks.lv\/wp-content\/uploads\/2013\/12\/IMG_0412-150x150.jpg\" class=\"attachment-thumbnail size-thumbnail\" alt=\"\" \/><\/a>\n\t\t\t<\/div><\/figure><figure class='gallery-item'>\n\t\t\t<div class='gallery-icon landscape'>\n\t\t\t\t<a href='https:\/\/www.rdks.lv\/lv\/macibas\/biblioteka\/img_0415\/'><img loading=\"lazy\" decoding=\"async\" width=\"150\" height=\"150\" src=\"https:\/\/www.rdks.lv\/wp-content\/uploads\/2013\/12\/IMG_0415-150x150.jpg\" class=\"attachment-thumbnail size-thumbnail\" alt=\"\" \/><\/a>\n\t\t\t<\/div><\/figure><figure class='gallery-item'>\n\t\t\t<div class='gallery-icon landscape'>\n\t\t\t\t<a href='https:\/\/www.rdks.lv\/lv\/macibas\/biblioteka\/img_0416\/'><img loading=\"lazy\" decoding=\"async\" width=\"150\" height=\"150\" src=\"https:\/\/www.rdks.lv\/wp-content\/uploads\/2013\/12\/IMG_0416-150x150.jpg\" class=\"attachment-thumbnail size-thumbnail\" alt=\"\" \/><\/a>\n\t\t\t<\/div><\/figure><figure class='gallery-item'>\n\t\t\t<div class='gallery-icon landscape'>\n\t\t\t\t<a href='https:\/\/www.rdks.lv\/lv\/macibas\/biblioteka\/img_0417\/'><img loading=\"lazy\" decoding=\"async\" width=\"150\" height=\"150\" src=\"https:\/\/www.rdks.lv\/wp-content\/uploads\/2013\/12\/IMG_0417-150x150.jpg\" class=\"attachment-thumbnail size-thumbnail\" alt=\"\" \/><\/a>\n\t\t\t<\/div><\/figure><figure class='gallery-item'>\n\t\t\t<div class='gallery-icon landscape'>\n\t\t\t\t<a href='https:\/\/www.rdks.lv\/lv\/macibas\/biblioteka\/img_0418\/'><img loading=\"lazy\" decoding=\"async\" width=\"150\" height=\"150\" src=\"https:\/\/www.rdks.lv\/wp-content\/uploads\/2013\/12\/IMG_0418-150x150.jpg\" class=\"attachment-thumbnail size-thumbnail\" alt=\"\" \/><\/a>\n\t\t\t<\/div><\/figure>\n\t\t<\/div>\n\n<p><strong>Izst\u0101de <em>Kri\u0161j\u0101nim Baronam 180<\/em><\/strong><\/p>\n<div id='gallery-4' class='gallery galleryid-100 gallery-columns-4 gallery-size-thumbnail'><figure class='gallery-item'>\n\t\t\t<div class='gallery-icon portrait'>\n\t\t\t\t<a href='https:\/\/www.rdks.lv\/lv\/macibas\/biblioteka\/k_barons\/'><img loading=\"lazy\" decoding=\"async\" width=\"150\" height=\"150\" src=\"https:\/\/www.rdks.lv\/wp-content\/uploads\/2013\/12\/k_barons-150x150.jpg\" class=\"attachment-thumbnail size-thumbnail\" alt=\"\" \/><\/a>\n\t\t\t<\/div><\/figure><figure class='gallery-item'>\n\t\t\t<div class='gallery-icon portrait'>\n\t\t\t\t<a href='https:\/\/www.rdks.lv\/lv\/macibas\/biblioteka\/20151102_171636\/'><img loading=\"lazy\" decoding=\"async\" width=\"150\" height=\"150\" src=\"https:\/\/www.rdks.lv\/wp-content\/uploads\/2013\/12\/20151102_171636-150x150.jpg\" class=\"attachment-thumbnail size-thumbnail\" alt=\"\" \/><\/a>\n\t\t\t<\/div><\/figure><figure class='gallery-item'>\n\t\t\t<div class='gallery-icon landscape'>\n\t\t\t\t<a href='https:\/\/www.rdks.lv\/lv\/macibas\/biblioteka\/20151102_171817\/'><img loading=\"lazy\" decoding=\"async\" width=\"150\" height=\"150\" src=\"https:\/\/www.rdks.lv\/wp-content\/uploads\/2013\/12\/20151102_171817-150x150.jpg\" class=\"attachment-thumbnail size-thumbnail\" alt=\"\" \/><\/a>\n\t\t\t<\/div><\/figure><figure class='gallery-item'>\n\t\t\t<div class='gallery-icon portrait'>\n\t\t\t\t<a href='https:\/\/www.rdks.lv\/lv\/macibas\/biblioteka\/1_burtnica-page-001\/'><img loading=\"lazy\" decoding=\"async\" width=\"150\" height=\"150\" src=\"https:\/\/www.rdks.lv\/wp-content\/uploads\/2013\/12\/1_burtn\u012bca-page-001-150x150.jpg\" class=\"attachment-thumbnail size-thumbnail\" alt=\"\" aria-describedby=\"gallery-4-3499\" \/><\/a>\n\t\t\t<\/div>\n\t\t\t\t<figcaption class='wp-caption-text gallery-caption' id='gallery-4-3499'>\n\t\t\t\tLatvju dainu pirmizdevums 1894. gad\u0101\n\t\t\t\t<\/figcaption><\/figure>\n\t\t<\/div>\n\n<p><strong>R\u016btas Olek\u0161as dzejas izst\u0101des &#8220;Dz\u012bve k\u0101 Saule&#8221; atkl\u0101\u0161ana RDKS bibliot\u0113k\u0101 2015. gada 3. oktobr\u012b.<\/strong><\/p>\n<div id='gallery-5' class='gallery galleryid-100 gallery-columns-4 gallery-size-thumbnail'><figure class='gallery-item'>\n\t\t\t<div class='gallery-icon landscape'>\n\t\t\t\t<a href='https:\/\/www.rdks.lv\/lv\/macibas\/biblioteka\/img_4495\/'><img loading=\"lazy\" decoding=\"async\" width=\"150\" height=\"150\" src=\"https:\/\/www.rdks.lv\/wp-content\/uploads\/2013\/12\/IMG_4495-150x150.jpg\" class=\"attachment-thumbnail size-thumbnail\" alt=\"\" \/><\/a>\n\t\t\t<\/div><\/figure><figure class='gallery-item'>\n\t\t\t<div class='gallery-icon landscape'>\n\t\t\t\t<a href='https:\/\/www.rdks.lv\/lv\/macibas\/biblioteka\/img_4501\/'><img loading=\"lazy\" decoding=\"async\" width=\"150\" height=\"150\" src=\"https:\/\/www.rdks.lv\/wp-content\/uploads\/2013\/12\/IMG_4501-150x150.jpg\" class=\"attachment-thumbnail size-thumbnail\" alt=\"\" \/><\/a>\n\t\t\t<\/div><\/figure><figure class='gallery-item'>\n\t\t\t<div class='gallery-icon landscape'>\n\t\t\t\t<a href='https:\/\/www.rdks.lv\/lv\/macibas\/biblioteka\/img_4506\/'><img loading=\"lazy\" decoding=\"async\" width=\"150\" height=\"150\" src=\"https:\/\/www.rdks.lv\/wp-content\/uploads\/2013\/12\/IMG_4506-150x150.jpg\" class=\"attachment-thumbnail size-thumbnail\" alt=\"\" \/><\/a>\n\t\t\t<\/div><\/figure><figure class='gallery-item'>\n\t\t\t<div class='gallery-icon portrait'>\n\t\t\t\t<a href='https:\/\/www.rdks.lv\/lv\/macibas\/biblioteka\/img_4517\/'><img loading=\"lazy\" decoding=\"async\" width=\"150\" height=\"150\" src=\"https:\/\/www.rdks.lv\/wp-content\/uploads\/2013\/12\/IMG_4517-150x150.jpg\" class=\"attachment-thumbnail size-thumbnail\" alt=\"\" \/><\/a>\n\t\t\t<\/div><\/figure><figure class='gallery-item'>\n\t\t\t<div class='gallery-icon landscape'>\n\t\t\t\t<a href='https:\/\/www.rdks.lv\/lv\/macibas\/biblioteka\/img_4519\/'><img loading=\"lazy\" decoding=\"async\" width=\"150\" height=\"150\" src=\"https:\/\/www.rdks.lv\/wp-content\/uploads\/2013\/12\/IMG_4519-150x150.jpg\" class=\"attachment-thumbnail size-thumbnail\" alt=\"\" \/><\/a>\n\t\t\t<\/div><\/figure><figure class='gallery-item'>\n\t\t\t<div class='gallery-icon landscape'>\n\t\t\t\t<a href='https:\/\/www.rdks.lv\/lv\/macibas\/biblioteka\/img_4523\/'><img loading=\"lazy\" decoding=\"async\" width=\"150\" height=\"150\" src=\"https:\/\/www.rdks.lv\/wp-content\/uploads\/2013\/12\/IMG_4523-150x150.jpg\" class=\"attachment-thumbnail size-thumbnail\" alt=\"\" \/><\/a>\n\t\t\t<\/div><\/figure><figure class='gallery-item'>\n\t\t\t<div class='gallery-icon landscape'>\n\t\t\t\t<a href='https:\/\/www.rdks.lv\/lv\/macibas\/biblioteka\/img_4527\/'><img loading=\"lazy\" decoding=\"async\" width=\"150\" height=\"150\" src=\"https:\/\/www.rdks.lv\/wp-content\/uploads\/2013\/12\/IMG_4527-150x150.jpg\" class=\"attachment-thumbnail size-thumbnail\" alt=\"\" \/><\/a>\n\t\t\t<\/div><\/figure>\n\t\t<\/div>\n\n<p><strong>K\u0101 Rai\u0146a biste m\u0113roja ce\u013cu uz izst\u0101di RDKS bibliot\u0113k\u0101!<\/strong><\/p>\n<div id='gallery-6' class='gallery galleryid-100 gallery-columns-4 gallery-size-thumbnail'><figure class='gallery-item'>\n\t\t\t<div class='gallery-icon landscape'>\n\t\t\t\t<a href='https:\/\/www.rdks.lv\/lv\/macibas\/biblioteka\/20150815_151349\/'><img loading=\"lazy\" decoding=\"async\" width=\"150\" height=\"150\" src=\"https:\/\/www.rdks.lv\/wp-content\/uploads\/2013\/12\/20150815_151349-150x150.jpg\" class=\"attachment-thumbnail size-thumbnail\" alt=\"\" aria-describedby=\"gallery-6-3374\" \/><\/a>\n\t\t\t<\/div>\n\t\t\t\t<figcaption class='wp-caption-text gallery-caption' id='gallery-6-3374'>\n\t\t\t\tMazg\u0101ts ar \u016bdeni&#8230;\n\t\t\t\t<\/figcaption><\/figure><figure class='gallery-item'>\n\t\t\t<div class='gallery-icon landscape'>\n\t\t\t\t<a href='https:\/\/www.rdks.lv\/lv\/macibas\/biblioteka\/20150815_161852\/'><img loading=\"lazy\" decoding=\"async\" width=\"150\" height=\"150\" src=\"https:\/\/www.rdks.lv\/wp-content\/uploads\/2013\/12\/20150815_161852-150x150.jpg\" class=\"attachment-thumbnail size-thumbnail\" alt=\"\" aria-describedby=\"gallery-6-3370\" \/><\/a>\n\t\t\t<\/div>\n\t\t\t\t<figcaption class='wp-caption-text gallery-caption' id='gallery-6-3370'>\n\t\t\t\t&#8230;ar ziep\u0113m&#8230;\n\t\t\t\t<\/figcaption><\/figure><figure class='gallery-item'>\n\t\t\t<div class='gallery-icon portrait'>\n\t\t\t\t<a href='https:\/\/www.rdks.lv\/lv\/macibas\/biblioteka\/20150815_162323\/'><img loading=\"lazy\" decoding=\"async\" width=\"150\" height=\"150\" src=\"https:\/\/www.rdks.lv\/wp-content\/uploads\/2013\/12\/20150815_162323-150x150.jpg\" class=\"attachment-thumbnail size-thumbnail\" alt=\"\" aria-describedby=\"gallery-6-3371\" \/><\/a>\n\t\t\t<\/div>\n\t\t\t\t<figcaption class='wp-caption-text gallery-caption' id='gallery-6-3371'>\n\t\t\t\t&#8230;saul\u012bt\u0113 iz\u017e\u0101v\u0113ts&#8230;\n\t\t\t\t<\/figcaption><\/figure><figure class='gallery-item'>\n\t\t\t<div class='gallery-icon portrait'>\n\t\t\t\t<a href='https:\/\/www.rdks.lv\/lv\/macibas\/biblioteka\/20150816_171715\/'><img loading=\"lazy\" decoding=\"async\" width=\"150\" height=\"150\" src=\"https:\/\/www.rdks.lv\/wp-content\/uploads\/2013\/12\/20150816_171715-150x150.jpg\" class=\"attachment-thumbnail size-thumbnail\" alt=\"\" aria-describedby=\"gallery-6-3372\" \/><\/a>\n\t\t\t<\/div>\n\t\t\t\t<figcaption class='wp-caption-text gallery-caption' id='gallery-6-3372'>\n\t\t\t\t&#8230;dro\u0161i iepakots&#8230;\n\t\t\t\t<\/figcaption><\/figure><figure class='gallery-item'>\n\t\t\t<div class='gallery-icon portrait'>\n\t\t\t\t<a href='https:\/\/www.rdks.lv\/lv\/macibas\/biblioteka\/20151006_131332\/'><img loading=\"lazy\" decoding=\"async\" width=\"150\" height=\"150\" src=\"https:\/\/www.rdks.lv\/wp-content\/uploads\/2013\/12\/20151006_131332-150x150.jpg\" class=\"attachment-thumbnail size-thumbnail\" alt=\"\" aria-describedby=\"gallery-6-3373\" \/><\/a>\n\t\t\t<\/div>\n\t\t\t\t<figcaption class='wp-caption-text gallery-caption' id='gallery-6-3373'>\n\t\t\t\t&#8230;non\u0101cis uz postamenta.\n\t\t\t\t<\/figcaption><\/figure>\n\t\t<\/div>\n\n<p><strong>9. klases Dzejas stri\u0137a &#8220;Internacion\u0101l\u0101 Raisp\u0101zija&#8221; atkl\u0101\u0161ana 2015. gada 12. maij\u0101.<\/strong><\/p>\n<div id='gallery-7' class='gallery galleryid-100 gallery-columns-4 gallery-size-thumbnail'><figure class='gallery-item'>\n\t\t\t<div class='gallery-icon portrait'>\n\t\t\t\t<a href='https:\/\/www.rdks.lv\/lv\/macibas\/biblioteka\/20150528_124449\/'><img loading=\"lazy\" decoding=\"async\" width=\"150\" height=\"150\" src=\"https:\/\/www.rdks.lv\/wp-content\/uploads\/2013\/12\/20150528_124449-150x150.jpg\" class=\"attachment-thumbnail size-thumbnail\" alt=\"\" \/><\/a>\n\t\t\t<\/div><\/figure><figure class='gallery-item'>\n\t\t\t<div class='gallery-icon portrait'>\n\t\t\t\t<a href='https:\/\/www.rdks.lv\/lv\/macibas\/biblioteka\/20150528_172449\/'><img loading=\"lazy\" decoding=\"async\" width=\"150\" height=\"150\" src=\"https:\/\/www.rdks.lv\/wp-content\/uploads\/2013\/12\/20150528_172449-150x150.jpg\" class=\"attachment-thumbnail size-thumbnail\" alt=\"\" \/><\/a>\n\t\t\t<\/div><\/figure><figure class='gallery-item'>\n\t\t\t<div class='gallery-icon portrait'>\n\t\t\t\t<a href='https:\/\/www.rdks.lv\/lv\/macibas\/biblioteka\/20150528_172859\/'><img loading=\"lazy\" decoding=\"async\" width=\"150\" height=\"150\" src=\"https:\/\/www.rdks.lv\/wp-content\/uploads\/2013\/12\/20150528_172859-150x150.jpg\" class=\"attachment-thumbnail size-thumbnail\" alt=\"\" \/><\/a>\n\t\t\t<\/div><\/figure><figure class='gallery-item'>\n\t\t\t<div class='gallery-icon landscape'>\n\t\t\t\t<a href='https:\/\/www.rdks.lv\/lv\/macibas\/biblioteka\/img_2318\/'><img loading=\"lazy\" decoding=\"async\" width=\"150\" height=\"150\" src=\"https:\/\/www.rdks.lv\/wp-content\/uploads\/2013\/12\/IMG_2318-150x150.jpg\" class=\"attachment-thumbnail size-thumbnail\" alt=\"\" \/><\/a>\n\t\t\t<\/div><\/figure><figure class='gallery-item'>\n\t\t\t<div class='gallery-icon landscape'>\n\t\t\t\t<a href='https:\/\/www.rdks.lv\/lv\/macibas\/biblioteka\/img_2321\/'><img loading=\"lazy\" decoding=\"async\" width=\"150\" height=\"150\" src=\"https:\/\/www.rdks.lv\/wp-content\/uploads\/2013\/12\/IMG_2321-150x150.jpg\" class=\"attachment-thumbnail size-thumbnail\" alt=\"\" \/><\/a>\n\t\t\t<\/div><\/figure><figure class='gallery-item'>\n\t\t\t<div class='gallery-icon portrait'>\n\t\t\t\t<a href='https:\/\/www.rdks.lv\/lv\/macibas\/biblioteka\/img_2326\/'><img loading=\"lazy\" decoding=\"async\" width=\"150\" height=\"150\" src=\"https:\/\/www.rdks.lv\/wp-content\/uploads\/2013\/12\/IMG_2326-150x150.jpg\" class=\"attachment-thumbnail size-thumbnail\" alt=\"\" \/><\/a>\n\t\t\t<\/div><\/figure><figure class='gallery-item'>\n\t\t\t<div class='gallery-icon portrait'>\n\t\t\t\t<a href='https:\/\/www.rdks.lv\/lv\/macibas\/biblioteka\/img_2336\/'><img loading=\"lazy\" decoding=\"async\" width=\"150\" height=\"150\" src=\"https:\/\/www.rdks.lv\/wp-content\/uploads\/2013\/12\/IMG_2336-150x150.jpg\" class=\"attachment-thumbnail size-thumbnail\" alt=\"\" \/><\/a>\n\t\t\t<\/div><\/figure><figure class='gallery-item'>\n\t\t\t<div class='gallery-icon portrait'>\n\t\t\t\t<a href='https:\/\/www.rdks.lv\/lv\/macibas\/biblioteka\/img_2340\/'><img loading=\"lazy\" decoding=\"async\" width=\"150\" height=\"150\" src=\"https:\/\/www.rdks.lv\/wp-content\/uploads\/2013\/12\/IMG_2340-150x150.jpg\" class=\"attachment-thumbnail size-thumbnail\" alt=\"\" \/><\/a>\n\t\t\t<\/div><\/figure>\n\t\t<\/div>\n\n<p><\/p>","protected":false},"excerpt":{"rendered":"<p>Bibliot\u0113kas darba laiks 9.00 \u2013 17.00 Idej\u0101m, ierosin\u0101jumiem, jaut\u0101jumiem biblioteka.rdks@nmv.lv bibliotek\u0101re Inguna \u0160t\u0101le Bibliot\u0113kas e-katalogs SPIED \u0160EIT Latvijas Nacion\u0101l\u0101s bibliot\u0113kas digit\u0101l\u0101 bibliot\u0113ka \u00a0 \u00a0 Notikumi bibliot\u0113k\u0101 Apr\u012blis &#8211; Gr\u0101matu m\u0113nesis! 28. apr\u012bl\u012b RDKS bibliot\u0113k\u0101 nosl\u0113dz\u0101s Gr\u0101matu m\u0113nesis. \u010cakli pastrad\u0101ja 1. un 2. klase, sacerot pasakas, kas tika izdotas kop\u0113j\u0101 Pasaku gr\u0101mat\u0101 &#8220;Reiz sensenos laikos &#8230;&#8221;&#8230;<\/p>\n","protected":false},"author":2,"featured_media":0,"parent":2760,"menu_order":4,"comment_status":"closed","ping_status":"open","template":"","meta":{"cybocfi_hide_featured_image":"","footnotes":""},"class_list":["post-100","page","type-page","status-publish","hentry"],"_links":{"self":[{"href":"https:\/\/www.rdks.lv\/lv\/wp-json\/wp\/v2\/pages\/100","targetHints":{"allow":["GET"]}}],"collection":[{"href":"https:\/\/www.rdks.lv\/lv\/wp-json\/wp\/v2\/pages"}],"about":[{"href":"https:\/\/www.rdks.lv\/lv\/wp-json\/wp\/v2\/types\/page"}],"author":[{"embeddable":true,"href":"https:\/\/www.rdks.lv\/lv\/wp-json\/wp\/v2\/users\/2"}],"replies":[{"embeddable":true,"href":"https:\/\/www.rdks.lv\/lv\/wp-json\/wp\/v2\/comments?post=100"}],"version-history":[{"count":84,"href":"https:\/\/www.rdks.lv\/lv\/wp-json\/wp\/v2\/pages\/100\/revisions"}],"predecessor-version":[{"id":11213,"href":"https:\/\/www.rdks.lv\/lv\/wp-json\/wp\/v2\/pages\/100\/revisions\/11213"}],"up":[{"embeddable":true,"href":"https:\/\/www.rdks.lv\/lv\/wp-json\/wp\/v2\/pages\/2760"}],"wp:attachment":[{"href":"https:\/\/www.rdks.lv\/lv\/wp-json\/wp\/v2\/media?parent=100"}],"curies":[{"name":"wp","href":"https:\/\/api.w.org\/{rel}","templated":true}]}}