{"id":96,"date":"2013-12-19T01:58:09","date_gmt":"2013-12-19T01:58:09","guid":{"rendered":"http:\/\/213.175.126.152\/?page_id=96"},"modified":"2016-08-24T15:18:34","modified_gmt":"2016-08-24T12:18:34","slug":"esf-stipendijas","status":"publish","type":"page","link":"https:\/\/www.rdks.lv\/en\/macibas\/projekti\/esf-stipendijas\/","title":{"rendered":"ESF Grants"},"content":{"rendered":"<p>&nbsp;<\/p>\n<p style=\"text-align: center;\"><a href=\"http:\/\/www.rdks.lv\/wp-content\/uploads\/2013\/12\/zinju_esf_logo.gif\"><img loading=\"lazy\" decoding=\"async\" class=\"alignleft wp-image-279\" src=\"http:\/\/www.rdks.lv\/wp-content\/uploads\/2013\/12\/zinju_esf_logo-300x146.gif\" alt=\"zinju_esf_logo\" width=\"246\" height=\"120\" srcset=\"https:\/\/www.rdks.lv\/wp-content\/uploads\/2013\/12\/zinju_esf_logo-300x146.gif 300w, https:\/\/www.rdks.lv\/wp-content\/uploads\/2013\/12\/zinju_esf_logo-250x121.gif 250w\" sizes=\"auto, (max-width: 246px) 100vw, 246px\" \/><\/a>ESF darb\u012bbas programmas \u201eCilv\u0113kresursi un nodarbin\u0101t\u012bba\u201d papildin\u0101juma<\/p>\n<p style=\"text-align: center;\">1.2.1.1.4.apak\u0161aktivit\u0101tes \u201eS\u0101kotn\u0113j\u0101s profesion\u0101l\u0101s izgl\u012bt\u012bbas pievilc\u012bbas veicin\u0101\u0161ana\u201d<\/p>\n<p style=\"text-align: center;\">projekta \u201eS\u0101kotn\u0113j\u0101s profesion\u0101l\u0101s izgl\u012bt\u012bbas pievilc\u012bbas veicin\u0101\u0161ana\u201d<\/p>\n<p style=\"text-align: center;\">vieno\u0161an\u0101s Nr. 2009\/0001\/1DP\/1.2.1.1.4\/08\/IPIA\/VIAA\/001<\/p>\n<p style=\"text-align: justify;\">R\u012bgas Doma kora skola no 2009. gada oktobra \u012bsteno <strong>Eiropas Soci\u0101l\u0101 fonda<\/strong> darb\u012bbas programmas \u201eCilv\u0113kresursi un nodarbin\u0101t\u012bba\u201d papildin\u0101juma 1.2.1.1.4. apak\u0161-aktivit\u0101tes \u201eS\u0101kotn\u0113j\u0101s profesion\u0101l\u0101s izgl\u012bt\u012bbas pievilc\u012bbas veicin\u0101\u0161ana\u201d <strong>projektu, kas dod iesp\u0113ju audz\u0113k\u0146iem sa\u0146emt m\u0113r\u0137stipendijas<\/strong>. Pie\u0161\u0137iram\u0101s m\u0113r\u0137stipendijas apm\u0113rs vienam pirm\u0101 kursa izgl\u012btojamajam ir no\u00a014,23 l\u012bdz 28,46 eiro m\u0113nes\u012b, otr\u0101, tre\u0161\u0101 un ceturt\u0101 kursa izgl\u012btojamajiem no\u00a028,46 l\u012bdz\u00a0 71,14 eiro m\u0113nes\u012b.<\/p>\n<p style=\"text-align: justify;\">Projekta m\u0113r\u0137is ir uzlabot s\u0101kotn\u0113j\u0101s profesion\u0101l\u0101s izgl\u012bt\u012bbas pievilc\u012bbu un palielin\u0101t jaunie\u0161u \u012bpatsvaru, kas ieg\u016bst profesion\u0101lo izgl\u012bt\u012bbu un kvalifik\u0101ciju, pie\u0161\u0137irot m\u0113r\u0137stipendijas jaunie\u0161iem, kas m\u0101c\u0101s akredit\u0113t\u0101s profesion\u0101l\u0101s pamatizgl\u012bt\u012bbas, arodizgl\u012bt\u012bbas vai profesion\u0101l\u0101s vid\u0113j\u0101s izgl\u012bt\u012bbas programm\u0101s.<\/p>\n<p style=\"text-align: justify;\">M\u0113r\u0137stipendiju pie\u0161\u0137ir profesion\u0101l\u0101s izgl\u012bt\u012bbas iest\u0101des audz\u0113k\u0146iem, kuri apg\u016bst k\u0101du no akredit\u0113t\u0101m profesion\u0101l\u0101s vid\u0113j\u0101s izgl\u012bt\u012bbas programm\u0101m:<\/p>\n<p style=\"text-align: justify;\">Vok\u0101l\u0101 m\u016bzika &#8211; kods 33\u00a0212 06 (kvalifik\u0101cija \u2013 Kora dzied\u0101t\u0101js),<\/p>\n<p style=\"text-align: justify;\">M\u016bzika &#8211; kods 33\u00a0212 09 (kvalifik\u0101cija \u2013 D\u017eeza m\u016bzi\u0137is),<\/p>\n<p style=\"text-align: justify;\">Diri\u0123\u0113\u0161ana &#8211; kods 33\u00a0212 05 (kvalifik\u0101cija\u00a0\u2013\u00a0Kormeistars, kora dzied\u0101t\u0101js).<\/p>\n<p style=\"text-align: justify;\">M\u0113r\u0137stipendiju pie\u0161\u0137ir konkursa k\u0101rt\u012bb\u0101, \u0146emot v\u0113r\u0101 izgl\u012btojamo sekmju v\u0113rt\u0113jumus un m\u0101c\u012bbu stundu apmekl\u0113t\u012bbu.<\/p>\n<h2 style=\"text-align: justify;\">Statistika par 2013.\/2014. m\u0101c\u012bbu gadu <a href=\"http:\/\/www.rdks.lv\/wp-content\/uploads\/2013\/12\/ESF-Statistika-2013-2014.pdf\">skat\u012bt \u0161eit<\/a><\/h2>\n<p><a href=\"http:\/\/www.rdks.lv\/wp-content\/uploads\/2013\/12\/logo_ESF-lapa.png\"><img loading=\"lazy\" decoding=\"async\" class=\"alignnone size-full wp-image-278\" src=\"http:\/\/www.rdks.lv\/wp-content\/uploads\/2013\/12\/logo_ESF-lapa.png\" alt=\"logo_ESF lapa\" width=\"689\" height=\"106\" srcset=\"https:\/\/www.rdks.lv\/wp-content\/uploads\/2013\/12\/logo_ESF-lapa.png 689w, https:\/\/www.rdks.lv\/wp-content\/uploads\/2013\/12\/logo_ESF-lapa-300x46.png 300w, https:\/\/www.rdks.lv\/wp-content\/uploads\/2013\/12\/logo_ESF-lapa-250x38.png 250w\" sizes=\"auto, (max-width: 689px) 100vw, 689px\" \/><\/a><\/p>\n<p>&nbsp;<\/p>\n<div>\n<p style=\"text-align: justify;\"><strong>Vasar\u012bgs sveiciens!<\/strong><\/p>\n<p style=\"text-align: justify;\">Nosl\u0113dzies k\u0101rt\u0113jais m\u0101c\u012bbu gads. Iesp\u0113jams, ka tas bija p\u0113d\u0113jais Eiropas Soci\u0101l\u0101 fonda darb\u012bbas programmas \u201eCilv\u0113kresursi un nodarbin\u0101t\u012bba\u201d projekta \u201eS\u0101kotn\u0113j\u0101s profesion\u0101l\u0101s izgl\u012bt\u012bbas pievilc\u012bbas veicin\u0101\u0161ana\u201d gads. L\u016bk, 2015. gada <strong>j\u016bnija<\/strong> m\u0113ne\u0161a rezult\u0101ti.<\/p>\n<p style=\"text-align: justify;\">Kopum\u0101 8 audz\u0113k\u0146i p\u0101rvar\u0113ja 8 ba\u013c\u013cu robe\u017eu (maij\u0101 12 audz\u0113k\u0146i). Teicamas un labas atz\u012bmes un nevienas neattainoti kav\u0113tas stundas bija tr\u012bs audz\u0113kn\u0113m &#8211; Franziskai Scholl (1. kurss), Krist\u012bnei Liedei (3. k.) un Ievai Zilaucei (4. k.). Skolas m\u0101c\u012bbu karalienes titulu izc\u012bn\u012bja Krist\u012bne. Pui\u0161u konkurenc\u0113 tikai Art\u016brs p\u0101rvar\u0113ja 8 ba\u013c\u013cu lati\u0146u. T\u0101p\u0113c m\u0101c\u012bbu kara\u013ca tituls \u0161oreiz tiek pie\u0161\u0137irts Art\u016bram Mitrevicam no 1. kursa.<\/p>\n<p style=\"text-align: justify;\"><strong>2015. gada j\u016bnija <\/strong>m\u0113nes\u012b tr\u012bs visaugst\u0101kos un teicamus vid\u0113jos v\u0113rt\u0113jumus katr\u0101 kurs\u0101 sa\u0146\u0113ma:<\/p>\n<p style=\"text-align: justify;\"><strong>1. kurs\u0101<\/strong><\/p>\n<p>Art\u016brs Mitrevics \u2013 9,10<br \/>\nFranziska Scholl \u2013 8,00<br \/>\nKar\u012bna Laugale \u2013 7,42<\/p>\n<div><strong>2. kurs\u0101<\/strong><\/div>\n<div>Annija \u0100damsone \u2013 8,55<\/div>\n<div>Lu\u012bze Kalni\u0146a \u2013 7,79<\/div>\n<div>Ance Zavadska \u2013 7,5<\/div>\n<div>\n<p><strong>3. kurs\u0101<\/strong><\/p>\n<p>Krist\u012bne Liede \u2013 8,13<br \/>\nL\u012bva Dumpe \u2013 8,05<br \/>\nAl\u012bna Bistricka\u2013 7,27<\/p>\n<div>\n<p><strong>4. kurs\u0101<\/strong><\/p>\n<p>Und\u012bne Kriev\u0101ne \u2013 8,00<br \/>\nLaura \u0160toma \u2013 8,00<br \/>\nIeva Zilauce \u2013 8,00<\/p>\n<p style=\"text-align: right;\">Projekta koordinatore Dagnija Tu\u010da<\/p>\n<hr \/>\n<p style=\"text-align: justify;\"><strong>Sveiki!<\/strong><\/p>\n<p style=\"text-align: justify;\"><strong>Eiropas Soci\u0101l\u0101 fonda<\/strong> darb\u012bbas programmas \u201eCilv\u0113kresursi un nodarbin\u0101t\u012bba\u201d projekta \u201eS\u0101kotn\u0113j\u0101s profesion\u0101l\u0101s izgl\u012bt\u012bbas pievilc\u012bbas veicin\u0101\u0161ana\u201d ietvaros ir apkopoti <strong>2015. gada maija<\/strong> m\u0113ne\u0161a rezult\u0101ti.<\/p>\n<p style=\"text-align: justify;\">Kopum\u0101 12 audz\u0113k\u0146i p\u0101rvar\u0113ja 8 ba\u013c\u013cu robe\u017eu (apr\u012bl\u012b 7 audz\u0113k\u0146i). Teicamas un labas atz\u012bmes un nevienas neattainoti kav\u0113tas stundas bija \u010detr\u0101m audz\u0113kn\u0113m &#8211; Ievai P\u013cavi\u0146ai un Franziskai Scholl (abas 1. kurss), Annijai \u0100damsonei (2. k.) un Laurai \u0160tomai (4. k.). Skolas m\u0101c\u012bbu karalienes titulu izc\u012bn\u012bja Laura. Pui\u0161u konkurenc\u0113 augstv\u0113rt\u012bgu rezult\u0101tu uzr\u0101d\u012bja gan Art\u016brs, gan J\u0101nis. Tiesa, abiem bija neattaisnoti kav\u0113jumi. Art\u016bram 4 stundas un J\u0101nim 1 stunda. T\u0101p\u0113c m\u0101c\u012bbu kara\u013ca tituls \u0161oreiz tiek pie\u0161\u0137irts J\u0101nim P\u0113lmanim no 4. kursa.<\/p>\n<p style=\"text-align: justify;\"><strong>2015. gada maija <\/strong>m\u0113nes\u012b tr\u012bs visaugst\u0101kos un teicamus vid\u0113jos v\u0113rt\u0113jumus katr\u0101 kurs\u0101 sa\u0146\u0113ma:<\/p>\n<\/div>\n<p style=\"text-align: justify;\"><strong>1. kurs\u0101<\/strong><\/p>\n<p>Art\u016brs Mitrevics \u2013 8,66<br \/>\nEli\u0101na Veinberga \u2013 8,42<br \/>\nFranziska Scholl \u2013 8,29<br \/>\nIeva P\u013cavi\u0146a \u2013 8,11<\/p>\n<div><strong>2. kurs\u0101<\/strong><\/div>\n<div>El\u012bza Ba\u0137e \u2013 8,35<\/div>\n<div>Annija \u0100damsone \u2013 8,15<\/div>\n<div>Ance Zavadska \u2013 7,75<\/div>\n<div>\n<p><strong>3. kurs\u0101<\/strong><\/p>\n<p>Al\u012bna Bistricka\u2013 8,20<br \/>\nKrist\u012bne Liede \u2013 8,03<br \/>\nL\u012bva Dumpe \u2013 7,58<\/p>\n<div>\n<p><strong>4. kurs\u0101<\/strong><\/p>\n<p>J\u0101nis P\u0113lmanis \u2013 8,67<br \/>\nLaura \u0160toma \u2013 8,56<br \/>\nUnd\u012bne Kriev\u0101ne \u2013 8,41<br \/>\nLaura Pere\u0161ivana \u2013 8,17<\/p>\n<p style=\"text-align: right;\">Projekta koordinatore Dagnija Tu\u010da<\/p>\n<\/div>\n<\/div>\n<\/div>\n<\/div>\n<p><\/p>","protected":false},"excerpt":{"rendered":"<p>&nbsp; ESF darb\u012bbas programmas \u201eCilv\u0113kresursi un nodarbin\u0101t\u012bba\u201d papildin\u0101juma 1.2.1.1.4.apak\u0161aktivit\u0101tes \u201eS\u0101kotn\u0113j\u0101s profesion\u0101l\u0101s izgl\u012bt\u012bbas pievilc\u012bbas veicin\u0101\u0161ana\u201d projekta \u201eS\u0101kotn\u0113j\u0101s profesion\u0101l\u0101s izgl\u012bt\u012bbas pievilc\u012bbas veicin\u0101\u0161ana\u201d vieno\u0161an\u0101s Nr. 2009\/0001\/1DP\/1.2.1.1.4\/08\/IPIA\/VIAA\/001 R\u012bgas Doma kora skola no 2009. gada oktobra \u012bsteno Eiropas Soci\u0101l\u0101 fonda darb\u012bbas programmas \u201eCilv\u0113kresursi un nodarbin\u0101t\u012bba\u201d papildin\u0101juma 1.2.1.1.4. apak\u0161-aktivit\u0101tes \u201eS\u0101kotn\u0113j\u0101s profesion\u0101l\u0101s izgl\u012bt\u012bbas pievilc\u012bbas veicin\u0101\u0161ana\u201d projektu, kas dod iesp\u0113ju audz\u0113k\u0146iem sa\u0146emt m\u0113r\u0137stipendijas&#8230;.<\/p>\n","protected":false},"author":2,"featured_media":0,"parent":3699,"menu_order":3,"comment_status":"closed","ping_status":"open","template":"","meta":{"cybocfi_hide_featured_image":"","footnotes":""},"class_list":["post-96","page","type-page","status-publish","hentry"],"_links":{"self":[{"href":"https:\/\/www.rdks.lv\/en\/wp-json\/wp\/v2\/pages\/96","targetHints":{"allow":["GET"]}}],"collection":[{"href":"https:\/\/www.rdks.lv\/en\/wp-json\/wp\/v2\/pages"}],"about":[{"href":"https:\/\/www.rdks.lv\/en\/wp-json\/wp\/v2\/types\/page"}],"author":[{"embeddable":true,"href":"https:\/\/www.rdks.lv\/en\/wp-json\/wp\/v2\/users\/2"}],"replies":[{"embeddable":true,"href":"https:\/\/www.rdks.lv\/en\/wp-json\/wp\/v2\/comments?post=96"}],"version-history":[{"count":56,"href":"https:\/\/www.rdks.lv\/en\/wp-json\/wp\/v2\/pages\/96\/revisions"}],"predecessor-version":[{"id":4978,"href":"https:\/\/www.rdks.lv\/en\/wp-json\/wp\/v2\/pages\/96\/revisions\/4978"}],"up":[{"embeddable":true,"href":"https:\/\/www.rdks.lv\/en\/wp-json\/wp\/v2\/pages\/3699"}],"wp:attachment":[{"href":"https:\/\/www.rdks.lv\/en\/wp-json\/wp\/v2\/media?parent=96"}],"curies":[{"name":"wp","href":"https:\/\/api.w.org\/{rel}","templated":true}]}}