{"id":8560,"date":"2019-01-14T12:07:58","date_gmt":"2019-01-14T10:07:58","guid":{"rendered":"http:\/\/www.rdks.lv\/?page_id=8560"},"modified":"2026-03-31T11:32:52","modified_gmt":"2026-03-31T09:32:52","slug":"rapapro-pakalpojumu-dizains","status":"publish","type":"page","link":"https:\/\/www.rdks.lv\/en\/rapapro-pakalpojumu-dizains\/","title":{"rendered":"Mans PVN: izgl\u012bt\u012bba"},"content":{"rendered":"<p><\/p>\n<p style=\"text-align: center;\">Kult\u016bras ministrijas Rado\u0161o Partner\u012bbu Programmas RaPaPro<br \/>\nPIKC Nacion\u0101l\u0101s M\u0101kslu vidusskolas projekts:<br \/>\n<strong>Pakalpojumu dizaina&nbsp;<em>jam&nbsp;<\/em>&#8220;Mans PVN: izgl\u012bt\u012bba&#8221;<\/strong><\/p>\n<p style=\"text-align: justify;\">2019. gada 10.-12. janv\u0101r\u012b PIKC Nacion\u0101l\u0101s M\u0101kslu vidusskolas audz\u0113k\u0146i un pedagogi piedal\u012bj\u0101s pakalpojumu dizaina 48 stundu darbn\u012bc\u0101, darbojoties 13 jaukt\u0101s grup\u0101s. Tika defin\u0113tas probl\u0113mas un izaicin\u0101jumi ar kuriem dal\u012bbnieki ikdien\u0101 saskaras un mekl\u0113ti tiem rado\u0161i risin\u0101jumi. Ar dal\u012bbniekiem str\u0101d\u0101ja dizaina dom\u0101\u0161anas treneri Ilze Kundzi\u0146a, Ilze Supe, Kri\u0161j\u0101nis Mazurs un R\u016bdolfs Str\u0113lis. Grupu padar\u012bto prezent\u0101ciju r\u012bt\u0101 v\u0113rt\u0113ja neatkar\u012bgie eksperti &#8211; PIKC Nacion\u0101l\u0101s M\u0101kslu vidusskolas strukt\u016brvien\u012bbu absolventi, UX (user experience) dizainere L\u012bga L\u0113ti\u0146a, Andis Groza un Lilita Spar\u0101ne.&nbsp; 2019. gada 25. janv\u0101r\u012b R\u012bgas Doma kora skol\u0101 notika projekta rezult\u0101tu prezent\u0113\u0161ana PIKC Nacion\u0101l\u0101s M\u0101kslu vidusskolas vad\u012bbai, skolas vec\u0101ku padomes un Latvijas Nacion\u0101l\u0101 kult\u016bras centra p\u0101rst\u0101vjiem.<\/p>\n<p><iframe loading=\"lazy\" title=\"Talsu m\u016bzikas skol\u0101 apg\u016bst jaunu pieredzi\" width=\"640\" height=\"360\" src=\"https:\/\/www.youtube.com\/embed\/kvP1AoXY-cs?feature=oembed\" frameborder=\"0\" allow=\"accelerometer; autoplay; clipboard-write; encrypted-media; gyroscope; picture-in-picture; web-share\" referrerpolicy=\"strict-origin-when-cross-origin\" allowfullscreen><\/iframe><\/p>\n<p><a href=\"http:\/\/www.rdks.lv\/wp-content\/uploads\/2019\/01\/WhatsApp-Image-2018-11-14-at-14.57.02.jpeg\"><img loading=\"lazy\" decoding=\"async\" class=\"alignnone wp-image-8564\" src=\"http:\/\/www.rdks.lv\/wp-content\/uploads\/2019\/01\/WhatsApp-Image-2018-11-14-at-14.57.02.jpeg\" alt=\"\" width=\"460\" height=\"259\"><\/a>&nbsp; &nbsp;&nbsp;<a href=\"http:\/\/www.rdks.lv\/wp-content\/uploads\/2019\/01\/MansPVN-1.jpg\"><img loading=\"lazy\" decoding=\"async\" class=\"alignnone wp-image-8561\" src=\"http:\/\/www.rdks.lv\/wp-content\/uploads\/2019\/01\/MansPVN-1.jpg\" alt=\"\" width=\"253\" height=\"358\"><\/a><\/p>\n<p>Pakalpojumu dizaina&nbsp;<em>jam&nbsp;<\/em>darba k\u0101rt\u012bbu 10.-12. janv\u0101rim <a href=\"http:\/\/www.rdks.lv\/wp-content\/uploads\/2019\/01\/ServiceJam_darba_kartiba.pdf\">SKAT\u012aT \u0160EIT<\/a>.<br \/>\nProjekta aprakstu <a href=\"http:\/\/www.rdks.lv\/wp-content\/uploads\/2019\/01\/mans-PVN.pdf\">SKAT\u012aT \u0160EIT<\/a>.<\/p>\n<p style=\"text-align: justify;\"><strong>Projekta m\u0113r\u0137is<\/strong><br \/>\nApzin\u0101t PIKC Nacion\u0101l\u0101s M\u0101kslu vidusskolas vides, m\u0101c\u012bbu procesa un ikdienas procesu produktivit\u0101ti, kult\u016brizgl\u012bt\u012bbas un da\u017e\u0101du m\u0101kslu nozaru profesiju perspekt\u012bvas un probl\u0113mjaut\u0101jumus un mekl\u0113t tiem risin\u0101jumus, apg\u016bstot un pielietojot dizaina dom\u0101\u0161anas metodes.<\/p>\n<p style=\"text-align: justify;\"><strong>Projekta ideja<\/strong><br \/>\nProjekta \u2013 Pakalpojumu dizaina <em>jam <\/em>\u201cMans PVN: izgl\u012bt\u012bba\u201d &nbsp;<u>ideja<\/u> rad\u0101s PIKC Nacion\u0101l\u0101s M\u0101kslu vidusskolas vad\u012bbas p\u0101rst\u0101vjiem piedaloties Kult\u016bras ministrijas, Latvijas Nacion\u0101l\u0101 kult\u016bras centra un Kuld\u012bgas rado\u0161\u0101s vasaras skolas organiz\u0113taj\u0101s pakalpojuma dizaina darbn\u012bc\u0101s 2018. gada august\u0101 un septembr\u012b. Tika konstat\u0113ts, ka ieg\u016bt\u0101 inform\u0101cija par probl\u0113mjaut\u0101jumiem un to iesp\u0113jamajiem risin\u0101jumiem kult\u016brizgl\u012bt\u012bb\u0101 ir v\u0113rt\u012bga, bet nepiln\u012bga, jo apzin\u0101ts tikai administr\u0101cijas un pedagogu skat\u012bjums. Lai to padar\u012btu pilnv\u0113rt\u012bgu, vajadz\u012bgs ar\u012b kult\u016brizgl\u012bt\u012bbas pamatsl\u0101\u0146a \u2013 audz\u0113k\u0146u \u2013 viedoklis un ieguld\u012bjums. Projekt\u0101 tika p\u0113t\u012btas ar\u012b iesp\u0113jam\u0101s perspekt\u012bvas un probl\u0113msitu\u0101cijas dal\u012bbnieku vid\u0113 \u2013 PIKC Nacion\u0101laj\u0101 M\u0101kslu vidusskol\u0101 un Talsu M\u016bzikas skol\u0101. Projekta saturs ir <u>aktu\u0101ls<\/u> vis\u0101m iesaist\u012btaj\u0101m pus\u0113m t\u0101d\u0113\u013c, ka t\u0101s akt\u012bvi darbojas kult\u016brizgl\u012bt\u012bbas sist\u0113mas uztur\u0113\u0161an\u0101 un veido\u0161an\u0101 un ir ieinteres\u0113tas savu p\u0101rst\u0101v\u0113to profesiju perspekt\u012bv\u0101s. \u0160obr\u012bd vis\u0101 pasaul\u0113 aktu\u0101lais temats \u2013 pakalpojumu dizains \u2013 nav zin\u0101ms un saprotams liel\u0101kajai da\u013cai skol\u0113nu un pedagogu. Liel\u0101koties tas tiek asoci\u0113ts tikai ar vizu\u0101lo m\u0101kslu. Projekt\u0101 audz\u0113k\u0146iem un pedagogiem bija iesp\u0113ja, praktiski pielietojot dizaina dom\u0101\u0161anas metodes, t\u0101s izprast un izmantot turpm\u0101k jau citos kontekstos.<\/p>\n<p><strong>Projekta vad\u012bt\u0101ja<\/strong> Aleksandra \u0100boli\u0146a<br \/>\n<strong>Projekta vad\u012bt\u0101jas asistentes&nbsp;<\/strong>Ineta V\u012bksna, El\u012bna \u010cip\u0101ne, Ieva R\u016btent\u0101le<\/p>","protected":false},"excerpt":{"rendered":"<p>Kult\u016bras ministrijas Rado\u0161o Partner\u012bbu Programmas RaPaPro PIKC Nacion\u0101l\u0101s M\u0101kslu vidusskolas projekts: Pakalpojumu dizaina&nbsp;jam&nbsp;&#8220;Mans PVN: izgl\u012bt\u012bba&#8221; 2019. gada 10.-12. janv\u0101r\u012b PIKC Nacion\u0101l\u0101s M\u0101kslu vidusskolas audz\u0113k\u0146i un pedagogi piedal\u012bj\u0101s pakalpojumu dizaina 48 stundu darbn\u012bc\u0101, darbojoties 13 jaukt\u0101s grup\u0101s. Tika defin\u0113tas probl\u0113mas un izaicin\u0101jumi ar kuriem dal\u012bbnieki ikdien\u0101 saskaras un mekl\u0113ti tiem rado\u0161i risin\u0101jumi. Ar dal\u012bbniekiem str\u0101d\u0101ja dizaina&#8230;<\/p>\n","protected":false},"author":16,"featured_media":0,"parent":0,"menu_order":0,"comment_status":"closed","ping_status":"closed","template":"","meta":{"cybocfi_hide_featured_image":"","footnotes":""},"class_list":["post-8560","page","type-page","status-publish","hentry"],"_links":{"self":[{"href":"https:\/\/www.rdks.lv\/en\/wp-json\/wp\/v2\/pages\/8560","targetHints":{"allow":["GET"]}}],"collection":[{"href":"https:\/\/www.rdks.lv\/en\/wp-json\/wp\/v2\/pages"}],"about":[{"href":"https:\/\/www.rdks.lv\/en\/wp-json\/wp\/v2\/types\/page"}],"author":[{"embeddable":true,"href":"https:\/\/www.rdks.lv\/en\/wp-json\/wp\/v2\/users\/16"}],"replies":[{"embeddable":true,"href":"https:\/\/www.rdks.lv\/en\/wp-json\/wp\/v2\/comments?post=8560"}],"version-history":[{"count":9,"href":"https:\/\/www.rdks.lv\/en\/wp-json\/wp\/v2\/pages\/8560\/revisions"}],"predecessor-version":[{"id":18427,"href":"https:\/\/www.rdks.lv\/en\/wp-json\/wp\/v2\/pages\/8560\/revisions\/18427"}],"wp:attachment":[{"href":"https:\/\/www.rdks.lv\/en\/wp-json\/wp\/v2\/media?parent=8560"}],"curies":[{"name":"wp","href":"https:\/\/api.w.org\/{rel}","templated":true}]}}