{"id":7405,"date":"2018-03-22T10:34:56","date_gmt":"2018-03-22T08:34:56","guid":{"rendered":"http:\/\/www.rdks.lv\/?page_id=7405"},"modified":"2026-04-12T11:49:31","modified_gmt":"2026-04-12T09:49:31","slug":"veidlapas","status":"publish","type":"page","link":"https:\/\/www.rdks.lv\/en\/veidlapas\/","title":{"rendered":"Forms"},"content":{"rendered":"<ul>\n<li>Iesnieguma veidlapa, ko\u00a0<strong>audz\u0113knis<\/strong> aizpilda pirms promb\u016btnes (<a href=\"https:\/\/www.rdks.lv\/wp-content\/uploads\/2024\/01\/SKOLENU-prombutne_iesniegums.docx\">LEJUPIEL\u0100D\u0112T<\/a>)<\/li>\n<li>Izgl\u012btojamo m\u0101c\u012bbu <strong>ekskursija<\/strong>s pieteikuma veidlapa, ko aizpilda klases\/kursa audzin\u0101t\u0101js vai atbild\u012bgais pedagogs (<a href=\"https:\/\/www.rdks.lv\/wp-content\/uploads\/2026\/04\/Arpusklases-apgaitas-lapa-2026.docx\">LEJUPIEL\u0100D\u0112T<\/a>)<\/li>\n<li>Iesnieguma veidlapa audz\u0113k\u0146iem\/pedagogiem, par R\u012bgas Doma kora skolas <strong>telpu izmanto\u0161anu<\/strong>\u00a0(<a href=\"https:\/\/www.rdks.lv\/wp-content\/uploads\/2024\/11\/telpu-izmantosanas-veidlapa-iesniegums.doc\">LEJUPIEL\u0100D\u0112T<\/a>)<\/li>\n<li>Veidlapa par <strong>saist\u012bb\u0101m ar skolu<\/strong>, ko audz\u0113knis aizpilda pirms 9.klases \/ IV kursa absolv\u0113\u0161anas vai izst\u0101joties no skolas (<a href=\"https:\/\/www.rdks.lv\/wp-content\/uploads\/2024\/05\/apgaita_aptauja1.doc\">LEJUPIEL\u0100D\u0112T<\/a>)<\/li>\n<li>R\u012bgas Doma kora skolas <strong>Gada balva<\/strong>s pie\u0161\u0137ir\u0161anas k\u0101rt\u012bbu <a href=\"http:\/\/www.rdks.lv\/wp-content\/uploads\/2018\/02\/Gada-Balva_kartiba.pdf\">skat\u012bt \u0161eit<\/a>, <strong>pieteikuma veidlapu<\/strong> (1. pielikumu) <a href=\"http:\/\/www.rdks.lv\/wp-content\/uploads\/2023\/01\/Gada-balva_pieteikuma-veidlapa-2023.pdf\">skat\u012bt \u0161eit<\/a><\/li>\n<li>Iesniegums par vietu <strong>dienesta viesn\u012bc\u0101<\/strong> <span style=\"text-decoration: underline;\">Nepilngad\u012bgai personai<\/span> (LEJUPIEL\u0100D\u0112T); <span style=\"text-decoration: underline;\">Pilngad\u012bgai personai<\/span> &#8211; (LEJUPIEL\u0100D\u0112T) &#8211; tiks ievietotas dr\u012bzum\u0101<\/li>\n<li>Iesniegums par atlaides pie\u0161\u0137ir\u0161anu m\u0101c\u012bbu maksai \/ invent\u0101ra nomai \/ dienesta viesn\u012bcas \u012brei (<a href=\"https:\/\/www.rdks.lv\/wp-content\/uploads\/2026\/02\/Iesniegums_atlaide.docx\">LEJUPIEL\u0100D\u0112T<\/a>)<\/li>\n<\/ul>\n","protected":false},"excerpt":{"rendered":"<p>Iesnieguma veidlapa, ko\u00a0audz\u0113knis aizpilda pirms promb\u016btnes (LEJUPIEL\u0100D\u0112T) Izgl\u012btojamo m\u0101c\u012bbu ekskursijas pieteikuma veidlapa, ko aizpilda klases\/kursa audzin\u0101t\u0101js vai atbild\u012bgais pedagogs (LEJUPIEL\u0100D\u0112T) Iesnieguma veidlapa audz\u0113k\u0146iem\/pedagogiem, par R\u012bgas Doma kora skolas telpu izmanto\u0161anu\u00a0(LEJUPIEL\u0100D\u0112T) Veidlapa par saist\u012bb\u0101m ar skolu, ko audz\u0113knis aizpilda pirms 9.klases \/ IV kursa absolv\u0113\u0161anas vai izst\u0101joties no skolas (LEJUPIEL\u0100D\u0112T) R\u012bgas Doma kora skolas Gada balvas&#8230;<\/p>\n","protected":false},"author":16,"featured_media":0,"parent":0,"menu_order":0,"comment_status":"closed","ping_status":"closed","template":"","meta":{"cybocfi_hide_featured_image":"","footnotes":""},"class_list":["post-7405","page","type-page","status-publish","hentry"],"_links":{"self":[{"href":"https:\/\/www.rdks.lv\/en\/wp-json\/wp\/v2\/pages\/7405","targetHints":{"allow":["GET"]}}],"collection":[{"href":"https:\/\/www.rdks.lv\/en\/wp-json\/wp\/v2\/pages"}],"about":[{"href":"https:\/\/www.rdks.lv\/en\/wp-json\/wp\/v2\/types\/page"}],"author":[{"embeddable":true,"href":"https:\/\/www.rdks.lv\/en\/wp-json\/wp\/v2\/users\/16"}],"replies":[{"embeddable":true,"href":"https:\/\/www.rdks.lv\/en\/wp-json\/wp\/v2\/comments?post=7405"}],"version-history":[{"count":51,"href":"https:\/\/www.rdks.lv\/en\/wp-json\/wp\/v2\/pages\/7405\/revisions"}],"predecessor-version":[{"id":18470,"href":"https:\/\/www.rdks.lv\/en\/wp-json\/wp\/v2\/pages\/7405\/revisions\/18470"}],"wp:attachment":[{"href":"https:\/\/www.rdks.lv\/en\/wp-json\/wp\/v2\/media?parent=7405"}],"curies":[{"name":"wp","href":"https:\/\/api.w.org\/{rel}","templated":true}]}}