{"id":5140,"date":"2016-10-05T13:50:10","date_gmt":"2016-10-05T10:50:10","guid":{"rendered":"http:\/\/www.rdks.lv\/?page_id=5140"},"modified":"2026-02-26T13:30:01","modified_gmt":"2026-02-26T11:30:01","slug":"arpus-formala-izglitiba","status":"publish","type":"page","link":"https:\/\/www.rdks.lv\/en\/par-skolu\/arpus-formala-izglitiba\/","title":{"rendered":"Non-formal education"},"content":{"rendered":"<div><span style=\"color: initial; font-family: -apple-system, BlinkMacSystemFont, 'Segoe UI', Roboto, Oxygen-Sans, Ubuntu, Cantarell, 'Helvetica Neue', sans-serif;\">Izgl\u012bt\u012bbas kvalit\u0101tes valsts dienests dele\u0123\u0113jis NMV R\u012bgas Doma kora skolai ties\u012bbas \u0101rpus form\u0101l\u0101s izgl\u012bt\u012bbas ietvaros veikt profesion\u0101l\u0101s kompetences nov\u0113rt\u0113\u0161anu programm\u0101s <\/span><em style=\"color: initial; font-family: -apple-system, BlinkMacSystemFont, 'Segoe UI', Roboto, Oxygen-Sans, Ubuntu, Cantarell, 'Helvetica Neue', sans-serif;\">M\u016bzika<\/em>, <em>Vok\u0101l\u0101 m\u016bzika, Diri\u0123\u0113\u0161ana<\/em><span style=\"color: initial; font-family: -apple-system, BlinkMacSystemFont, 'Segoe UI', Roboto, Oxygen-Sans, Ubuntu, Cantarell, 'Helvetica Neue', sans-serif;\"> un atbilsto\u0161i noteikumiem pie\u0161\u0137irt <\/span><strong style=\"color: initial; font-family: -apple-system, BlinkMacSystemFont, 'Segoe UI', Roboto, Oxygen-Sans, Ubuntu, Cantarell, 'Helvetica Neue', sans-serif;\">d\u017eeza m\u016bzi\u0137a,<\/strong> <strong>dzied\u0101t\u0101j\u0101 <\/strong>un <strong>kormeistara, kora dzied\u0101t\u0101ja<\/strong><span style=\"color: initial; font-family: -apple-system, BlinkMacSystemFont, 'Segoe UI', Roboto, Oxygen-Sans, Ubuntu, Cantarell, 'Helvetica Neue', sans-serif;\">\u00a0profesion\u0101lo kvalifik\u0101ciju.<\/span><\/div>\n<div><\/div>\n<div>\n<hr \/>\n<\/div>\n<p>S\u012bk\u0101ka inform\u0101cija:<br \/>\nEgija Ozoli\u0146a<br \/>\ndirektora vietniece izgl\u012bt\u012bbas jom\u0101<br \/>\n<a href=\"mailto:egija.ozolina@nmv.lv\">egija.ozolina@nmv.lv<\/a><\/p>\n","protected":false},"excerpt":{"rendered":"<p>Izgl\u012bt\u012bbas kvalit\u0101tes valsts dienests dele\u0123\u0113jis NMV R\u012bgas Doma kora skolai ties\u012bbas \u0101rpus form\u0101l\u0101s izgl\u012bt\u012bbas ietvaros veikt profesion\u0101l\u0101s kompetences nov\u0113rt\u0113\u0161anu programm\u0101s M\u016bzika, Vok\u0101l\u0101 m\u016bzika, Diri\u0123\u0113\u0161ana un atbilsto\u0161i noteikumiem pie\u0161\u0137irt d\u017eeza m\u016bzi\u0137a, dzied\u0101t\u0101j\u0101 un kormeistara, kora dzied\u0101t\u0101ja\u00a0profesion\u0101lo kvalifik\u0101ciju. S\u012bk\u0101ka inform\u0101cija: Egija Ozoli\u0146a direktora vietniece izgl\u012bt\u012bbas jom\u0101 egija.ozolina@nmv.lv<\/p>\n","protected":false},"author":16,"featured_media":0,"parent":2757,"menu_order":2,"comment_status":"closed","ping_status":"closed","template":"","meta":{"cybocfi_hide_featured_image":"","footnotes":""},"class_list":["post-5140","page","type-page","status-publish","hentry"],"_links":{"self":[{"href":"https:\/\/www.rdks.lv\/en\/wp-json\/wp\/v2\/pages\/5140","targetHints":{"allow":["GET"]}}],"collection":[{"href":"https:\/\/www.rdks.lv\/en\/wp-json\/wp\/v2\/pages"}],"about":[{"href":"https:\/\/www.rdks.lv\/en\/wp-json\/wp\/v2\/types\/page"}],"author":[{"embeddable":true,"href":"https:\/\/www.rdks.lv\/en\/wp-json\/wp\/v2\/users\/16"}],"replies":[{"embeddable":true,"href":"https:\/\/www.rdks.lv\/en\/wp-json\/wp\/v2\/comments?post=5140"}],"version-history":[{"count":6,"href":"https:\/\/www.rdks.lv\/en\/wp-json\/wp\/v2\/pages\/5140\/revisions"}],"predecessor-version":[{"id":18243,"href":"https:\/\/www.rdks.lv\/en\/wp-json\/wp\/v2\/pages\/5140\/revisions\/18243"}],"up":[{"embeddable":true,"href":"https:\/\/www.rdks.lv\/en\/wp-json\/wp\/v2\/pages\/2757"}],"wp:attachment":[{"href":"https:\/\/www.rdks.lv\/en\/wp-json\/wp\/v2\/media?parent=5140"}],"curies":[{"name":"wp","href":"https:\/\/api.w.org\/{rel}","templated":true}]}}