{"id":5076,"date":"2016-09-23T09:32:29","date_gmt":"2016-09-23T06:32:29","guid":{"rendered":"http:\/\/www.rdks.lv\/?page_id=5076"},"modified":"2026-03-27T10:43:33","modified_gmt":"2026-03-27T08:43:33","slug":"erasmus","status":"publish","type":"page","link":"https:\/\/www.rdks.lv\/en\/macibas\/projekti\/erasmus\/","title":{"rendered":"ERASMUS+"},"content":{"rendered":"<h4><img loading=\"lazy\" decoding=\"async\" class=\"wp-image-5086 aligncenter\" src=\"http:\/\/www.rdks.lv\/wp-content\/uploads\/2016\/09\/Lidzfinanse_Erasmus_progr_logo-300x82.png\" alt=\"lidzfinanse_erasmus_progr_logo\" width=\"337\" height=\"92\" srcset=\"https:\/\/www.rdks.lv\/wp-content\/uploads\/2016\/09\/Lidzfinanse_Erasmus_progr_logo-300x82.png 300w, https:\/\/www.rdks.lv\/wp-content\/uploads\/2016\/09\/Lidzfinanse_Erasmus_progr_logo-768x210.png 768w, https:\/\/www.rdks.lv\/wp-content\/uploads\/2016\/09\/Lidzfinanse_Erasmus_progr_logo-1024x280.png 1024w, https:\/\/www.rdks.lv\/wp-content\/uploads\/2016\/09\/Lidzfinanse_Erasmus_progr_logo.png 2038w\" sizes=\"auto, (max-width: 337px) 100vw, 337px\" \/><\/h4>\n<hr \/>\n<p>R\u012bgas Doma kora skola realiz\u0113 Erasmus+ programmas projektu Nr. <a href=\"https:\/\/www.rdks.lv\/en\/erasmus-projekts-2025-2026\/\"><strong>2025-1-LV01-KA121-VET-000334610<\/strong><\/a>.<\/p>\n<p style=\"text-align: justify;\">ERASMUS+ m\u0101c\u012bbu mobilit\u0101\u0161u m\u0113r\u0137is ir g\u016bt starptautisku pieredzi valst\u012b \u0101rpus Latvijas, demonstr\u0113t konkur\u0113tsp\u0113j\u012bgas profesion\u0101las sp\u0113jas starptautisk\u0101 vid\u0113, veicin\u0101t skolas paman\u0101m\u012bbu un apliecin\u0101t savu prasmju izcil\u012bbu, piedal\u012bties meistarklas\u0113s un stund\u0101s pie \u0101rzemju pedagogiem, izzin\u0101t \u0101rzemju pedagogu metodolo\u0123ijas, k\u0101 ar\u012b veidot jaunus kontaktus.<\/p>\n<p>Pla\u0161\u0101ka inform\u0101cija: linda.samsone@nmv.gov.lv<\/p>\n<hr \/>\n<p>Realiz\u0113tie projekti:<\/p>\n<ul>\n<li>Pamatdarb\u012bbas Nr.1 (KA1) Profesion\u0101l\u0101s izgl\u012bt\u012bbas sektora projekts <a href=\"https:\/\/www.rdks.lv\/lv\/culture-connection-vol-2\/\"><strong>Culture <\/strong><strong>Connection Vol. 2<\/strong><\/a><br \/>\n(identifik\u0101cijas Nr. 2024-1-LV01-KA121-VET-000202617)<\/li>\n<li>Pamatdarb\u012bbas Nr.2 (KA2) Profesion\u0101l\u0101s izgl\u012bt\u012bbas sektora projekts <a href=\"https:\/\/www.rdks.lv\/lv\/more-than-music\/\"><b>More than Music<\/b><\/a><br \/>\n(identifik\u0101cijas Nr. 2024-1-FI01-KA220-VET-000248414)<\/li>\n<li>Pamatdarb\u012bbas Nr.1 (KA1) Profesion\u0101l\u0101s izgl\u012bt\u012bbas sektora projekts <a href=\"https:\/\/www.rdks.lv\/lv\/culture-connection\/\"><strong>Culture Connection<\/strong><\/a><br \/>\n(identifik\u0101cijas Nr. 2023-1-LV01-KA-121-VET-<wbr \/>000131009)<\/li>\n<li>Pamatdarb\u012bbas Nr.1 (KA1) Profesion\u0101l\u0101s izgl\u012bt\u012bbas sektora projekts <strong><a href=\"https:\/\/www.rdks.lv\/erasmus-2022-2023\/\">Collaborate for Culture<\/a><\/strong><br \/>\n(identifik\u0101cijas Nr. 2022-1-LV01-KA121-VET-000062637)<\/li>\n<li>Pamatdarb\u012bbas Nr.1 (KA1) Profesion\u0101l\u0101s izgl\u012bt\u012bbas sektora projekts <strong><a href=\"http:\/\/www.rdks.lv\/lingua-franca-of-arts\/\">Lingua Franca of Arts<\/a>\u00a0<\/strong><br \/>\n(identifik\u0101cijas Nr.2021-1-LV01-KA122-VET-000017132)<\/li>\n<li>Pamatdarb\u012bbas Nr.1 (KA1) Profesion\u0101l\u0101s izgl\u012bt\u012bbas sektora projekts <strong><a href=\"http:\/\/www.rdks.lv\/experience-art\/\">Experience Art<\/a>\u00a0<\/strong><br \/>\n(identifik\u0101cijas Nr.2018-A-LV01-KA102-046860)<\/li>\n<li>Pamatdarb\u012bbas Nr.2 (KA2) Profesion\u0101l\u0101s izgl\u012bt\u012bbas sektora projekts <a href=\"http:\/\/www.rdks.lv\/macibas\/projekti\/erasmus\/musicxchain\/\"><strong>MusicXchain<\/strong><\/a><br \/>\n(identifik\u0101cijas Nr. 2017-1-FI01-KA202-034776)<\/li>\n<li>Pamatdarb\u012bbas Nr.1 (KA1) Profesion\u0101l\u0101s izgl\u012bt\u012bbas sektora projekts <a href=\"http:\/\/www.rdks.lv\/macibas\/projekti\/erasmus\/music-across-europe\/\"><strong>Music across Europe<\/strong><\/a><br \/>\n(identifik\u0101cijas Nr.2016-1-LV01-KA102-022517)<\/li>\n<\/ul>\n<hr \/>\n<p><strong>Valsts izgl\u012bt\u012bbas att\u012bst\u012bbas a\u0123ent\u016bras Erasmus akredit\u0101cija MIKC Nacion\u0101lajai M\u0101kslu vidusskolai:<\/strong><\/p>\n<p>Akredit\u0101cijas periods: 2022. gada 1. febru\u0101ris \u2013 2027. gada 31. decembris<br \/>\nAkredit\u0101cijas identifik\u0101cijas Nr. LV01\/KA120\/VET\/2021\/003<\/p>\n<p><a href=\"http:\/\/www.rdks.lv\/wp-content\/uploads\/2023\/05\/erasmus-akred.jpg\"><img loading=\"lazy\" decoding=\"async\" class=\"alignnone wp-image-14959\" src=\"http:\/\/www.rdks.lv\/wp-content\/uploads\/2023\/05\/erasmus-akred-300x212.jpg\" alt=\"\" width=\"410\" height=\"290\" srcset=\"https:\/\/www.rdks.lv\/wp-content\/uploads\/2023\/05\/erasmus-akred-300x212.jpg 300w, https:\/\/www.rdks.lv\/wp-content\/uploads\/2023\/05\/erasmus-akred-1024x724.jpg 1024w, https:\/\/www.rdks.lv\/wp-content\/uploads\/2023\/05\/erasmus-akred-768x543.jpg 768w, https:\/\/www.rdks.lv\/wp-content\/uploads\/2023\/05\/erasmus-akred-1536x1086.jpg 1536w, https:\/\/www.rdks.lv\/wp-content\/uploads\/2023\/05\/erasmus-akred.jpg 1755w\" sizes=\"auto, (max-width: 410px) 100vw, 410px\" \/><\/a><\/p>\n<p>Erasmus akredit\u0101cija:<\/p>\n<ul>\n<li>sniedz iesp\u0113ju vienk\u0101r\u0161ot\u0101 k\u0101rt\u012bb\u0101 pieteikties atbalstam mobilit\u0101tes projektiem;<\/li>\n<li>apliecina organiz\u0101cijas pl\u0101nu \u012bstenot augstas kvalit\u0101tes mobilit\u0101ti k\u0101 organiz\u0101cijas att\u012bst\u012bbas pas\u0101kumu kopuma sast\u0101vda\u013cu;<\/li>\n<li>paredz\u0113ta, lai rosin\u0101tu organiz\u0101cijas strat\u0113\u0123iski pl\u0101not mobilit\u0101ti organiz\u0101cijas att\u012bst\u012bbas veicin\u0101\u0161anai;<\/li>\n<li>ietver Erasmus kvalit\u0101tes standartus, kas j\u0101iev\u0113ro akredit\u0113taj\u0101m organiz\u0101cij\u0101m.<\/li>\n<\/ul>\n<h4><img loading=\"lazy\" decoding=\"async\" class=\"wp-image-7079 aligncenter\" src=\"http:\/\/www.rdks.lv\/wp-content\/uploads\/2018\/01\/eu_flag_co_funded_pos_rgb_right.jpg\" alt=\"\" width=\"370\" height=\"106\" \/><\/h4>\n","protected":false},"excerpt":{"rendered":"<p>R\u012bgas Doma kora skola realiz\u0113 Erasmus+ programmas projektu Nr. 2025-1-LV01-KA121-VET-000334610. ERASMUS+ m\u0101c\u012bbu mobilit\u0101\u0161u m\u0113r\u0137is ir g\u016bt starptautisku pieredzi valst\u012b \u0101rpus Latvijas, demonstr\u0113t konkur\u0113tsp\u0113j\u012bgas profesion\u0101las sp\u0113jas starptautisk\u0101 vid\u0113, veicin\u0101t skolas paman\u0101m\u012bbu un apliecin\u0101t savu prasmju izcil\u012bbu, piedal\u012bties meistarklas\u0113s un stund\u0101s pie \u0101rzemju pedagogiem, izzin\u0101t \u0101rzemju pedagogu metodolo\u0123ijas, k\u0101 ar\u012b veidot jaunus kontaktus. Pla\u0161\u0101ka inform\u0101cija: linda.samsone@nmv.gov.lv Realiz\u0113tie&#8230;<\/p>\n","protected":false},"author":16,"featured_media":0,"parent":3699,"menu_order":1,"comment_status":"closed","ping_status":"closed","template":"","meta":{"cybocfi_hide_featured_image":"","footnotes":""},"class_list":["post-5076","page","type-page","status-publish","hentry"],"_links":{"self":[{"href":"https:\/\/www.rdks.lv\/en\/wp-json\/wp\/v2\/pages\/5076","targetHints":{"allow":["GET"]}}],"collection":[{"href":"https:\/\/www.rdks.lv\/en\/wp-json\/wp\/v2\/pages"}],"about":[{"href":"https:\/\/www.rdks.lv\/en\/wp-json\/wp\/v2\/types\/page"}],"author":[{"embeddable":true,"href":"https:\/\/www.rdks.lv\/en\/wp-json\/wp\/v2\/users\/16"}],"replies":[{"embeddable":true,"href":"https:\/\/www.rdks.lv\/en\/wp-json\/wp\/v2\/comments?post=5076"}],"version-history":[{"count":66,"href":"https:\/\/www.rdks.lv\/en\/wp-json\/wp\/v2\/pages\/5076\/revisions"}],"predecessor-version":[{"id":18403,"href":"https:\/\/www.rdks.lv\/en\/wp-json\/wp\/v2\/pages\/5076\/revisions\/18403"}],"up":[{"embeddable":true,"href":"https:\/\/www.rdks.lv\/en\/wp-json\/wp\/v2\/pages\/3699"}],"wp:attachment":[{"href":"https:\/\/www.rdks.lv\/en\/wp-json\/wp\/v2\/media?parent=5076"}],"curies":[{"name":"wp","href":"https:\/\/api.w.org\/{rel}","templated":true}]}}