{"id":4150,"date":"2016-02-19T11:25:14","date_gmt":"2016-02-19T09:25:14","guid":{"rendered":"http:\/\/www.rdks.lv\/?page_id=4150"},"modified":"2026-02-26T13:17:15","modified_gmt":"2026-02-26T11:17:15","slug":"metodiskais-darbs","status":"publish","type":"page","link":"https:\/\/www.rdks.lv\/en\/metodiskais-darbs\/","title":{"rendered":"Methodical work"},"content":{"rendered":"<h4><span style=\"color: #003366;\"><a style=\"color: #003366;\" href=\"http:\/\/www.rdks.lv\/metodiskais-darbs\/vispareja-izglitiba\/\" target=\"_blank\" rel=\"noopener\">Visp\u0101r\u0113jo m\u0101c\u012bbu priek\u0161metu pedagogu veidotie metodiskie materi\u0101li<\/a><\/span><\/h4>\n<h4><span style=\"color: #003366;\"><a style=\"color: #003366;\" href=\"http:\/\/www.rdks.lv\/metodiskais-darbs\/muzikas-izglitiba\/\">M\u016bzikas m\u0101c\u012bbu priek\u0161metu pedagogu veidotie metodiskie materi\u0101li<\/a><\/span><\/h4>\n<h4><span style=\"color: #003366;\"><a style=\"color: #003366;\" href=\"http:\/\/www.rdks.lv\/metodiskais-darbs\/kursi-un-seminari\/\" target=\"_blank\" rel=\"noopener\">RDKS organiz\u0113t\u0101s meistarklases un semin\u0101ri<\/a><\/span><\/h4>\n","protected":false},"excerpt":{"rendered":"<p>Visp\u0101r\u0113jo m\u0101c\u012bbu priek\u0161metu pedagogu veidotie metodiskie materi\u0101li M\u016bzikas m\u0101c\u012bbu priek\u0161metu pedagogu veidotie metodiskie materi\u0101li RDKS organiz\u0113t\u0101s meistarklases un semin\u0101ri<\/p>\n","protected":false},"author":16,"featured_media":0,"parent":0,"menu_order":4,"comment_status":"closed","ping_status":"closed","template":"","meta":{"cybocfi_hide_featured_image":"","footnotes":""},"class_list":["post-4150","page","type-page","status-publish","hentry"],"_links":{"self":[{"href":"https:\/\/www.rdks.lv\/en\/wp-json\/wp\/v2\/pages\/4150","targetHints":{"allow":["GET"]}}],"collection":[{"href":"https:\/\/www.rdks.lv\/en\/wp-json\/wp\/v2\/pages"}],"about":[{"href":"https:\/\/www.rdks.lv\/en\/wp-json\/wp\/v2\/types\/page"}],"author":[{"embeddable":true,"href":"https:\/\/www.rdks.lv\/en\/wp-json\/wp\/v2\/users\/16"}],"replies":[{"embeddable":true,"href":"https:\/\/www.rdks.lv\/en\/wp-json\/wp\/v2\/comments?post=4150"}],"version-history":[{"count":22,"href":"https:\/\/www.rdks.lv\/en\/wp-json\/wp\/v2\/pages\/4150\/revisions"}],"predecessor-version":[{"id":18232,"href":"https:\/\/www.rdks.lv\/en\/wp-json\/wp\/v2\/pages\/4150\/revisions\/18232"}],"wp:attachment":[{"href":"https:\/\/www.rdks.lv\/en\/wp-json\/wp\/v2\/media?parent=4150"}],"curies":[{"name":"wp","href":"https:\/\/api.w.org\/{rel}","templated":true}]}}