{"id":4127,"date":"2016-02-19T11:29:29","date_gmt":"2016-02-19T09:29:29","guid":{"rendered":"http:\/\/www.rdks.lv\/?page_id=4127"},"modified":"2016-04-19T16:56:36","modified_gmt":"2016-04-19T13:56:36","slug":"citads-rammstein","status":"publish","type":"page","link":"https:\/\/www.rdks.lv\/en\/macibas\/projekti\/citads-rammstein\/","title":{"rendered":"Different Rammstein"},"content":{"rendered":"<h3><strong>Cit\u0101ds Rammstein\u00a0<\/strong><\/h3>\n<p style=\"text-align: justify;\">2012. gada 7. febru\u0101r\u012b skolu p\u0101r\u0161alca zi\u0146a par to, ka R\u012bgas Doma kora skolas audz\u0113k\u0146iem tiek dota fantastiska iesp\u0113ja iesild\u012bt v\u0101cu rokgrupu\u00a0<em>Rammstein<\/em> uz Ar\u0113na R\u012bga skatuves ar div\u0101m aran\u017eij\u0101m korim &#8211; <em>Ohne dich <\/em>un <em>Stein um Stein<\/em>! Tom\u0113r \u0161\u012b iesp\u0113ja bija ne tikai veiksme, bet ar\u012b vair\u0101ku gadu sagatavo\u0161an\u0101s darbs un r\u016bp\u012bgi izstr\u0101d\u0101ts projekts.<\/p>\n<p style=\"text-align: justify;\">Pirmo reizi Latvij\u0101 popul\u0101r\u0101s v\u0101cu rokgrupas Rammstein <a href=\"http:\/\/www.rdks.lv\/wp-content\/uploads\/2016\/02\/006.jpg\" rel=\"attachment wp-att-4194\"><img loading=\"lazy\" decoding=\"async\" class=\"alignright wp-image-4194\" src=\"http:\/\/www.rdks.lv\/wp-content\/uploads\/2016\/02\/006.jpg\" alt=\"006\" width=\"226\" height=\"150\" \/><\/a>dziesmu aran\u017eijas korim tiek izveidotas R\u012bgas Doma kora skol\u0101. Idejas autore ir v\u0101cu valodas skolot\u0101ja, dabas aizsardz\u012bbas akt\u012bviste un Rammstein m\u016bzikas\u00a0 cien\u012bt\u0101ja Guna Grimsta.<\/p>\n<p style=\"text-align: justify;\">2005. gad\u0101 I kursa audz\u0113knis J\u0101nis \u0136irsis dziesmai \u201eOhne dich\u201d izveido aran\u017eiju korim, kas k\u013c\u016bst par skol\u0101 visbie\u017e\u0101k izpild\u012bto Ramm aran\u017eiju. Pirmatska\u0146ojums &#8211; 2005. gada 25. apr\u012bl\u012b P\u0101vilostas Pel\u0113kajai k\u0101pai velt\u012btaj\u0101 pas\u0101kum\u0101. Dzied vidusskolas audz\u0113k\u0146i, solo izpilda Niks Matvejevs. Pateicoties ar\u012b RDKS audz\u0113k\u0146u akt\u012bvai iesaistei, 2007. gad\u0101 tiek apstiprin\u0101ts Eiropas noz\u012bmes NATURA 2000 dabas liegums \u201eP\u0101vilostas pel\u0113k\u0101 k\u0101pa\u201d.<br \/>\n<iframe loading=\"lazy\" src=\"https:\/\/www.youtube.com\/embed\/UA9L31zdfMk\" width=\"420\" height=\"315\" frameborder=\"0\" allowfullscreen=\"allowfullscreen\"><\/iframe><\/p>\n<p>Dabas lieguma 3 gadu jubileja ar RDKS piedal\u012b\u0161anos:<br \/>\n<iframe loading=\"lazy\" src=\"https:\/\/www.youtube.com\/embed\/wTwY-mX20eo\" width=\"420\" height=\"315\" frameborder=\"0\" allowfullscreen=\"allowfullscreen\"><\/iframe><\/p>\n<p>Dabas lieguma 5 gadu jubileja ar RDKS piedal\u012b\u0161anos:<br \/>\n<a href=\"https:\/\/www.youtube.com\/watch?v=oP75ycTuaXk\" target=\"_blank\">https:\/\/www.youtube.com\/watch?v=oP75ycTuaXk<\/a><\/p>\n<p>Buklets:<br \/>\n<a href=\"http:\/\/www.zemesdraugi.lv\/documents\/Peleka%20kapa.pdf\">http:\/\/www.zemesdraugi.lv\/documents\/Peleka%20kapa.pdf<\/a><\/p>\n<hr \/>\n<p style=\"text-align: justify;\">2010. gada 25. febru\u0101r\u012b, gatavojoties Rammstein koncertam R\u012bg\u0101, skol\u0101 notiek pirmais Rammkoncerts (Rammcerts) \u201eRammstein ist f\u00fcr alle da\u201d. Organizatore Guna Grimsta, organizatores un koordinatores Evija Sku\u0137e un Laima Ledi\u0146a.<\/p>\n<p style=\"text-align: justify;\">Piedal\u0101s: Evija Sku\u0137e, Laima Ledi\u0146a, Ilona Popova, D\u0101rta Treija, Mat\u012bss Tu\u010ds, Ieva Lavrinovi\u010da, J\u0113kabs Jan\u010devskis, Ren\u0101rs Procenko, Aivis Greters, Rihards Zari\u0146\u0161, Niks Evalds, Rinalds Maksimovs, D\u0101vis Mazurenko, Francis Upaciers, Kristaps Andris Austers.<span style=\"color: #ff0000;\"><br \/>\n<\/span><\/p>\n<ul>\n<ul>\n<li>Fr\u00fchling in Paris \u2013 Evijas Sku\u0137es aran\u017eija \u010delliem un \u0123it\u0101rai, solo Laima Ledi\u0146a, \u0123it\u0101ra Niks Evalds.<\/li>\n<\/ul>\n<\/ul>\n<p><iframe loading=\"lazy\" src=\"https:\/\/www.youtube.com\/embed\/D0df0S3cRCc\" width=\"420\" height=\"315\" frameborder=\"0\" allowfullscreen=\"allowfullscreen\"><\/iframe><\/p>\n<ul>\n<ul>\n<li>Wiener Blut <strong>&#8211; <\/strong>Evijas Sku\u0137es aran\u017eija instrument\u0101lai grupai.<\/li>\n<li>Mutter \u2013 J\u0113kaba Jan\u010devska klavieru improviz\u0101cija.<\/li>\n<\/ul>\n<\/ul>\n<p><iframe loading=\"lazy\" src=\"https:\/\/www.youtube.com\/embed\/vVJd7xxLYCE\" width=\"420\" height=\"315\" frameborder=\"0\" allowfullscreen=\"allowfullscreen\"><\/iframe><\/p>\n<ul>\n<ul>\n<li>Ohne dich \u2013 J\u0101\u0146a \u0136ir\u0161a aranzija korim, solo J\u0113kabs Jan\u010devskis.<\/li>\n<\/ul>\n<\/ul>\n<p><iframe loading=\"lazy\" src=\"https:\/\/www.youtube.com\/embed\/9SiWH6EpUV8\" width=\"420\" height=\"315\" frameborder=\"0\" allowfullscreen=\"allowfullscreen\"><\/iframe><\/p>\n<ul>\n<li>Keine Lust \u2013 kaverversija, solo Ren\u0101rs Procenko.<\/li>\n<\/ul>\n<p style=\"text-align: justify;\">2010. gada 4. mart\u0101 Ohne dich tiek nodzied\u0101ts Rammstein mened\u017eerim. Dal\u012bbnieki ar FBI starpniec\u012bbu ieg\u016bst br\u012bvbi\u013cetes uz Rammstein koncertu.<\/p>\n<hr \/>\n<p style=\"text-align: justify;\">2012. gada janv\u0101r\u012b un febru\u0101r\u012b, gatavojoties k\u0101rt\u0113jam Rammstein koncertam R\u012bg\u0101, tiek izveidots Ramm aran\u017eiju koncertcikls R\u012bg\u0101 \u2013 kult\u016bras centr\u0101 \u201eI\u013c\u0123uciems\u201d, LELB Jaunie\u0161u centra Lielaj\u0101 z\u0101l\u0113, koncertz\u0101les \u201eLiel\u0101 \u0122ilde\u201d Minsteres z\u0101l\u0113, \u0122ertr\u016bdes ielas te\u0101tr\u012b. RDKS audz\u0113k\u0146i un absolventi, k\u0101 ar\u012b J\u0101zepa V\u012btola Latvijas m\u016bzikas akad\u0113mijas studenti sniedz \u010detrus\u00a0<strong>Latvij\u0101 nebiju\u0161us\u00a0v\u0101cu rokgrupas Rammstein dziesmu aran\u017eiju koncertus \u2013\u00a0aran\u017eijas korim, solistam, st\u012bgu kvartetam un \u0123it\u0101rai, d\u017eeza grupai.\u00a0<\/strong>Pirmoreiz Latvij\u0101 izskan Rammstein dziesmu tulkojumi latvie\u0161u valod\u0101.<\/p>\n<p style=\"text-align: justify;\"><a href=\"http:\/\/www.rdks.lv\/wp-content\/uploads\/2016\/02\/Rammcerts_-_1_1.jpg\" rel=\"attachment wp-att-4198\"><img loading=\"lazy\" decoding=\"async\" class=\"alignleft wp-image-4198\" src=\"http:\/\/www.rdks.lv\/wp-content\/uploads\/2016\/02\/Rammcerts_-_1_1.jpg\" alt=\"Rammcerts_-_1_1\" width=\"376\" height=\"250\" \/><\/a>Organiz\u0113t\u0101jas un koordinatores Guna Grimsta un Austra Matveja. Afi\u0161u izveidot\u0101ji Austra Matveja un Niks Evalds. Paldies Kates Jurkas mammai par afi\u0161u bezmaksas izgatavo\u0161anu!<\/p>\n<p style=\"text-align: justify;\">Piedal\u0101s: Valdis Avoti\u0146\u0161, Toms Andersons, M\u0101ra Bula, Arta Urzula Goldmane, Alberts Levits, Rihards Kolmanis, Marija Lu\u012bze Kalni\u0146a, Laura Pere\u0161ivana, Vilhelms V\u0101cietis, Ren\u0101rs Procenko, Aivis Greters, Gerda Gri\u0137e, Ieva Lavrinovi\u010da, Aleksandrs Okonovs, Inese Stupele, Mat\u012bss Tu\u010ds, Jur\u0123is C\u0101bulis, J\u0113kabs Jan\u010devskis, L\u012bga Liedskalni\u0146a, Kri\u0161s Pozemkovskis, J\u0101nis Ro\u017ekalns, Stef\u0101nija Sidorenko, M\u0101ra Vaickovska, Linda Vicinska, Vizma Zvaigzne, Krist\u012bne Freimane, Ieva Zilauce, Laura \u0160toma, J\u0101nis P\u0113lmanis, L\u012bga Lebeda, Laima Vikmane, Und\u012bne Kriev\u0101ne, Kar\u012bna Pundzjus, Laima Ledi\u0146a, Arta J\u0101kabsone, Francis Upaciers, D\u0101vis Mazurenko, Sintija Grigorjeva, Evija Sku\u0137e, Austra Matveja, Niks Evalds, D\u0101rta Treija, Gatis \u0160\u0146ukuts, Lelde C\u012bmure, Margarita Kairova, Mareks Radz\u0113vi\u010ds, Helga Luk\u0161evica, M\u0101rti\u0146\u0161 Gailis.<\/p>\n<p style=\"text-align: justify;\">Visi dal\u012bbnieki ar V\u0101cijas v\u0113stniec\u012bbas starpniec\u012bbu ieg\u016bst br\u012bvbi\u013cetes uz Rammstein koncertu.<\/p>\n<p style=\"text-align: justify;\">Konferansj\u0113 Vizma Zvaigzne un Mat\u012bss Tu\u010ds.\u00a0\u00a0Tulkojums dziesmu satura \u012bssavilkumam latvie\u0161u valod\u0101 \u2013 K\u0101rlis Jaunslavietis un K\u0101rlis Moors.<\/p>\n<p style=\"text-align: justify;\">Programm\u0101:<\/p>\n<ol>\n<li>Rammlied &#8211; Evijas Sku\u0137es aran\u017eija korim, diri\u0123\u0113 Laima Ledi\u0146a; <a href=\"http:\/\/www.rdks.lv\/wp-content\/uploads\/2016\/02\/Ramm_plakats_420x297_100gab.jpg\" rel=\"attachment wp-att-4205\"><img loading=\"lazy\" decoding=\"async\" class=\"alignright wp-image-4205\" src=\"http:\/\/www.rdks.lv\/wp-content\/uploads\/2016\/02\/Ramm_plakats_420x297_100gab.jpg\" alt=\"Ramm_plakats_420x297_100gab\" width=\"200\" height=\"283\" \/><\/a><\/li>\n<li style=\"text-align: justify;\">Ohne dich \u2013 J\u0101\u0146a \u0136ir\u0161a aran\u017eija korim, solo J\u0113kabs Jan\u010devskis, diri\u0123\u0113 Laima Ledi\u0146a;<\/li>\n<li style=\"text-align: justify;\">Ein Lied &#8211; M\u0101ras Bulas aran\u017eija d\u017eeza ansamblim: \u0123it\u0101ra \u2013 M\u0101ra Bula, bungas \u2013 Valdis Avoti\u0146\u0161, klavieres \u2013 Arta Urzula Goldmane, bas\u0123it\u0101ra \u2013 Alberts Levics, saksofons \u2013 Toms Andersons;<\/li>\n<li style=\"text-align: justify;\">Seemann &#8211; M\u0101ras Bulas aran\u017eija d\u017eeza ansamblim: \u0123it\u0101ra \u2013 M\u0101ra Bula, bungas \u2013 Valdis Avoti\u0146\u0161, klavieres \u2013 Arta Urzula Goldmane, bas\u0123it\u0101ra \u2013 Alberts Levics, saksofons \u2013 Toms Andersons;<\/li>\n<li style=\"text-align: justify;\">Feuer und Wasser \u2013 M\u0101ras Bulas aran\u017eija d\u017eeza ansamblim: \u0123it\u0101ra \u2013 M\u0101ra Bula, bungas \u2013 Valdis Avoti\u0146\u0161, klavieres \u2013 Arta Urzula Goldmane, bas\u0123it\u0101ra \u2013 Alberts Levics, saksofons \u2013 Toms Andersons;<\/li>\n<li style=\"text-align: justify;\">Rosenrot \u2013 Kri\u0161a Pozemkovska aran\u017eija korim, solo Kri\u0161s Pozemkovskis, pie klavier\u0113m J\u0113kabs Jan\u010devskis, diri\u0123\u0113 Aivis Greters;<\/li>\n<li style=\"text-align: justify;\">Mehr\/V\u0113l\u2013 Kri\u0161a Pozemkovska aran\u017eija korim, Nika Evalda tulkojums latvie\u0161u valod\u0101, solo Kri\u0161s Pozemkovskis, diri\u0123\u0113 Aivis Greters;<\/li>\n<li style=\"text-align: justify;\">Seemann\/J\u016brnieks &#8211; Evijas Sku\u0137es aran\u017eija solistam un st\u012bgu kvartetam, Austras Matvejas tulkojums latvie\u0161u valod\u0101, solo Laima Ledi\u0146a, st\u012bgu kvartets: vijoles \u2013 Lelde C\u012bmure, Margarita Kairova; \u010delli &#8211; Helga Luk\u0161evica, M\u0101rti\u0146\u0161 Gailis,<\/li>\n<li style=\"text-align: justify;\">Mutter \u2013 J\u0113kaba Jan\u010devska klavieru improviz\u0101cija;<\/li>\n<li style=\"text-align: justify;\">Stirb nicht vor mir &#8211; J\u0101\u0146a P\u0113lma\u0146a aran\u017eija, solo Gerda Gri\u0137e un Ren\u0101rs Procenko, \u0123it\u0101ra &#8211; Rihards Kolmanis, vijoles &#8211; Marija Lu\u012bze Kalni\u0146a un Arta J\u0113kabsone, \u010delli- Ieva Lavrinovi\u010da un Ieva Rijniece;<\/li>\n<li style=\"text-align: justify;\">Wiener Blut \u2013 Evijas sku\u0137es aran\u017eija st\u012bgu kvartetam un bung\u0101m, st\u012bgu kvartets: vijoles \u2013 Lelde C\u012bmure, Margarita Kairova; \u010delli &#8211; Helga Luk\u0161evica, M\u0101rti\u0146\u0161 Gailis; bungas \u2013 Valdis Avoti\u0146\u0161;<\/li>\n<li style=\"text-align: justify;\">Roter Sand &#8211; J\u0113kaba Jan\u010devska aran\u017eija korim, diri\u0123\u0113 J\u0113kabs Jan\u010devskis;<a href=\"http:\/\/www.rdks.lv\/wp-content\/uploads\/2016\/02\/DSC_0556.jpg\" rel=\"attachment wp-att-4199\"><img loading=\"lazy\" decoding=\"async\" class=\"alignright wp-image-4199\" src=\"http:\/\/www.rdks.lv\/wp-content\/uploads\/2016\/02\/DSC_0556.jpg\" alt=\"DSC_0556\" width=\"333\" height=\"250\" \/><\/a><\/li>\n<li style=\"text-align: justify;\">Stein um Stein &#8211; Evijas Sku\u0137es aran\u017eija korim, solo Laima Ledi\u0146a, diri\u0123\u0113 L\u012bga Liedskalni\u0146a;<\/li>\n<li style=\"text-align: justify;\">Fr\u00fchling in Paris \u2013 Evijas Sku\u0137es aran\u017eija solistam, \u010delliem un \u0123it\u0101rai, solo Laima Ledi\u0146a.<\/li>\n<\/ol>\n<p style=\"text-align: justify;\">2012. gada 7. febru\u0101r\u012b Rammcertu dal\u012bbniekiem tiek dota l\u012bdz \u0161im nebijusi iesp\u0113ja: iesild\u012bt v\u0101cu rokgrupu\u00a0<em>Rammstein<\/em> uz Ar\u0113na R\u012bga skatuves ar div\u0101m aran\u017eij\u0101m korim &#8211; <em>Ohne dich <\/em>un <em>Stein um Stein<\/em>!<\/p>\n<p style=\"text-align: justify;\">\u0160\u012b iesp\u0113ja tiek realiz\u0113ta ar V\u0101cijas v\u0113stniec\u012bbas darbinieku &#8211; Kult\u016bras referentes Wiebke Brahe un Policijas sakaru virsnieka Latvij\u0101 Oliver Fricke &#8211; starpniec\u012bbu. Paldies Marijas Lu\u012bzes Kalni\u0146as m\u0101tei par V\u0101cijas v\u0113stniec\u012bbas p\u0101rst\u0101vju uzaicin\u0101\u0161anu uz rammcertu \u0122ertr\u016bdes ielas te\u0101tr\u012b!<\/p>\n<hr \/>\n<p style=\"text-align: justify;\"><strong>&#8220;K\u0101 iem\u012bl\u0113t v\u0101cu valodu?<\/strong><\/p>\n<p style=\"text-align: justify;\">Prasm\u012bgi sarg\u0101jot unik\u0101las dabas st\u016br\u012bti \u2013 P\u0101vilostas pel\u0113ko k\u0101pu \u2013 no \u013cau\u017eu p\u0101ridar\u012bjuma, skolot\u0101ja Guna Grimsta br\u012bvaj\u0101 laik\u0101 m\u0101ca v\u0101cu valodu R\u012bgas Doma kora skolas audz\u0113k\u0146iem. Un veiksm\u012bgi. Nu jau vienpadsmito gadu. Ar\u012b netradicion\u0101li \u2013 \u0161oreiz ar slaven\u0101 v\u0101cu industri\u0101l\u0101 roka giganta <em>Rammstein<\/em> starpniec\u012bbu. Brrr! T\u0101 rea\u0123\u0113s skepti\u0137i. Tom\u0113r virsroku \u0146\u0113musi uzzi\u0146as k\u0101re, ko vistie\u0161\u0101k raksturo IV kursa audz\u0113k\u0146a Kri\u0161a Pozemkovska nu jau sp\u0101rnotais teiciens, ka \u201c<em>Rammstein<\/em> nav tikai bungas un bass&#8230;\u201d Labi, labi! Bet kas tad v\u0113l \u201ctaj\u0101\u201d atrodams?<\/p>\n<p style=\"text-align: justify;\">P\u0101rliecino\u0161u atbildi sa\u0146\u0113m\u0101m 19. janv\u0101ra koncert\u0101, \u0161\u0101da v\u0113riena pas\u0101kumam neatbilsto\u0161aj\u0101, nelielaj\u0101 kora klas\u0113. Jo liel\u0101ku telpu \u0161obr\u012bd skolai nav! Koncerts v\u0113rt\u0113jams k\u0101 \u013coti simp\u0101tisks m\u016bsu audz\u0113k\u0146u sagatavots jaunrades produkts. T\u0101 pievienot\u0101 v\u0113rt\u012bba ir v\u0113lme un prasme uzl\u016bkot <em>Rammstein<\/em> no cita skatupunkta \u2013 mekl\u0113jot, v\u0113t\u012bjot un atrodot emocijas sakni k\u0101 ska\u0146darba pievilc\u012bbas garantu.<\/p>\n<blockquote>\n<p style=\"text-align: justify;\">K\u0101 sarun\u0101ju\u0161i, aran\u017eiju autori <em>Rammstein<\/em> m\u016bziku iet\u0113rpu\u0161i latvie\u0161u klasisk\u0101s kora dziesmas romantiskaj\u0101s nokr\u0101s\u0101s, da\u017eviet ar bal\u0101disku nopietn\u012bbu, ko kopum\u0101 v\u0113rt\u0113ju k\u0101 veiksm\u012bgu uzdro\u0161in\u0101\u0161anos. Jauno diri\u0123entu\/solistu koris priec\u0113ja ar salied\u0113tu ansambli un patiesi izjustu, nians\u0113tu dzied\u0101jumu.<\/p>\n<\/blockquote>\n<p style=\"text-align: justify;\">Respekt\u0113jams ir kora jauno v\u012bru grupas skan\u0113juma salied\u0113tais pamats \u2013 ar daudzsolo\u0161iem tenoriem, baritoniem un pat zemo basu! Koris r\u016bp\u012bgi un disciplin\u0113ti sekoja savu kol\u0113\u0123u\/diri\u0123entu iecer\u0113m. \u013boti atsvaidzino\u0161i izskan\u0113ja solistu un skolas D\u017eeza noda\u013cas instrument\u0101lais ansamblis \u2013 gan solo, gan pavad\u012bjumos. Atzin\u012bgi v\u0113rt\u0113ju kaimi\u0146skolas un biju\u0161o audz\u0113k\u0146u potenci\u0101la piesaisti. Visu jauno m\u0101kslinieku skatuvisk\u0101 st\u0101ja bija korekta. Priek\u0161nesumu sec\u012bba p\u0101rdom\u0101ta un raita. Vair\u0101ki audz\u0113k\u0146i muzic\u0113ja no galvas, pier\u0101dot klaus\u012bt\u0101jam savu p\u0101rliec\u012bbu. Pat m\u016b\u017edien kust\u012bgie vid\u0113jo kla\u0161u audz\u0113k\u0146i visu koncertu noklaus\u012bj\u0101s dzi\u013c\u0101 piet\u0101t\u0113 un velt\u012bja d\u0101snas ov\u0101cijas izpild\u012bt\u0101jiem. Ar\u012b es jutos priec\u012bgs par m\u016bsu audz\u0113k\u0146u rado\u0161umu, r\u016bp\u012bgumu un pan\u0101kumiem. Sajutu, ka ar\u012b v\u0101cu valodai m\u016bsu skol\u0101 ir zin\u0101ms presti\u017es.<\/p>\n<p style=\"text-align: justify;\">Skolot\u0101jas Gunas Grimstas gandar\u012bjums izpaud\u0101s emocion\u0101l\u0101 pateic\u012bb\u0101 \u2013 prieka asar\u0101s.<\/p>\n<p style=\"text-align: justify;\">J. Eren\u0161treits&#8221;<\/p>\n<hr \/>\n<p style=\"text-align: justify;\"><span style=\"color: #333333;\">2012. gada mart\u0101 piedal\u012b\u0161an\u0101s kafejn\u012bcas \u201e\u013be\u0146ingrad\u201d 15 gadu jubilejas svin\u012bbas, kas tiek r\u012bkotas, k\u0101 2 dienas ilgs festiv\u0101ls \u201eSp\u012b\u0137eru koncertz\u0101l\u0113\u201d. \u0160aj\u0101 pas\u0101kum\u0101<a href=\"http:\/\/www.rdks.lv\/wp-content\/uploads\/2016\/02\/Ramm_Valmiera_6.jpg\" rel=\"attachment wp-att-4201\"><img loading=\"lazy\" decoding=\"async\" class=\"alignleft wp-image-4201\" src=\"http:\/\/www.rdks.lv\/wp-content\/uploads\/2016\/02\/Ramm_Valmiera_6.jpg\" alt=\"Ramm_Valmiera_6\" width=\"300\" height=\"200\" \/><\/a> notiek pilns Rammstein aran\u017eiju cikla koncerts.<\/span><\/p>\n<p style=\"text-align: justify;\">2012. gada 12. maij\u0101 Valmier\u0101 notiek V\u0101cijas v\u0113stniec\u012bbas Latvij\u0101 r\u012bkot\u0101s V\u0101cijas dienas, k\u0101 paldies v\u0113stniec\u012bbai notiek koncerts Valmieras Kult\u016bras centr\u0101 ar kora, st\u012bgu ansamb\u013ca un solistu piedal\u012b\u0161anos.<\/p>\n<p style=\"text-align: justify;\">2012. gad\u0101 Guna Grimsta sa\u0146\u0113ma R\u012bgas Doma kora skolas Gada balvu par izcilu pedago\u0123isko darbu, \u012bstenojot RDKS rado\u0161os projektus. Balvu Guna Grimsta sa\u0146\u0113ma kop\u0101 ar Austru Matveju.<\/p>\n<p style=\"text-align: justify;\">2013. gad\u0101 viss RDKS jauktais koris tika uzaicin\u0101ts k\u0101 viesm\u0101kslinieki piedal\u012bties Eirov\u012bzijas dziesmu konkursa Latvijas atlas\u0113, izpildot dziesmu &#8220;Stein um Stein&#8221;. Diri\u0123ente L\u012bga Liedskalni\u0146a, soliste Laima Ledi\u0146a.<br \/>\n<iframe loading=\"lazy\" src=\"https:\/\/www.youtube.com\/embed\/1tnfCVhmSaE\" width=\"560\" height=\"315\" frameborder=\"0\" allowfullscreen=\"allowfullscreen\"><\/iframe><\/p>\n<hr \/>\n<p style=\"text-align: justify;\">Rammstein dziesmu aran\u017eiju cikls un Rammstein iesild\u012b\u0161ana Ar\u0113n\u0101 R\u012bga izrais\u012bja lielu pla\u0161sazi\u0146as interesi, tika izveidoti 7 TV si\u017eeti un raid\u012bjumi, publik\u0101cijas laikrakst\u0101 \u201eDiena\u201d un \u201eSkolas Diena\u201d, radio raid\u012bjumos Klasika \u201eR\u012bta regtaims\u201d, \u201eBB Brokastis\u201d, k\u0101 ar\u012b visos paz\u012bstam\u0101kajos elekoniskajos pla\u0161sai\u0146as l\u012bdzek\u013cos.<\/p>\n<p style=\"text-align: justify;\"><strong>Atsauksmes<\/strong> par koncertciklu un Rammstein iesild\u012b\u0161anu varat atrast \u0161eit:<\/p>\n<p>Radio:<br \/>\n<a href=\"https:\/\/pasts.tvnet.lv\/go\/?url=http%3A%2F%2Fklasika.lsm.lv%2Flv%2Flr%2Farhivs%2F%3Fchannel%3D3%26amp%3By%3D2012%26amp%3Bm%3D1%26amp%3Bd%3D25\">http:\/\/klasika.lsm.lv\/lv\/lr\/arhivs\/?channel=3&amp;y=2012&amp;m=1&amp;d=25<\/a>\u00a0 no 38. min\u016btes.<\/p>\n<p>Telev\u012bzij\u0101:<br \/>\nViss notiek:<br \/>\n<a href=\"http:\/\/www.vissnotiek.lv\/smaga-roka-koris\/\">http:\/\/www.vissnotiek.lv\/smaga-roka-koris\/<\/a><\/p>\n<p>Panor\u0101m\u0101:<br \/>\n<iframe loading=\"lazy\" src=\"https:\/\/www.youtube.com\/embed\/N5kcTWM7daY\" width=\"420\" height=\"315\" frameborder=\"0\" allowfullscreen=\"allowfullscreen\"><\/iframe><\/p>\n<p>100g kult\u016bras:<br \/>\n<iframe loading=\"lazy\" src=\"https:\/\/www.youtube.com\/embed\/JJ3P9a1jcQ0\" width=\"420\" height=\"315\" frameborder=\"0\" allowfullscreen=\"allowfullscreen\"><\/iframe><\/p>\n<p>LNT zi\u0146\u0101s:<br \/>\n<iframe loading=\"lazy\" src=\"https:\/\/www.youtube.com\/embed\/orx6nynI04M\" width=\"420\" height=\"315\" frameborder=\"0\" allowfullscreen=\"allowfullscreen\"><\/iframe><\/p>\n<p>LTV R\u012bta panor\u0101m\u0101:<br \/>\n<iframe loading=\"lazy\" src=\"https:\/\/www.youtube.com\/embed\/dC2tf8n1nT0\" width=\"420\" height=\"315\" frameborder=\"0\" allowfullscreen=\"allowfullscreen\"><\/iframe><\/p>\n<p>TV3 si\u017eets:<br \/>\n<iframe loading=\"lazy\" src=\"https:\/\/www.youtube.com\/embed\/N0ISduK977M\" width=\"420\" height=\"315\" frameborder=\"0\" allowfullscreen=\"allowfullscreen\"><\/iframe><\/p>\n<p>Vidzemes TV si\u017eets:<br \/>\n<iframe loading=\"lazy\" src=\"https:\/\/www.youtube.com\/embed\/bqTF-Tt39RY\" width=\"420\" height=\"315\" frameborder=\"0\" allowfullscreen=\"allowfullscreen\"><\/iframe><\/p>\n<p>Rammstein un Pel\u0113k\u0101 k\u0101pa &#8211; projekta kopsavilkums (2014):<br \/>\n<iframe loading=\"lazy\" src=\"https:\/\/www.youtube.com\/embed\/WcbR4I4GHpE\" width=\"420\" height=\"315\" frameborder=\"0\" allowfullscreen=\"allowfullscreen\"><\/iframe><\/p>\n<p>&nbsp;<\/p>\n<p>Laikrakst\u0101 \u201eDiena\u201d:<br \/>\n<a href=\"http:\/\/www.diena.lv\/sodien-laikraksta\/klasisks-rammstein-13926263\">http:\/\/www.diena.lv\/sodien-laikraksta\/klasisks-rammstein-13926263<\/a><br \/>\n<a href=\"http:\/\/www.diena.lv\/skolas-diena\/rammstein-iesilditaja-laima-izdzivot-visu-ko-gribas-13935037\">http:\/\/www.diena.lv\/skolas-diena\/rammstein-iesilditaja-laima-izdzivot-visu-ko-gribas-13935037<\/a><\/p>\n<p>Elekoniskajos pla\u0161sai\u0146as l\u012bdzek\u013cos:<br \/>\n<a href=\"http:\/\/www.tvnet.lv\/muzika\/latvija\/406637-skoleni_gatavo_rammstein_dziesmu_versijas\">http:\/\/www.tvnet.lv\/muzika\/latvija\/406637-skoleni_gatavo_rammstein_dziesmu_versijas<\/a><br \/>\n<a href=\"http:\/\/kultura.delfi.lv\/news\/music\/melomanija\/rigas-doma-kora-skolas-audzekni-izveidojusi-grupas-rammstein-dziesmu-aranzijas.d?id=42034086\">http:\/\/kultura.delfi.lv\/news\/music\/melomanija\/rigas-doma-kora-skolas-audzekni-izveidojusi-grupas-rammstein-dziesmu-aranzijas.d?id=42034086<\/a><br \/>\n<a href=\"http:\/\/www.ir.lv\/2012\/1\/5\/video-latviesi-dzied-rammstein-dziesmas-un-mekle-fanus\">http:\/\/www.ir.lv\/2012\/1\/5\/video-latviesi-dzied-rammstein-dziesmas-un-mekle-fanus<\/a><br \/>\n<a href=\"http:\/\/www.diena.lv\/diena-tv\/dzive\/rigas-doma-kora-skolas-audzekni-atskano-rammstein-dziesmas-un-aicina-atsaukties-fanus-13924439\">http:\/\/www.diena.lv\/diena-tv\/dzive\/rigas-doma-kora-skolas-audzekni-atskano-rammstein-dziesmas-un-aicina-atsaukties-fanus-13924439<\/a><br \/>\n<a href=\"http:\/\/izklaide.delfi.lv\/popmuzika\/melomanija\/koncerta-apskats-riga-atkal-plosas-rammstein.d?id=42115166\">http:\/\/izklaide.delfi.lv\/popmuzika\/melomanija\/koncerta-apskats-riga-atkal-plosas-rammstein.d?id=42115166<\/a><br \/>\n<a href=\"http:\/\/www.tvnet.lv\/muzika\/koncertu_apskati\/409815-rammstein_perkona_dardi_arena\">http:\/\/www.tvnet.lv\/muzika\/koncertu_apskati\/409815-rammstein_perkona_dardi_arena<\/a><br \/>\n<a href=\"http:\/\/www.apollo.lv\/portal\/fun\/articles\/264306\">http:\/\/www.apollo.lv\/portal\/fun\/articles\/264306<\/a><br \/>\n<a href=\"http:\/\/apollo.tvnet.lv\/zinas\/citads-rammstein-valmiera\/515396\">http:\/\/apollo.tvnet.lv\/zinas\/citads-rammstein-valmiera\/515396<\/a><br \/>\n<a href=\"http:\/\/www.diena.lv\/kd\/muzika\/rammstein-koncertu-riga-apmeklejusi-12-000-skatitaju-13930227\">http:\/\/www.diena.lv\/kd\/muzika\/rammstein-koncertu-riga-apmeklejusi-12-000-skatitaju-13930227<\/a><br \/>\n<a href=\"http:\/\/www.kasjauns.lv\/lv\/zinas\/71907\/arenas-riga-apsardze-aizturejusi-vairakus-parak-sakarsusus-grupas-rammstein-koncerta-apmekletajus\">http:\/\/www.kasjauns.lv\/lv\/zinas\/71907\/arenas-riga-apsardze-aizturejusi-vairakus-parak-sakarsusus-grupas-rammstein-koncerta-apmekletajus<\/a><br \/>\n<a href=\"http:\/\/www.kasjauns.lv\/lv\/zinas\/71836\/tils-lindemans-no-rammstein-uz-skatuves-riga-parsit-galvu-foto\">http:\/\/www.kasjauns.lv\/lv\/zinas\/71836\/tils-lindemans-no-rammstein-uz-skatuves-riga-parsit-galvu-foto<\/a><br \/>\n<a href=\"http:\/\/www.fbi.lv\/lv\/pasakums\/rammstein-07-02-2012.ev-11\/rammstein-koncertu-riiga-izpardota-arena-noskatas-12-000-skatiitaju-article.387\/\">http:\/\/www.fbi.lv\/lv\/pasakums\/rammstein-07-02-2012.ev-11\/rammstein-koncertu-riiga-izpardota-arena-noskatas-12-000-skatiitaju-article.387\/<\/a><br \/>\n<a href=\"http:\/\/www.db.lv\/foto-video\/foto\/uz-rammstein-koncertu-riga-ieradusies-12-tukstosi-skatitaju-251850\">http:\/\/www.db.lv\/foto-video\/foto\/uz-rammstein-koncertu-riga-ieradusies-12-tukstosi-skatitaju-251850<\/a><br \/>\n<a href=\"http:\/\/oyo.lv\/posts\/dienas-bizness-2012-feb-08-uz-rammstein-koncertu-riga-ieradusies-12-tukstosi-skatitaju\">http:\/\/oyo.lv\/posts\/dienas-bizness-2012-feb-08-uz-rammstein-koncertu-riga-ieradusies-12-tukstosi-skatitaju<\/a><br \/>\n<a href=\"http:\/\/www.mediji.lv\/?s=RAmmstein+Riga%20-youtube\">http:\/\/www.mediji.lv\/?s=RAmmstein+Riga%20-youtube<\/a><br \/>\n<a href=\"http:\/\/www.sapforums.lv\/index.php?t=87507\">http:\/\/www.sapforums.lv\/index.php?t=87507<\/a><br \/>\n<a href=\"http:\/\/www.diena.lv\/kd\/muzika\/zarks-joprojam-tukss-rammstein-riga-13929820\">http:\/\/www.diena.lv\/kd\/muzika\/zarks-joprojam-tukss-rammstein-riga-13929820<\/a><br \/>\n<a href=\"http:\/\/www.platforma.lv\/news\/article.php?id=1002455\">http:\/\/www.platforma.lv\/news\/article.php?id=1002455<\/a><br \/>\n<a href=\"http:\/\/www.draugiem.lv\/fbi\/\">http:\/\/www.draugiem.lv\/fbi\/<\/a><\/p>\n","protected":false},"excerpt":{"rendered":"<p>Cit\u0101ds Rammstein\u00a0 2012. gada 7. febru\u0101r\u012b skolu p\u0101r\u0161alca zi\u0146a par to, ka R\u012bgas Doma kora skolas audz\u0113k\u0146iem tiek dota fantastiska iesp\u0113ja iesild\u012bt v\u0101cu rokgrupu\u00a0Rammstein uz Ar\u0113na R\u012bga skatuves ar div\u0101m aran\u017eij\u0101m korim &#8211; Ohne dich un Stein um Stein! Tom\u0113r \u0161\u012b iesp\u0113ja bija ne tikai veiksme, bet ar\u012b vair\u0101ku gadu sagatavo\u0161an\u0101s darbs un r\u016bp\u012bgi izstr\u0101d\u0101ts&#8230;<\/p>\n","protected":false},"author":3,"featured_media":0,"parent":3699,"menu_order":3,"comment_status":"closed","ping_status":"closed","template":"","meta":{"cybocfi_hide_featured_image":"","footnotes":""},"class_list":["post-4127","page","type-page","status-publish","hentry"],"_links":{"self":[{"href":"https:\/\/www.rdks.lv\/en\/wp-json\/wp\/v2\/pages\/4127","targetHints":{"allow":["GET"]}}],"collection":[{"href":"https:\/\/www.rdks.lv\/en\/wp-json\/wp\/v2\/pages"}],"about":[{"href":"https:\/\/www.rdks.lv\/en\/wp-json\/wp\/v2\/types\/page"}],"author":[{"embeddable":true,"href":"https:\/\/www.rdks.lv\/en\/wp-json\/wp\/v2\/users\/3"}],"replies":[{"embeddable":true,"href":"https:\/\/www.rdks.lv\/en\/wp-json\/wp\/v2\/comments?post=4127"}],"version-history":[{"count":34,"href":"https:\/\/www.rdks.lv\/en\/wp-json\/wp\/v2\/pages\/4127\/revisions"}],"predecessor-version":[{"id":4488,"href":"https:\/\/www.rdks.lv\/en\/wp-json\/wp\/v2\/pages\/4127\/revisions\/4488"}],"up":[{"embeddable":true,"href":"https:\/\/www.rdks.lv\/en\/wp-json\/wp\/v2\/pages\/3699"}],"wp:attachment":[{"href":"https:\/\/www.rdks.lv\/en\/wp-json\/wp\/v2\/media?parent=4127"}],"curies":[{"name":"wp","href":"https:\/\/api.w.org\/{rel}","templated":true}]}}