{"id":3699,"date":"2015-12-02T15:48:42","date_gmt":"2015-12-02T13:48:42","guid":{"rendered":"http:\/\/www.rdks.lv\/?page_id=3699"},"modified":"2022-02-10T12:12:09","modified_gmt":"2022-02-10T10:12:09","slug":"projekti","status":"publish","type":"page","link":"https:\/\/www.rdks.lv\/en\/macibas\/projekti\/","title":{"rendered":"Projects"},"content":{"rendered":"\n<p><a href=\"http:\/\/www.rdks.lv\/macibas\/projekti\/erasmus\/\">Erasmus+<\/a><\/p>\n\n\n\n<p><a href=\"http:\/\/www.rdks.lv\/pumpurs\/\">Pumpurs<\/a><\/p>\n\n\n\n<p><a href=\"http:\/\/www.rdks.lv\/virtualo-meistarklasu-cikls\/\">Virtu\u0101lo meistarkla\u0161u cikls<\/a><\/p>\n\n\n\n<p><a href=\"http:\/\/www.rdks.lv\/attalinatas-macibas\/\">Att\u0101lin\u0101t\u0101s m\u0101c\u012bbas<\/a><\/p>\n\n\n\n<p><a href=\"http:\/\/www.rdks.lv\/macibas\/projekti\/stipendiju-fonds\/\">Stipendiju fonds<\/a><\/p>\n\n\n\n<p><a href=\"http:\/\/www.rdks.lv\/laudamus\/\">Laudamus+<\/a><\/p>\n\n\n\n<p><a href=\"http:\/\/www.rdks.lv\/rdks-25\/\">RDKS 25!<\/a><\/p>\n\n\n\n<p><a href=\"http:\/\/www.rdks.lv\/macibas\/projekti\/rdks-20\/\">RDKS 20!<\/a><\/p>\n\n\n\n<p><a href=\"http:\/\/www.rdks.lv\/rapapro\/\">RaPaPro<\/a><\/p>\n\n\n\n<p><a href=\"http:\/\/www.rdks.lv\/macibas\/latvijai-100\/\">Latvijai 100<\/a><\/p>\n\n\n\n<p><a href=\"http:\/\/www.rdks.lv\/macibas\/projekti\/citads-rammstein\/\">Cit\u0101ds Rammstein<\/a><\/p>\n\n\n\n<p><a href=\"http:\/\/www.rdks.lv\/macibas\/projekti\/esf-stipendijas\/\">ESF stipendijas<\/a><\/p>\n","protected":false},"excerpt":{"rendered":"<p>Erasmus+ Pumpurs Virtu\u0101lo meistarkla\u0161u cikls Att\u0101lin\u0101t\u0101s m\u0101c\u012bbas Stipendiju fonds Laudamus+ RDKS 25! RDKS 20! RaPaPro Latvijai 100 Cit\u0101ds Rammstein ESF stipendijas<\/p>\n","protected":false},"author":3,"featured_media":0,"parent":2760,"menu_order":5,"comment_status":"closed","ping_status":"closed","template":"","meta":{"cybocfi_hide_featured_image":"","footnotes":""},"class_list":["post-3699","page","type-page","status-publish","hentry"],"_links":{"self":[{"href":"https:\/\/www.rdks.lv\/en\/wp-json\/wp\/v2\/pages\/3699","targetHints":{"allow":["GET"]}}],"collection":[{"href":"https:\/\/www.rdks.lv\/en\/wp-json\/wp\/v2\/pages"}],"about":[{"href":"https:\/\/www.rdks.lv\/en\/wp-json\/wp\/v2\/types\/page"}],"author":[{"embeddable":true,"href":"https:\/\/www.rdks.lv\/en\/wp-json\/wp\/v2\/users\/3"}],"replies":[{"embeddable":true,"href":"https:\/\/www.rdks.lv\/en\/wp-json\/wp\/v2\/comments?post=3699"}],"version-history":[{"count":6,"href":"https:\/\/www.rdks.lv\/en\/wp-json\/wp\/v2\/pages\/3699\/revisions"}],"predecessor-version":[{"id":13027,"href":"https:\/\/www.rdks.lv\/en\/wp-json\/wp\/v2\/pages\/3699\/revisions\/13027"}],"up":[{"embeddable":true,"href":"https:\/\/www.rdks.lv\/en\/wp-json\/wp\/v2\/pages\/2760"}],"wp:attachment":[{"href":"https:\/\/www.rdks.lv\/en\/wp-json\/wp\/v2\/media?parent=3699"}],"curies":[{"name":"wp","href":"https:\/\/api.w.org\/{rel}","templated":true}]}}